{"id":19756,"date":"2026-05-04T15:43:17","date_gmt":"2026-05-04T13:43:17","guid":{"rendered":"https:\/\/www.stempeltier.de\/blog\/?post_type=product&#038;p=19756"},"modified":"2026-05-04T15:50:32","modified_gmt":"2026-05-04T13:50:32","slug":"papershare-maiaug-2026","status":"publish","type":"product","link":"https:\/\/www.stempeltier.de\/blog\/shop\/materialpakete\/share\/papershare-maiaug-2026\/","title":{"rendered":"PAPERSHARE Mai-Aug 2026"},"content":{"rendered":"<p>Alle neuen Desigerpapiere\u00a0 im Format 6&#215;12&#8243; bzw. 6&#215;6&#8243;<\/p>\n<ul>\n<li>Medley aus Mustern Mix-in papier<\/li>\n<li>k\u00fcnstlerischer Garten<\/li>\n<li>Auszeit am Meer<\/li>\n<li>Sch\u00f6ner Alltag<\/li>\n<li>im Maigl\u00f6ckchental<\/li>\n<li>Blumen Boutique (besonders)<\/li>\n<li>Samtene Wiese (besonders)<\/li>\n<li>Malerische Meeresk\u00fcste (besonders) 6&#215;6<\/li>\n<li>Flora im Mondschein<\/li>\n<\/ul>\n<p>Vorbestellung bis 06 Mai 2026 \/ Versand der Share Mitte Mai 2026<\/p>\n<div class=\"shariff shariff-align-center shariff-widget-align-left\" data-services=\"facebook%7Cpinterest\" data-url=\"https:\/\/www.stempeltier.de\/blog\/shop\/materialpakete\/share\/papershare-maiaug-2026\/\" data-timestamp=\"1777909832\" data-backendurl=\"https:\/\/www.stempeltier.de\/blog\/wp-json\/shariff\/v1\/share_counts?\"><div class=\"ShariffHeadline\">Sharing is caring - Teilen erlaubt<\/div><ul class=\"shariff-buttons theme-round orientation-horizontal buttonsize-medium\"><li class=\"shariff-button facebook shariff-nocustomcolor\" style=\"background-color:#4273c8\"><a href=\"https:\/\/www.facebook.com\/sharer\/sharer.php?u=https%3A%2F%2Fwww.stempeltier.de%2Fblog%2Fshop%2Fmaterialpakete%2Fshare%2Fpapershare-maiaug-2026%2F\" title=\"Bei Facebook teilen\" aria-label=\"Bei Facebook teilen\" role=\"button\" rel=\"nofollow\" class=\"shariff-link\" style=\"; background-color:#3b5998; color:#fff\" target=\"_blank\"><span class=\"shariff-icon\" style=\"\"><svg width=\"32px\" height=\"20px\" xmlns=\"http:\/\/www.w3.org\/2000\/svg\" viewBox=\"0 0 18 32\"><path fill=\"#3b5998\" d=\"M17.1 0.2v4.7h-2.8q-1.5 0-2.1 0.6t-0.5 1.9v3.4h5.2l-0.7 5.3h-4.5v13.6h-5.5v-13.6h-4.5v-5.3h4.5v-3.9q0-3.3 1.9-5.2t5-1.8q2.6 0 4.1 0.2z\"\/><\/svg><\/span><span data-service=\"facebook\" style=\"color:#3b5998\" class=\"shariff-count shariff-hidezero\"><\/span>&nbsp;<\/a><\/li><li class=\"shariff-button twitter shariff-nocustomcolor\" style=\"background-color:#595959\"><a href=\"https:\/\/twitter.com\/share?url=https%3A%2F%2Fwww.stempeltier.de%2Fblog%2Fshop%2Fmaterialpakete%2Fshare%2Fpapershare-maiaug-2026%2F&text=PAPERSHARE%20Mai-Aug%202026\" title=\"Bei X teilen\" aria-label=\"Bei X teilen\" role=\"button\" rel=\"noopener nofollow\" class=\"shariff-link\" style=\"; background-color:#000; color:#fff\" target=\"_blank\"><span class=\"shariff-icon\" style=\"\"><svg width=\"32px\" height=\"20px\" xmlns=\"http:\/\/www.w3.org\/2000\/svg\" viewBox=\"0 0 24 24\"><path fill=\"#000\" d=\"M14.258 10.152L23.176 0h-2.113l-7.747 8.813L7.133 0H0l9.352 13.328L0 23.973h2.113l8.176-9.309 6.531 9.309h7.133zm-2.895 3.293l-.949-1.328L2.875 1.56h3.246l6.086 8.523.945 1.328 7.91 11.078h-3.246zm0 0\"\/><\/svg><\/span><\/a><\/li><li class=\"shariff-button pinterest shariff-nocustomcolor\" style=\"background-color:#e70f18\"><a href=\"https:\/\/www.pinterest.com\/pin\/create\/link\/?url=https%3A%2F%2Fwww.stempeltier.de%2Fblog%2Fshop%2Fmaterialpakete%2Fshare%2Fpapershare-maiaug-2026%2F&media=https%3A%2F%2Fwww.stempeltier.de%2Fblog%2Fwp-content%2Fplugins%2Fshariff%2Fimages%2FdefaultHint.png&description=PAPERSHARE%20Mai-Aug%202026\" title=\"Bei Pinterest pinnen\" aria-label=\"Bei Pinterest pinnen\" role=\"button\" rel=\"noopener nofollow\" class=\"shariff-link\" style=\"; background-color:#cb2027; color:#fff\" target=\"_blank\"><span class=\"shariff-icon\" style=\"\"><svg width=\"32px\" height=\"20px\" xmlns=\"http:\/\/www.w3.org\/2000\/svg\" viewBox=\"0 0 27 32\"><path fill=\"#cb2027\" d=\"M27.4 16q0 3.7-1.8 6.9t-5 5-6.9 1.9q-2 0-3.9-0.6 1.1-1.7 1.4-2.9 0.2-0.6 1-3.8 0.4 0.7 1.3 1.2t2 0.5q2.1 0 3.8-1.2t2.7-3.4 0.9-4.8q0-2-1.1-3.8t-3.1-2.9-4.5-1.2q-1.9 0-3.5 0.5t-2.8 1.4-2 2-1.2 2.3-0.4 2.4q0 1.9 0.7 3.3t2.1 2q0.5 0.2 0.7-0.4 0-0.1 0.1-0.5t0.2-0.5q0.1-0.4-0.2-0.8-0.9-1.1-0.9-2.7 0-2.7 1.9-4.6t4.9-2q2.7 0 4.2 1.5t1.5 3.8q0 3-1.2 5.2t-3.1 2.1q-1.1 0-1.7-0.8t-0.4-1.9q0.1-0.6 0.5-1.7t0.5-1.8 0.2-1.4q0-0.9-0.5-1.5t-1.4-0.6q-1.1 0-1.9 1t-0.8 2.6q0 1.3 0.4 2.2l-1.8 7.5q-0.3 1.2-0.2 3.2-3.7-1.6-6-5t-2.3-7.6q0-3.7 1.9-6.9t5-5 6.9-1.9 6.9 1.9 5 5 1.8 6.9z\"\/><\/svg><\/span><span data-service=\"pinterest\" style=\"color:#cb2027\" class=\"shariff-count shariff-hidezero\"><\/span>&nbsp;<\/a><\/li><li class=\"shariff-button whatsapp shariff-nocustomcolor\" style=\"background-color:#5cbe4a\"><a href=\"https:\/\/api.whatsapp.com\/send?text=https%3A%2F%2Fwww.stempeltier.de%2Fblog%2Fshop%2Fmaterialpakete%2Fshare%2Fpapershare-maiaug-2026%2F%20PAPERSHARE%20Mai-Aug%202026\" title=\"Bei Whatsapp teilen\" aria-label=\"Bei Whatsapp teilen\" role=\"button\" rel=\"noopener nofollow\" class=\"shariff-link\" style=\"; background-color:#34af23; color:#fff\" target=\"_blank\"><span class=\"shariff-icon\" style=\"\"><svg width=\"32px\" height=\"20px\" xmlns=\"http:\/\/www.w3.org\/2000\/svg\" viewBox=\"0 0 32 32\"><path fill=\"#34af23\" d=\"M17.6 17.4q0.2 0 1.7 0.8t1.6 0.9q0 0.1 0 0.3 0 0.6-0.3 1.4-0.3 0.7-1.3 1.2t-1.8 0.5q-1 0-3.4-1.1-1.7-0.8-3-2.1t-2.6-3.3q-1.3-1.9-1.3-3.5v-0.1q0.1-1.6 1.3-2.8 0.4-0.4 0.9-0.4 0.1 0 0.3 0t0.3 0q0.3 0 0.5 0.1t0.3 0.5q0.1 0.4 0.6 1.6t0.4 1.3q0 0.4-0.6 1t-0.6 0.8q0 0.1 0.1 0.3 0.6 1.3 1.8 2.4 1 0.9 2.7 1.8 0.2 0.1 0.4 0.1 0.3 0 1-0.9t0.9-0.9zM14 26.9q2.3 0 4.3-0.9t3.6-2.4 2.4-3.6 0.9-4.3-0.9-4.3-2.4-3.6-3.6-2.4-4.3-0.9-4.3 0.9-3.6 2.4-2.4 3.6-0.9 4.3q0 3.6 2.1 6.6l-1.4 4.2 4.3-1.4q2.8 1.9 6.2 1.9zM14 2.2q2.7 0 5.2 1.1t4.3 2.9 2.9 4.3 1.1 5.2-1.1 5.2-2.9 4.3-4.3 2.9-5.2 1.1q-3.5 0-6.5-1.7l-7.4 2.4 2.4-7.2q-1.9-3.2-1.9-6.9 0-2.7 1.1-5.2t2.9-4.3 4.3-2.9 5.2-1.1z\"\/><\/svg><\/span><\/a><\/li><li class=\"shariff-button mailto shariff-nocustomcolor\" style=\"background-color:#a8a8a8\"><a href=\"mailto:?body=https%3A%2F%2Fwww.stempeltier.de%2Fblog%2Fshop%2Fmaterialpakete%2Fshare%2Fpapershare-maiaug-2026%2F&subject=PAPERSHARE%20Mai-Aug%202026\" title=\"Per E-Mail versenden\" aria-label=\"Per E-Mail versenden\" role=\"button\" rel=\"noopener nofollow\" class=\"shariff-link\" style=\"; background-color:#999; color:#fff\"><span class=\"shariff-icon\" style=\"\"><svg width=\"32px\" height=\"20px\" xmlns=\"http:\/\/www.w3.org\/2000\/svg\" viewBox=\"0 0 32 32\"><path fill=\"#999\" d=\"M32 12.7v14.2q0 1.2-0.8 2t-2 0.9h-26.3q-1.2 0-2-0.9t-0.8-2v-14.2q0.8 0.9 1.8 1.6 6.5 4.4 8.9 6.1 1 0.8 1.6 1.2t1.7 0.9 2 0.4h0.1q0.9 0 2-0.4t1.7-0.9 1.6-1.2q3-2.2 8.9-6.1 1-0.7 1.8-1.6zM32 7.4q0 1.4-0.9 2.7t-2.2 2.2q-6.7 4.7-8.4 5.8-0.2 0.1-0.7 0.5t-1 0.7-0.9 0.6-1.1 0.5-0.9 0.2h-0.1q-0.4 0-0.9-0.2t-1.1-0.5-0.9-0.6-1-0.7-0.7-0.5q-1.6-1.1-4.7-3.2t-3.6-2.6q-1.1-0.7-2.1-2t-1-2.5q0-1.4 0.7-2.3t2.1-0.9h26.3q1.2 0 2 0.8t0.9 2z\"\/><\/svg><\/span><\/a><\/li><\/ul><\/div>","protected":false},"excerpt":{"rendered":"<p>Alle neuen Desigerpapiere\u00a0 im Format 6&#215;12&#8243; bzw. 6&#215;6&#8243; Medley aus Mustern Mix-in papier k\u00fcnstlerischer Garten Auszeit am Meer Sch\u00f6ner Alltag im Maigl\u00f6ckchental Blumen Boutique (besonders) Samtene Wiese (besonders) Malerische Meeresk\u00fcste (besonders) 6&#215;6 Flora im Mondschein Vorbestellung bis 06 Mai 2026&hellip; <\/p>\n","protected":false},"featured_media":0,"template":"","meta":{"jetpack_post_was_ever_published":false},"product_brand":[],"product_cat":[963,938],"product_tag":[965,966,1187,1205],"class_list":{"0":"post-19756","1":"product","2":"type-product","3":"status-publish","5":"product_cat-papiere","6":"product_cat-share","7":"product_tag-designerpapier","8":"product_tag-dsp","9":"product_tag-minikatalog-2026","10":"product_tag-papiershare","12":"first","13":"instock","14":"shipping-taxable","15":"purchasable","16":"product-type-simple"},"yoast_head":"<!-- This site is optimized with the Yoast SEO plugin v27.5 - https:\/\/yoast.com\/product\/yoast-seo-wordpress\/ -->\n<title>PAPERSHARE Mai-Aug 2026 - Stempeltier<\/title>\n<meta name=\"description\" content=\"Alle neuen Papiere aus dem neuen Katalog Mai - August 2026 von Stampin&#039; Up! zum Austesten direkt zu dir nach Hause. Jetzt bestellen.\" \/>\n<meta name=\"robots\" content=\"index, follow, max-snippet:-1, max-image-preview:large, max-video-preview:-1\" \/>\n<link rel=\"canonical\" href=\"https:\/\/www.stempeltier.de\/blog\/shop\/materialpakete\/share\/papershare-maiaug-2026\/\" \/>\n<meta property=\"og:locale\" content=\"de_DE\" \/>\n<meta property=\"og:type\" content=\"article\" \/>\n<meta property=\"og:title\" content=\"PAPERSHARE Mai-Aug 2026 - Stempeltier\" \/>\n<meta property=\"og:description\" content=\"Alle neuen Papiere aus dem neuen Katalog Mai - August 2026 von Stampin&#039; Up! zum Austesten direkt zu dir nach Hause. Jetzt bestellen.\" \/>\n<meta property=\"og:url\" content=\"https:\/\/www.stempeltier.de\/blog\/shop\/materialpakete\/share\/papershare-maiaug-2026\/\" \/>\n<meta property=\"og:site_name\" content=\"Stempeltier\" \/>\n<meta property=\"article:publisher\" content=\"http:\/\/www.facebook.com\/DasStempeltier\" \/>\n<meta property=\"article:modified_time\" content=\"2026-05-04T13:50:32+00:00\" \/>\n<meta property=\"og:image\" content=\"https:\/\/www.stempeltier.de\/blog\/wp-content\/uploads\/2015\/06\/stempeltier_logo_sm.png\" \/>\n\t<meta property=\"og:image:width\" content=\"295\" \/>\n\t<meta property=\"og:image:height\" content=\"238\" \/>\n\t<meta property=\"og:image:type\" content=\"image\/png\" \/>\n<meta name=\"twitter:card\" content=\"summary_large_image\" \/>\n<meta name=\"twitter:label1\" content=\"Gesch\u00e4tzte Lesezeit\" \/>\n\t<meta name=\"twitter:data1\" content=\"1\u00a0Minute\" \/>\n<script type=\"application\/ld+json\" class=\"yoast-schema-graph\">{\"@context\":\"https:\\\/\\\/schema.org\",\"@graph\":[{\"@type\":\"WebPage\",\"@id\":\"https:\\\/\\\/www.stempeltier.de\\\/blog\\\/shop\\\/materialpakete\\\/share\\\/papershare-maiaug-2026\\\/\",\"url\":\"https:\\\/\\\/www.stempeltier.de\\\/blog\\\/shop\\\/materialpakete\\\/share\\\/papershare-maiaug-2026\\\/\",\"name\":\"PAPERSHARE Mai-Aug 2026 - Stempeltier\",\"isPartOf\":{\"@id\":\"https:\\\/\\\/www.stempeltier.de\\\/blog\\\/#website\"},\"datePublished\":\"2026-05-04T13:43:17+00:00\",\"dateModified\":\"2026-05-04T13:50:32+00:00\",\"description\":\"Alle neuen Papiere aus dem neuen Katalog Mai - August 2026 von Stampin' Up! zum Austesten direkt zu dir nach Hause. Jetzt bestellen.\",\"breadcrumb\":{\"@id\":\"https:\\\/\\\/www.stempeltier.de\\\/blog\\\/shop\\\/materialpakete\\\/share\\\/papershare-maiaug-2026\\\/#breadcrumb\"},\"inLanguage\":\"de\",\"potentialAction\":[{\"@type\":\"ReadAction\",\"target\":[\"https:\\\/\\\/www.stempeltier.de\\\/blog\\\/shop\\\/materialpakete\\\/share\\\/papershare-maiaug-2026\\\/\"]}]},{\"@type\":\"BreadcrumbList\",\"@id\":\"https:\\\/\\\/www.stempeltier.de\\\/blog\\\/shop\\\/materialpakete\\\/share\\\/papershare-maiaug-2026\\\/#breadcrumb\",\"itemListElement\":[{\"@type\":\"ListItem\",\"position\":1,\"name\":\"Startseite\",\"item\":\"https:\\\/\\\/www.stempeltier.de\\\/blog\\\/\"},{\"@type\":\"ListItem\",\"position\":2,\"name\":\"Shop\",\"item\":\"https:\\\/\\\/www.stempeltier.de\\\/blog\\\/shop\\\/\"},{\"@type\":\"ListItem\",\"position\":3,\"name\":\"PAPERSHARE Mai-Aug 2026\"}]},{\"@type\":\"WebSite\",\"@id\":\"https:\\\/\\\/www.stempeltier.de\\\/blog\\\/#website\",\"url\":\"https:\\\/\\\/www.stempeltier.de\\\/blog\\\/\",\"name\":\"Stempeltier\",\"description\":\"Kreative Gl\u00fccksmomente aus Papier\",\"potentialAction\":[{\"@type\":\"SearchAction\",\"target\":{\"@type\":\"EntryPoint\",\"urlTemplate\":\"https:\\\/\\\/www.stempeltier.de\\\/blog\\\/?s={search_term_string}\"},\"query-input\":{\"@type\":\"PropertyValueSpecification\",\"valueRequired\":true,\"valueName\":\"search_term_string\"}}],\"inLanguage\":\"de\"}]}<\/script>\n<!-- \/ Yoast SEO plugin. -->","yoast_head_json":{"title":"PAPERSHARE Mai-Aug 2026 - Stempeltier","description":"Alle neuen Papiere aus dem neuen Katalog Mai - August 2026 von Stampin' Up! zum Austesten direkt zu dir nach Hause. Jetzt bestellen.","robots":{"index":"index","follow":"follow","max-snippet":"max-snippet:-1","max-image-preview":"max-image-preview:large","max-video-preview":"max-video-preview:-1"},"canonical":"https:\/\/www.stempeltier.de\/blog\/shop\/materialpakete\/share\/papershare-maiaug-2026\/","og_locale":"de_DE","og_type":"article","og_title":"PAPERSHARE Mai-Aug 2026 - Stempeltier","og_description":"Alle neuen Papiere aus dem neuen Katalog Mai - August 2026 von Stampin' Up! zum Austesten direkt zu dir nach Hause. Jetzt bestellen.","og_url":"https:\/\/www.stempeltier.de\/blog\/shop\/materialpakete\/share\/papershare-maiaug-2026\/","og_site_name":"Stempeltier","article_publisher":"http:\/\/www.facebook.com\/DasStempeltier","article_modified_time":"2026-05-04T13:50:32+00:00","og_image":[{"width":295,"height":238,"url":"https:\/\/www.stempeltier.de\/blog\/wp-content\/uploads\/2015\/06\/stempeltier_logo_sm.png","type":"image\/png"}],"twitter_card":"summary_large_image","twitter_misc":{"Gesch\u00e4tzte Lesezeit":"1\u00a0Minute"},"schema":{"@context":"https:\/\/schema.org","@graph":[{"@type":"WebPage","@id":"https:\/\/www.stempeltier.de\/blog\/shop\/materialpakete\/share\/papershare-maiaug-2026\/","url":"https:\/\/www.stempeltier.de\/blog\/shop\/materialpakete\/share\/papershare-maiaug-2026\/","name":"PAPERSHARE Mai-Aug 2026 - Stempeltier","isPartOf":{"@id":"https:\/\/www.stempeltier.de\/blog\/#website"},"datePublished":"2026-05-04T13:43:17+00:00","dateModified":"2026-05-04T13:50:32+00:00","description":"Alle neuen Papiere aus dem neuen Katalog Mai - August 2026 von Stampin' Up! zum Austesten direkt zu dir nach Hause. Jetzt bestellen.","breadcrumb":{"@id":"https:\/\/www.stempeltier.de\/blog\/shop\/materialpakete\/share\/papershare-maiaug-2026\/#breadcrumb"},"inLanguage":"de","potentialAction":[{"@type":"ReadAction","target":["https:\/\/www.stempeltier.de\/blog\/shop\/materialpakete\/share\/papershare-maiaug-2026\/"]}]},{"@type":"BreadcrumbList","@id":"https:\/\/www.stempeltier.de\/blog\/shop\/materialpakete\/share\/papershare-maiaug-2026\/#breadcrumb","itemListElement":[{"@type":"ListItem","position":1,"name":"Startseite","item":"https:\/\/www.stempeltier.de\/blog\/"},{"@type":"ListItem","position":2,"name":"Shop","item":"https:\/\/www.stempeltier.de\/blog\/shop\/"},{"@type":"ListItem","position":3,"name":"PAPERSHARE Mai-Aug 2026"}]},{"@type":"WebSite","@id":"https:\/\/www.stempeltier.de\/blog\/#website","url":"https:\/\/www.stempeltier.de\/blog\/","name":"Stempeltier","description":"Kreative Gl\u00fccksmomente aus Papier","potentialAction":[{"@type":"SearchAction","target":{"@type":"EntryPoint","urlTemplate":"https:\/\/www.stempeltier.de\/blog\/?s={search_term_string}"},"query-input":{"@type":"PropertyValueSpecification","valueRequired":true,"valueName":"search_term_string"}}],"inLanguage":"de"}]}},"jetpack-related-posts":[{"id":16421,"url":"https:\/\/www.stempeltier.de\/blog\/shop\/materialpakete\/share\/papershare\/","url_meta":{"origin":19756,"position":0},"title":"PAPERSHARE Minikatalog 26","author":"Danny","date":"13. Mai 2024","format":false,"excerpt":"Alle neuen Desigerpapiere & Spezialpapiere im Format 6x12\" bzw. 6x6\" Insgesamt 70 BLATT\u00a0 !!!! \u2714 55 Blatt 6\u2033 \u00d7 12\u2033 \u2714 + 15 Blatt 6\u2033 \u00d7 6\u2033 (Mix & Match & 3 Spezialpapiere) Vorbestellung bis 6.Januar 2026 \/ Versand der Share Mitte Januar 2026","rel":"","context":"\u00c4hnlicher Beitrag","block_context":{"text":"\u00c4hnlicher Beitrag","link":""},"img":{"alt_text":"","src":"https:\/\/i0.wp.com\/www.stempeltier.de\/blog\/wp-content\/uploads\/2026\/01\/3.png?resize=350%2C200&ssl=1","width":350,"height":200},"classes":[]},{"id":16134,"url":"https:\/\/www.stempeltier.de\/blog\/shop\/stampin-up-incolor-club-2024-2025\/incolor-club-classic\/","url_meta":{"origin":19756,"position":1},"title":"InColor Club CLASSIC","author":"Danny","date":"3. April 2024","format":false,"excerpt":"(2) In Color Club -\u00a0 CLASSIC monatlich ein Paket einer Farbe, bestehend aus: Farbkarton in A4 Stempelkissen Stampin\u2018 Write Marker Nachf\u00fclltinte Stampin' Blends Alkoholmarker Set In deinem f\u00fcnften Paket erh\u00e4ltst du zus\u00e4tzlich: Designerpapier InColor in 6x6\" \u00a0 \u00a0","rel":"","context":"\u00c4hnlicher Beitrag","block_context":{"text":"\u00c4hnlicher Beitrag","link":""},"img":{"alt_text":"stampinup in color club classic 2024 2026 stempeltier","src":"https:\/\/i0.wp.com\/www.stempeltier.de\/blog\/wp-content\/uploads\/2024\/04\/stampinup-in-color-club-clssic-2024-2026-stempeltier.png?resize=350%2C200&ssl=1","width":350,"height":200,"srcset":"https:\/\/i0.wp.com\/www.stempeltier.de\/blog\/wp-content\/uploads\/2024\/04\/stampinup-in-color-club-clssic-2024-2026-stempeltier.png?resize=350%2C200&ssl=1 1x, https:\/\/i0.wp.com\/www.stempeltier.de\/blog\/wp-content\/uploads\/2024\/04\/stampinup-in-color-club-clssic-2024-2026-stempeltier.png?resize=525%2C300&ssl=1 1.5x, https:\/\/i0.wp.com\/www.stempeltier.de\/blog\/wp-content\/uploads\/2024\/04\/stampinup-in-color-club-clssic-2024-2026-stempeltier.png?resize=700%2C400&ssl=1 2x, https:\/\/i0.wp.com\/www.stempeltier.de\/blog\/wp-content\/uploads\/2024\/04\/stampinup-in-color-club-clssic-2024-2026-stempeltier.png?resize=1050%2C600&ssl=1 3x"},"classes":[]},{"id":19219,"url":"https:\/\/www.stempeltier.de\/blog\/shop\/materialpakete\/share\/accessoires-share-minikatalog-2026\/","url_meta":{"origin":19756,"position":2},"title":"Accessoires Share Minikatalog 2026","author":"Danny","date":"4. Januar 2026","format":false,"excerpt":"Zum Schnuppern eine Mischung der neuen Accessoires\u00a0 \/ Verzierungen aus dem neuen Minikatalog JAn -Apr 2026 + Online Exklusiv Januar 2026 Hinweis:\u00a0 Vorbestellung bis 6.1.26 Der Versand erfolgt Anfang Januar, wenn der Katalog offiziell gestartet ist und ich die B\u00e4nder bestellen kann","rel":"","context":"\u00c4hnlicher Beitrag","block_context":{"text":"\u00c4hnlicher Beitrag","link":""},"img":{"alt_text":"","src":"https:\/\/i0.wp.com\/www.stempeltier.de\/blog\/wp-content\/uploads\/2026\/01\/1.png?resize=350%2C200&ssl=1","width":350,"height":200},"classes":[]},{"id":19025,"url":"https:\/\/www.stempeltier.de\/blog\/shop\/stampinup-kataloge\/minikatalog-fruehlingskatalog-2026\/","url_meta":{"origin":19756,"position":3},"title":"Minikatalog 2026","author":"Danny","date":"14. November 2025","format":false,"excerpt":"Stampin' Up! Minikatalog Jan-Apr 2026 Hinweis: Wenn Du in den letzten 6 Monaten bestellt hast, sende ich den Katalog automatisch zu. Der Katalog ist f\u00fcr Dich kostenlos. Ich finanziere die Kosten f\u00fcr Katalog und Versand \u00fcber Deine Bestellungen. Solltest Du nicht an einer Bestellung interessiert sein und auch nach mehreren\u2026","rel":"","context":"\u00c4hnlicher Beitrag","block_context":{"text":"\u00c4hnlicher Beitrag","link":""},"img":{"alt_text":"stampin up minikatalog januar april fr\u00fchling 2026","src":"https:\/\/i0.wp.com\/www.stempeltier.de\/blog\/wp-content\/uploads\/2025\/11\/stampin-up-minikatalog-januar-april-fruehling-2026.png?resize=350%2C200&ssl=1","width":350,"height":200,"srcset":"https:\/\/i0.wp.com\/www.stempeltier.de\/blog\/wp-content\/uploads\/2025\/11\/stampin-up-minikatalog-januar-april-fruehling-2026.png?resize=350%2C200&ssl=1 1x, https:\/\/i0.wp.com\/www.stempeltier.de\/blog\/wp-content\/uploads\/2025\/11\/stampin-up-minikatalog-januar-april-fruehling-2026.png?resize=525%2C300&ssl=1 1.5x, https:\/\/i0.wp.com\/www.stempeltier.de\/blog\/wp-content\/uploads\/2025\/11\/stampin-up-minikatalog-januar-april-fruehling-2026.png?resize=700%2C400&ssl=1 2x"},"classes":[]},{"id":18933,"url":"https:\/\/www.stempeltier.de\/blog\/shop\/bastelgrundausstattung\/mini-bastelkalender-2026\/","url_meta":{"origin":19756,"position":4},"title":"Mini Bastelkalender 2026","author":"Danny","date":"5. Oktober 2025","format":false,"excerpt":"10 x Mini Abrei\u00dfkalender f\u00fcr 2026 inkl. Feiertage. 7,5 x 4,5 cm sind hinten verleimt.","rel":"","context":"\u00c4hnlicher Beitrag","block_context":{"text":"\u00c4hnlicher Beitrag","link":""},"img":{"alt_text":"","src":"https:\/\/i0.wp.com\/www.stempeltier.de\/blog\/wp-content\/uploads\/2025\/10\/1000440372.jpg?resize=350%2C200&ssl=1","width":350,"height":200,"srcset":"https:\/\/i0.wp.com\/www.stempeltier.de\/blog\/wp-content\/uploads\/2025\/10\/1000440372.jpg?resize=350%2C200&ssl=1 1x, https:\/\/i0.wp.com\/www.stempeltier.de\/blog\/wp-content\/uploads\/2025\/10\/1000440372.jpg?resize=525%2C300&ssl=1 1.5x, https:\/\/i0.wp.com\/www.stempeltier.de\/blog\/wp-content\/uploads\/2025\/10\/1000440372.jpg?resize=700%2C400&ssl=1 2x, https:\/\/i0.wp.com\/www.stempeltier.de\/blog\/wp-content\/uploads\/2025\/10\/1000440372.jpg?resize=1050%2C600&ssl=1 3x, https:\/\/i0.wp.com\/www.stempeltier.de\/blog\/wp-content\/uploads\/2025\/10\/1000440372.jpg?resize=1400%2C800&ssl=1 4x"},"classes":[]},{"id":19225,"url":"https:\/\/www.stempeltier.de\/blog\/shop\/materialpakete\/share\/ich-will-alles-share-minikatalog-2026\/","url_meta":{"origin":19756,"position":5},"title":"&#8222;Ich will Alles&#8220; Share Minikatalog","author":"Danny","date":"4. Januar 2026","format":false,"excerpt":"Zum Schnuppern von folgenden drei Shares: 1) Accessoires\u00a0 \/ Verzierungen 2) Designerpapier 3) B\u00e4nder aus dem neuen Minikatalog Jan -Apr 2026 + Online Exklusiv Januar 2026 Hinweis:\u00a0 Vorbestellung bis 15.1.26 Der Versand erfolgt Mitte \/ Ende Januar, nach Katalogstart wenn ich die Produkte bestellen kann WICHTIG: DER Farbkarton-Duo ist wahlweise\u2026","rel":"","context":"\u00c4hnlicher Beitrag","block_context":{"text":"\u00c4hnlicher Beitrag","link":""},"img":{"alt_text":"","src":"https:\/\/i0.wp.com\/www.stempeltier.de\/blog\/wp-content\/uploads\/2026\/01\/Minikatalog-Jan-Apr-2026-stampin-up-all-inclusive-share.png?resize=350%2C200&ssl=1","width":350,"height":200},"classes":[]}],"jetpack_sharing_enabled":true,"_links":{"self":[{"href":"https:\/\/www.stempeltier.de\/blog\/wp-json\/wp\/v2\/product\/19756","targetHints":{"allow":["GET"]}}],"collection":[{"href":"https:\/\/www.stempeltier.de\/blog\/wp-json\/wp\/v2\/product"}],"about":[{"href":"https:\/\/www.stempeltier.de\/blog\/wp-json\/wp\/v2\/types\/product"}],"wp:attachment":[{"href":"https:\/\/www.stempeltier.de\/blog\/wp-json\/wp\/v2\/media?parent=19756"}],"wp:term":[{"taxonomy":"product_brand","embeddable":true,"href":"https:\/\/www.stempeltier.de\/blog\/wp-json\/wp\/v2\/product_brand?post=19756"},{"taxonomy":"product_cat","embeddable":true,"href":"https:\/\/www.stempeltier.de\/blog\/wp-json\/wp\/v2\/product_cat?post=19756"},{"taxonomy":"product_tag","embeddable":true,"href":"https:\/\/www.stempeltier.de\/blog\/wp-json\/wp\/v2\/product_tag?post=19756"}],"curies":[{"name":"wp","href":"https:\/\/api.w.org\/{rel}","templated":true}]}}