{"id":19697,"date":"2026-04-30T16:22:13","date_gmt":"2026-04-30T14:22:13","guid":{"rendered":"https:\/\/www.stempeltier.de\/blog\/?post_type=product&#038;p=19697"},"modified":"2026-04-30T16:26:27","modified_gmt":"2026-04-30T14:26:27","slug":"praezisionskleber-stampinup","status":"publish","type":"product","link":"https:\/\/www.stempeltier.de\/blog\/shop\/materialpakete\/probierpakete\/praezisionskleber-stampinup\/","title":{"rendered":"Pr\u00e4zisionskleber"},"content":{"rendered":"<div class=\"special-text\" data-v-e36f57d0=\"\">Perfekt, um kleine Zierelemente, Glitter und filigrane Stanzmotive auf Projekten zu befestigen. Dank der Kappe mit speziellem <strong>Nadelverschluss<\/strong> bleibt die \u00d6ffnung frei und der Kleber vertrocknet nicht.<\/div>\n<div class=\"special-text\" data-v-e36f57d0=\"\">1 oz. (30 ml). S\u00e4urefrei.<\/div>\n<div data-v-e36f57d0=\"\"><\/div>\n<div data-v-e36f57d0=\"\"><\/div>\n<div data-v-e36f57d0=\"\"><em>GPSR \/ Herstellerangaben:<\/em><br \/>\n<em>Stampin\u2019 Up! Europe GmbH<\/em><br \/>\n<em>Flughafenstr. 21<\/em><br \/>\n<em>63263 Neu-Isenburg<\/em><\/div>\n<div class=\"shariff shariff-align-center shariff-widget-align-left\" data-services=\"facebook%7Cpinterest\" data-url=\"https:\/\/www.stempeltier.de\/blog\/shop\/materialpakete\/probierpakete\/praezisionskleber-stampinup\/\" data-timestamp=\"1777566387\" data-backendurl=\"https:\/\/www.stempeltier.de\/blog\/wp-json\/shariff\/v1\/share_counts?\"><div class=\"ShariffHeadline\">Sharing is caring - Teilen erlaubt<\/div><ul class=\"shariff-buttons theme-round orientation-horizontal buttonsize-medium\"><li class=\"shariff-button facebook shariff-nocustomcolor\" style=\"background-color:#4273c8\"><a href=\"https:\/\/www.facebook.com\/sharer\/sharer.php?u=https%3A%2F%2Fwww.stempeltier.de%2Fblog%2Fshop%2Fmaterialpakete%2Fprobierpakete%2Fpraezisionskleber-stampinup%2F\" title=\"Bei Facebook teilen\" aria-label=\"Bei Facebook teilen\" role=\"button\" rel=\"nofollow\" class=\"shariff-link\" style=\"; background-color:#3b5998; color:#fff\" target=\"_blank\"><span class=\"shariff-icon\" style=\"\"><svg width=\"32px\" height=\"20px\" xmlns=\"http:\/\/www.w3.org\/2000\/svg\" viewBox=\"0 0 18 32\"><path fill=\"#3b5998\" d=\"M17.1 0.2v4.7h-2.8q-1.5 0-2.1 0.6t-0.5 1.9v3.4h5.2l-0.7 5.3h-4.5v13.6h-5.5v-13.6h-4.5v-5.3h4.5v-3.9q0-3.3 1.9-5.2t5-1.8q2.6 0 4.1 0.2z\"\/><\/svg><\/span><span data-service=\"facebook\" style=\"color:#3b5998\" class=\"shariff-count shariff-hidezero\"><\/span>&nbsp;<\/a><\/li><li class=\"shariff-button twitter shariff-nocustomcolor\" style=\"background-color:#595959\"><a href=\"https:\/\/twitter.com\/share?url=https%3A%2F%2Fwww.stempeltier.de%2Fblog%2Fshop%2Fmaterialpakete%2Fprobierpakete%2Fpraezisionskleber-stampinup%2F&text=Pr%C3%A4zisionskleber\" title=\"Bei X teilen\" aria-label=\"Bei X teilen\" role=\"button\" rel=\"noopener nofollow\" class=\"shariff-link\" style=\"; background-color:#000; color:#fff\" target=\"_blank\"><span class=\"shariff-icon\" style=\"\"><svg width=\"32px\" height=\"20px\" xmlns=\"http:\/\/www.w3.org\/2000\/svg\" viewBox=\"0 0 24 24\"><path fill=\"#000\" d=\"M14.258 10.152L23.176 0h-2.113l-7.747 8.813L7.133 0H0l9.352 13.328L0 23.973h2.113l8.176-9.309 6.531 9.309h7.133zm-2.895 3.293l-.949-1.328L2.875 1.56h3.246l6.086 8.523.945 1.328 7.91 11.078h-3.246zm0 0\"\/><\/svg><\/span><\/a><\/li><li class=\"shariff-button pinterest shariff-nocustomcolor\" style=\"background-color:#e70f18\"><a href=\"https:\/\/www.pinterest.com\/pin\/create\/link\/?url=https%3A%2F%2Fwww.stempeltier.de%2Fblog%2Fshop%2Fmaterialpakete%2Fprobierpakete%2Fpraezisionskleber-stampinup%2F&media=https%3A%2F%2Fwww.stempeltier.de%2Fblog%2Fwp-content%2Fuploads%2F2026%2F04%2F138309.webp&description=Pr%C3%A4zisionskleber\" title=\"Bei Pinterest pinnen\" aria-label=\"Bei Pinterest pinnen\" role=\"button\" rel=\"noopener nofollow\" class=\"shariff-link\" style=\"; background-color:#cb2027; color:#fff\" target=\"_blank\"><span class=\"shariff-icon\" style=\"\"><svg width=\"32px\" height=\"20px\" xmlns=\"http:\/\/www.w3.org\/2000\/svg\" viewBox=\"0 0 27 32\"><path fill=\"#cb2027\" d=\"M27.4 16q0 3.7-1.8 6.9t-5 5-6.9 1.9q-2 0-3.9-0.6 1.1-1.7 1.4-2.9 0.2-0.6 1-3.8 0.4 0.7 1.3 1.2t2 0.5q2.1 0 3.8-1.2t2.7-3.4 0.9-4.8q0-2-1.1-3.8t-3.1-2.9-4.5-1.2q-1.9 0-3.5 0.5t-2.8 1.4-2 2-1.2 2.3-0.4 2.4q0 1.9 0.7 3.3t2.1 2q0.5 0.2 0.7-0.4 0-0.1 0.1-0.5t0.2-0.5q0.1-0.4-0.2-0.8-0.9-1.1-0.9-2.7 0-2.7 1.9-4.6t4.9-2q2.7 0 4.2 1.5t1.5 3.8q0 3-1.2 5.2t-3.1 2.1q-1.1 0-1.7-0.8t-0.4-1.9q0.1-0.6 0.5-1.7t0.5-1.8 0.2-1.4q0-0.9-0.5-1.5t-1.4-0.6q-1.1 0-1.9 1t-0.8 2.6q0 1.3 0.4 2.2l-1.8 7.5q-0.3 1.2-0.2 3.2-3.7-1.6-6-5t-2.3-7.6q0-3.7 1.9-6.9t5-5 6.9-1.9 6.9 1.9 5 5 1.8 6.9z\"\/><\/svg><\/span><span data-service=\"pinterest\" style=\"color:#cb2027\" class=\"shariff-count shariff-hidezero\"><\/span>&nbsp;<\/a><\/li><li class=\"shariff-button whatsapp shariff-nocustomcolor\" style=\"background-color:#5cbe4a\"><a href=\"https:\/\/api.whatsapp.com\/send?text=https%3A%2F%2Fwww.stempeltier.de%2Fblog%2Fshop%2Fmaterialpakete%2Fprobierpakete%2Fpraezisionskleber-stampinup%2F%20Pr%C3%A4zisionskleber\" title=\"Bei Whatsapp teilen\" aria-label=\"Bei Whatsapp teilen\" role=\"button\" rel=\"noopener nofollow\" class=\"shariff-link\" style=\"; background-color:#34af23; color:#fff\" target=\"_blank\"><span class=\"shariff-icon\" style=\"\"><svg width=\"32px\" height=\"20px\" xmlns=\"http:\/\/www.w3.org\/2000\/svg\" viewBox=\"0 0 32 32\"><path fill=\"#34af23\" d=\"M17.6 17.4q0.2 0 1.7 0.8t1.6 0.9q0 0.1 0 0.3 0 0.6-0.3 1.4-0.3 0.7-1.3 1.2t-1.8 0.5q-1 0-3.4-1.1-1.7-0.8-3-2.1t-2.6-3.3q-1.3-1.9-1.3-3.5v-0.1q0.1-1.6 1.3-2.8 0.4-0.4 0.9-0.4 0.1 0 0.3 0t0.3 0q0.3 0 0.5 0.1t0.3 0.5q0.1 0.4 0.6 1.6t0.4 1.3q0 0.4-0.6 1t-0.6 0.8q0 0.1 0.1 0.3 0.6 1.3 1.8 2.4 1 0.9 2.7 1.8 0.2 0.1 0.4 0.1 0.3 0 1-0.9t0.9-0.9zM14 26.9q2.3 0 4.3-0.9t3.6-2.4 2.4-3.6 0.9-4.3-0.9-4.3-2.4-3.6-3.6-2.4-4.3-0.9-4.3 0.9-3.6 2.4-2.4 3.6-0.9 4.3q0 3.6 2.1 6.6l-1.4 4.2 4.3-1.4q2.8 1.9 6.2 1.9zM14 2.2q2.7 0 5.2 1.1t4.3 2.9 2.9 4.3 1.1 5.2-1.1 5.2-2.9 4.3-4.3 2.9-5.2 1.1q-3.5 0-6.5-1.7l-7.4 2.4 2.4-7.2q-1.9-3.2-1.9-6.9 0-2.7 1.1-5.2t2.9-4.3 4.3-2.9 5.2-1.1z\"\/><\/svg><\/span><\/a><\/li><li class=\"shariff-button mailto shariff-nocustomcolor\" style=\"background-color:#a8a8a8\"><a href=\"mailto:?body=https%3A%2F%2Fwww.stempeltier.de%2Fblog%2Fshop%2Fmaterialpakete%2Fprobierpakete%2Fpraezisionskleber-stampinup%2F&subject=Pr%C3%A4zisionskleber\" title=\"Per E-Mail versenden\" aria-label=\"Per E-Mail versenden\" role=\"button\" rel=\"noopener nofollow\" class=\"shariff-link\" style=\"; background-color:#999; color:#fff\"><span class=\"shariff-icon\" style=\"\"><svg width=\"32px\" height=\"20px\" xmlns=\"http:\/\/www.w3.org\/2000\/svg\" viewBox=\"0 0 32 32\"><path fill=\"#999\" d=\"M32 12.7v14.2q0 1.2-0.8 2t-2 0.9h-26.3q-1.2 0-2-0.9t-0.8-2v-14.2q0.8 0.9 1.8 1.6 6.5 4.4 8.9 6.1 1 0.8 1.6 1.2t1.7 0.9 2 0.4h0.1q0.9 0 2-0.4t1.7-0.9 1.6-1.2q3-2.2 8.9-6.1 1-0.7 1.8-1.6zM32 7.4q0 1.4-0.9 2.7t-2.2 2.2q-6.7 4.7-8.4 5.8-0.2 0.1-0.7 0.5t-1 0.7-0.9 0.6-1.1 0.5-0.9 0.2h-0.1q-0.4 0-0.9-0.2t-1.1-0.5-0.9-0.6-1-0.7-0.7-0.5q-1.6-1.1-4.7-3.2t-3.6-2.6q-1.1-0.7-2.1-2t-1-2.5q0-1.4 0.7-2.3t2.1-0.9h26.3q1.2 0 2 0.8t0.9 2z\"\/><\/svg><\/span><\/a><\/li><\/ul><\/div>","protected":false},"excerpt":{"rendered":"<p>Perfekt, um kleine Zierelemente, Glitter und filigrane Stanzmotive auf Projekten zu befestigen. Dank der Kappe mit speziellem Nadelverschluss bleibt die \u00d6ffnung frei und der Kleber vertrocknet nicht. 1 oz. (30 ml). S\u00e4urefrei. GPSR \/ Herstellerangaben: Stampin\u2019 Up! Europe GmbH Flughafenstr.&hellip; <\/p>\n","protected":false},"featured_media":19698,"template":"","meta":{"jetpack_post_was_ever_published":false},"product_brand":[1082],"product_cat":[936,1179,978],"product_tag":[1076],"class_list":{"0":"post-19697","1":"product","2":"type-product","3":"status-publish","4":"has-post-thumbnail","6":"product_brand-stampin-up","7":"product_cat-bastelgrundausstattung","8":"product_cat-kleber","9":"product_cat-probierpakete","10":"product_tag-kleber","12":"first","13":"instock","14":"featured","15":"shipping-taxable","16":"purchasable","17":"product-type-simple"},"yoast_head":"<!-- This site is optimized with the Yoast SEO plugin v27.5 - https:\/\/yoast.com\/product\/yoast-seo-wordpress\/ -->\n<title>Pr\u00e4zisionskleber - Stempeltier<\/title>\n<meta name=\"description\" content=\"stampinup-\" \/>\n<meta name=\"robots\" content=\"index, follow, max-snippet:-1, max-image-preview:large, max-video-preview:-1\" \/>\n<link rel=\"canonical\" href=\"https:\/\/www.stempeltier.de\/blog\/shop\/materialpakete\/probierpakete\/praezisionskleber-stampinup\/\" \/>\n<meta property=\"og:locale\" content=\"de_DE\" \/>\n<meta property=\"og:type\" content=\"article\" \/>\n<meta property=\"og:title\" content=\"Pr\u00e4zisionskleber - Stempeltier\" \/>\n<meta property=\"og:description\" content=\"stampinup-\" \/>\n<meta property=\"og:url\" content=\"https:\/\/www.stempeltier.de\/blog\/shop\/materialpakete\/probierpakete\/praezisionskleber-stampinup\/\" \/>\n<meta property=\"og:site_name\" content=\"Stempeltier\" \/>\n<meta property=\"article:publisher\" content=\"http:\/\/www.facebook.com\/DasStempeltier\" \/>\n<meta property=\"article:modified_time\" content=\"2026-04-30T14:26:27+00:00\" \/>\n<meta property=\"og:image\" content=\"https:\/\/www.stempeltier.de\/blog\/wp-content\/uploads\/2026\/04\/138309.webp\" \/>\n\t<meta property=\"og:image:width\" content=\"1600\" \/>\n\t<meta property=\"og:image:height\" content=\"1600\" \/>\n\t<meta property=\"og:image:type\" content=\"image\/webp\" \/>\n<meta name=\"twitter:card\" content=\"summary_large_image\" \/>\n<meta name=\"twitter:label1\" content=\"Gesch\u00e4tzte Lesezeit\" \/>\n\t<meta name=\"twitter:data1\" content=\"1\u00a0Minute\" \/>\n<script type=\"application\/ld+json\" class=\"yoast-schema-graph\">{\"@context\":\"https:\\\/\\\/schema.org\",\"@graph\":[{\"@type\":\"WebPage\",\"@id\":\"https:\\\/\\\/www.stempeltier.de\\\/blog\\\/shop\\\/materialpakete\\\/probierpakete\\\/praezisionskleber-stampinup\\\/\",\"url\":\"https:\\\/\\\/www.stempeltier.de\\\/blog\\\/shop\\\/materialpakete\\\/probierpakete\\\/praezisionskleber-stampinup\\\/\",\"name\":\"Pr\u00e4zisionskleber - Stempeltier\",\"isPartOf\":{\"@id\":\"https:\\\/\\\/www.stempeltier.de\\\/blog\\\/#website\"},\"primaryImageOfPage\":{\"@id\":\"https:\\\/\\\/www.stempeltier.de\\\/blog\\\/shop\\\/materialpakete\\\/probierpakete\\\/praezisionskleber-stampinup\\\/#primaryimage\"},\"image\":{\"@id\":\"https:\\\/\\\/www.stempeltier.de\\\/blog\\\/shop\\\/materialpakete\\\/probierpakete\\\/praezisionskleber-stampinup\\\/#primaryimage\"},\"thumbnailUrl\":\"https:\\\/\\\/www.stempeltier.de\\\/blog\\\/wp-content\\\/uploads\\\/2026\\\/04\\\/138309.webp\",\"datePublished\":\"2026-04-30T14:22:13+00:00\",\"dateModified\":\"2026-04-30T14:26:27+00:00\",\"description\":\"stampinup-\",\"breadcrumb\":{\"@id\":\"https:\\\/\\\/www.stempeltier.de\\\/blog\\\/shop\\\/materialpakete\\\/probierpakete\\\/praezisionskleber-stampinup\\\/#breadcrumb\"},\"inLanguage\":\"de\",\"potentialAction\":[{\"@type\":\"ReadAction\",\"target\":[\"https:\\\/\\\/www.stempeltier.de\\\/blog\\\/shop\\\/materialpakete\\\/probierpakete\\\/praezisionskleber-stampinup\\\/\"]}]},{\"@type\":\"ImageObject\",\"inLanguage\":\"de\",\"@id\":\"https:\\\/\\\/www.stempeltier.de\\\/blog\\\/shop\\\/materialpakete\\\/probierpakete\\\/praezisionskleber-stampinup\\\/#primaryimage\",\"url\":\"https:\\\/\\\/www.stempeltier.de\\\/blog\\\/wp-content\\\/uploads\\\/2026\\\/04\\\/138309.webp\",\"contentUrl\":\"https:\\\/\\\/www.stempeltier.de\\\/blog\\\/wp-content\\\/uploads\\\/2026\\\/04\\\/138309.webp\",\"width\":1600,\"height\":1600,\"caption\":\"stampin up pr\u00e4zisionskleber\"},{\"@type\":\"BreadcrumbList\",\"@id\":\"https:\\\/\\\/www.stempeltier.de\\\/blog\\\/shop\\\/materialpakete\\\/probierpakete\\\/praezisionskleber-stampinup\\\/#breadcrumb\",\"itemListElement\":[{\"@type\":\"ListItem\",\"position\":1,\"name\":\"Startseite\",\"item\":\"https:\\\/\\\/www.stempeltier.de\\\/blog\\\/\"},{\"@type\":\"ListItem\",\"position\":2,\"name\":\"Shop\",\"item\":\"https:\\\/\\\/www.stempeltier.de\\\/blog\\\/shop\\\/\"},{\"@type\":\"ListItem\",\"position\":3,\"name\":\"Pr\u00e4zisionskleber\"}]},{\"@type\":\"WebSite\",\"@id\":\"https:\\\/\\\/www.stempeltier.de\\\/blog\\\/#website\",\"url\":\"https:\\\/\\\/www.stempeltier.de\\\/blog\\\/\",\"name\":\"Stempeltier\",\"description\":\"Kreative Gl\u00fccksmomente aus Papier\",\"potentialAction\":[{\"@type\":\"SearchAction\",\"target\":{\"@type\":\"EntryPoint\",\"urlTemplate\":\"https:\\\/\\\/www.stempeltier.de\\\/blog\\\/?s={search_term_string}\"},\"query-input\":{\"@type\":\"PropertyValueSpecification\",\"valueRequired\":true,\"valueName\":\"search_term_string\"}}],\"inLanguage\":\"de\"}]}<\/script>\n<!-- \/ Yoast SEO plugin. -->","yoast_head_json":{"title":"Pr\u00e4zisionskleber - Stempeltier","description":"stampinup-","robots":{"index":"index","follow":"follow","max-snippet":"max-snippet:-1","max-image-preview":"max-image-preview:large","max-video-preview":"max-video-preview:-1"},"canonical":"https:\/\/www.stempeltier.de\/blog\/shop\/materialpakete\/probierpakete\/praezisionskleber-stampinup\/","og_locale":"de_DE","og_type":"article","og_title":"Pr\u00e4zisionskleber - Stempeltier","og_description":"stampinup-","og_url":"https:\/\/www.stempeltier.de\/blog\/shop\/materialpakete\/probierpakete\/praezisionskleber-stampinup\/","og_site_name":"Stempeltier","article_publisher":"http:\/\/www.facebook.com\/DasStempeltier","article_modified_time":"2026-04-30T14:26:27+00:00","og_image":[{"width":1600,"height":1600,"url":"https:\/\/www.stempeltier.de\/blog\/wp-content\/uploads\/2026\/04\/138309.webp","type":"image\/webp"}],"twitter_card":"summary_large_image","twitter_misc":{"Gesch\u00e4tzte Lesezeit":"1\u00a0Minute"},"schema":{"@context":"https:\/\/schema.org","@graph":[{"@type":"WebPage","@id":"https:\/\/www.stempeltier.de\/blog\/shop\/materialpakete\/probierpakete\/praezisionskleber-stampinup\/","url":"https:\/\/www.stempeltier.de\/blog\/shop\/materialpakete\/probierpakete\/praezisionskleber-stampinup\/","name":"Pr\u00e4zisionskleber - Stempeltier","isPartOf":{"@id":"https:\/\/www.stempeltier.de\/blog\/#website"},"primaryImageOfPage":{"@id":"https:\/\/www.stempeltier.de\/blog\/shop\/materialpakete\/probierpakete\/praezisionskleber-stampinup\/#primaryimage"},"image":{"@id":"https:\/\/www.stempeltier.de\/blog\/shop\/materialpakete\/probierpakete\/praezisionskleber-stampinup\/#primaryimage"},"thumbnailUrl":"https:\/\/www.stempeltier.de\/blog\/wp-content\/uploads\/2026\/04\/138309.webp","datePublished":"2026-04-30T14:22:13+00:00","dateModified":"2026-04-30T14:26:27+00:00","description":"stampinup-","breadcrumb":{"@id":"https:\/\/www.stempeltier.de\/blog\/shop\/materialpakete\/probierpakete\/praezisionskleber-stampinup\/#breadcrumb"},"inLanguage":"de","potentialAction":[{"@type":"ReadAction","target":["https:\/\/www.stempeltier.de\/blog\/shop\/materialpakete\/probierpakete\/praezisionskleber-stampinup\/"]}]},{"@type":"ImageObject","inLanguage":"de","@id":"https:\/\/www.stempeltier.de\/blog\/shop\/materialpakete\/probierpakete\/praezisionskleber-stampinup\/#primaryimage","url":"https:\/\/www.stempeltier.de\/blog\/wp-content\/uploads\/2026\/04\/138309.webp","contentUrl":"https:\/\/www.stempeltier.de\/blog\/wp-content\/uploads\/2026\/04\/138309.webp","width":1600,"height":1600,"caption":"stampin up pr\u00e4zisionskleber"},{"@type":"BreadcrumbList","@id":"https:\/\/www.stempeltier.de\/blog\/shop\/materialpakete\/probierpakete\/praezisionskleber-stampinup\/#breadcrumb","itemListElement":[{"@type":"ListItem","position":1,"name":"Startseite","item":"https:\/\/www.stempeltier.de\/blog\/"},{"@type":"ListItem","position":2,"name":"Shop","item":"https:\/\/www.stempeltier.de\/blog\/shop\/"},{"@type":"ListItem","position":3,"name":"Pr\u00e4zisionskleber"}]},{"@type":"WebSite","@id":"https:\/\/www.stempeltier.de\/blog\/#website","url":"https:\/\/www.stempeltier.de\/blog\/","name":"Stempeltier","description":"Kreative Gl\u00fccksmomente aus Papier","potentialAction":[{"@type":"SearchAction","target":{"@type":"EntryPoint","urlTemplate":"https:\/\/www.stempeltier.de\/blog\/?s={search_term_string}"},"query-input":{"@type":"PropertyValueSpecification","valueRequired":true,"valueName":"search_term_string"}}],"inLanguage":"de"}]}},"jetpack-related-posts":[{"id":19701,"url":"https:\/\/www.stempeltier.de\/blog\/shop\/bastelgrundausstattung\/kleber\/abreissklebeband\/","url_meta":{"origin":19697,"position":0},"title":"Abreiss-Klebeband","author":"Danny","date":"30. April 2026","format":false,"excerpt":"Mit diesem Abrei\u00df-Klebeband sind Sie im Nu bereit, Ihre Projektelemente kinderleicht zu befestigen. Das starke, s\u00e4urefreie Klebemittel eignet sich perfekt f\u00fcr verschiedene Anwendungsbereiche und l\u00e4sst sich einfach auf die ben\u00f6tigte L\u00e4nge abrei\u00dfen. Legen Sie das Band dann hin, ziehen Sie die Schutzfolie ab und bestigen Sie etwas damit! * Rolle\u2026","rel":"","context":"\u00c4hnlicher Beitrag","block_context":{"text":"\u00c4hnlicher Beitrag","link":""},"img":{"alt_text":"stampin up abreissklebeband","src":"https:\/\/i0.wp.com\/www.stempeltier.de\/blog\/wp-content\/uploads\/2026\/04\/154031.webp?resize=350%2C200&ssl=1","width":350,"height":200,"srcset":"https:\/\/i0.wp.com\/www.stempeltier.de\/blog\/wp-content\/uploads\/2026\/04\/154031.webp?resize=350%2C200&ssl=1 1x, https:\/\/i0.wp.com\/www.stempeltier.de\/blog\/wp-content\/uploads\/2026\/04\/154031.webp?resize=525%2C300&ssl=1 1.5x, https:\/\/i0.wp.com\/www.stempeltier.de\/blog\/wp-content\/uploads\/2026\/04\/154031.webp?resize=700%2C400&ssl=1 2x, https:\/\/i0.wp.com\/www.stempeltier.de\/blog\/wp-content\/uploads\/2026\/04\/154031.webp?resize=1050%2C600&ssl=1 3x, https:\/\/i0.wp.com\/www.stempeltier.de\/blog\/wp-content\/uploads\/2026\/04\/154031.webp?resize=1400%2C800&ssl=1 4x"},"classes":[]},{"id":19704,"url":"https:\/\/www.stempeltier.de\/blog\/shop\/bastelgrundausstattung\/kleber\/stampin-dimensionals\/","url_meta":{"origin":19697,"position":1},"title":"Stampin&#8216; Dimensionals \u00ae","author":"Danny","date":"30. April 2026","format":false,"excerpt":"Doppelseitig selbstklebende Schaumstoffpads f\u00fcr plastische, dreidimensionale Effekte. Auch toll f\u00fcr schwerere Zierelemente. Sofort haftend. S\u00e4urefrei. Stampin\u2019 Dimensionals\u00ae: 300 St\u00fcck, 3\/8\" (1 cm). GPSR \/ Herstellerangaben : Stampin\u2019 Up! Europe GmbH Flughafenstr. 21 63263 Neu-Isenburg Deutschland im Rahmen einer Sammelbestellung mit aktueller Stampin' Up! \u00ae Ware ist der Versand kostenlos. ansonsten\u2026","rel":"","context":"\u00c4hnlicher Beitrag","block_context":{"text":"\u00c4hnlicher Beitrag","link":""},"img":{"alt_text":"stampin dimensionals klebepads 3D","src":"https:\/\/i0.wp.com\/www.stempeltier.de\/blog\/wp-content\/uploads\/2026\/04\/104430.webp?resize=350%2C200&ssl=1","width":350,"height":200,"srcset":"https:\/\/i0.wp.com\/www.stempeltier.de\/blog\/wp-content\/uploads\/2026\/04\/104430.webp?resize=350%2C200&ssl=1 1x, https:\/\/i0.wp.com\/www.stempeltier.de\/blog\/wp-content\/uploads\/2026\/04\/104430.webp?resize=525%2C300&ssl=1 1.5x, https:\/\/i0.wp.com\/www.stempeltier.de\/blog\/wp-content\/uploads\/2026\/04\/104430.webp?resize=700%2C400&ssl=1 2x, https:\/\/i0.wp.com\/www.stempeltier.de\/blog\/wp-content\/uploads\/2026\/04\/104430.webp?resize=1050%2C600&ssl=1 3x, https:\/\/i0.wp.com\/www.stempeltier.de\/blog\/wp-content\/uploads\/2026\/04\/104430.webp?resize=1400%2C800&ssl=1 4x"},"classes":[]},{"id":19706,"url":"https:\/\/www.stempeltier.de\/blog\/shop\/bastelgrundausstattung\/kleber\/stampin-dimensionals-mini\/","url_meta":{"origin":19697,"position":2},"title":"Mini Stampin&#8216; Dimensionals \u00ae","author":"Danny","date":"30. April 2026","format":false,"excerpt":"Doppelseitig selbstklebende Schaumstoffpads f\u00fcr plastische, dreidimensionale Effekte. Auch toll f\u00fcr schwerere Zierelemente. Sofort haftend. S\u00e4urefrei. Mini Stampin\u2019 Dimensionals\u00ae: 720 St\u00fcck, 1\/4\" (6,4 mm). Ideal zur Verwendung mit Farbkarton und Papier, kleinen Accessoires und Dekoband. GPSR \/ Herstellerangaben : Stampin\u2019 Up! Europe GmbH Flughafenstr. 21 63263 Neu-Isenburg Deutschland im Rahmen einer\u2026","rel":"","context":"\u00c4hnlicher Beitrag","block_context":{"text":"\u00c4hnlicher Beitrag","link":""},"img":{"alt_text":"Mini stampin dimensionals klebepads 3D 144108","src":"https:\/\/i0.wp.com\/www.stempeltier.de\/blog\/wp-content\/uploads\/2026\/04\/144108.webp?resize=350%2C200&ssl=1","width":350,"height":200,"srcset":"https:\/\/i0.wp.com\/www.stempeltier.de\/blog\/wp-content\/uploads\/2026\/04\/144108.webp?resize=350%2C200&ssl=1 1x, https:\/\/i0.wp.com\/www.stempeltier.de\/blog\/wp-content\/uploads\/2026\/04\/144108.webp?resize=525%2C300&ssl=1 1.5x, https:\/\/i0.wp.com\/www.stempeltier.de\/blog\/wp-content\/uploads\/2026\/04\/144108.webp?resize=700%2C400&ssl=1 2x, https:\/\/i0.wp.com\/www.stempeltier.de\/blog\/wp-content\/uploads\/2026\/04\/144108.webp?resize=1050%2C600&ssl=1 3x, https:\/\/i0.wp.com\/www.stempeltier.de\/blog\/wp-content\/uploads\/2026\/04\/144108.webp?resize=1400%2C800&ssl=1 4x"},"classes":[]},{"id":18920,"url":"https:\/\/www.stempeltier.de\/blog\/shop\/bastelgrundausstattung\/kleber\/klebemittel-radierer-tombow-fluessigkleber-dimensionals\/","url_meta":{"origin":19697,"position":3},"title":"Klebemittel T\u00e4schchen mini","author":"Danny","date":"2. Oktober 2025","format":false,"excerpt":"das Stempeltier\u00ae Klebert\u00e4schchen Mini beinhaltet folgende Dinge: 1x Fl\u00fcssigkleber 25gr 1x Stampin' Dimensionals\u00ae 1x Mini Stampin' Dimensionals \u00ae 1x Aufbewahrungstasche mit Regenbogen Druck im Rahmen einer Sammelbestellung mit aktueller Stampin' Up! \u00ae Ware ist der Versand kostenlos. ansonsten gelten die normalen Versandkosten","rel":"","context":"\u00c4hnlicher Beitrag","block_context":{"text":"\u00c4hnlicher Beitrag","link":""},"img":{"alt_text":"","src":"https:\/\/i0.wp.com\/www.stempeltier.de\/blog\/wp-content\/uploads\/2025\/10\/1000438415.jpg?resize=350%2C200&ssl=1","width":350,"height":200,"srcset":"https:\/\/i0.wp.com\/www.stempeltier.de\/blog\/wp-content\/uploads\/2025\/10\/1000438415.jpg?resize=350%2C200&ssl=1 1x, https:\/\/i0.wp.com\/www.stempeltier.de\/blog\/wp-content\/uploads\/2025\/10\/1000438415.jpg?resize=525%2C300&ssl=1 1.5x, https:\/\/i0.wp.com\/www.stempeltier.de\/blog\/wp-content\/uploads\/2025\/10\/1000438415.jpg?resize=700%2C400&ssl=1 2x, https:\/\/i0.wp.com\/www.stempeltier.de\/blog\/wp-content\/uploads\/2025\/10\/1000438415.jpg?resize=1050%2C600&ssl=1 3x, https:\/\/i0.wp.com\/www.stempeltier.de\/blog\/wp-content\/uploads\/2025\/10\/1000438415.jpg?resize=1400%2C800&ssl=1 4x"},"classes":[]},{"id":18923,"url":"https:\/\/www.stempeltier.de\/blog\/shop\/bastelgrundausstattung\/kleber\/klebemittel-radierer-tombow-fluessigkleber-dimensionals-2\/","url_meta":{"origin":19697,"position":4},"title":"Klebert\u00e4schchen Maxi","author":"Danny","date":"2. Oktober 2025","format":false,"excerpt":"das Stempeltier\u00ae Klebert\u00e4schchen Maxi beinhaltet folgende Dinge: 2 x Fl\u00fcssigkleber je 25gr 1x Stampin' Dimensionals\u00ae 1x Mini Stampin' Dimensionals \u00ae 1 x schwarzen Bleistift \u270f\ufe0f \" Kreativit\u00e4t wischt den Staub des Alltags von der Seele\" oder \"Kreativit\u00e4t beginnt mit einem Strich\" 1x Aufbewahrungstasche mit Regenbogen Druck im Rahmen einer Sammelbestellung\u2026","rel":"","context":"\u00c4hnlicher Beitrag","block_context":{"text":"\u00c4hnlicher Beitrag","link":""},"img":{"alt_text":"","src":"https:\/\/i0.wp.com\/www.stempeltier.de\/blog\/wp-content\/uploads\/2025\/10\/1000438405.jpg?resize=350%2C200&ssl=1","width":350,"height":200,"srcset":"https:\/\/i0.wp.com\/www.stempeltier.de\/blog\/wp-content\/uploads\/2025\/10\/1000438405.jpg?resize=350%2C200&ssl=1 1x, https:\/\/i0.wp.com\/www.stempeltier.de\/blog\/wp-content\/uploads\/2025\/10\/1000438405.jpg?resize=525%2C300&ssl=1 1.5x, https:\/\/i0.wp.com\/www.stempeltier.de\/blog\/wp-content\/uploads\/2025\/10\/1000438405.jpg?resize=700%2C400&ssl=1 2x, https:\/\/i0.wp.com\/www.stempeltier.de\/blog\/wp-content\/uploads\/2025\/10\/1000438405.jpg?resize=1050%2C600&ssl=1 3x, https:\/\/i0.wp.com\/www.stempeltier.de\/blog\/wp-content\/uploads\/2025\/10\/1000438405.jpg?resize=1400%2C800&ssl=1 4x"},"classes":[]},{"id":17890,"url":"https:\/\/www.stempeltier.de\/blog\/shop\/stampinup-aufbewahrung\/kleber-organizer-plus\/","url_meta":{"origin":19697,"position":5},"title":"Organizer Deluxe","author":"Danny","date":"12. M\u00e4rz 2025","format":false,"excerpt":"Aufbewahrung f\u00fcr alle Kleber der Marke Stampin' Up!\u00ae\u00a0 (Fl\u00fcssigkleber, Stampin' Dimensionals\u00ae, Flink und Fest, Flink und Fest+, Abreissklebeband, Mini Klebepunkte, Pr\u00e4zisionskleber, sowie Platz f\u00fcr : Reinigungskissen (Stampin'Scrub\u00ae) Stempel- und Perforiermatte Papierfalter Papierschere Wink of Stella\u00a0 (oder anderer Stift) Aufhebhelfer Standardfarben:\u00a0 schwarz, wei\u00df, Sonderfarben:\u00a0\u00a0\u00a0 Anthrazit matt, Limette, dunkle Osterglocke, Wassermelone, Glutrot,\u2026","rel":"","context":"\u00c4hnlicher Beitrag","block_context":{"text":"\u00c4hnlicher Beitrag","link":""},"img":{"alt_text":"","src":"https:\/\/i0.wp.com\/www.stempeltier.de\/blog\/wp-content\/uploads\/2025\/03\/1000385575.jpg?resize=350%2C200&ssl=1","width":350,"height":200,"srcset":"https:\/\/i0.wp.com\/www.stempeltier.de\/blog\/wp-content\/uploads\/2025\/03\/1000385575.jpg?resize=350%2C200&ssl=1 1x, https:\/\/i0.wp.com\/www.stempeltier.de\/blog\/wp-content\/uploads\/2025\/03\/1000385575.jpg?resize=525%2C300&ssl=1 1.5x, https:\/\/i0.wp.com\/www.stempeltier.de\/blog\/wp-content\/uploads\/2025\/03\/1000385575.jpg?resize=700%2C400&ssl=1 2x, https:\/\/i0.wp.com\/www.stempeltier.de\/blog\/wp-content\/uploads\/2025\/03\/1000385575.jpg?resize=1050%2C600&ssl=1 3x, https:\/\/i0.wp.com\/www.stempeltier.de\/blog\/wp-content\/uploads\/2025\/03\/1000385575.jpg?resize=1400%2C800&ssl=1 4x"},"classes":[]}],"jetpack_sharing_enabled":true,"_links":{"self":[{"href":"https:\/\/www.stempeltier.de\/blog\/wp-json\/wp\/v2\/product\/19697","targetHints":{"allow":["GET"]}}],"collection":[{"href":"https:\/\/www.stempeltier.de\/blog\/wp-json\/wp\/v2\/product"}],"about":[{"href":"https:\/\/www.stempeltier.de\/blog\/wp-json\/wp\/v2\/types\/product"}],"wp:featuredmedia":[{"embeddable":true,"href":"https:\/\/www.stempeltier.de\/blog\/wp-json\/wp\/v2\/media\/19698"}],"wp:attachment":[{"href":"https:\/\/www.stempeltier.de\/blog\/wp-json\/wp\/v2\/media?parent=19697"}],"wp:term":[{"taxonomy":"product_brand","embeddable":true,"href":"https:\/\/www.stempeltier.de\/blog\/wp-json\/wp\/v2\/product_brand?post=19697"},{"taxonomy":"product_cat","embeddable":true,"href":"https:\/\/www.stempeltier.de\/blog\/wp-json\/wp\/v2\/product_cat?post=19697"},{"taxonomy":"product_tag","embeddable":true,"href":"https:\/\/www.stempeltier.de\/blog\/wp-json\/wp\/v2\/product_tag?post=19697"}],"curies":[{"name":"wp","href":"https:\/\/api.w.org\/{rel}","templated":true}]}}