{"id":19328,"date":"2026-02-08T12:43:23","date_gmt":"2026-02-08T11:43:23","guid":{"rendered":"https:\/\/www.stempeltier.de\/blog\/?post_type=product&#038;p=19328"},"modified":"2026-03-29T12:48:58","modified_gmt":"2026-03-29T10:48:58","slug":"zeitlos-kariert-stampinup-designerpapier","status":"publish","type":"product","link":"https:\/\/www.stempeltier.de\/blog\/shop\/papiere\/designerpapiere\/zeitlos-kariert-stampinup-designerpapier\/","title":{"rendered":"zeitlos kariert"},"content":{"rendered":"<p>Designerpapier 6&#215;6&#8243; zeitlos kariert- originalverpackt<\/p>\n<div class=\"special-text\" data-v-e36f57d0=\"\">Karos, Karos \u2013 und noch mehr Karos! Das Designerpapier 6&#8243; x 6&#8243; (15,2 x 15,2 cm) Zeitlos kariert verleiht all Ihren Papierkreationen sch\u00f6ne Details. Arrangieren Sie Ihre Lieblingsmuster doch mal \u00fcbereinander auf einer Karte oder nutzen Sie eines der Karodesigns als Kartenhintergrund. Dank der tollen Karos eignet sich das Papier perfekt f\u00fcr Fr\u00fchlingsprojekte, aber auch f\u00fcr maskuline, weihnachtliche und vielf\u00e4ltige andere Karten, Geschenkanh\u00e4nger, Scrapbook-Seiten und vieles mehr.<\/div>\n<div class=\"special-text\" data-v-e36f57d0=\"\">\n*\u00a048 Blatt Motivpapier: je 4 in 12\u00a0doppelseitigen Designs<br \/>\n*\u00a06&#8243; x 6&#8243; (15,2 x 15,2 cm)<br \/>\n*\u00a0S\u00e4urefrei<br \/>\n*\u00a0Ligninfrei<\/p>\n<p>Produktfarben: Abendblau, Basic-Beige, Boho-Blau, Calypso, Chili, Espresso, Kieselgrau, Lagunenblau, Olivgr\u00fcn, Pekannuss, Savanne, Terrakotta, Waldmoos, Wilder Weizen<\/p><\/div>\n<p>&nbsp;<\/p>\n<div class=\"shariff shariff-align-center shariff-widget-align-left\" data-services=\"facebook%7Cpinterest\" data-url=\"https:\/\/www.stempeltier.de\/blog\/shop\/papiere\/designerpapiere\/zeitlos-kariert-stampinup-designerpapier\/\" data-timestamp=\"1774788538\" data-backendurl=\"https:\/\/www.stempeltier.de\/blog\/wp-json\/shariff\/v1\/share_counts?\"><div class=\"ShariffHeadline\">Sharing is caring - Teilen erlaubt<\/div><ul class=\"shariff-buttons theme-round orientation-horizontal buttonsize-medium\"><li class=\"shariff-button facebook shariff-nocustomcolor\" style=\"background-color:#4273c8\"><a href=\"https:\/\/www.facebook.com\/sharer\/sharer.php?u=https%3A%2F%2Fwww.stempeltier.de%2Fblog%2Fshop%2Fpapiere%2Fdesignerpapiere%2Fzeitlos-kariert-stampinup-designerpapier%2F\" title=\"Bei Facebook teilen\" aria-label=\"Bei Facebook teilen\" role=\"button\" rel=\"nofollow\" class=\"shariff-link\" style=\"; background-color:#3b5998; color:#fff\" target=\"_blank\"><span class=\"shariff-icon\" style=\"\"><svg width=\"32px\" height=\"20px\" xmlns=\"http:\/\/www.w3.org\/2000\/svg\" viewBox=\"0 0 18 32\"><path fill=\"#3b5998\" d=\"M17.1 0.2v4.7h-2.8q-1.5 0-2.1 0.6t-0.5 1.9v3.4h5.2l-0.7 5.3h-4.5v13.6h-5.5v-13.6h-4.5v-5.3h4.5v-3.9q0-3.3 1.9-5.2t5-1.8q2.6 0 4.1 0.2z\"\/><\/svg><\/span><span data-service=\"facebook\" style=\"color:#3b5998\" class=\"shariff-count shariff-hidezero\"><\/span>&nbsp;<\/a><\/li><li class=\"shariff-button twitter shariff-nocustomcolor\" style=\"background-color:#595959\"><a href=\"https:\/\/twitter.com\/share?url=https%3A%2F%2Fwww.stempeltier.de%2Fblog%2Fshop%2Fpapiere%2Fdesignerpapiere%2Fzeitlos-kariert-stampinup-designerpapier%2F&text=zeitlos%20kariert\" title=\"Bei X teilen\" aria-label=\"Bei X teilen\" role=\"button\" rel=\"noopener nofollow\" class=\"shariff-link\" style=\"; background-color:#000; color:#fff\" target=\"_blank\"><span class=\"shariff-icon\" style=\"\"><svg width=\"32px\" height=\"20px\" xmlns=\"http:\/\/www.w3.org\/2000\/svg\" viewBox=\"0 0 24 24\"><path fill=\"#000\" d=\"M14.258 10.152L23.176 0h-2.113l-7.747 8.813L7.133 0H0l9.352 13.328L0 23.973h2.113l8.176-9.309 6.531 9.309h7.133zm-2.895 3.293l-.949-1.328L2.875 1.56h3.246l6.086 8.523.945 1.328 7.91 11.078h-3.246zm0 0\"\/><\/svg><\/span><\/a><\/li><li class=\"shariff-button pinterest shariff-nocustomcolor\" style=\"background-color:#e70f18\"><a href=\"https:\/\/www.pinterest.com\/pin\/create\/link\/?url=https%3A%2F%2Fwww.stempeltier.de%2Fblog%2Fshop%2Fpapiere%2Fdesignerpapiere%2Fzeitlos-kariert-stampinup-designerpapier%2F&media=https%3A%2F%2Fwww.stempeltier.de%2Fblog%2Fwp-content%2Fuploads%2F2024%2F11%2Fstampin-up-Designerpapier-zeitlos-kariert-2025.jpg&description=zeitlos%20kariert\" title=\"Bei Pinterest pinnen\" aria-label=\"Bei Pinterest pinnen\" role=\"button\" rel=\"noopener nofollow\" class=\"shariff-link\" style=\"; background-color:#cb2027; color:#fff\" target=\"_blank\"><span class=\"shariff-icon\" style=\"\"><svg width=\"32px\" height=\"20px\" xmlns=\"http:\/\/www.w3.org\/2000\/svg\" viewBox=\"0 0 27 32\"><path fill=\"#cb2027\" d=\"M27.4 16q0 3.7-1.8 6.9t-5 5-6.9 1.9q-2 0-3.9-0.6 1.1-1.7 1.4-2.9 0.2-0.6 1-3.8 0.4 0.7 1.3 1.2t2 0.5q2.1 0 3.8-1.2t2.7-3.4 0.9-4.8q0-2-1.1-3.8t-3.1-2.9-4.5-1.2q-1.9 0-3.5 0.5t-2.8 1.4-2 2-1.2 2.3-0.4 2.4q0 1.9 0.7 3.3t2.1 2q0.5 0.2 0.7-0.4 0-0.1 0.1-0.5t0.2-0.5q0.1-0.4-0.2-0.8-0.9-1.1-0.9-2.7 0-2.7 1.9-4.6t4.9-2q2.7 0 4.2 1.5t1.5 3.8q0 3-1.2 5.2t-3.1 2.1q-1.1 0-1.7-0.8t-0.4-1.9q0.1-0.6 0.5-1.7t0.5-1.8 0.2-1.4q0-0.9-0.5-1.5t-1.4-0.6q-1.1 0-1.9 1t-0.8 2.6q0 1.3 0.4 2.2l-1.8 7.5q-0.3 1.2-0.2 3.2-3.7-1.6-6-5t-2.3-7.6q0-3.7 1.9-6.9t5-5 6.9-1.9 6.9 1.9 5 5 1.8 6.9z\"\/><\/svg><\/span><span data-service=\"pinterest\" style=\"color:#cb2027\" class=\"shariff-count shariff-hidezero\"><\/span>&nbsp;<\/a><\/li><li class=\"shariff-button whatsapp shariff-nocustomcolor\" style=\"background-color:#5cbe4a\"><a href=\"https:\/\/api.whatsapp.com\/send?text=https%3A%2F%2Fwww.stempeltier.de%2Fblog%2Fshop%2Fpapiere%2Fdesignerpapiere%2Fzeitlos-kariert-stampinup-designerpapier%2F%20zeitlos%20kariert\" title=\"Bei Whatsapp teilen\" aria-label=\"Bei Whatsapp teilen\" role=\"button\" rel=\"noopener nofollow\" class=\"shariff-link\" style=\"; background-color:#34af23; color:#fff\" target=\"_blank\"><span class=\"shariff-icon\" style=\"\"><svg width=\"32px\" height=\"20px\" xmlns=\"http:\/\/www.w3.org\/2000\/svg\" viewBox=\"0 0 32 32\"><path fill=\"#34af23\" d=\"M17.6 17.4q0.2 0 1.7 0.8t1.6 0.9q0 0.1 0 0.3 0 0.6-0.3 1.4-0.3 0.7-1.3 1.2t-1.8 0.5q-1 0-3.4-1.1-1.7-0.8-3-2.1t-2.6-3.3q-1.3-1.9-1.3-3.5v-0.1q0.1-1.6 1.3-2.8 0.4-0.4 0.9-0.4 0.1 0 0.3 0t0.3 0q0.3 0 0.5 0.1t0.3 0.5q0.1 0.4 0.6 1.6t0.4 1.3q0 0.4-0.6 1t-0.6 0.8q0 0.1 0.1 0.3 0.6 1.3 1.8 2.4 1 0.9 2.7 1.8 0.2 0.1 0.4 0.1 0.3 0 1-0.9t0.9-0.9zM14 26.9q2.3 0 4.3-0.9t3.6-2.4 2.4-3.6 0.9-4.3-0.9-4.3-2.4-3.6-3.6-2.4-4.3-0.9-4.3 0.9-3.6 2.4-2.4 3.6-0.9 4.3q0 3.6 2.1 6.6l-1.4 4.2 4.3-1.4q2.8 1.9 6.2 1.9zM14 2.2q2.7 0 5.2 1.1t4.3 2.9 2.9 4.3 1.1 5.2-1.1 5.2-2.9 4.3-4.3 2.9-5.2 1.1q-3.5 0-6.5-1.7l-7.4 2.4 2.4-7.2q-1.9-3.2-1.9-6.9 0-2.7 1.1-5.2t2.9-4.3 4.3-2.9 5.2-1.1z\"\/><\/svg><\/span><\/a><\/li><li class=\"shariff-button mailto shariff-nocustomcolor\" style=\"background-color:#a8a8a8\"><a href=\"mailto:?body=https%3A%2F%2Fwww.stempeltier.de%2Fblog%2Fshop%2Fpapiere%2Fdesignerpapiere%2Fzeitlos-kariert-stampinup-designerpapier%2F&subject=zeitlos%20kariert\" title=\"Per E-Mail versenden\" aria-label=\"Per E-Mail versenden\" role=\"button\" rel=\"noopener nofollow\" class=\"shariff-link\" style=\"; background-color:#999; color:#fff\"><span class=\"shariff-icon\" style=\"\"><svg width=\"32px\" height=\"20px\" xmlns=\"http:\/\/www.w3.org\/2000\/svg\" viewBox=\"0 0 32 32\"><path fill=\"#999\" d=\"M32 12.7v14.2q0 1.2-0.8 2t-2 0.9h-26.3q-1.2 0-2-0.9t-0.8-2v-14.2q0.8 0.9 1.8 1.6 6.5 4.4 8.9 6.1 1 0.8 1.6 1.2t1.7 0.9 2 0.4h0.1q0.9 0 2-0.4t1.7-0.9 1.6-1.2q3-2.2 8.9-6.1 1-0.7 1.8-1.6zM32 7.4q0 1.4-0.9 2.7t-2.2 2.2q-6.7 4.7-8.4 5.8-0.2 0.1-0.7 0.5t-1 0.7-0.9 0.6-1.1 0.5-0.9 0.2h-0.1q-0.4 0-0.9-0.2t-1.1-0.5-0.9-0.6-1-0.7-0.7-0.5q-1.6-1.1-4.7-3.2t-3.6-2.6q-1.1-0.7-2.1-2t-1-2.5q0-1.4 0.7-2.3t2.1-0.9h26.3q1.2 0 2 0.8t0.9 2z\"\/><\/svg><\/span><\/a><\/li><\/ul><\/div>","protected":false},"excerpt":{"rendered":"<p>Designerpapier 6&#215;6&#8243; zeitlos kariert- originalverpackt Karos, Karos \u2013 und noch mehr Karos! Das Designerpapier 6&#8243; x 6&#8243; (15,2 x 15,2 cm) Zeitlos kariert verleiht all Ihren Papierkreationen sch\u00f6ne Details. Arrangieren Sie Ihre Lieblingsmuster doch mal \u00fcbereinander auf einer Karte oder&hellip; <\/p>\n","protected":false},"featured_media":17491,"template":"","meta":{"jetpack_post_was_ever_published":false},"product_brand":[],"product_cat":[964,963],"product_tag":[965,966,1096],"class_list":{"0":"post-19328","1":"product","2":"type-product","3":"status-publish","4":"has-post-thumbnail","6":"product_cat-designerpapiere","7":"product_cat-papiere","8":"product_tag-designerpapier","9":"product_tag-dsp","10":"product_tag-maenner","12":"first","13":"instock","14":"sale","15":"shipping-taxable","16":"purchasable","17":"product-type-simple"},"yoast_head":"<!-- This site is optimized with the Yoast SEO plugin v27.4 - https:\/\/yoast.com\/product\/yoast-seo-wordpress\/ -->\n<title>zeitlos kariert - Stempeltier<\/title>\n<meta name=\"description\" content=\"stampinup Designerpapier zeitlose karos - kariert f\u00fcr M\u00e4nnerkarten maskulin\" \/>\n<meta name=\"robots\" content=\"index, follow, max-snippet:-1, max-image-preview:large, max-video-preview:-1\" \/>\n<link rel=\"canonical\" href=\"https:\/\/www.stempeltier.de\/blog\/shop\/papiere\/designerpapiere\/zeitlos-kariert-stampinup-designerpapier\/\" \/>\n<meta property=\"og:locale\" content=\"de_DE\" \/>\n<meta property=\"og:type\" content=\"article\" \/>\n<meta property=\"og:title\" content=\"zeitlos kariert - Stempeltier\" \/>\n<meta property=\"og:description\" content=\"stampinup Designerpapier zeitlose karos - kariert f\u00fcr M\u00e4nnerkarten maskulin\" \/>\n<meta property=\"og:url\" content=\"https:\/\/www.stempeltier.de\/blog\/shop\/papiere\/designerpapiere\/zeitlos-kariert-stampinup-designerpapier\/\" \/>\n<meta property=\"og:site_name\" content=\"Stempeltier\" \/>\n<meta property=\"article:publisher\" content=\"http:\/\/www.facebook.com\/DasStempeltier\" \/>\n<meta property=\"article:modified_time\" content=\"2026-03-29T10:48:58+00:00\" \/>\n<meta property=\"og:image\" content=\"https:\/\/www.stempeltier.de\/blog\/wp-content\/uploads\/2024\/11\/stampin-up-Designerpapier-zeitlos-kariert-2025.jpg\" \/>\n\t<meta property=\"og:image:width\" content=\"940\" \/>\n\t<meta property=\"og:image:height\" content=\"788\" \/>\n\t<meta property=\"og:image:type\" content=\"image\/jpeg\" \/>\n<meta name=\"twitter:card\" content=\"summary_large_image\" \/>\n<meta name=\"twitter:label1\" content=\"Gesch\u00e4tzte Lesezeit\" \/>\n\t<meta name=\"twitter:data1\" content=\"1\u00a0Minute\" \/>\n<script type=\"application\/ld+json\" class=\"yoast-schema-graph\">{\"@context\":\"https:\\\/\\\/schema.org\",\"@graph\":[{\"@type\":\"WebPage\",\"@id\":\"https:\\\/\\\/www.stempeltier.de\\\/blog\\\/shop\\\/papiere\\\/designerpapiere\\\/zeitlos-kariert-stampinup-designerpapier\\\/\",\"url\":\"https:\\\/\\\/www.stempeltier.de\\\/blog\\\/shop\\\/papiere\\\/designerpapiere\\\/zeitlos-kariert-stampinup-designerpapier\\\/\",\"name\":\"zeitlos kariert - Stempeltier\",\"isPartOf\":{\"@id\":\"https:\\\/\\\/www.stempeltier.de\\\/blog\\\/#website\"},\"primaryImageOfPage\":{\"@id\":\"https:\\\/\\\/www.stempeltier.de\\\/blog\\\/shop\\\/papiere\\\/designerpapiere\\\/zeitlos-kariert-stampinup-designerpapier\\\/#primaryimage\"},\"image\":{\"@id\":\"https:\\\/\\\/www.stempeltier.de\\\/blog\\\/shop\\\/papiere\\\/designerpapiere\\\/zeitlos-kariert-stampinup-designerpapier\\\/#primaryimage\"},\"thumbnailUrl\":\"https:\\\/\\\/www.stempeltier.de\\\/blog\\\/wp-content\\\/uploads\\\/2024\\\/11\\\/stampin-up-Designerpapier-zeitlos-kariert-2025.jpg\",\"datePublished\":\"2026-02-08T11:43:23+00:00\",\"dateModified\":\"2026-03-29T10:48:58+00:00\",\"description\":\"stampinup Designerpapier zeitlose karos - kariert f\u00fcr M\u00e4nnerkarten maskulin\",\"breadcrumb\":{\"@id\":\"https:\\\/\\\/www.stempeltier.de\\\/blog\\\/shop\\\/papiere\\\/designerpapiere\\\/zeitlos-kariert-stampinup-designerpapier\\\/#breadcrumb\"},\"inLanguage\":\"de\",\"potentialAction\":[{\"@type\":\"ReadAction\",\"target\":[\"https:\\\/\\\/www.stempeltier.de\\\/blog\\\/shop\\\/papiere\\\/designerpapiere\\\/zeitlos-kariert-stampinup-designerpapier\\\/\"]}]},{\"@type\":\"ImageObject\",\"inLanguage\":\"de\",\"@id\":\"https:\\\/\\\/www.stempeltier.de\\\/blog\\\/shop\\\/papiere\\\/designerpapiere\\\/zeitlos-kariert-stampinup-designerpapier\\\/#primaryimage\",\"url\":\"https:\\\/\\\/www.stempeltier.de\\\/blog\\\/wp-content\\\/uploads\\\/2024\\\/11\\\/stampin-up-Designerpapier-zeitlos-kariert-2025.jpg\",\"contentUrl\":\"https:\\\/\\\/www.stempeltier.de\\\/blog\\\/wp-content\\\/uploads\\\/2024\\\/11\\\/stampin-up-Designerpapier-zeitlos-kariert-2025.jpg\",\"width\":940,\"height\":788},{\"@type\":\"BreadcrumbList\",\"@id\":\"https:\\\/\\\/www.stempeltier.de\\\/blog\\\/shop\\\/papiere\\\/designerpapiere\\\/zeitlos-kariert-stampinup-designerpapier\\\/#breadcrumb\",\"itemListElement\":[{\"@type\":\"ListItem\",\"position\":1,\"name\":\"Startseite\",\"item\":\"https:\\\/\\\/www.stempeltier.de\\\/blog\\\/\"},{\"@type\":\"ListItem\",\"position\":2,\"name\":\"Shop\",\"item\":\"https:\\\/\\\/www.stempeltier.de\\\/blog\\\/shop\\\/\"},{\"@type\":\"ListItem\",\"position\":3,\"name\":\"zeitlos kariert\"}]},{\"@type\":\"WebSite\",\"@id\":\"https:\\\/\\\/www.stempeltier.de\\\/blog\\\/#website\",\"url\":\"https:\\\/\\\/www.stempeltier.de\\\/blog\\\/\",\"name\":\"Stempeltier\",\"description\":\"Kreative Gl\u00fccksmomente aus Papier\",\"potentialAction\":[{\"@type\":\"SearchAction\",\"target\":{\"@type\":\"EntryPoint\",\"urlTemplate\":\"https:\\\/\\\/www.stempeltier.de\\\/blog\\\/?s={search_term_string}\"},\"query-input\":{\"@type\":\"PropertyValueSpecification\",\"valueRequired\":true,\"valueName\":\"search_term_string\"}}],\"inLanguage\":\"de\"}]}<\/script>\n<!-- \/ Yoast SEO plugin. -->","yoast_head_json":{"title":"zeitlos kariert - Stempeltier","description":"stampinup Designerpapier zeitlose karos - kariert f\u00fcr M\u00e4nnerkarten maskulin","robots":{"index":"index","follow":"follow","max-snippet":"max-snippet:-1","max-image-preview":"max-image-preview:large","max-video-preview":"max-video-preview:-1"},"canonical":"https:\/\/www.stempeltier.de\/blog\/shop\/papiere\/designerpapiere\/zeitlos-kariert-stampinup-designerpapier\/","og_locale":"de_DE","og_type":"article","og_title":"zeitlos kariert - Stempeltier","og_description":"stampinup Designerpapier zeitlose karos - kariert f\u00fcr M\u00e4nnerkarten maskulin","og_url":"https:\/\/www.stempeltier.de\/blog\/shop\/papiere\/designerpapiere\/zeitlos-kariert-stampinup-designerpapier\/","og_site_name":"Stempeltier","article_publisher":"http:\/\/www.facebook.com\/DasStempeltier","article_modified_time":"2026-03-29T10:48:58+00:00","og_image":[{"width":940,"height":788,"url":"https:\/\/www.stempeltier.de\/blog\/wp-content\/uploads\/2024\/11\/stampin-up-Designerpapier-zeitlos-kariert-2025.jpg","type":"image\/jpeg"}],"twitter_card":"summary_large_image","twitter_misc":{"Gesch\u00e4tzte Lesezeit":"1\u00a0Minute"},"schema":{"@context":"https:\/\/schema.org","@graph":[{"@type":"WebPage","@id":"https:\/\/www.stempeltier.de\/blog\/shop\/papiere\/designerpapiere\/zeitlos-kariert-stampinup-designerpapier\/","url":"https:\/\/www.stempeltier.de\/blog\/shop\/papiere\/designerpapiere\/zeitlos-kariert-stampinup-designerpapier\/","name":"zeitlos kariert - Stempeltier","isPartOf":{"@id":"https:\/\/www.stempeltier.de\/blog\/#website"},"primaryImageOfPage":{"@id":"https:\/\/www.stempeltier.de\/blog\/shop\/papiere\/designerpapiere\/zeitlos-kariert-stampinup-designerpapier\/#primaryimage"},"image":{"@id":"https:\/\/www.stempeltier.de\/blog\/shop\/papiere\/designerpapiere\/zeitlos-kariert-stampinup-designerpapier\/#primaryimage"},"thumbnailUrl":"https:\/\/www.stempeltier.de\/blog\/wp-content\/uploads\/2024\/11\/stampin-up-Designerpapier-zeitlos-kariert-2025.jpg","datePublished":"2026-02-08T11:43:23+00:00","dateModified":"2026-03-29T10:48:58+00:00","description":"stampinup Designerpapier zeitlose karos - kariert f\u00fcr M\u00e4nnerkarten maskulin","breadcrumb":{"@id":"https:\/\/www.stempeltier.de\/blog\/shop\/papiere\/designerpapiere\/zeitlos-kariert-stampinup-designerpapier\/#breadcrumb"},"inLanguage":"de","potentialAction":[{"@type":"ReadAction","target":["https:\/\/www.stempeltier.de\/blog\/shop\/papiere\/designerpapiere\/zeitlos-kariert-stampinup-designerpapier\/"]}]},{"@type":"ImageObject","inLanguage":"de","@id":"https:\/\/www.stempeltier.de\/blog\/shop\/papiere\/designerpapiere\/zeitlos-kariert-stampinup-designerpapier\/#primaryimage","url":"https:\/\/www.stempeltier.de\/blog\/wp-content\/uploads\/2024\/11\/stampin-up-Designerpapier-zeitlos-kariert-2025.jpg","contentUrl":"https:\/\/www.stempeltier.de\/blog\/wp-content\/uploads\/2024\/11\/stampin-up-Designerpapier-zeitlos-kariert-2025.jpg","width":940,"height":788},{"@type":"BreadcrumbList","@id":"https:\/\/www.stempeltier.de\/blog\/shop\/papiere\/designerpapiere\/zeitlos-kariert-stampinup-designerpapier\/#breadcrumb","itemListElement":[{"@type":"ListItem","position":1,"name":"Startseite","item":"https:\/\/www.stempeltier.de\/blog\/"},{"@type":"ListItem","position":2,"name":"Shop","item":"https:\/\/www.stempeltier.de\/blog\/shop\/"},{"@type":"ListItem","position":3,"name":"zeitlos kariert"}]},{"@type":"WebSite","@id":"https:\/\/www.stempeltier.de\/blog\/#website","url":"https:\/\/www.stempeltier.de\/blog\/","name":"Stempeltier","description":"Kreative Gl\u00fccksmomente aus Papier","potentialAction":[{"@type":"SearchAction","target":{"@type":"EntryPoint","urlTemplate":"https:\/\/www.stempeltier.de\/blog\/?s={search_term_string}"},"query-input":{"@type":"PropertyValueSpecification","valueRequired":true,"valueName":"search_term_string"}}],"inLanguage":"de"}]}},"jetpack-related-posts":[{"id":19319,"url":"https:\/\/www.stempeltier.de\/blog\/shop\/papiere\/designerpapiere\/herbst-blaetter-12-x-12\/","url_meta":{"origin":19328,"position":0},"title":"wunderbarer Herbst","author":"Danny","date":"6. Februar 2026","format":false,"excerpt":"Designerpapier 12\u2033 x 12\u2033 | originalverpackt 12 Blatt \u2013 je 2 in 6 doppelseitigen Designs","rel":"","context":"\u00c4hnlicher Beitrag","block_context":{"text":"\u00c4hnlicher Beitrag","link":""},"img":{"alt_text":"Designerpapier OE 2025 stampin up wunderbarer herbst","src":"https:\/\/i0.wp.com\/www.stempeltier.de\/blog\/wp-content\/uploads\/2025\/09\/Designerpapier-OE-2025-stampin-up-wunderbarer-herbst.jpg?resize=350%2C200&ssl=1","width":350,"height":200,"srcset":"https:\/\/i0.wp.com\/www.stempeltier.de\/blog\/wp-content\/uploads\/2025\/09\/Designerpapier-OE-2025-stampin-up-wunderbarer-herbst.jpg?resize=350%2C200&ssl=1 1x, https:\/\/i0.wp.com\/www.stempeltier.de\/blog\/wp-content\/uploads\/2025\/09\/Designerpapier-OE-2025-stampin-up-wunderbarer-herbst.jpg?resize=525%2C300&ssl=1 1.5x, https:\/\/i0.wp.com\/www.stempeltier.de\/blog\/wp-content\/uploads\/2025\/09\/Designerpapier-OE-2025-stampin-up-wunderbarer-herbst.jpg?resize=700%2C400&ssl=1 2x"},"classes":[]},{"id":16218,"url":"https:\/\/www.stempeltier.de\/blog\/shop\/materialpakete\/probierpakete\/stampinup_farbfamilien-schnupperpaket\/","url_meta":{"origin":19328,"position":1},"title":"Farbfamilien Schnupperpaket","author":"Danny","date":"11. April 2024","format":false,"excerpt":"Zum Kennenlernen einer neuen Farbfamilie das perfekte Schnupperpaket","rel":"","context":"\u00c4hnlicher Beitrag","block_context":{"text":"\u00c4hnlicher Beitrag","link":""},"img":{"alt_text":"stampin up incolor 2021 2023 schnupperpaket material kennenlern muster stempeltier","src":"https:\/\/i0.wp.com\/www.stempeltier.de\/blog\/wp-content\/uploads\/2021\/04\/PicsArt_04-16-04.37.53.jpg?resize=350%2C200&ssl=1","width":350,"height":200,"srcset":"https:\/\/i0.wp.com\/www.stempeltier.de\/blog\/wp-content\/uploads\/2021\/04\/PicsArt_04-16-04.37.53.jpg?resize=350%2C200&ssl=1 1x, https:\/\/i0.wp.com\/www.stempeltier.de\/blog\/wp-content\/uploads\/2021\/04\/PicsArt_04-16-04.37.53.jpg?resize=525%2C300&ssl=1 1.5x, https:\/\/i0.wp.com\/www.stempeltier.de\/blog\/wp-content\/uploads\/2021\/04\/PicsArt_04-16-04.37.53.jpg?resize=700%2C400&ssl=1 2x, https:\/\/i0.wp.com\/www.stempeltier.de\/blog\/wp-content\/uploads\/2021\/04\/PicsArt_04-16-04.37.53.jpg?resize=1050%2C600&ssl=1 3x"},"classes":[]},{"id":19123,"url":"https:\/\/www.stempeltier.de\/blog\/shop\/papiere\/designerpapiere\/farbkarton-winter-stampinup\/","url_meta":{"origin":19328,"position":2},"title":"Farbkarton Duo Winterlich","author":"Danny","date":"15. Dezember 2025","format":false,"excerpt":"Duo Farbkarton 12\" x 12\" in winterlichen Farben, OVP 12 Blatt - je 2 in 6 doppelseitigen Designs (F\u00fcr einen g\u00fcnstigeren Versand kann auf 6x12\" geteilt werden) \u00a0 DETAILS - 12\" x 12\" (30,5 x 30,5 cm) - 12\u00a0Blatt: je 2 in 6 Farben - Wei\u00dfer Kern -\u00a0S\u00e4urefrei -\u00a0Ligninfrei -\u2026","rel":"","context":"\u00c4hnlicher Beitrag","block_context":{"text":"\u00c4hnlicher Beitrag","link":""},"img":{"alt_text":"","src":"https:\/\/i0.wp.com\/www.stempeltier.de\/blog\/wp-content\/uploads\/2025\/12\/duo-farbkaronmischung-winterlich-friedvolle-zweige-2026-stampin-up.png?resize=350%2C200&ssl=1","width":350,"height":200,"srcset":"https:\/\/i0.wp.com\/www.stempeltier.de\/blog\/wp-content\/uploads\/2025\/12\/duo-farbkaronmischung-winterlich-friedvolle-zweige-2026-stampin-up.png?resize=350%2C200&ssl=1 1x, https:\/\/i0.wp.com\/www.stempeltier.de\/blog\/wp-content\/uploads\/2025\/12\/duo-farbkaronmischung-winterlich-friedvolle-zweige-2026-stampin-up.png?resize=525%2C300&ssl=1 1.5x, https:\/\/i0.wp.com\/www.stempeltier.de\/blog\/wp-content\/uploads\/2025\/12\/duo-farbkaronmischung-winterlich-friedvolle-zweige-2026-stampin-up.png?resize=700%2C400&ssl=1 2x"},"classes":[]},{"id":16253,"url":"https:\/\/www.stempeltier.de\/blog\/shop\/papiere\/designerpapiere\/sonnenschein-und-regenbogen\/","url_meta":{"origin":19328,"position":3},"title":"Sonnenschein und Regenbogen","author":"Danny","date":"18. April 2024","format":false,"excerpt":"Designerpapier 6\" x 6\" Sonnenschein und Regenbogen | OVP | 48 Blatt Bermudablau, Flamingorot, Gr\u00fcner Apfel, Magentarot, Mangogelb, Abendblau, Bl\u00fctenrosa, Aquamarin, Lindgr\u00fcn, Safrangelb","rel":"","context":"\u00c4hnlicher Beitrag","block_context":{"text":"\u00c4hnlicher Beitrag","link":""},"img":{"alt_text":"stampenup salebration sab sonnenschein und regenbogen pr\u00e4mien DSP.jpg","src":"https:\/\/i0.wp.com\/www.stempeltier.de\/blog\/wp-content\/uploads\/2021\/12\/stampenup-salebration-sab-sonnenschein-und-regenbogen-praemien-DSP.jpg.jpg?resize=350%2C200&ssl=1","width":350,"height":200,"srcset":"https:\/\/i0.wp.com\/www.stempeltier.de\/blog\/wp-content\/uploads\/2021\/12\/stampenup-salebration-sab-sonnenschein-und-regenbogen-praemien-DSP.jpg.jpg?resize=350%2C200&ssl=1 1x, https:\/\/i0.wp.com\/www.stempeltier.de\/blog\/wp-content\/uploads\/2021\/12\/stampenup-salebration-sab-sonnenschein-und-regenbogen-praemien-DSP.jpg.jpg?resize=525%2C300&ssl=1 1.5x, https:\/\/i0.wp.com\/www.stempeltier.de\/blog\/wp-content\/uploads\/2021\/12\/stampenup-salebration-sab-sonnenschein-und-regenbogen-praemien-DSP.jpg.jpg?resize=700%2C400&ssl=1 2x"},"classes":[]},{"id":16244,"url":"https:\/\/www.stempeltier.de\/blog\/shop\/papiere\/designerpapiere\/rosenzart\/","url_meta":{"origin":19328,"position":4},"title":"Designerpapier 12&#8243; x 12&#8243; Rosenzart","author":"Danny","date":"18. April 2024","format":false,"excerpt":"Designerpapier 12\" x 12\" Rosenzart | originalverpackt 12 Blatt - je 2 in 6 doppelseitigen Designs Calypso, Lagunenblau, Kieselgrau, Aquamarin, Wilder Weizen","rel":"","context":"\u00c4hnlicher Beitrag","block_context":{"text":"\u00c4hnlicher Beitrag","link":""},"img":{"alt_text":"STAMPINUP rosenzart designerpapier","src":"https:\/\/i0.wp.com\/www.stempeltier.de\/blog\/wp-content\/uploads\/2024\/04\/162975.webp?resize=350%2C200&ssl=1","width":350,"height":200},"classes":[]},{"id":18259,"url":"https:\/\/www.stempeltier.de\/blog\/shop\/papiere\/designerpapiere\/filigrane-blumen\/","url_meta":{"origin":19328,"position":5},"title":"filigrane Blumen 12&#8243; x 12&#8243;","author":"Danny","date":"15. Juni 2025","format":false,"excerpt":"Designerpapier 12\u2033 x 12\u2033 Rosenzart | originalverpackt 12 Blatt \u2013 je 2 in 6 doppelseitigen Designs Calypso, Lagunenblau, Kieselgrau, Aquamarin, Wilder Weizen","rel":"","context":"\u00c4hnlicher Beitrag","block_context":{"text":"\u00c4hnlicher Beitrag","link":""},"img":{"alt_text":"","src":"https:\/\/i0.wp.com\/www.stempeltier.de\/blog\/wp-content\/uploads\/2025\/06\/1000383383.jpg?resize=350%2C200&ssl=1","width":350,"height":200,"srcset":"https:\/\/i0.wp.com\/www.stempeltier.de\/blog\/wp-content\/uploads\/2025\/06\/1000383383.jpg?resize=350%2C200&ssl=1 1x, https:\/\/i0.wp.com\/www.stempeltier.de\/blog\/wp-content\/uploads\/2025\/06\/1000383383.jpg?resize=525%2C300&ssl=1 1.5x, https:\/\/i0.wp.com\/www.stempeltier.de\/blog\/wp-content\/uploads\/2025\/06\/1000383383.jpg?resize=700%2C400&ssl=1 2x, https:\/\/i0.wp.com\/www.stempeltier.de\/blog\/wp-content\/uploads\/2025\/06\/1000383383.jpg?resize=1050%2C600&ssl=1 3x, https:\/\/i0.wp.com\/www.stempeltier.de\/blog\/wp-content\/uploads\/2025\/06\/1000383383.jpg?resize=1400%2C800&ssl=1 4x"},"classes":[]}],"jetpack_sharing_enabled":true,"_links":{"self":[{"href":"https:\/\/www.stempeltier.de\/blog\/wp-json\/wp\/v2\/product\/19328","targetHints":{"allow":["GET"]}}],"collection":[{"href":"https:\/\/www.stempeltier.de\/blog\/wp-json\/wp\/v2\/product"}],"about":[{"href":"https:\/\/www.stempeltier.de\/blog\/wp-json\/wp\/v2\/types\/product"}],"wp:featuredmedia":[{"embeddable":true,"href":"https:\/\/www.stempeltier.de\/blog\/wp-json\/wp\/v2\/media\/17491"}],"wp:attachment":[{"href":"https:\/\/www.stempeltier.de\/blog\/wp-json\/wp\/v2\/media?parent=19328"}],"wp:term":[{"taxonomy":"product_brand","embeddable":true,"href":"https:\/\/www.stempeltier.de\/blog\/wp-json\/wp\/v2\/product_brand?post=19328"},{"taxonomy":"product_cat","embeddable":true,"href":"https:\/\/www.stempeltier.de\/blog\/wp-json\/wp\/v2\/product_cat?post=19328"},{"taxonomy":"product_tag","embeddable":true,"href":"https:\/\/www.stempeltier.de\/blog\/wp-json\/wp\/v2\/product_tag?post=19328"}],"curies":[{"name":"wp","href":"https:\/\/api.w.org\/{rel}","templated":true}]}}