{"id":19194,"date":"2026-01-02T18:14:47","date_gmt":"2026-01-02T17:14:47","guid":{"rendered":"https:\/\/www.stempeltier.de\/blog\/?post_type=product&#038;p=19194"},"modified":"2026-03-01T00:00:47","modified_gmt":"2026-02-28T23:00:47","slug":"stampinup-tombow-halter-staender","status":"publish","type":"product","link":"https:\/\/www.stempeltier.de\/blog\/shop\/bastelgrundausstattung\/kleber\/stampinup-tombow-halter-staender\/","title":{"rendered":"Tombow St\u00e4nder"},"content":{"rendered":"<p>St\u00e4nder f\u00fcr 1 Fl\u00fcssigkleber der Marke Tombow\u2122<\/p>\n<p>(Hinweis: Der Kleber ist nicht enhalten, kann separate erworben werden)<\/p>\n<p>Farben: wei\u00df, schwar, Anthrazit<\/p>\n<p>Limited Edition: Limette , dunkle Osterglocke, Wassermelone, T\u00fcrkis, Glutrot, Anthrazitgrau matt,<\/p>\n<p>neu \ud83e\udd29\ud83e\udd29\ud83e\udd29 Boho-Beige<\/p>\n<p>Marineblau, Brombeermousse, Heidebl\u00fcte, Kirschbl\u00fctenrosa<\/p>\n<p>Sonderfarbe: Einhorn \ud83e\udd84 und Cotton Candy \ud83c\udf6d<\/p>\n<div class=\"shariff shariff-align-center shariff-widget-align-left\" data-services=\"facebook%7Cpinterest\" data-url=\"https:\/\/www.stempeltier.de\/blog\/shop\/bastelgrundausstattung\/kleber\/stampinup-tombow-halter-staender\/\" data-timestamp=\"1772323247\" data-backendurl=\"https:\/\/www.stempeltier.de\/blog\/wp-json\/shariff\/v1\/share_counts?\"><div class=\"ShariffHeadline\">Sharing is caring - Teilen erlaubt<\/div><ul class=\"shariff-buttons theme-round orientation-horizontal buttonsize-medium\"><li class=\"shariff-button facebook shariff-nocustomcolor\" style=\"background-color:#4273c8\"><a href=\"https:\/\/www.facebook.com\/sharer\/sharer.php?u=https%3A%2F%2Fwww.stempeltier.de%2Fblog%2Fshop%2Fbastelgrundausstattung%2Fkleber%2Fstampinup-tombow-halter-staender%2F\" title=\"Bei Facebook teilen\" aria-label=\"Bei Facebook teilen\" role=\"button\" rel=\"nofollow\" class=\"shariff-link\" style=\"; background-color:#3b5998; color:#fff\" target=\"_blank\"><span class=\"shariff-icon\" style=\"\"><svg width=\"32px\" height=\"20px\" xmlns=\"http:\/\/www.w3.org\/2000\/svg\" viewBox=\"0 0 18 32\"><path fill=\"#3b5998\" d=\"M17.1 0.2v4.7h-2.8q-1.5 0-2.1 0.6t-0.5 1.9v3.4h5.2l-0.7 5.3h-4.5v13.6h-5.5v-13.6h-4.5v-5.3h4.5v-3.9q0-3.3 1.9-5.2t5-1.8q2.6 0 4.1 0.2z\"\/><\/svg><\/span><span data-service=\"facebook\" style=\"color:#3b5998\" class=\"shariff-count shariff-hidezero\"><\/span>&nbsp;<\/a><\/li><li class=\"shariff-button twitter shariff-nocustomcolor\" style=\"background-color:#595959\"><a href=\"https:\/\/twitter.com\/share?url=https%3A%2F%2Fwww.stempeltier.de%2Fblog%2Fshop%2Fbastelgrundausstattung%2Fkleber%2Fstampinup-tombow-halter-staender%2F&text=Tombow%20St%C3%A4nder\" title=\"Bei X teilen\" aria-label=\"Bei X teilen\" role=\"button\" rel=\"noopener nofollow\" class=\"shariff-link\" style=\"; background-color:#000; color:#fff\" target=\"_blank\"><span class=\"shariff-icon\" style=\"\"><svg width=\"32px\" height=\"20px\" xmlns=\"http:\/\/www.w3.org\/2000\/svg\" viewBox=\"0 0 24 24\"><path fill=\"#000\" d=\"M14.258 10.152L23.176 0h-2.113l-7.747 8.813L7.133 0H0l9.352 13.328L0 23.973h2.113l8.176-9.309 6.531 9.309h7.133zm-2.895 3.293l-.949-1.328L2.875 1.56h3.246l6.086 8.523.945 1.328 7.91 11.078h-3.246zm0 0\"\/><\/svg><\/span><\/a><\/li><li class=\"shariff-button pinterest shariff-nocustomcolor\" style=\"background-color:#e70f18\"><a href=\"https:\/\/www.pinterest.com\/pin\/create\/link\/?url=https%3A%2F%2Fwww.stempeltier.de%2Fblog%2Fshop%2Fbastelgrundausstattung%2Fkleber%2Fstampinup-tombow-halter-staender%2F&media=https%3A%2F%2Fwww.stempeltier.de%2Fblog%2Fwp-content%2Fuploads%2F2026%2F01%2F1000488163.jpg&description=Tombow%20St%C3%A4nder\" title=\"Bei Pinterest pinnen\" aria-label=\"Bei Pinterest pinnen\" role=\"button\" rel=\"noopener nofollow\" class=\"shariff-link\" style=\"; background-color:#cb2027; color:#fff\" target=\"_blank\"><span class=\"shariff-icon\" style=\"\"><svg width=\"32px\" height=\"20px\" xmlns=\"http:\/\/www.w3.org\/2000\/svg\" viewBox=\"0 0 27 32\"><path fill=\"#cb2027\" d=\"M27.4 16q0 3.7-1.8 6.9t-5 5-6.9 1.9q-2 0-3.9-0.6 1.1-1.7 1.4-2.9 0.2-0.6 1-3.8 0.4 0.7 1.3 1.2t2 0.5q2.1 0 3.8-1.2t2.7-3.4 0.9-4.8q0-2-1.1-3.8t-3.1-2.9-4.5-1.2q-1.9 0-3.5 0.5t-2.8 1.4-2 2-1.2 2.3-0.4 2.4q0 1.9 0.7 3.3t2.1 2q0.5 0.2 0.7-0.4 0-0.1 0.1-0.5t0.2-0.5q0.1-0.4-0.2-0.8-0.9-1.1-0.9-2.7 0-2.7 1.9-4.6t4.9-2q2.7 0 4.2 1.5t1.5 3.8q0 3-1.2 5.2t-3.1 2.1q-1.1 0-1.7-0.8t-0.4-1.9q0.1-0.6 0.5-1.7t0.5-1.8 0.2-1.4q0-0.9-0.5-1.5t-1.4-0.6q-1.1 0-1.9 1t-0.8 2.6q0 1.3 0.4 2.2l-1.8 7.5q-0.3 1.2-0.2 3.2-3.7-1.6-6-5t-2.3-7.6q0-3.7 1.9-6.9t5-5 6.9-1.9 6.9 1.9 5 5 1.8 6.9z\"\/><\/svg><\/span><span data-service=\"pinterest\" style=\"color:#cb2027\" class=\"shariff-count shariff-hidezero\"><\/span>&nbsp;<\/a><\/li><li class=\"shariff-button whatsapp shariff-nocustomcolor\" style=\"background-color:#5cbe4a\"><a href=\"https:\/\/api.whatsapp.com\/send?text=https%3A%2F%2Fwww.stempeltier.de%2Fblog%2Fshop%2Fbastelgrundausstattung%2Fkleber%2Fstampinup-tombow-halter-staender%2F%20Tombow%20St%C3%A4nder\" title=\"Bei Whatsapp teilen\" aria-label=\"Bei Whatsapp teilen\" role=\"button\" rel=\"noopener nofollow\" class=\"shariff-link\" style=\"; background-color:#34af23; color:#fff\" target=\"_blank\"><span class=\"shariff-icon\" style=\"\"><svg width=\"32px\" height=\"20px\" xmlns=\"http:\/\/www.w3.org\/2000\/svg\" viewBox=\"0 0 32 32\"><path fill=\"#34af23\" d=\"M17.6 17.4q0.2 0 1.7 0.8t1.6 0.9q0 0.1 0 0.3 0 0.6-0.3 1.4-0.3 0.7-1.3 1.2t-1.8 0.5q-1 0-3.4-1.1-1.7-0.8-3-2.1t-2.6-3.3q-1.3-1.9-1.3-3.5v-0.1q0.1-1.6 1.3-2.8 0.4-0.4 0.9-0.4 0.1 0 0.3 0t0.3 0q0.3 0 0.5 0.1t0.3 0.5q0.1 0.4 0.6 1.6t0.4 1.3q0 0.4-0.6 1t-0.6 0.8q0 0.1 0.1 0.3 0.6 1.3 1.8 2.4 1 0.9 2.7 1.8 0.2 0.1 0.4 0.1 0.3 0 1-0.9t0.9-0.9zM14 26.9q2.3 0 4.3-0.9t3.6-2.4 2.4-3.6 0.9-4.3-0.9-4.3-2.4-3.6-3.6-2.4-4.3-0.9-4.3 0.9-3.6 2.4-2.4 3.6-0.9 4.3q0 3.6 2.1 6.6l-1.4 4.2 4.3-1.4q2.8 1.9 6.2 1.9zM14 2.2q2.7 0 5.2 1.1t4.3 2.9 2.9 4.3 1.1 5.2-1.1 5.2-2.9 4.3-4.3 2.9-5.2 1.1q-3.5 0-6.5-1.7l-7.4 2.4 2.4-7.2q-1.9-3.2-1.9-6.9 0-2.7 1.1-5.2t2.9-4.3 4.3-2.9 5.2-1.1z\"\/><\/svg><\/span><\/a><\/li><li class=\"shariff-button mailto shariff-nocustomcolor\" style=\"background-color:#a8a8a8\"><a href=\"mailto:?body=https%3A%2F%2Fwww.stempeltier.de%2Fblog%2Fshop%2Fbastelgrundausstattung%2Fkleber%2Fstampinup-tombow-halter-staender%2F&subject=Tombow%20St%C3%A4nder\" title=\"Per E-Mail versenden\" aria-label=\"Per E-Mail versenden\" role=\"button\" rel=\"noopener nofollow\" class=\"shariff-link\" style=\"; background-color:#999; color:#fff\"><span class=\"shariff-icon\" style=\"\"><svg width=\"32px\" height=\"20px\" xmlns=\"http:\/\/www.w3.org\/2000\/svg\" viewBox=\"0 0 32 32\"><path fill=\"#999\" d=\"M32 12.7v14.2q0 1.2-0.8 2t-2 0.9h-26.3q-1.2 0-2-0.9t-0.8-2v-14.2q0.8 0.9 1.8 1.6 6.5 4.4 8.9 6.1 1 0.8 1.6 1.2t1.7 0.9 2 0.4h0.1q0.9 0 2-0.4t1.7-0.9 1.6-1.2q3-2.2 8.9-6.1 1-0.7 1.8-1.6zM32 7.4q0 1.4-0.9 2.7t-2.2 2.2q-6.7 4.7-8.4 5.8-0.2 0.1-0.7 0.5t-1 0.7-0.9 0.6-1.1 0.5-0.9 0.2h-0.1q-0.4 0-0.9-0.2t-1.1-0.5-0.9-0.6-1-0.7-0.7-0.5q-1.6-1.1-4.7-3.2t-3.6-2.6q-1.1-0.7-2.1-2t-1-2.5q0-1.4 0.7-2.3t2.1-0.9h26.3q1.2 0 2 0.8t0.9 2z\"\/><\/svg><\/span><\/a><\/li><\/ul><\/div>","protected":false},"excerpt":{"rendered":"<p>St\u00e4nder f\u00fcr 1 Fl\u00fcssigkleber der Marke Tombow\u2122 (Hinweis: Der Kleber ist nicht enhalten, kann separate erworben werden) Farben: wei\u00df, schwar, Anthrazit Limited Edition: Limette , dunkle Osterglocke, Wassermelone, T\u00fcrkis, Glutrot, Anthrazitgrau matt, neu \ud83e\udd29\ud83e\udd29\ud83e\udd29 Boho-Beige Marineblau, Brombeermousse, Heidebl\u00fcte, Kirschbl\u00fctenrosa Sonderfarbe:&hellip; <\/p>\n","protected":false},"featured_media":19195,"template":"","meta":{"jetpack_post_was_ever_published":false},"product_brand":[],"product_cat":[1071,1179],"product_tag":[1073,1076,1075,1074],"class_list":{"0":"post-19194","1":"product","2":"type-product","3":"status-publish","4":"has-post-thumbnail","6":"product_cat-stampinup-aufbewahrung","7":"product_cat-kleber","8":"product_tag-acrylblock","9":"product_tag-kleber","10":"product_tag-organizer","11":"product_tag-stempelblock","13":"first","14":"instock","15":"featured","16":"shipping-taxable","17":"purchasable","18":"product-type-simple"},"yoast_head":"<!-- This site is optimized with the Yoast SEO plugin v27.4 - https:\/\/yoast.com\/product\/yoast-seo-wordpress\/ -->\n<title>Tombow St\u00e4nder - Stempeltier<\/title>\n<meta name=\"description\" content=\"Halter oder St\u00e4nder f\u00fcr Tombow Fl\u00fcssigkleber f\u00fcr Ordnung am Basteltisch - Weitere Organizer im Shop. Jetzt bestellen\" \/>\n<meta name=\"robots\" content=\"index, follow, max-snippet:-1, max-image-preview:large, max-video-preview:-1\" \/>\n<link rel=\"canonical\" href=\"https:\/\/www.stempeltier.de\/blog\/shop\/bastelgrundausstattung\/kleber\/stampinup-tombow-halter-staender\/\" \/>\n<meta property=\"og:locale\" content=\"de_DE\" \/>\n<meta property=\"og:type\" content=\"article\" \/>\n<meta property=\"og:title\" content=\"Tombow St\u00e4nder - Stempeltier\" \/>\n<meta property=\"og:description\" content=\"Halter oder St\u00e4nder f\u00fcr Tombow Fl\u00fcssigkleber f\u00fcr Ordnung am Basteltisch - Weitere Organizer im Shop. Jetzt bestellen\" \/>\n<meta property=\"og:url\" content=\"https:\/\/www.stempeltier.de\/blog\/shop\/bastelgrundausstattung\/kleber\/stampinup-tombow-halter-staender\/\" \/>\n<meta property=\"og:site_name\" content=\"Stempeltier\" \/>\n<meta property=\"article:publisher\" content=\"http:\/\/www.facebook.com\/DasStempeltier\" \/>\n<meta property=\"article:modified_time\" content=\"2026-02-28T23:00:47+00:00\" \/>\n<meta property=\"og:image\" content=\"https:\/\/www.stempeltier.de\/blog\/wp-content\/uploads\/2026\/01\/1000488163.jpg\" \/>\n\t<meta property=\"og:image:width\" content=\"1536\" \/>\n\t<meta property=\"og:image:height\" content=\"2048\" \/>\n\t<meta property=\"og:image:type\" content=\"image\/jpeg\" \/>\n<meta name=\"twitter:card\" content=\"summary_large_image\" \/>\n<meta name=\"twitter:label1\" content=\"Gesch\u00e4tzte Lesezeit\" \/>\n\t<meta name=\"twitter:data1\" content=\"1\u00a0Minute\" \/>\n<script type=\"application\/ld+json\" class=\"yoast-schema-graph\">{\"@context\":\"https:\\\/\\\/schema.org\",\"@graph\":[{\"@type\":\"WebPage\",\"@id\":\"https:\\\/\\\/www.stempeltier.de\\\/blog\\\/shop\\\/bastelgrundausstattung\\\/kleber\\\/stampinup-tombow-halter-staender\\\/\",\"url\":\"https:\\\/\\\/www.stempeltier.de\\\/blog\\\/shop\\\/bastelgrundausstattung\\\/kleber\\\/stampinup-tombow-halter-staender\\\/\",\"name\":\"Tombow St\u00e4nder - Stempeltier\",\"isPartOf\":{\"@id\":\"https:\\\/\\\/www.stempeltier.de\\\/blog\\\/#website\"},\"primaryImageOfPage\":{\"@id\":\"https:\\\/\\\/www.stempeltier.de\\\/blog\\\/shop\\\/bastelgrundausstattung\\\/kleber\\\/stampinup-tombow-halter-staender\\\/#primaryimage\"},\"image\":{\"@id\":\"https:\\\/\\\/www.stempeltier.de\\\/blog\\\/shop\\\/bastelgrundausstattung\\\/kleber\\\/stampinup-tombow-halter-staender\\\/#primaryimage\"},\"thumbnailUrl\":\"https:\\\/\\\/www.stempeltier.de\\\/blog\\\/wp-content\\\/uploads\\\/2026\\\/01\\\/1000488163.jpg\",\"datePublished\":\"2026-01-02T17:14:47+00:00\",\"dateModified\":\"2026-02-28T23:00:47+00:00\",\"description\":\"Halter oder St\u00e4nder f\u00fcr Tombow Fl\u00fcssigkleber f\u00fcr Ordnung am Basteltisch - Weitere Organizer im Shop. Jetzt bestellen\",\"breadcrumb\":{\"@id\":\"https:\\\/\\\/www.stempeltier.de\\\/blog\\\/shop\\\/bastelgrundausstattung\\\/kleber\\\/stampinup-tombow-halter-staender\\\/#breadcrumb\"},\"inLanguage\":\"de\",\"potentialAction\":[{\"@type\":\"ReadAction\",\"target\":[\"https:\\\/\\\/www.stempeltier.de\\\/blog\\\/shop\\\/bastelgrundausstattung\\\/kleber\\\/stampinup-tombow-halter-staender\\\/\"]}]},{\"@type\":\"ImageObject\",\"inLanguage\":\"de\",\"@id\":\"https:\\\/\\\/www.stempeltier.de\\\/blog\\\/shop\\\/bastelgrundausstattung\\\/kleber\\\/stampinup-tombow-halter-staender\\\/#primaryimage\",\"url\":\"https:\\\/\\\/www.stempeltier.de\\\/blog\\\/wp-content\\\/uploads\\\/2026\\\/01\\\/1000488163.jpg\",\"contentUrl\":\"https:\\\/\\\/www.stempeltier.de\\\/blog\\\/wp-content\\\/uploads\\\/2026\\\/01\\\/1000488163.jpg\",\"width\":1536,\"height\":2048},{\"@type\":\"BreadcrumbList\",\"@id\":\"https:\\\/\\\/www.stempeltier.de\\\/blog\\\/shop\\\/bastelgrundausstattung\\\/kleber\\\/stampinup-tombow-halter-staender\\\/#breadcrumb\",\"itemListElement\":[{\"@type\":\"ListItem\",\"position\":1,\"name\":\"Startseite\",\"item\":\"https:\\\/\\\/www.stempeltier.de\\\/blog\\\/\"},{\"@type\":\"ListItem\",\"position\":2,\"name\":\"Shop\",\"item\":\"https:\\\/\\\/www.stempeltier.de\\\/blog\\\/shop\\\/\"},{\"@type\":\"ListItem\",\"position\":3,\"name\":\"Tombow St\u00e4nder\"}]},{\"@type\":\"WebSite\",\"@id\":\"https:\\\/\\\/www.stempeltier.de\\\/blog\\\/#website\",\"url\":\"https:\\\/\\\/www.stempeltier.de\\\/blog\\\/\",\"name\":\"Stempeltier\",\"description\":\"Kreative Gl\u00fccksmomente aus Papier\",\"potentialAction\":[{\"@type\":\"SearchAction\",\"target\":{\"@type\":\"EntryPoint\",\"urlTemplate\":\"https:\\\/\\\/www.stempeltier.de\\\/blog\\\/?s={search_term_string}\"},\"query-input\":{\"@type\":\"PropertyValueSpecification\",\"valueRequired\":true,\"valueName\":\"search_term_string\"}}],\"inLanguage\":\"de\"}]}<\/script>\n<!-- \/ Yoast SEO plugin. -->","yoast_head_json":{"title":"Tombow St\u00e4nder - Stempeltier","description":"Halter oder St\u00e4nder f\u00fcr Tombow Fl\u00fcssigkleber f\u00fcr Ordnung am Basteltisch - Weitere Organizer im Shop. Jetzt bestellen","robots":{"index":"index","follow":"follow","max-snippet":"max-snippet:-1","max-image-preview":"max-image-preview:large","max-video-preview":"max-video-preview:-1"},"canonical":"https:\/\/www.stempeltier.de\/blog\/shop\/bastelgrundausstattung\/kleber\/stampinup-tombow-halter-staender\/","og_locale":"de_DE","og_type":"article","og_title":"Tombow St\u00e4nder - Stempeltier","og_description":"Halter oder St\u00e4nder f\u00fcr Tombow Fl\u00fcssigkleber f\u00fcr Ordnung am Basteltisch - Weitere Organizer im Shop. Jetzt bestellen","og_url":"https:\/\/www.stempeltier.de\/blog\/shop\/bastelgrundausstattung\/kleber\/stampinup-tombow-halter-staender\/","og_site_name":"Stempeltier","article_publisher":"http:\/\/www.facebook.com\/DasStempeltier","article_modified_time":"2026-02-28T23:00:47+00:00","og_image":[{"width":1536,"height":2048,"url":"https:\/\/www.stempeltier.de\/blog\/wp-content\/uploads\/2026\/01\/1000488163.jpg","type":"image\/jpeg"}],"twitter_card":"summary_large_image","twitter_misc":{"Gesch\u00e4tzte Lesezeit":"1\u00a0Minute"},"schema":{"@context":"https:\/\/schema.org","@graph":[{"@type":"WebPage","@id":"https:\/\/www.stempeltier.de\/blog\/shop\/bastelgrundausstattung\/kleber\/stampinup-tombow-halter-staender\/","url":"https:\/\/www.stempeltier.de\/blog\/shop\/bastelgrundausstattung\/kleber\/stampinup-tombow-halter-staender\/","name":"Tombow St\u00e4nder - Stempeltier","isPartOf":{"@id":"https:\/\/www.stempeltier.de\/blog\/#website"},"primaryImageOfPage":{"@id":"https:\/\/www.stempeltier.de\/blog\/shop\/bastelgrundausstattung\/kleber\/stampinup-tombow-halter-staender\/#primaryimage"},"image":{"@id":"https:\/\/www.stempeltier.de\/blog\/shop\/bastelgrundausstattung\/kleber\/stampinup-tombow-halter-staender\/#primaryimage"},"thumbnailUrl":"https:\/\/www.stempeltier.de\/blog\/wp-content\/uploads\/2026\/01\/1000488163.jpg","datePublished":"2026-01-02T17:14:47+00:00","dateModified":"2026-02-28T23:00:47+00:00","description":"Halter oder St\u00e4nder f\u00fcr Tombow Fl\u00fcssigkleber f\u00fcr Ordnung am Basteltisch - Weitere Organizer im Shop. Jetzt bestellen","breadcrumb":{"@id":"https:\/\/www.stempeltier.de\/blog\/shop\/bastelgrundausstattung\/kleber\/stampinup-tombow-halter-staender\/#breadcrumb"},"inLanguage":"de","potentialAction":[{"@type":"ReadAction","target":["https:\/\/www.stempeltier.de\/blog\/shop\/bastelgrundausstattung\/kleber\/stampinup-tombow-halter-staender\/"]}]},{"@type":"ImageObject","inLanguage":"de","@id":"https:\/\/www.stempeltier.de\/blog\/shop\/bastelgrundausstattung\/kleber\/stampinup-tombow-halter-staender\/#primaryimage","url":"https:\/\/www.stempeltier.de\/blog\/wp-content\/uploads\/2026\/01\/1000488163.jpg","contentUrl":"https:\/\/www.stempeltier.de\/blog\/wp-content\/uploads\/2026\/01\/1000488163.jpg","width":1536,"height":2048},{"@type":"BreadcrumbList","@id":"https:\/\/www.stempeltier.de\/blog\/shop\/bastelgrundausstattung\/kleber\/stampinup-tombow-halter-staender\/#breadcrumb","itemListElement":[{"@type":"ListItem","position":1,"name":"Startseite","item":"https:\/\/www.stempeltier.de\/blog\/"},{"@type":"ListItem","position":2,"name":"Shop","item":"https:\/\/www.stempeltier.de\/blog\/shop\/"},{"@type":"ListItem","position":3,"name":"Tombow St\u00e4nder"}]},{"@type":"WebSite","@id":"https:\/\/www.stempeltier.de\/blog\/#website","url":"https:\/\/www.stempeltier.de\/blog\/","name":"Stempeltier","description":"Kreative Gl\u00fccksmomente aus Papier","potentialAction":[{"@type":"SearchAction","target":{"@type":"EntryPoint","urlTemplate":"https:\/\/www.stempeltier.de\/blog\/?s={search_term_string}"},"query-input":{"@type":"PropertyValueSpecification","valueRequired":true,"valueName":"search_term_string"}}],"inLanguage":"de"}]}},"jetpack-related-posts":[{"id":17889,"url":"https:\/\/www.stempeltier.de\/blog\/shop\/stampinup-aufbewahrung\/stampinup-acrylblock-organizer-plus\/","url_meta":{"origin":19194,"position":0},"title":"Acrylblock Organizer +","author":"Danny","date":"12. M\u00e4rz 2025","format":false,"excerpt":"Dank durchdachtem Design findest du im Handumdrehen genau den Block, den du gerade brauchst \u2013 kein langes Suchen mehr, kein Durcheinander auf dem Basteltisch. Die stabilen F\u00e4cher sch\u00fctzen deine Stempelbl\u00f6cke vor Kratzern und Besch\u00e4digungen, w\u00e4hrend das kompakte Format perfekt in dein Regal oder auf deinen Arbeitsplatz passt. Mehr \u00dcbersicht, mehr\u2026","rel":"","context":"\u00c4hnlicher Beitrag","block_context":{"text":"\u00c4hnlicher Beitrag","link":""},"img":{"alt_text":"","src":"https:\/\/i0.wp.com\/www.stempeltier.de\/blog\/wp-content\/uploads\/2025\/03\/1000344901.jpg?resize=350%2C200&ssl=1","width":350,"height":200,"srcset":"https:\/\/i0.wp.com\/www.stempeltier.de\/blog\/wp-content\/uploads\/2025\/03\/1000344901.jpg?resize=350%2C200&ssl=1 1x, https:\/\/i0.wp.com\/www.stempeltier.de\/blog\/wp-content\/uploads\/2025\/03\/1000344901.jpg?resize=525%2C300&ssl=1 1.5x, https:\/\/i0.wp.com\/www.stempeltier.de\/blog\/wp-content\/uploads\/2025\/03\/1000344901.jpg?resize=700%2C400&ssl=1 2x, https:\/\/i0.wp.com\/www.stempeltier.de\/blog\/wp-content\/uploads\/2025\/03\/1000344901.jpg?resize=1050%2C600&ssl=1 3x, https:\/\/i0.wp.com\/www.stempeltier.de\/blog\/wp-content\/uploads\/2025\/03\/1000344901.jpg?resize=1400%2C800&ssl=1 4x"},"classes":[]},{"id":18937,"url":"https:\/\/www.stempeltier.de\/blog\/shop\/materialpakete\/probierpakete\/tombow-fluessigkleber\/","url_meta":{"origin":19194,"position":1},"title":"3 * Fl\u00fcssigkleber","author":"Danny","date":"5. Oktober 2025","format":false,"excerpt":"3 x Fl\u00fcssigkleber je 25 gr. Achtung: kann allergische Hautreaktionen verursachen. Bei Ber\u00fchrung mit der Haut mit viel Wasser waschen. bei Hautreizung oder Ausschlag \u00e4rztlichen Rat einholen.","rel":"","context":"\u00c4hnlicher Beitrag","block_context":{"text":"\u00c4hnlicher Beitrag","link":""},"img":{"alt_text":"","src":"https:\/\/i0.wp.com\/www.stempeltier.de\/blog\/wp-content\/uploads\/2025\/10\/1000440384.jpg?resize=350%2C200&ssl=1","width":350,"height":200,"srcset":"https:\/\/i0.wp.com\/www.stempeltier.de\/blog\/wp-content\/uploads\/2025\/10\/1000440384.jpg?resize=350%2C200&ssl=1 1x, https:\/\/i0.wp.com\/www.stempeltier.de\/blog\/wp-content\/uploads\/2025\/10\/1000440384.jpg?resize=525%2C300&ssl=1 1.5x, https:\/\/i0.wp.com\/www.stempeltier.de\/blog\/wp-content\/uploads\/2025\/10\/1000440384.jpg?resize=700%2C400&ssl=1 2x, https:\/\/i0.wp.com\/www.stempeltier.de\/blog\/wp-content\/uploads\/2025\/10\/1000440384.jpg?resize=1050%2C600&ssl=1 3x, https:\/\/i0.wp.com\/www.stempeltier.de\/blog\/wp-content\/uploads\/2025\/10\/1000440384.jpg?resize=1400%2C800&ssl=1 4x"},"classes":[]},{"id":18920,"url":"https:\/\/www.stempeltier.de\/blog\/shop\/bastelgrundausstattung\/kleber\/klebemittel-radierer-tombow-fluessigkleber-dimensionals\/","url_meta":{"origin":19194,"position":2},"title":"Klebemittel T\u00e4schchen mini","author":"Danny","date":"2. Oktober 2025","format":false,"excerpt":"das Stempeltier\u00ae Klebert\u00e4schchen Mini beinhaltet folgende Dinge: 1x Fl\u00fcssigkleber 25gr 1x Stampin' Dimensionals\u00ae 1x Mini Stampin' Dimensionals \u00ae 1x Aufbewahrungstasche mit Regenbogen Druck im Rahmen einer Sammelbestellung mit aktueller Stampin' Up! \u00ae Ware ist der Versand kostenlos. ansonsten gelten die normalen Versandkosten","rel":"","context":"\u00c4hnlicher Beitrag","block_context":{"text":"\u00c4hnlicher Beitrag","link":""},"img":{"alt_text":"","src":"https:\/\/i0.wp.com\/www.stempeltier.de\/blog\/wp-content\/uploads\/2025\/10\/1000438415.jpg?resize=350%2C200&ssl=1","width":350,"height":200,"srcset":"https:\/\/i0.wp.com\/www.stempeltier.de\/blog\/wp-content\/uploads\/2025\/10\/1000438415.jpg?resize=350%2C200&ssl=1 1x, https:\/\/i0.wp.com\/www.stempeltier.de\/blog\/wp-content\/uploads\/2025\/10\/1000438415.jpg?resize=525%2C300&ssl=1 1.5x, https:\/\/i0.wp.com\/www.stempeltier.de\/blog\/wp-content\/uploads\/2025\/10\/1000438415.jpg?resize=700%2C400&ssl=1 2x, https:\/\/i0.wp.com\/www.stempeltier.de\/blog\/wp-content\/uploads\/2025\/10\/1000438415.jpg?resize=1050%2C600&ssl=1 3x, https:\/\/i0.wp.com\/www.stempeltier.de\/blog\/wp-content\/uploads\/2025\/10\/1000438415.jpg?resize=1400%2C800&ssl=1 4x"},"classes":[]},{"id":18923,"url":"https:\/\/www.stempeltier.de\/blog\/shop\/bastelgrundausstattung\/kleber\/klebemittel-radierer-tombow-fluessigkleber-dimensionals-2\/","url_meta":{"origin":19194,"position":3},"title":"Klebert\u00e4schchen Maxi","author":"Danny","date":"2. Oktober 2025","format":false,"excerpt":"das Stempeltier\u00ae Klebert\u00e4schchen Maxi beinhaltet folgende Dinge: 2 x Fl\u00fcssigkleber je 25gr 1x Stampin' Dimensionals\u00ae 1x Mini Stampin' Dimensionals \u00ae 1 x schwarzen Bleistift \u270f\ufe0f \" Kreativit\u00e4t wischt den Staub des Alltags von der Seele\" oder \"Kreativit\u00e4t beginnt mit einem Strich\" 1x Aufbewahrungstasche mit Regenbogen Druck im Rahmen einer Sammelbestellung\u2026","rel":"","context":"\u00c4hnlicher Beitrag","block_context":{"text":"\u00c4hnlicher Beitrag","link":""},"img":{"alt_text":"","src":"https:\/\/i0.wp.com\/www.stempeltier.de\/blog\/wp-content\/uploads\/2025\/10\/1000438405.jpg?resize=350%2C200&ssl=1","width":350,"height":200,"srcset":"https:\/\/i0.wp.com\/www.stempeltier.de\/blog\/wp-content\/uploads\/2025\/10\/1000438405.jpg?resize=350%2C200&ssl=1 1x, https:\/\/i0.wp.com\/www.stempeltier.de\/blog\/wp-content\/uploads\/2025\/10\/1000438405.jpg?resize=525%2C300&ssl=1 1.5x, https:\/\/i0.wp.com\/www.stempeltier.de\/blog\/wp-content\/uploads\/2025\/10\/1000438405.jpg?resize=700%2C400&ssl=1 2x, https:\/\/i0.wp.com\/www.stempeltier.de\/blog\/wp-content\/uploads\/2025\/10\/1000438405.jpg?resize=1050%2C600&ssl=1 3x, https:\/\/i0.wp.com\/www.stempeltier.de\/blog\/wp-content\/uploads\/2025\/10\/1000438405.jpg?resize=1400%2C800&ssl=1 4x"},"classes":[]},{"id":17890,"url":"https:\/\/www.stempeltier.de\/blog\/shop\/stampinup-aufbewahrung\/kleber-organizer-plus\/","url_meta":{"origin":19194,"position":4},"title":"Organizer Deluxe","author":"Danny","date":"12. M\u00e4rz 2025","format":false,"excerpt":"Aufbewahrung f\u00fcr alle Kleber der Marke Stampin' Up!\u00ae\u00a0 (Fl\u00fcssigkleber, Stampin' Dimensionals\u00ae, Flink und Fest, Flink und Fest+, Abreissklebeband, Mini Klebepunkte, Pr\u00e4zisionskleber, sowie Platz f\u00fcr : Reinigungskissen (Stampin'Scrub\u00ae) Stempel- und Perforiermatte Papierfalter Papierschere Wink of Stella\u00a0 (oder anderer Stift) Aufhebhelfer Standardfarben:\u00a0 schwarz, wei\u00df, Sonderfarben:\u00a0\u00a0\u00a0 Anthrazit matt, Limette, dunkle Osterglocke, Wassermelone, Glutrot,\u2026","rel":"","context":"\u00c4hnlicher Beitrag","block_context":{"text":"\u00c4hnlicher Beitrag","link":""},"img":{"alt_text":"","src":"https:\/\/i0.wp.com\/www.stempeltier.de\/blog\/wp-content\/uploads\/2025\/03\/1000385575.jpg?resize=350%2C200&ssl=1","width":350,"height":200,"srcset":"https:\/\/i0.wp.com\/www.stempeltier.de\/blog\/wp-content\/uploads\/2025\/03\/1000385575.jpg?resize=350%2C200&ssl=1 1x, https:\/\/i0.wp.com\/www.stempeltier.de\/blog\/wp-content\/uploads\/2025\/03\/1000385575.jpg?resize=525%2C300&ssl=1 1.5x, https:\/\/i0.wp.com\/www.stempeltier.de\/blog\/wp-content\/uploads\/2025\/03\/1000385575.jpg?resize=700%2C400&ssl=1 2x, https:\/\/i0.wp.com\/www.stempeltier.de\/blog\/wp-content\/uploads\/2025\/03\/1000385575.jpg?resize=1050%2C600&ssl=1 3x, https:\/\/i0.wp.com\/www.stempeltier.de\/blog\/wp-content\/uploads\/2025\/03\/1000385575.jpg?resize=1400%2C800&ssl=1 4x"},"classes":[]},{"id":17892,"url":"https:\/\/www.stempeltier.de\/blog\/shop\/bastelgrundausstattung\/klebemittel-radierer\/","url_meta":{"origin":19194,"position":5},"title":"Klebemittel Radierer","author":"Danny","date":"17. M\u00e4rz 2025","format":false,"excerpt":"Dieser Radiergummi erm\u00f6glicht es, \u00fcbersch\u00fcssigen Kleber leicht vom Projekt zu entfernen. Er entfernt den Kleber von Oberfl\u00e4chen wie Papier, Farbkarton, Pappe oder Kunststoff. Perfekt geeignet f\u00fcr Fl\u00fcssigkleber. Wenn der Radiergummi die Haftung und die Kapazit\u00e4t zum Entfernen von Klebstoff verliert, kann er geschnitten werden, um eine neue saubere Seite zu\u2026","rel":"","context":"\u00c4hnlicher Beitrag","block_context":{"text":"\u00c4hnlicher Beitrag","link":""},"img":{"alt_text":"","src":"https:\/\/i0.wp.com\/www.stempeltier.de\/blog\/wp-content\/uploads\/2025\/03\/1000328691.jpg?resize=350%2C200&ssl=1","width":350,"height":200,"srcset":"https:\/\/i0.wp.com\/www.stempeltier.de\/blog\/wp-content\/uploads\/2025\/03\/1000328691.jpg?resize=350%2C200&ssl=1 1x, https:\/\/i0.wp.com\/www.stempeltier.de\/blog\/wp-content\/uploads\/2025\/03\/1000328691.jpg?resize=525%2C300&ssl=1 1.5x, https:\/\/i0.wp.com\/www.stempeltier.de\/blog\/wp-content\/uploads\/2025\/03\/1000328691.jpg?resize=700%2C400&ssl=1 2x"},"classes":[]}],"jetpack_sharing_enabled":true,"_links":{"self":[{"href":"https:\/\/www.stempeltier.de\/blog\/wp-json\/wp\/v2\/product\/19194","targetHints":{"allow":["GET"]}}],"collection":[{"href":"https:\/\/www.stempeltier.de\/blog\/wp-json\/wp\/v2\/product"}],"about":[{"href":"https:\/\/www.stempeltier.de\/blog\/wp-json\/wp\/v2\/types\/product"}],"wp:featuredmedia":[{"embeddable":true,"href":"https:\/\/www.stempeltier.de\/blog\/wp-json\/wp\/v2\/media\/19195"}],"wp:attachment":[{"href":"https:\/\/www.stempeltier.de\/blog\/wp-json\/wp\/v2\/media?parent=19194"}],"wp:term":[{"taxonomy":"product_brand","embeddable":true,"href":"https:\/\/www.stempeltier.de\/blog\/wp-json\/wp\/v2\/product_brand?post=19194"},{"taxonomy":"product_cat","embeddable":true,"href":"https:\/\/www.stempeltier.de\/blog\/wp-json\/wp\/v2\/product_cat?post=19194"},{"taxonomy":"product_tag","embeddable":true,"href":"https:\/\/www.stempeltier.de\/blog\/wp-json\/wp\/v2\/product_tag?post=19194"}],"curies":[{"name":"wp","href":"https:\/\/api.w.org\/{rel}","templated":true}]}}