{"id":19123,"date":"2025-12-15T17:46:01","date_gmt":"2025-12-15T16:46:01","guid":{"rendered":"https:\/\/www.stempeltier.de\/blog\/?post_type=product&#038;p=19123"},"modified":"2026-05-01T21:33:06","modified_gmt":"2026-05-01T19:33:06","slug":"farbkarton-winter-stampinup","status":"publish","type":"product","link":"https:\/\/www.stempeltier.de\/blog\/shop\/papiere\/designerpapiere\/farbkarton-winter-stampinup\/","title":{"rendered":"Farbkarton Duo Winterlich"},"content":{"rendered":"<p>Duo Farbkarton 12&#8243; x 12&#8243; in winterlichen Farben, OVP<\/p>\n<p>12 Blatt &#8211; je 2 in 6 doppelseitigen Designs<\/p>\n<p>(F\u00fcr einen g\u00fcnstigeren Versand kann auf 6&#215;12&#8243; geteilt werden)<\/p>\n<p>&nbsp;<\/p>\n<p>DETAILS<br \/>\n&#8211; 12&#8243; x 12&#8243; (30,5 x 30,5 cm)<br \/>\n&#8211; 12\u00a0Blatt: je 2 in 6 Farben<br \/>\n&#8211; Wei\u00dfer Kern<br \/>\n&#8211;\u00a0S\u00e4urefrei<br \/>\n&#8211;\u00a0Ligninfrei<br \/>\n&#8211; Farben: Abendblau, Pekannuss, Savanne, Tiefseeblau, Weidenwei\u00df (nicht in zwei T\u00f6nen) Wolkenmeer<\/p>\n<div class=\"shariff shariff-align-center shariff-widget-align-left\" data-services=\"facebook%7Cpinterest\" data-url=\"https:\/\/www.stempeltier.de\/blog\/shop\/papiere\/designerpapiere\/farbkarton-winter-stampinup\/\" data-timestamp=\"1777671186\" data-backendurl=\"https:\/\/www.stempeltier.de\/blog\/wp-json\/shariff\/v1\/share_counts?\"><div class=\"ShariffHeadline\">Sharing is caring - Teilen erlaubt<\/div><ul class=\"shariff-buttons theme-round orientation-horizontal buttonsize-medium\"><li class=\"shariff-button facebook shariff-nocustomcolor\" style=\"background-color:#4273c8\"><a href=\"https:\/\/www.facebook.com\/sharer\/sharer.php?u=https%3A%2F%2Fwww.stempeltier.de%2Fblog%2Fshop%2Fpapiere%2Fdesignerpapiere%2Ffarbkarton-winter-stampinup%2F\" title=\"Bei Facebook teilen\" aria-label=\"Bei Facebook teilen\" role=\"button\" rel=\"nofollow\" class=\"shariff-link\" style=\"; background-color:#3b5998; color:#fff\" target=\"_blank\"><span class=\"shariff-icon\" style=\"\"><svg width=\"32px\" height=\"20px\" xmlns=\"http:\/\/www.w3.org\/2000\/svg\" viewBox=\"0 0 18 32\"><path fill=\"#3b5998\" d=\"M17.1 0.2v4.7h-2.8q-1.5 0-2.1 0.6t-0.5 1.9v3.4h5.2l-0.7 5.3h-4.5v13.6h-5.5v-13.6h-4.5v-5.3h4.5v-3.9q0-3.3 1.9-5.2t5-1.8q2.6 0 4.1 0.2z\"\/><\/svg><\/span><span data-service=\"facebook\" style=\"color:#3b5998\" class=\"shariff-count shariff-hidezero\"><\/span>&nbsp;<\/a><\/li><li class=\"shariff-button twitter shariff-nocustomcolor\" style=\"background-color:#595959\"><a href=\"https:\/\/twitter.com\/share?url=https%3A%2F%2Fwww.stempeltier.de%2Fblog%2Fshop%2Fpapiere%2Fdesignerpapiere%2Ffarbkarton-winter-stampinup%2F&text=Farbkarton%20Duo%20Winterlich\" title=\"Bei X teilen\" aria-label=\"Bei X teilen\" role=\"button\" rel=\"noopener nofollow\" class=\"shariff-link\" style=\"; background-color:#000; color:#fff\" target=\"_blank\"><span class=\"shariff-icon\" style=\"\"><svg width=\"32px\" height=\"20px\" xmlns=\"http:\/\/www.w3.org\/2000\/svg\" viewBox=\"0 0 24 24\"><path fill=\"#000\" d=\"M14.258 10.152L23.176 0h-2.113l-7.747 8.813L7.133 0H0l9.352 13.328L0 23.973h2.113l8.176-9.309 6.531 9.309h7.133zm-2.895 3.293l-.949-1.328L2.875 1.56h3.246l6.086 8.523.945 1.328 7.91 11.078h-3.246zm0 0\"\/><\/svg><\/span><\/a><\/li><li class=\"shariff-button pinterest shariff-nocustomcolor\" style=\"background-color:#e70f18\"><a href=\"https:\/\/www.pinterest.com\/pin\/create\/link\/?url=https%3A%2F%2Fwww.stempeltier.de%2Fblog%2Fshop%2Fpapiere%2Fdesignerpapiere%2Ffarbkarton-winter-stampinup%2F&media=https%3A%2F%2Fwww.stempeltier.de%2Fblog%2Fwp-content%2Fuploads%2F2025%2F12%2Fduo-farbkaronmischung-winterlich-friedvolle-zweige-2026-stampin-up.png&description=Farbkarton%20Duo%20Winterlich\" title=\"Bei Pinterest pinnen\" aria-label=\"Bei Pinterest pinnen\" role=\"button\" rel=\"noopener nofollow\" class=\"shariff-link\" style=\"; background-color:#cb2027; color:#fff\" target=\"_blank\"><span class=\"shariff-icon\" style=\"\"><svg width=\"32px\" height=\"20px\" xmlns=\"http:\/\/www.w3.org\/2000\/svg\" viewBox=\"0 0 27 32\"><path fill=\"#cb2027\" d=\"M27.4 16q0 3.7-1.8 6.9t-5 5-6.9 1.9q-2 0-3.9-0.6 1.1-1.7 1.4-2.9 0.2-0.6 1-3.8 0.4 0.7 1.3 1.2t2 0.5q2.1 0 3.8-1.2t2.7-3.4 0.9-4.8q0-2-1.1-3.8t-3.1-2.9-4.5-1.2q-1.9 0-3.5 0.5t-2.8 1.4-2 2-1.2 2.3-0.4 2.4q0 1.9 0.7 3.3t2.1 2q0.5 0.2 0.7-0.4 0-0.1 0.1-0.5t0.2-0.5q0.1-0.4-0.2-0.8-0.9-1.1-0.9-2.7 0-2.7 1.9-4.6t4.9-2q2.7 0 4.2 1.5t1.5 3.8q0 3-1.2 5.2t-3.1 2.1q-1.1 0-1.7-0.8t-0.4-1.9q0.1-0.6 0.5-1.7t0.5-1.8 0.2-1.4q0-0.9-0.5-1.5t-1.4-0.6q-1.1 0-1.9 1t-0.8 2.6q0 1.3 0.4 2.2l-1.8 7.5q-0.3 1.2-0.2 3.2-3.7-1.6-6-5t-2.3-7.6q0-3.7 1.9-6.9t5-5 6.9-1.9 6.9 1.9 5 5 1.8 6.9z\"\/><\/svg><\/span><span data-service=\"pinterest\" style=\"color:#cb2027\" class=\"shariff-count shariff-hidezero\"><\/span>&nbsp;<\/a><\/li><li class=\"shariff-button whatsapp shariff-nocustomcolor\" style=\"background-color:#5cbe4a\"><a href=\"https:\/\/api.whatsapp.com\/send?text=https%3A%2F%2Fwww.stempeltier.de%2Fblog%2Fshop%2Fpapiere%2Fdesignerpapiere%2Ffarbkarton-winter-stampinup%2F%20Farbkarton%20Duo%20Winterlich\" title=\"Bei Whatsapp teilen\" aria-label=\"Bei Whatsapp teilen\" role=\"button\" rel=\"noopener nofollow\" class=\"shariff-link\" style=\"; background-color:#34af23; color:#fff\" target=\"_blank\"><span class=\"shariff-icon\" style=\"\"><svg width=\"32px\" height=\"20px\" xmlns=\"http:\/\/www.w3.org\/2000\/svg\" viewBox=\"0 0 32 32\"><path fill=\"#34af23\" d=\"M17.6 17.4q0.2 0 1.7 0.8t1.6 0.9q0 0.1 0 0.3 0 0.6-0.3 1.4-0.3 0.7-1.3 1.2t-1.8 0.5q-1 0-3.4-1.1-1.7-0.8-3-2.1t-2.6-3.3q-1.3-1.9-1.3-3.5v-0.1q0.1-1.6 1.3-2.8 0.4-0.4 0.9-0.4 0.1 0 0.3 0t0.3 0q0.3 0 0.5 0.1t0.3 0.5q0.1 0.4 0.6 1.6t0.4 1.3q0 0.4-0.6 1t-0.6 0.8q0 0.1 0.1 0.3 0.6 1.3 1.8 2.4 1 0.9 2.7 1.8 0.2 0.1 0.4 0.1 0.3 0 1-0.9t0.9-0.9zM14 26.9q2.3 0 4.3-0.9t3.6-2.4 2.4-3.6 0.9-4.3-0.9-4.3-2.4-3.6-3.6-2.4-4.3-0.9-4.3 0.9-3.6 2.4-2.4 3.6-0.9 4.3q0 3.6 2.1 6.6l-1.4 4.2 4.3-1.4q2.8 1.9 6.2 1.9zM14 2.2q2.7 0 5.2 1.1t4.3 2.9 2.9 4.3 1.1 5.2-1.1 5.2-2.9 4.3-4.3 2.9-5.2 1.1q-3.5 0-6.5-1.7l-7.4 2.4 2.4-7.2q-1.9-3.2-1.9-6.9 0-2.7 1.1-5.2t2.9-4.3 4.3-2.9 5.2-1.1z\"\/><\/svg><\/span><\/a><\/li><li class=\"shariff-button mailto shariff-nocustomcolor\" style=\"background-color:#a8a8a8\"><a href=\"mailto:?body=https%3A%2F%2Fwww.stempeltier.de%2Fblog%2Fshop%2Fpapiere%2Fdesignerpapiere%2Ffarbkarton-winter-stampinup%2F&subject=Farbkarton%20Duo%20Winterlich\" title=\"Per E-Mail versenden\" aria-label=\"Per E-Mail versenden\" role=\"button\" rel=\"noopener nofollow\" class=\"shariff-link\" style=\"; background-color:#999; color:#fff\"><span class=\"shariff-icon\" style=\"\"><svg width=\"32px\" height=\"20px\" xmlns=\"http:\/\/www.w3.org\/2000\/svg\" viewBox=\"0 0 32 32\"><path fill=\"#999\" d=\"M32 12.7v14.2q0 1.2-0.8 2t-2 0.9h-26.3q-1.2 0-2-0.9t-0.8-2v-14.2q0.8 0.9 1.8 1.6 6.5 4.4 8.9 6.1 1 0.8 1.6 1.2t1.7 0.9 2 0.4h0.1q0.9 0 2-0.4t1.7-0.9 1.6-1.2q3-2.2 8.9-6.1 1-0.7 1.8-1.6zM32 7.4q0 1.4-0.9 2.7t-2.2 2.2q-6.7 4.7-8.4 5.8-0.2 0.1-0.7 0.5t-1 0.7-0.9 0.6-1.1 0.5-0.9 0.2h-0.1q-0.4 0-0.9-0.2t-1.1-0.5-0.9-0.6-1-0.7-0.7-0.5q-1.6-1.1-4.7-3.2t-3.6-2.6q-1.1-0.7-2.1-2t-1-2.5q0-1.4 0.7-2.3t2.1-0.9h26.3q1.2 0 2 0.8t0.9 2z\"\/><\/svg><\/span><\/a><\/li><\/ul><\/div>","protected":false},"excerpt":{"rendered":"<p>Duo Farbkarton 12&#8243; x 12&#8243; in winterlichen Farben, OVP 12 Blatt &#8211; je 2 in 6 doppelseitigen Designs (F\u00fcr einen g\u00fcnstigeren Versand kann auf 6&#215;12&#8243; geteilt werden) &nbsp; DETAILS &#8211; 12&#8243; x 12&#8243; (30,5 x 30,5 cm) &#8211; 12\u00a0Blatt: je&hellip; <\/p>\n","protected":false},"featured_media":19124,"template":"","meta":{"jetpack_post_was_ever_published":false},"product_brand":[],"product_cat":[964,963],"product_tag":[1199,965,966,1198,1197],"class_list":{"0":"post-19123","1":"product","2":"type-product","3":"status-publish","4":"has-post-thumbnail","6":"product_cat-designerpapiere","7":"product_cat-papiere","8":"product_tag-abendblau","9":"product_tag-designerpapier","10":"product_tag-dsp","11":"product_tag-duo-farbkarton","12":"product_tag-farbkarton","14":"first","15":"instock","16":"shipping-taxable","17":"purchasable","18":"product-type-simple"},"yoast_head":"<!-- This site is optimized with the Yoast SEO plugin v27.5 - https:\/\/yoast.com\/product\/yoast-seo-wordpress\/ -->\n<title>Farbkarton Duo Winterlich - Stempeltier<\/title>\n<meta name=\"description\" content=\"StamStampin&#039; Up! duo farbkarton in winterlichen Farben Abendblau, Pekannuss, Savanne, Tiefseeblau, Weidenwei\u00df, Wolkenmeer\" \/>\n<meta name=\"robots\" content=\"index, follow, max-snippet:-1, max-image-preview:large, max-video-preview:-1\" \/>\n<link rel=\"canonical\" href=\"https:\/\/www.stempeltier.de\/blog\/shop\/papiere\/designerpapiere\/farbkarton-winter-stampinup\/\" \/>\n<meta property=\"og:locale\" content=\"de_DE\" \/>\n<meta property=\"og:type\" content=\"article\" \/>\n<meta property=\"og:title\" content=\"Farbkarton Duo Winterlich - Stempeltier\" \/>\n<meta property=\"og:description\" content=\"StamStampin&#039; Up! duo farbkarton in winterlichen Farben Abendblau, Pekannuss, Savanne, Tiefseeblau, Weidenwei\u00df, Wolkenmeer\" \/>\n<meta property=\"og:url\" content=\"https:\/\/www.stempeltier.de\/blog\/shop\/papiere\/designerpapiere\/farbkarton-winter-stampinup\/\" \/>\n<meta property=\"og:site_name\" content=\"Stempeltier\" \/>\n<meta property=\"article:publisher\" content=\"http:\/\/www.facebook.com\/DasStempeltier\" \/>\n<meta property=\"article:modified_time\" content=\"2026-05-01T19:33:06+00:00\" \/>\n<meta property=\"og:image\" content=\"https:\/\/www.stempeltier.de\/blog\/wp-content\/uploads\/2025\/12\/duo-farbkaronmischung-winterlich-friedvolle-zweige-2026-stampin-up.png\" \/>\n\t<meta property=\"og:image:width\" content=\"761\" \/>\n\t<meta property=\"og:image:height\" content=\"786\" \/>\n\t<meta property=\"og:image:type\" content=\"image\/png\" \/>\n<meta name=\"twitter:card\" content=\"summary_large_image\" \/>\n<meta name=\"twitter:label1\" content=\"Gesch\u00e4tzte Lesezeit\" \/>\n\t<meta name=\"twitter:data1\" content=\"1\u00a0Minute\" \/>\n<script type=\"application\/ld+json\" class=\"yoast-schema-graph\">{\"@context\":\"https:\\\/\\\/schema.org\",\"@graph\":[{\"@type\":\"WebPage\",\"@id\":\"https:\\\/\\\/www.stempeltier.de\\\/blog\\\/shop\\\/papiere\\\/designerpapiere\\\/farbkarton-winter-stampinup\\\/\",\"url\":\"https:\\\/\\\/www.stempeltier.de\\\/blog\\\/shop\\\/papiere\\\/designerpapiere\\\/farbkarton-winter-stampinup\\\/\",\"name\":\"Farbkarton Duo Winterlich - Stempeltier\",\"isPartOf\":{\"@id\":\"https:\\\/\\\/www.stempeltier.de\\\/blog\\\/#website\"},\"primaryImageOfPage\":{\"@id\":\"https:\\\/\\\/www.stempeltier.de\\\/blog\\\/shop\\\/papiere\\\/designerpapiere\\\/farbkarton-winter-stampinup\\\/#primaryimage\"},\"image\":{\"@id\":\"https:\\\/\\\/www.stempeltier.de\\\/blog\\\/shop\\\/papiere\\\/designerpapiere\\\/farbkarton-winter-stampinup\\\/#primaryimage\"},\"thumbnailUrl\":\"https:\\\/\\\/www.stempeltier.de\\\/blog\\\/wp-content\\\/uploads\\\/2025\\\/12\\\/duo-farbkaronmischung-winterlich-friedvolle-zweige-2026-stampin-up.png\",\"datePublished\":\"2025-12-15T16:46:01+00:00\",\"dateModified\":\"2026-05-01T19:33:06+00:00\",\"description\":\"StamStampin' Up! duo farbkarton in winterlichen Farben Abendblau, Pekannuss, Savanne, Tiefseeblau, Weidenwei\u00df, Wolkenmeer\",\"breadcrumb\":{\"@id\":\"https:\\\/\\\/www.stempeltier.de\\\/blog\\\/shop\\\/papiere\\\/designerpapiere\\\/farbkarton-winter-stampinup\\\/#breadcrumb\"},\"inLanguage\":\"de\",\"potentialAction\":[{\"@type\":\"ReadAction\",\"target\":[\"https:\\\/\\\/www.stempeltier.de\\\/blog\\\/shop\\\/papiere\\\/designerpapiere\\\/farbkarton-winter-stampinup\\\/\"]}]},{\"@type\":\"ImageObject\",\"inLanguage\":\"de\",\"@id\":\"https:\\\/\\\/www.stempeltier.de\\\/blog\\\/shop\\\/papiere\\\/designerpapiere\\\/farbkarton-winter-stampinup\\\/#primaryimage\",\"url\":\"https:\\\/\\\/www.stempeltier.de\\\/blog\\\/wp-content\\\/uploads\\\/2025\\\/12\\\/duo-farbkaronmischung-winterlich-friedvolle-zweige-2026-stampin-up.png\",\"contentUrl\":\"https:\\\/\\\/www.stempeltier.de\\\/blog\\\/wp-content\\\/uploads\\\/2025\\\/12\\\/duo-farbkaronmischung-winterlich-friedvolle-zweige-2026-stampin-up.png\",\"width\":761,\"height\":786},{\"@type\":\"BreadcrumbList\",\"@id\":\"https:\\\/\\\/www.stempeltier.de\\\/blog\\\/shop\\\/papiere\\\/designerpapiere\\\/farbkarton-winter-stampinup\\\/#breadcrumb\",\"itemListElement\":[{\"@type\":\"ListItem\",\"position\":1,\"name\":\"Startseite\",\"item\":\"https:\\\/\\\/www.stempeltier.de\\\/blog\\\/\"},{\"@type\":\"ListItem\",\"position\":2,\"name\":\"Shop\",\"item\":\"https:\\\/\\\/www.stempeltier.de\\\/blog\\\/shop\\\/\"},{\"@type\":\"ListItem\",\"position\":3,\"name\":\"Farbkarton Duo Winterlich\"}]},{\"@type\":\"WebSite\",\"@id\":\"https:\\\/\\\/www.stempeltier.de\\\/blog\\\/#website\",\"url\":\"https:\\\/\\\/www.stempeltier.de\\\/blog\\\/\",\"name\":\"Stempeltier\",\"description\":\"Kreative Gl\u00fccksmomente aus Papier\",\"potentialAction\":[{\"@type\":\"SearchAction\",\"target\":{\"@type\":\"EntryPoint\",\"urlTemplate\":\"https:\\\/\\\/www.stempeltier.de\\\/blog\\\/?s={search_term_string}\"},\"query-input\":{\"@type\":\"PropertyValueSpecification\",\"valueRequired\":true,\"valueName\":\"search_term_string\"}}],\"inLanguage\":\"de\"}]}<\/script>\n<!-- \/ Yoast SEO plugin. -->","yoast_head_json":{"title":"Farbkarton Duo Winterlich - Stempeltier","description":"StamStampin' Up! duo farbkarton in winterlichen Farben Abendblau, Pekannuss, Savanne, Tiefseeblau, Weidenwei\u00df, Wolkenmeer","robots":{"index":"index","follow":"follow","max-snippet":"max-snippet:-1","max-image-preview":"max-image-preview:large","max-video-preview":"max-video-preview:-1"},"canonical":"https:\/\/www.stempeltier.de\/blog\/shop\/papiere\/designerpapiere\/farbkarton-winter-stampinup\/","og_locale":"de_DE","og_type":"article","og_title":"Farbkarton Duo Winterlich - Stempeltier","og_description":"StamStampin' Up! duo farbkarton in winterlichen Farben Abendblau, Pekannuss, Savanne, Tiefseeblau, Weidenwei\u00df, Wolkenmeer","og_url":"https:\/\/www.stempeltier.de\/blog\/shop\/papiere\/designerpapiere\/farbkarton-winter-stampinup\/","og_site_name":"Stempeltier","article_publisher":"http:\/\/www.facebook.com\/DasStempeltier","article_modified_time":"2026-05-01T19:33:06+00:00","og_image":[{"width":761,"height":786,"url":"https:\/\/www.stempeltier.de\/blog\/wp-content\/uploads\/2025\/12\/duo-farbkaronmischung-winterlich-friedvolle-zweige-2026-stampin-up.png","type":"image\/png"}],"twitter_card":"summary_large_image","twitter_misc":{"Gesch\u00e4tzte Lesezeit":"1\u00a0Minute"},"schema":{"@context":"https:\/\/schema.org","@graph":[{"@type":"WebPage","@id":"https:\/\/www.stempeltier.de\/blog\/shop\/papiere\/designerpapiere\/farbkarton-winter-stampinup\/","url":"https:\/\/www.stempeltier.de\/blog\/shop\/papiere\/designerpapiere\/farbkarton-winter-stampinup\/","name":"Farbkarton Duo Winterlich - Stempeltier","isPartOf":{"@id":"https:\/\/www.stempeltier.de\/blog\/#website"},"primaryImageOfPage":{"@id":"https:\/\/www.stempeltier.de\/blog\/shop\/papiere\/designerpapiere\/farbkarton-winter-stampinup\/#primaryimage"},"image":{"@id":"https:\/\/www.stempeltier.de\/blog\/shop\/papiere\/designerpapiere\/farbkarton-winter-stampinup\/#primaryimage"},"thumbnailUrl":"https:\/\/www.stempeltier.de\/blog\/wp-content\/uploads\/2025\/12\/duo-farbkaronmischung-winterlich-friedvolle-zweige-2026-stampin-up.png","datePublished":"2025-12-15T16:46:01+00:00","dateModified":"2026-05-01T19:33:06+00:00","description":"StamStampin' Up! duo farbkarton in winterlichen Farben Abendblau, Pekannuss, Savanne, Tiefseeblau, Weidenwei\u00df, Wolkenmeer","breadcrumb":{"@id":"https:\/\/www.stempeltier.de\/blog\/shop\/papiere\/designerpapiere\/farbkarton-winter-stampinup\/#breadcrumb"},"inLanguage":"de","potentialAction":[{"@type":"ReadAction","target":["https:\/\/www.stempeltier.de\/blog\/shop\/papiere\/designerpapiere\/farbkarton-winter-stampinup\/"]}]},{"@type":"ImageObject","inLanguage":"de","@id":"https:\/\/www.stempeltier.de\/blog\/shop\/papiere\/designerpapiere\/farbkarton-winter-stampinup\/#primaryimage","url":"https:\/\/www.stempeltier.de\/blog\/wp-content\/uploads\/2025\/12\/duo-farbkaronmischung-winterlich-friedvolle-zweige-2026-stampin-up.png","contentUrl":"https:\/\/www.stempeltier.de\/blog\/wp-content\/uploads\/2025\/12\/duo-farbkaronmischung-winterlich-friedvolle-zweige-2026-stampin-up.png","width":761,"height":786},{"@type":"BreadcrumbList","@id":"https:\/\/www.stempeltier.de\/blog\/shop\/papiere\/designerpapiere\/farbkarton-winter-stampinup\/#breadcrumb","itemListElement":[{"@type":"ListItem","position":1,"name":"Startseite","item":"https:\/\/www.stempeltier.de\/blog\/"},{"@type":"ListItem","position":2,"name":"Shop","item":"https:\/\/www.stempeltier.de\/blog\/shop\/"},{"@type":"ListItem","position":3,"name":"Farbkarton Duo Winterlich"}]},{"@type":"WebSite","@id":"https:\/\/www.stempeltier.de\/blog\/#website","url":"https:\/\/www.stempeltier.de\/blog\/","name":"Stempeltier","description":"Kreative Gl\u00fccksmomente aus Papier","potentialAction":[{"@type":"SearchAction","target":{"@type":"EntryPoint","urlTemplate":"https:\/\/www.stempeltier.de\/blog\/?s={search_term_string}"},"query-input":{"@type":"PropertyValueSpecification","valueRequired":true,"valueName":"search_term_string"}}],"inLanguage":"de"}]}},"jetpack-related-posts":[{"id":19626,"url":"https:\/\/www.stempeltier.de\/blog\/shop\/papiere\/designerpapiere\/farbkarton-duo-floral-herbst\/","url_meta":{"origin":19123,"position":0},"title":"Farbkarton Duo blumig herbstlich","author":"Danny","date":"9. April 2026","format":false,"excerpt":"Duo Farbkarton 12\" x 12\" in herbstliche nat\u00fcrliche Farben, OVP 12 Blatt - je 2 in 6 doppelseitigen Designs (F\u00fcr einen g\u00fcnstigeren Versand kann auf 6x12\" geteilt werden) \u00a0 DETAILS - 12\" x 12\" (30,5 x 30,5 cm) - 12\u00a0Blatt: je 2 in 6 Farben - Wei\u00dfer Kern -\u00a0S\u00e4urefrei -\u00a0Ligninfrei\u2026","rel":"","context":"\u00c4hnlicher Beitrag","block_context":{"text":"\u00c4hnlicher Beitrag","link":""},"img":{"alt_text":"duo farbkaronmischung floral blumig 2026 stampin up liebevolle Botschaften","src":"https:\/\/i0.wp.com\/www.stempeltier.de\/blog\/wp-content\/uploads\/2026\/04\/duo-farbkaronmischung-floral-blumig-2026-stampin-up-liebevolle-Botschaften.png?resize=350%2C200&ssl=1","width":350,"height":200,"srcset":"https:\/\/i0.wp.com\/www.stempeltier.de\/blog\/wp-content\/uploads\/2026\/04\/duo-farbkaronmischung-floral-blumig-2026-stampin-up-liebevolle-Botschaften.png?resize=350%2C200&ssl=1 1x, https:\/\/i0.wp.com\/www.stempeltier.de\/blog\/wp-content\/uploads\/2026\/04\/duo-farbkaronmischung-floral-blumig-2026-stampin-up-liebevolle-Botschaften.png?resize=525%2C300&ssl=1 1.5x, https:\/\/i0.wp.com\/www.stempeltier.de\/blog\/wp-content\/uploads\/2026\/04\/duo-farbkaronmischung-floral-blumig-2026-stampin-up-liebevolle-Botschaften.png?resize=700%2C400&ssl=1 2x"},"classes":[]},{"id":15963,"url":"https:\/\/www.stempeltier.de\/blog\/shop\/materialpakete\/dsp-pluspaket-faszinierend-floral\/","url_meta":{"origin":19123,"position":1},"title":"DSP Pluspaket &#8211; Faszinierend Floral","author":"Danny","date":"27. Februar 2024","format":false,"excerpt":"Im Paket \u201eFaszinierend Floral\u201c enthalten sind: 12 Blatt DSP in 6\u2033 x 6\u2033 (je 1 Blatt in allen 12 doppelseitigen Designs) 12 Blatt Farbkarton A4 (je 2 Blatt in Lagunenblau, Aquamarin, Calypso, Lindgr\u00fcn, Osterglocke, Grundwei\u00df) Preis:\u00a0 11,00 \u20ac \u00a0\u00a0","rel":"","context":"\u00c4hnlicher Beitrag","block_context":{"text":"\u00c4hnlicher Beitrag","link":""},"img":{"alt_text":"stampinup dsp pluspaket Designerpapier Florale Freundschaft","src":"https:\/\/i0.wp.com\/www.stempeltier.de\/blog\/wp-content\/uploads\/2023\/02\/stampinup-dsp-pluspaket-Designerpapier-Florale-Freundschaft.jpg?resize=350%2C200&ssl=1","width":350,"height":200,"srcset":"https:\/\/i0.wp.com\/www.stempeltier.de\/blog\/wp-content\/uploads\/2023\/02\/stampinup-dsp-pluspaket-Designerpapier-Florale-Freundschaft.jpg?resize=350%2C200&ssl=1 1x, https:\/\/i0.wp.com\/www.stempeltier.de\/blog\/wp-content\/uploads\/2023\/02\/stampinup-dsp-pluspaket-Designerpapier-Florale-Freundschaft.jpg?resize=525%2C300&ssl=1 1.5x, https:\/\/i0.wp.com\/www.stempeltier.de\/blog\/wp-content\/uploads\/2023\/02\/stampinup-dsp-pluspaket-Designerpapier-Florale-Freundschaft.jpg?resize=700%2C400&ssl=1 2x"},"classes":[]},{"id":15964,"url":"https:\/\/www.stempeltier.de\/blog\/shop\/materialpakete\/dsp-pluspaket-rustikaler-charm\/","url_meta":{"origin":19123,"position":2},"title":"DSP Pluspaket &#8211; rustikaler Charm","author":"Danny","date":"27. Februar 2024","format":false,"excerpt":"DSP + farblich passender Farbkarton","rel":"","context":"\u00c4hnlicher Beitrag","block_context":{"text":"\u00c4hnlicher Beitrag","link":""},"img":{"alt_text":"stampin up Designerpapier rustikaler Charme 2023","src":"https:\/\/i0.wp.com\/www.stempeltier.de\/blog\/wp-content\/uploads\/2023\/05\/Designerpapier-rustikaler-Charme-2023.jpg?resize=350%2C200&ssl=1","width":350,"height":200,"srcset":"https:\/\/i0.wp.com\/www.stempeltier.de\/blog\/wp-content\/uploads\/2023\/05\/Designerpapier-rustikaler-Charme-2023.jpg?resize=350%2C200&ssl=1 1x, https:\/\/i0.wp.com\/www.stempeltier.de\/blog\/wp-content\/uploads\/2023\/05\/Designerpapier-rustikaler-Charme-2023.jpg?resize=525%2C300&ssl=1 1.5x, https:\/\/i0.wp.com\/www.stempeltier.de\/blog\/wp-content\/uploads\/2023\/05\/Designerpapier-rustikaler-Charme-2023.jpg?resize=700%2C400&ssl=1 2x"},"classes":[]},{"id":19319,"url":"https:\/\/www.stempeltier.de\/blog\/shop\/papiere\/designerpapiere\/herbst-blaetter-12-x-12\/","url_meta":{"origin":19123,"position":3},"title":"wunderbarer Herbst","author":"Danny","date":"6. Februar 2026","format":false,"excerpt":"Designerpapier 12\u2033 x 12\u2033 | originalverpackt 12 Blatt \u2013 je 2 in 6 doppelseitigen Designs","rel":"","context":"\u00c4hnlicher Beitrag","block_context":{"text":"\u00c4hnlicher Beitrag","link":""},"img":{"alt_text":"Designerpapier OE 2025 stampin up wunderbarer herbst","src":"https:\/\/i0.wp.com\/www.stempeltier.de\/blog\/wp-content\/uploads\/2025\/09\/Designerpapier-OE-2025-stampin-up-wunderbarer-herbst.jpg?resize=350%2C200&ssl=1","width":350,"height":200,"srcset":"https:\/\/i0.wp.com\/www.stempeltier.de\/blog\/wp-content\/uploads\/2025\/09\/Designerpapier-OE-2025-stampin-up-wunderbarer-herbst.jpg?resize=350%2C200&ssl=1 1x, https:\/\/i0.wp.com\/www.stempeltier.de\/blog\/wp-content\/uploads\/2025\/09\/Designerpapier-OE-2025-stampin-up-wunderbarer-herbst.jpg?resize=525%2C300&ssl=1 1.5x, https:\/\/i0.wp.com\/www.stempeltier.de\/blog\/wp-content\/uploads\/2025\/09\/Designerpapier-OE-2025-stampin-up-wunderbarer-herbst.jpg?resize=700%2C400&ssl=1 2x"},"classes":[]},{"id":17994,"url":"https:\/\/www.stempeltier.de\/blog\/shop\/materialpakete\/probierpakete\/stampinup-materialpaket-probierpaket-maskulin-maenner-maritim-2\/","url_meta":{"origin":19123,"position":4},"title":"Materialpaket &#8222;maskulin #1&#8220;","author":"Danny","date":"21. April 2025","format":false,"excerpt":"12 Blatt DSP in 6\u2033 x 12\" (je 2 in allen 6 doppelseitigen Designs) 12 Blatt Farbkarton DinA4 farblich passend 1m Band in Marineblau Die Bestellungen f\u00fcr Materialpakete werden jeweils gesammelt und jeweils am 1. und 15. des Monats bei SU bestellt. Die Lieferzeit betr\u00e4gt ca. 1 Woche.","rel":"","context":"\u00c4hnlicher Beitrag","block_context":{"text":"\u00c4hnlicher Beitrag","link":""},"img":{"alt_text":"","src":"https:\/\/i0.wp.com\/www.stempeltier.de\/blog\/wp-content\/uploads\/2025\/04\/1000345253.jpg?resize=350%2C200&ssl=1","width":350,"height":200,"srcset":"https:\/\/i0.wp.com\/www.stempeltier.de\/blog\/wp-content\/uploads\/2025\/04\/1000345253.jpg?resize=350%2C200&ssl=1 1x, https:\/\/i0.wp.com\/www.stempeltier.de\/blog\/wp-content\/uploads\/2025\/04\/1000345253.jpg?resize=525%2C300&ssl=1 1.5x, https:\/\/i0.wp.com\/www.stempeltier.de\/blog\/wp-content\/uploads\/2025\/04\/1000345253.jpg?resize=700%2C400&ssl=1 2x, https:\/\/i0.wp.com\/www.stempeltier.de\/blog\/wp-content\/uploads\/2025\/04\/1000345253.jpg?resize=1050%2C600&ssl=1 3x, https:\/\/i0.wp.com\/www.stempeltier.de\/blog\/wp-content\/uploads\/2025\/04\/1000345253.jpg?resize=1400%2C800&ssl=1 4x"},"classes":[]},{"id":17868,"url":"https:\/\/www.stempeltier.de\/blog\/shop\/materialpakete\/probierpakete\/stampinup-unterwegs-auf-reisen\/","url_meta":{"origin":19123,"position":5},"title":"&#8222;Unterwegs auf Reisen&#8220; XXL","author":"Danny","date":"5. M\u00e4rz 2025","format":false,"excerpt":"6 Blatt DSP in 6\u2033 x 12\" (je 1 in allen 6 doppelseitigen Designs) 12\u00a0 Blatt Farbkarton DinA4 farblich passend 1 Bogen\u00a0\u00a0 #165581\u00a0 3-D-AUFKLEBER UNTERWEGS AUF REISEN je 1m Kordel in Azurblau, Gl\u00fccksgr\u00fcn, Rhabarberrot 1 Schachtel in Kofferform","rel":"","context":"\u00c4hnlicher Beitrag","block_context":{"text":"\u00c4hnlicher Beitrag","link":""},"img":{"alt_text":"stampin up unterwegs auf reisen materialpaket dsp pluspaket probierpaket","src":"https:\/\/i0.wp.com\/www.stempeltier.de\/blog\/wp-content\/uploads\/2025\/03\/stampin-up-unterwegs-auf-reisen-materialpaket-dsp-pluspaket-probierpaket.png?resize=350%2C200&ssl=1","width":350,"height":200,"srcset":"https:\/\/i0.wp.com\/www.stempeltier.de\/blog\/wp-content\/uploads\/2025\/03\/stampin-up-unterwegs-auf-reisen-materialpaket-dsp-pluspaket-probierpaket.png?resize=350%2C200&ssl=1 1x, https:\/\/i0.wp.com\/www.stempeltier.de\/blog\/wp-content\/uploads\/2025\/03\/stampin-up-unterwegs-auf-reisen-materialpaket-dsp-pluspaket-probierpaket.png?resize=525%2C300&ssl=1 1.5x, https:\/\/i0.wp.com\/www.stempeltier.de\/blog\/wp-content\/uploads\/2025\/03\/stampin-up-unterwegs-auf-reisen-materialpaket-dsp-pluspaket-probierpaket.png?resize=700%2C400&ssl=1 2x"},"classes":[]}],"jetpack_sharing_enabled":true,"_links":{"self":[{"href":"https:\/\/www.stempeltier.de\/blog\/wp-json\/wp\/v2\/product\/19123","targetHints":{"allow":["GET"]}}],"collection":[{"href":"https:\/\/www.stempeltier.de\/blog\/wp-json\/wp\/v2\/product"}],"about":[{"href":"https:\/\/www.stempeltier.de\/blog\/wp-json\/wp\/v2\/types\/product"}],"wp:featuredmedia":[{"embeddable":true,"href":"https:\/\/www.stempeltier.de\/blog\/wp-json\/wp\/v2\/media\/19124"}],"wp:attachment":[{"href":"https:\/\/www.stempeltier.de\/blog\/wp-json\/wp\/v2\/media?parent=19123"}],"wp:term":[{"taxonomy":"product_brand","embeddable":true,"href":"https:\/\/www.stempeltier.de\/blog\/wp-json\/wp\/v2\/product_brand?post=19123"},{"taxonomy":"product_cat","embeddable":true,"href":"https:\/\/www.stempeltier.de\/blog\/wp-json\/wp\/v2\/product_cat?post=19123"},{"taxonomy":"product_tag","embeddable":true,"href":"https:\/\/www.stempeltier.de\/blog\/wp-json\/wp\/v2\/product_tag?post=19123"}],"curies":[{"name":"wp","href":"https:\/\/api.w.org\/{rel}","templated":true}]}}