{"id":17889,"date":"2025-03-12T16:41:46","date_gmt":"2025-03-12T15:41:46","guid":{"rendered":"https:\/\/www.stempeltier.de\/blog\/?post_type=product&#038;p=17889"},"modified":"2026-04-16T21:50:21","modified_gmt":"2026-04-16T19:50:21","slug":"stampinup-acrylblock-organizer-plus","status":"publish","type":"product","link":"https:\/\/www.stempeltier.de\/blog\/shop\/stampinup-aufbewahrung\/stampinup-acrylblock-organizer-plus\/","title":{"rendered":"Acrylblock Organizer +"},"content":{"rendered":"<p>Aufbewahrung f\u00fcr 9 Acrylbl\u00f6cke der Marke Stampin&#8216; Up! \u00ae<\/p>\n<p>Alle aktuellen Gr\u00f6\u00dfen (b, c, d, e, f, h) + die alten Gr\u00f6\u00dfen (a,g,i)<\/p>\n<p>Farben Standard: wei\u00df, schwarz, Anthrazitgrau matt, Limette<\/p>\n<p>Limited Edition: Heidebl\u00fcte, , dunkle Osterglocke, Wassermelone, T\u00fcrkis, Glutrot, Anthrazitgrau matt, Babyblau, Pastellgelb, K\u00fcrbisorange, Waldmoos &#8230;<\/p>\n<p>neu \ud83e\udd29\ud83e\udd29\ud83e\udd29 Boho-Beige (aktuell wieder vorr\u00e4tig!!!)<\/p>\n<p>Sonderfarbe: Einhorn \ud83e\udd84 und Cotton Candy \ud83c\udf6d\u00a0 Granit<\/p>\n<p>Wunschfarbe \/ Einzelanfertigung \/<strong> Personalisierung<\/strong> mit Insta-name oder anderem Text m\u00f6glich ( Aufpreis)<\/p>\n<p>&nbsp;<\/p>\n<div class=\"shariff shariff-align-center shariff-widget-align-left\" data-services=\"facebook%7Cpinterest\" data-url=\"https:\/\/www.stempeltier.de\/blog\/shop\/stampinup-aufbewahrung\/stampinup-acrylblock-organizer-plus\/\" data-timestamp=\"1776376221\" data-backendurl=\"https:\/\/www.stempeltier.de\/blog\/wp-json\/shariff\/v1\/share_counts?\"><div class=\"ShariffHeadline\">Sharing is caring - Teilen erlaubt<\/div><ul class=\"shariff-buttons theme-round orientation-horizontal buttonsize-medium\"><li class=\"shariff-button facebook shariff-nocustomcolor\" style=\"background-color:#4273c8\"><a href=\"https:\/\/www.facebook.com\/sharer\/sharer.php?u=https%3A%2F%2Fwww.stempeltier.de%2Fblog%2Fshop%2Fstampinup-aufbewahrung%2Fstampinup-acrylblock-organizer-plus%2F\" title=\"Bei Facebook teilen\" aria-label=\"Bei Facebook teilen\" role=\"button\" rel=\"nofollow\" class=\"shariff-link\" style=\"; background-color:#3b5998; color:#fff\" target=\"_blank\"><span class=\"shariff-icon\" style=\"\"><svg width=\"32px\" height=\"20px\" xmlns=\"http:\/\/www.w3.org\/2000\/svg\" viewBox=\"0 0 18 32\"><path fill=\"#3b5998\" d=\"M17.1 0.2v4.7h-2.8q-1.5 0-2.1 0.6t-0.5 1.9v3.4h5.2l-0.7 5.3h-4.5v13.6h-5.5v-13.6h-4.5v-5.3h4.5v-3.9q0-3.3 1.9-5.2t5-1.8q2.6 0 4.1 0.2z\"\/><\/svg><\/span><span data-service=\"facebook\" style=\"color:#3b5998\" class=\"shariff-count shariff-hidezero\"><\/span>&nbsp;<\/a><\/li><li class=\"shariff-button twitter shariff-nocustomcolor\" style=\"background-color:#595959\"><a href=\"https:\/\/twitter.com\/share?url=https%3A%2F%2Fwww.stempeltier.de%2Fblog%2Fshop%2Fstampinup-aufbewahrung%2Fstampinup-acrylblock-organizer-plus%2F&text=Acrylblock%20Organizer%20%2B\" title=\"Bei X teilen\" aria-label=\"Bei X teilen\" role=\"button\" rel=\"noopener nofollow\" class=\"shariff-link\" style=\"; background-color:#000; color:#fff\" target=\"_blank\"><span class=\"shariff-icon\" style=\"\"><svg width=\"32px\" height=\"20px\" xmlns=\"http:\/\/www.w3.org\/2000\/svg\" viewBox=\"0 0 24 24\"><path fill=\"#000\" d=\"M14.258 10.152L23.176 0h-2.113l-7.747 8.813L7.133 0H0l9.352 13.328L0 23.973h2.113l8.176-9.309 6.531 9.309h7.133zm-2.895 3.293l-.949-1.328L2.875 1.56h3.246l6.086 8.523.945 1.328 7.91 11.078h-3.246zm0 0\"\/><\/svg><\/span><\/a><\/li><li class=\"shariff-button pinterest shariff-nocustomcolor\" style=\"background-color:#e70f18\"><a href=\"https:\/\/www.pinterest.com\/pin\/create\/link\/?url=https%3A%2F%2Fwww.stempeltier.de%2Fblog%2Fshop%2Fstampinup-aufbewahrung%2Fstampinup-acrylblock-organizer-plus%2F&media=https%3A%2F%2Fwww.stempeltier.de%2Fblog%2Fwp-content%2Fuploads%2F2025%2F03%2F1000344901.jpg&description=Acrylblock%20Organizer%20%2B\" title=\"Bei Pinterest pinnen\" aria-label=\"Bei Pinterest pinnen\" role=\"button\" rel=\"noopener nofollow\" class=\"shariff-link\" style=\"; background-color:#cb2027; color:#fff\" target=\"_blank\"><span class=\"shariff-icon\" style=\"\"><svg width=\"32px\" height=\"20px\" xmlns=\"http:\/\/www.w3.org\/2000\/svg\" viewBox=\"0 0 27 32\"><path fill=\"#cb2027\" d=\"M27.4 16q0 3.7-1.8 6.9t-5 5-6.9 1.9q-2 0-3.9-0.6 1.1-1.7 1.4-2.9 0.2-0.6 1-3.8 0.4 0.7 1.3 1.2t2 0.5q2.1 0 3.8-1.2t2.7-3.4 0.9-4.8q0-2-1.1-3.8t-3.1-2.9-4.5-1.2q-1.9 0-3.5 0.5t-2.8 1.4-2 2-1.2 2.3-0.4 2.4q0 1.9 0.7 3.3t2.1 2q0.5 0.2 0.7-0.4 0-0.1 0.1-0.5t0.2-0.5q0.1-0.4-0.2-0.8-0.9-1.1-0.9-2.7 0-2.7 1.9-4.6t4.9-2q2.7 0 4.2 1.5t1.5 3.8q0 3-1.2 5.2t-3.1 2.1q-1.1 0-1.7-0.8t-0.4-1.9q0.1-0.6 0.5-1.7t0.5-1.8 0.2-1.4q0-0.9-0.5-1.5t-1.4-0.6q-1.1 0-1.9 1t-0.8 2.6q0 1.3 0.4 2.2l-1.8 7.5q-0.3 1.2-0.2 3.2-3.7-1.6-6-5t-2.3-7.6q0-3.7 1.9-6.9t5-5 6.9-1.9 6.9 1.9 5 5 1.8 6.9z\"\/><\/svg><\/span><span data-service=\"pinterest\" style=\"color:#cb2027\" class=\"shariff-count shariff-hidezero\"><\/span>&nbsp;<\/a><\/li><li class=\"shariff-button whatsapp shariff-nocustomcolor\" style=\"background-color:#5cbe4a\"><a href=\"https:\/\/api.whatsapp.com\/send?text=https%3A%2F%2Fwww.stempeltier.de%2Fblog%2Fshop%2Fstampinup-aufbewahrung%2Fstampinup-acrylblock-organizer-plus%2F%20Acrylblock%20Organizer%20%2B\" title=\"Bei Whatsapp teilen\" aria-label=\"Bei Whatsapp teilen\" role=\"button\" rel=\"noopener nofollow\" class=\"shariff-link\" style=\"; background-color:#34af23; color:#fff\" target=\"_blank\"><span class=\"shariff-icon\" style=\"\"><svg width=\"32px\" height=\"20px\" xmlns=\"http:\/\/www.w3.org\/2000\/svg\" viewBox=\"0 0 32 32\"><path fill=\"#34af23\" d=\"M17.6 17.4q0.2 0 1.7 0.8t1.6 0.9q0 0.1 0 0.3 0 0.6-0.3 1.4-0.3 0.7-1.3 1.2t-1.8 0.5q-1 0-3.4-1.1-1.7-0.8-3-2.1t-2.6-3.3q-1.3-1.9-1.3-3.5v-0.1q0.1-1.6 1.3-2.8 0.4-0.4 0.9-0.4 0.1 0 0.3 0t0.3 0q0.3 0 0.5 0.1t0.3 0.5q0.1 0.4 0.6 1.6t0.4 1.3q0 0.4-0.6 1t-0.6 0.8q0 0.1 0.1 0.3 0.6 1.3 1.8 2.4 1 0.9 2.7 1.8 0.2 0.1 0.4 0.1 0.3 0 1-0.9t0.9-0.9zM14 26.9q2.3 0 4.3-0.9t3.6-2.4 2.4-3.6 0.9-4.3-0.9-4.3-2.4-3.6-3.6-2.4-4.3-0.9-4.3 0.9-3.6 2.4-2.4 3.6-0.9 4.3q0 3.6 2.1 6.6l-1.4 4.2 4.3-1.4q2.8 1.9 6.2 1.9zM14 2.2q2.7 0 5.2 1.1t4.3 2.9 2.9 4.3 1.1 5.2-1.1 5.2-2.9 4.3-4.3 2.9-5.2 1.1q-3.5 0-6.5-1.7l-7.4 2.4 2.4-7.2q-1.9-3.2-1.9-6.9 0-2.7 1.1-5.2t2.9-4.3 4.3-2.9 5.2-1.1z\"\/><\/svg><\/span><\/a><\/li><li class=\"shariff-button mailto shariff-nocustomcolor\" style=\"background-color:#a8a8a8\"><a href=\"mailto:?body=https%3A%2F%2Fwww.stempeltier.de%2Fblog%2Fshop%2Fstampinup-aufbewahrung%2Fstampinup-acrylblock-organizer-plus%2F&subject=Acrylblock%20Organizer%20%2B\" title=\"Per E-Mail versenden\" aria-label=\"Per E-Mail versenden\" role=\"button\" rel=\"noopener nofollow\" class=\"shariff-link\" style=\"; background-color:#999; color:#fff\"><span class=\"shariff-icon\" style=\"\"><svg width=\"32px\" height=\"20px\" xmlns=\"http:\/\/www.w3.org\/2000\/svg\" viewBox=\"0 0 32 32\"><path fill=\"#999\" d=\"M32 12.7v14.2q0 1.2-0.8 2t-2 0.9h-26.3q-1.2 0-2-0.9t-0.8-2v-14.2q0.8 0.9 1.8 1.6 6.5 4.4 8.9 6.1 1 0.8 1.6 1.2t1.7 0.9 2 0.4h0.1q0.9 0 2-0.4t1.7-0.9 1.6-1.2q3-2.2 8.9-6.1 1-0.7 1.8-1.6zM32 7.4q0 1.4-0.9 2.7t-2.2 2.2q-6.7 4.7-8.4 5.8-0.2 0.1-0.7 0.5t-1 0.7-0.9 0.6-1.1 0.5-0.9 0.2h-0.1q-0.4 0-0.9-0.2t-1.1-0.5-0.9-0.6-1-0.7-0.7-0.5q-1.6-1.1-4.7-3.2t-3.6-2.6q-1.1-0.7-2.1-2t-1-2.5q0-1.4 0.7-2.3t2.1-0.9h26.3q1.2 0 2 0.8t0.9 2z\"\/><\/svg><\/span><\/a><\/li><\/ul><\/div>","protected":false},"excerpt":{"rendered":"<p data-start=\"338\" data-end=\"664\">Dank durchdachtem Design findest du im Handumdrehen genau den Block, den du gerade brauchst \u2013 kein langes Suchen mehr, kein Durcheinander auf dem Basteltisch. Die stabilen F\u00e4cher sch\u00fctzen deine Stempelbl\u00f6cke vor Kratzern und Besch\u00e4digungen, w\u00e4hrend das kompakte Format perfekt in dein Regal oder auf deinen Arbeitsplatz passt.<\/p>\n<p data-start=\"666\" data-end=\"914\" data-is-last-node=\"\" data-is-only-node=\"\">Mehr \u00dcbersicht, mehr Effizienz, mehr Freude am Kreativsein: Mit diesem Organizer schaffst du dir den Raum, dich ganz auf deine Ideen zu konzentrieren. Ideal f\u00fcr Anf\u00e4nger und Profis gleicherma\u00dfen \u2013 ein Must-have f\u00fcr jedes gut sortierte Bastelzimmer.<\/p>\n","protected":false},"featured_media":17988,"template":"","meta":{"jetpack_post_was_ever_published":false},"product_brand":[1072],"product_cat":[1071],"product_tag":[1073,1075,1074],"class_list":{"0":"post-17889","1":"product","2":"type-product","3":"status-publish","4":"has-post-thumbnail","6":"product_brand-stempeltier","7":"product_cat-stampinup-aufbewahrung","8":"product_tag-acrylblock","9":"product_tag-organizer","10":"product_tag-stempelblock","12":"first","13":"instock","14":"featured","15":"shipping-taxable","16":"purchasable","17":"product-type-simple"},"yoast_head":"<!-- This site is optimized with the Yoast SEO plugin v27.4 - https:\/\/yoast.com\/product\/yoast-seo-wordpress\/ -->\n<title>Acrylblock Organizer + - Stempeltier<\/title>\n<meta name=\"description\" content=\"Praktischer Organizer f\u00fcr Stempelbl\u00f6cke: sichere Aufbewahrung, schneller Zugriff und perfekte Ordnung f\u00fcr dein Bastelzubeh\u00f6r. Ideal f\u00fcr Scrapbooking &amp; DIY\" \/>\n<meta name=\"robots\" content=\"index, follow, max-snippet:-1, max-image-preview:large, max-video-preview:-1\" \/>\n<link rel=\"canonical\" href=\"https:\/\/www.stempeltier.de\/blog\/shop\/stampinup-aufbewahrung\/stampinup-acrylblock-organizer-plus\/\" \/>\n<meta property=\"og:locale\" content=\"de_DE\" \/>\n<meta property=\"og:type\" content=\"article\" \/>\n<meta property=\"og:title\" content=\"Acrylblock Organizer + - Stempeltier\" \/>\n<meta property=\"og:description\" content=\"Praktischer Organizer f\u00fcr Stempelbl\u00f6cke: sichere Aufbewahrung, schneller Zugriff und perfekte Ordnung f\u00fcr dein Bastelzubeh\u00f6r. Ideal f\u00fcr Scrapbooking &amp; DIY\" \/>\n<meta property=\"og:url\" content=\"https:\/\/www.stempeltier.de\/blog\/shop\/stampinup-aufbewahrung\/stampinup-acrylblock-organizer-plus\/\" \/>\n<meta property=\"og:site_name\" content=\"Stempeltier\" \/>\n<meta property=\"article:publisher\" content=\"http:\/\/www.facebook.com\/DasStempeltier\" \/>\n<meta property=\"article:modified_time\" content=\"2026-04-16T19:50:21+00:00\" \/>\n<meta property=\"og:image\" content=\"https:\/\/www.stempeltier.de\/blog\/wp-content\/uploads\/2025\/03\/1000344901.jpg\" \/>\n\t<meta property=\"og:image:width\" content=\"1920\" \/>\n\t<meta property=\"og:image:height\" content=\"2560\" \/>\n\t<meta property=\"og:image:type\" content=\"image\/jpeg\" \/>\n<meta name=\"twitter:card\" content=\"summary_large_image\" \/>\n<meta name=\"twitter:label1\" content=\"Gesch\u00e4tzte Lesezeit\" \/>\n\t<meta name=\"twitter:data1\" content=\"1\u00a0Minute\" \/>\n<script type=\"application\/ld+json\" class=\"yoast-schema-graph\">{\"@context\":\"https:\\\/\\\/schema.org\",\"@graph\":[{\"@type\":\"WebPage\",\"@id\":\"https:\\\/\\\/www.stempeltier.de\\\/blog\\\/shop\\\/stampinup-aufbewahrung\\\/stampinup-acrylblock-organizer-plus\\\/\",\"url\":\"https:\\\/\\\/www.stempeltier.de\\\/blog\\\/shop\\\/stampinup-aufbewahrung\\\/stampinup-acrylblock-organizer-plus\\\/\",\"name\":\"Acrylblock Organizer + - Stempeltier\",\"isPartOf\":{\"@id\":\"https:\\\/\\\/www.stempeltier.de\\\/blog\\\/#website\"},\"primaryImageOfPage\":{\"@id\":\"https:\\\/\\\/www.stempeltier.de\\\/blog\\\/shop\\\/stampinup-aufbewahrung\\\/stampinup-acrylblock-organizer-plus\\\/#primaryimage\"},\"image\":{\"@id\":\"https:\\\/\\\/www.stempeltier.de\\\/blog\\\/shop\\\/stampinup-aufbewahrung\\\/stampinup-acrylblock-organizer-plus\\\/#primaryimage\"},\"thumbnailUrl\":\"https:\\\/\\\/www.stempeltier.de\\\/blog\\\/wp-content\\\/uploads\\\/2025\\\/03\\\/1000344901.jpg\",\"datePublished\":\"2025-03-12T15:41:46+00:00\",\"dateModified\":\"2026-04-16T19:50:21+00:00\",\"description\":\"Praktischer Organizer f\u00fcr Stempelbl\u00f6cke: sichere Aufbewahrung, schneller Zugriff und perfekte Ordnung f\u00fcr dein Bastelzubeh\u00f6r. Ideal f\u00fcr Scrapbooking & DIY\",\"breadcrumb\":{\"@id\":\"https:\\\/\\\/www.stempeltier.de\\\/blog\\\/shop\\\/stampinup-aufbewahrung\\\/stampinup-acrylblock-organizer-plus\\\/#breadcrumb\"},\"inLanguage\":\"de\",\"potentialAction\":[{\"@type\":\"ReadAction\",\"target\":[\"https:\\\/\\\/www.stempeltier.de\\\/blog\\\/shop\\\/stampinup-aufbewahrung\\\/stampinup-acrylblock-organizer-plus\\\/\"]}]},{\"@type\":\"ImageObject\",\"inLanguage\":\"de\",\"@id\":\"https:\\\/\\\/www.stempeltier.de\\\/blog\\\/shop\\\/stampinup-aufbewahrung\\\/stampinup-acrylblock-organizer-plus\\\/#primaryimage\",\"url\":\"https:\\\/\\\/www.stempeltier.de\\\/blog\\\/wp-content\\\/uploads\\\/2025\\\/03\\\/1000344901.jpg\",\"contentUrl\":\"https:\\\/\\\/www.stempeltier.de\\\/blog\\\/wp-content\\\/uploads\\\/2025\\\/03\\\/1000344901.jpg\",\"width\":1920,\"height\":2560},{\"@type\":\"BreadcrumbList\",\"@id\":\"https:\\\/\\\/www.stempeltier.de\\\/blog\\\/shop\\\/stampinup-aufbewahrung\\\/stampinup-acrylblock-organizer-plus\\\/#breadcrumb\",\"itemListElement\":[{\"@type\":\"ListItem\",\"position\":1,\"name\":\"Startseite\",\"item\":\"https:\\\/\\\/www.stempeltier.de\\\/blog\\\/\"},{\"@type\":\"ListItem\",\"position\":2,\"name\":\"Shop\",\"item\":\"https:\\\/\\\/www.stempeltier.de\\\/blog\\\/shop\\\/\"},{\"@type\":\"ListItem\",\"position\":3,\"name\":\"Acrylblock Organizer +\"}]},{\"@type\":\"WebSite\",\"@id\":\"https:\\\/\\\/www.stempeltier.de\\\/blog\\\/#website\",\"url\":\"https:\\\/\\\/www.stempeltier.de\\\/blog\\\/\",\"name\":\"Stempeltier\",\"description\":\"Kreative Gl\u00fccksmomente aus Papier\",\"potentialAction\":[{\"@type\":\"SearchAction\",\"target\":{\"@type\":\"EntryPoint\",\"urlTemplate\":\"https:\\\/\\\/www.stempeltier.de\\\/blog\\\/?s={search_term_string}\"},\"query-input\":{\"@type\":\"PropertyValueSpecification\",\"valueRequired\":true,\"valueName\":\"search_term_string\"}}],\"inLanguage\":\"de\"}]}<\/script>\n<!-- \/ Yoast SEO plugin. -->","yoast_head_json":{"title":"Acrylblock Organizer + - Stempeltier","description":"Praktischer Organizer f\u00fcr Stempelbl\u00f6cke: sichere Aufbewahrung, schneller Zugriff und perfekte Ordnung f\u00fcr dein Bastelzubeh\u00f6r. Ideal f\u00fcr Scrapbooking & DIY","robots":{"index":"index","follow":"follow","max-snippet":"max-snippet:-1","max-image-preview":"max-image-preview:large","max-video-preview":"max-video-preview:-1"},"canonical":"https:\/\/www.stempeltier.de\/blog\/shop\/stampinup-aufbewahrung\/stampinup-acrylblock-organizer-plus\/","og_locale":"de_DE","og_type":"article","og_title":"Acrylblock Organizer + - Stempeltier","og_description":"Praktischer Organizer f\u00fcr Stempelbl\u00f6cke: sichere Aufbewahrung, schneller Zugriff und perfekte Ordnung f\u00fcr dein Bastelzubeh\u00f6r. Ideal f\u00fcr Scrapbooking & DIY","og_url":"https:\/\/www.stempeltier.de\/blog\/shop\/stampinup-aufbewahrung\/stampinup-acrylblock-organizer-plus\/","og_site_name":"Stempeltier","article_publisher":"http:\/\/www.facebook.com\/DasStempeltier","article_modified_time":"2026-04-16T19:50:21+00:00","og_image":[{"width":1920,"height":2560,"url":"https:\/\/www.stempeltier.de\/blog\/wp-content\/uploads\/2025\/03\/1000344901.jpg","type":"image\/jpeg"}],"twitter_card":"summary_large_image","twitter_misc":{"Gesch\u00e4tzte Lesezeit":"1\u00a0Minute"},"schema":{"@context":"https:\/\/schema.org","@graph":[{"@type":"WebPage","@id":"https:\/\/www.stempeltier.de\/blog\/shop\/stampinup-aufbewahrung\/stampinup-acrylblock-organizer-plus\/","url":"https:\/\/www.stempeltier.de\/blog\/shop\/stampinup-aufbewahrung\/stampinup-acrylblock-organizer-plus\/","name":"Acrylblock Organizer + - Stempeltier","isPartOf":{"@id":"https:\/\/www.stempeltier.de\/blog\/#website"},"primaryImageOfPage":{"@id":"https:\/\/www.stempeltier.de\/blog\/shop\/stampinup-aufbewahrung\/stampinup-acrylblock-organizer-plus\/#primaryimage"},"image":{"@id":"https:\/\/www.stempeltier.de\/blog\/shop\/stampinup-aufbewahrung\/stampinup-acrylblock-organizer-plus\/#primaryimage"},"thumbnailUrl":"https:\/\/www.stempeltier.de\/blog\/wp-content\/uploads\/2025\/03\/1000344901.jpg","datePublished":"2025-03-12T15:41:46+00:00","dateModified":"2026-04-16T19:50:21+00:00","description":"Praktischer Organizer f\u00fcr Stempelbl\u00f6cke: sichere Aufbewahrung, schneller Zugriff und perfekte Ordnung f\u00fcr dein Bastelzubeh\u00f6r. Ideal f\u00fcr Scrapbooking & DIY","breadcrumb":{"@id":"https:\/\/www.stempeltier.de\/blog\/shop\/stampinup-aufbewahrung\/stampinup-acrylblock-organizer-plus\/#breadcrumb"},"inLanguage":"de","potentialAction":[{"@type":"ReadAction","target":["https:\/\/www.stempeltier.de\/blog\/shop\/stampinup-aufbewahrung\/stampinup-acrylblock-organizer-plus\/"]}]},{"@type":"ImageObject","inLanguage":"de","@id":"https:\/\/www.stempeltier.de\/blog\/shop\/stampinup-aufbewahrung\/stampinup-acrylblock-organizer-plus\/#primaryimage","url":"https:\/\/www.stempeltier.de\/blog\/wp-content\/uploads\/2025\/03\/1000344901.jpg","contentUrl":"https:\/\/www.stempeltier.de\/blog\/wp-content\/uploads\/2025\/03\/1000344901.jpg","width":1920,"height":2560},{"@type":"BreadcrumbList","@id":"https:\/\/www.stempeltier.de\/blog\/shop\/stampinup-aufbewahrung\/stampinup-acrylblock-organizer-plus\/#breadcrumb","itemListElement":[{"@type":"ListItem","position":1,"name":"Startseite","item":"https:\/\/www.stempeltier.de\/blog\/"},{"@type":"ListItem","position":2,"name":"Shop","item":"https:\/\/www.stempeltier.de\/blog\/shop\/"},{"@type":"ListItem","position":3,"name":"Acrylblock Organizer +"}]},{"@type":"WebSite","@id":"https:\/\/www.stempeltier.de\/blog\/#website","url":"https:\/\/www.stempeltier.de\/blog\/","name":"Stempeltier","description":"Kreative Gl\u00fccksmomente aus Papier","potentialAction":[{"@type":"SearchAction","target":{"@type":"EntryPoint","urlTemplate":"https:\/\/www.stempeltier.de\/blog\/?s={search_term_string}"},"query-input":{"@type":"PropertyValueSpecification","valueRequired":true,"valueName":"search_term_string"}}],"inLanguage":"de"}]}},"jetpack-related-posts":[{"id":19194,"url":"https:\/\/www.stempeltier.de\/blog\/shop\/bastelgrundausstattung\/kleber\/stampinup-tombow-halter-staender\/","url_meta":{"origin":17889,"position":0},"title":"Tombow St\u00e4nder","author":"Danny","date":"2. Januar 2026","format":false,"excerpt":"St\u00e4nder f\u00fcr 1 Fl\u00fcssigkleber der Marke Tombow\u2122 (Hinweis: Der Kleber ist nicht enhalten, kann separate erworben werden) Farben: wei\u00df, schwar, Anthrazit Limited Edition: Limette , dunkle Osterglocke, Wassermelone, T\u00fcrkis, Glutrot, Anthrazitgrau matt, neu \ud83e\udd29\ud83e\udd29\ud83e\udd29 Boho-Beige Marineblau, Brombeermousse, Heidebl\u00fcte, Kirschbl\u00fctenrosa Sonderfarbe: Einhorn \ud83e\udd84 und Cotton Candy \ud83c\udf6d","rel":"","context":"\u00c4hnlicher Beitrag","block_context":{"text":"\u00c4hnlicher Beitrag","link":""},"img":{"alt_text":"","src":"https:\/\/i0.wp.com\/www.stempeltier.de\/blog\/wp-content\/uploads\/2026\/01\/1000488163.jpg?resize=350%2C200&ssl=1","width":350,"height":200,"srcset":"https:\/\/i0.wp.com\/www.stempeltier.de\/blog\/wp-content\/uploads\/2026\/01\/1000488163.jpg?resize=350%2C200&ssl=1 1x, https:\/\/i0.wp.com\/www.stempeltier.de\/blog\/wp-content\/uploads\/2026\/01\/1000488163.jpg?resize=525%2C300&ssl=1 1.5x, https:\/\/i0.wp.com\/www.stempeltier.de\/blog\/wp-content\/uploads\/2026\/01\/1000488163.jpg?resize=700%2C400&ssl=1 2x, https:\/\/i0.wp.com\/www.stempeltier.de\/blog\/wp-content\/uploads\/2026\/01\/1000488163.jpg?resize=1050%2C600&ssl=1 3x, https:\/\/i0.wp.com\/www.stempeltier.de\/blog\/wp-content\/uploads\/2026\/01\/1000488163.jpg?resize=1400%2C800&ssl=1 4x"},"classes":[]},{"id":17890,"url":"https:\/\/www.stempeltier.de\/blog\/shop\/stampinup-aufbewahrung\/kleber-organizer-plus\/","url_meta":{"origin":17889,"position":1},"title":"Organizer Deluxe","author":"Danny","date":"12. M\u00e4rz 2025","format":false,"excerpt":"Aufbewahrung f\u00fcr alle Kleber der Marke Stampin' Up!\u00ae\u00a0 (Fl\u00fcssigkleber, Stampin' Dimensionals\u00ae, Flink und Fest, Flink und Fest+, Abreissklebeband, Mini Klebepunkte, Pr\u00e4zisionskleber, sowie Platz f\u00fcr : Reinigungskissen (Stampin'Scrub\u00ae) Stempel- und Perforiermatte Papierfalter Papierschere Wink of Stella\u00a0 (oder anderer Stift) Aufhebhelfer Standardfarben:\u00a0 schwarz, wei\u00df, Sonderfarben:\u00a0\u00a0\u00a0 Anthrazit matt, Limette, dunkle Osterglocke, Wassermelone, Glutrot,\u2026","rel":"","context":"\u00c4hnlicher Beitrag","block_context":{"text":"\u00c4hnlicher Beitrag","link":""},"img":{"alt_text":"","src":"https:\/\/i0.wp.com\/www.stempeltier.de\/blog\/wp-content\/uploads\/2025\/03\/1000385575.jpg?resize=350%2C200&ssl=1","width":350,"height":200,"srcset":"https:\/\/i0.wp.com\/www.stempeltier.de\/blog\/wp-content\/uploads\/2025\/03\/1000385575.jpg?resize=350%2C200&ssl=1 1x, https:\/\/i0.wp.com\/www.stempeltier.de\/blog\/wp-content\/uploads\/2025\/03\/1000385575.jpg?resize=525%2C300&ssl=1 1.5x, https:\/\/i0.wp.com\/www.stempeltier.de\/blog\/wp-content\/uploads\/2025\/03\/1000385575.jpg?resize=700%2C400&ssl=1 2x, https:\/\/i0.wp.com\/www.stempeltier.de\/blog\/wp-content\/uploads\/2025\/03\/1000385575.jpg?resize=1050%2C600&ssl=1 3x, https:\/\/i0.wp.com\/www.stempeltier.de\/blog\/wp-content\/uploads\/2025\/03\/1000385575.jpg?resize=1400%2C800&ssl=1 4x"},"classes":[]},{"id":18946,"url":"https:\/\/www.stempeltier.de\/blog\/shop\/bastelgrundausstattung\/mini-bloecke-blanko\/","url_meta":{"origin":17889,"position":2},"title":"Mini Bl\u00f6cke (5er)","author":"Danny","date":"8. Oktober 2025","format":false,"excerpt":"5 x Mini Bl\u00f6cke blanko im Format 7 x 14 cm zum Verzieren und Basteln sind hinten verleimt und mit stabiler Pappr\u00fcckwand.","rel":"","context":"\u00c4hnlicher Beitrag","block_context":{"text":"\u00c4hnlicher Beitrag","link":""},"img":{"alt_text":"","src":"https:\/\/i0.wp.com\/www.stempeltier.de\/blog\/wp-content\/uploads\/2025\/10\/1000441754.jpg?resize=350%2C200&ssl=1","width":350,"height":200,"srcset":"https:\/\/i0.wp.com\/www.stempeltier.de\/blog\/wp-content\/uploads\/2025\/10\/1000441754.jpg?resize=350%2C200&ssl=1 1x, https:\/\/i0.wp.com\/www.stempeltier.de\/blog\/wp-content\/uploads\/2025\/10\/1000441754.jpg?resize=525%2C300&ssl=1 1.5x, https:\/\/i0.wp.com\/www.stempeltier.de\/blog\/wp-content\/uploads\/2025\/10\/1000441754.jpg?resize=700%2C400&ssl=1 2x, https:\/\/i0.wp.com\/www.stempeltier.de\/blog\/wp-content\/uploads\/2025\/10\/1000441754.jpg?resize=1050%2C600&ssl=1 3x, https:\/\/i0.wp.com\/www.stempeltier.de\/blog\/wp-content\/uploads\/2025\/10\/1000441754.jpg?resize=1400%2C800&ssl=1 4x"},"classes":[]},{"id":18947,"url":"https:\/\/www.stempeltier.de\/blog\/shop\/bastelgrundausstattung\/mini-bloecke-blanko-2\/","url_meta":{"origin":17889,"position":3},"title":"Mini Bl\u00f6cke (10er)","author":"Danny","date":"8. Oktober 2025","format":false,"excerpt":"10 x Mini Bl\u00f6cke blanko im Format 7 x 14 cm zum Verzieren und Basteln sind hinten verleimt und mit stabiler Pappr\u00fcckwand.","rel":"","context":"\u00c4hnlicher Beitrag","block_context":{"text":"\u00c4hnlicher Beitrag","link":""},"img":{"alt_text":"","src":"","width":0,"height":0},"classes":[]},{"id":18956,"url":"https:\/\/www.stempeltier.de\/blog\/shop\/bastelgrundausstattung\/mini-bloecke-blanko-3\/","url_meta":{"origin":17889,"position":4},"title":"Mini Bl\u00f6cke DIN A7 (5er)","author":"Danny","date":"15. Oktober 2025","format":false,"excerpt":"5 x Mini Bl\u00f6cke blanko im Format DIN A7\/ je 50 Blatt zum Verzieren und Basteln sind hinten verleimt und mit stabiler Pappr\u00fcckwand.","rel":"","context":"\u00c4hnlicher Beitrag","block_context":{"text":"\u00c4hnlicher Beitrag","link":""},"img":{"alt_text":"","src":"https:\/\/i0.wp.com\/www.stempeltier.de\/blog\/wp-content\/uploads\/2025\/10\/1000445217.jpg?resize=350%2C200&ssl=1","width":350,"height":200,"srcset":"https:\/\/i0.wp.com\/www.stempeltier.de\/blog\/wp-content\/uploads\/2025\/10\/1000445217.jpg?resize=350%2C200&ssl=1 1x, https:\/\/i0.wp.com\/www.stempeltier.de\/blog\/wp-content\/uploads\/2025\/10\/1000445217.jpg?resize=525%2C300&ssl=1 1.5x, https:\/\/i0.wp.com\/www.stempeltier.de\/blog\/wp-content\/uploads\/2025\/10\/1000445217.jpg?resize=700%2C400&ssl=1 2x, https:\/\/i0.wp.com\/www.stempeltier.de\/blog\/wp-content\/uploads\/2025\/10\/1000445217.jpg?resize=1050%2C600&ssl=1 3x, https:\/\/i0.wp.com\/www.stempeltier.de\/blog\/wp-content\/uploads\/2025\/10\/1000445217.jpg?resize=1400%2C800&ssl=1 4x"},"classes":[]},{"id":18319,"url":"https:\/\/www.stempeltier.de\/blog\/shop\/materialpakete\/kits-kreativsets\/stampinup-incolor-farbkarton-wolkenmeer-2-2\/","url_meta":{"origin":17889,"position":5},"title":"Kirschbl\u00fcten Kit","author":"Danny","date":"1. Juli 2025","format":false,"excerpt":"Inhalt des Sets: * Klarsichtstempelset Kirschbl\u00fcten-Schachteln * Transparenter Stempelblock * Klassischer Stampin\u2019 Spot in Espresso * Vorgeplante Projekte * Schritt-f\u00fcr-Schritt-Anleitungen * Vorgeschnittene Elemente (keine Vorbereitung n\u00f6tig, also sofort bastelbereit!) * F\u00fcr 12 Schachteln: * 2\" x 2\" x 2\" (5,1 x 5,1 x 5,1 cm) * Ausreichend Klebemittel zum Fertigstellen\u2026","rel":"","context":"\u00c4hnlicher Beitrag","block_context":{"text":"\u00c4hnlicher Beitrag","link":""},"img":{"alt_text":"","src":"https:\/\/i0.wp.com\/www.stempeltier.de\/blog\/wp-content\/uploads\/2025\/07\/1000383860.jpg?resize=350%2C200&ssl=1","width":350,"height":200,"srcset":"https:\/\/i0.wp.com\/www.stempeltier.de\/blog\/wp-content\/uploads\/2025\/07\/1000383860.jpg?resize=350%2C200&ssl=1 1x, https:\/\/i0.wp.com\/www.stempeltier.de\/blog\/wp-content\/uploads\/2025\/07\/1000383860.jpg?resize=525%2C300&ssl=1 1.5x, https:\/\/i0.wp.com\/www.stempeltier.de\/blog\/wp-content\/uploads\/2025\/07\/1000383860.jpg?resize=700%2C400&ssl=1 2x, https:\/\/i0.wp.com\/www.stempeltier.de\/blog\/wp-content\/uploads\/2025\/07\/1000383860.jpg?resize=1050%2C600&ssl=1 3x, https:\/\/i0.wp.com\/www.stempeltier.de\/blog\/wp-content\/uploads\/2025\/07\/1000383860.jpg?resize=1400%2C800&ssl=1 4x"},"classes":[]}],"jetpack_sharing_enabled":true,"_links":{"self":[{"href":"https:\/\/www.stempeltier.de\/blog\/wp-json\/wp\/v2\/product\/17889","targetHints":{"allow":["GET"]}}],"collection":[{"href":"https:\/\/www.stempeltier.de\/blog\/wp-json\/wp\/v2\/product"}],"about":[{"href":"https:\/\/www.stempeltier.de\/blog\/wp-json\/wp\/v2\/types\/product"}],"wp:featuredmedia":[{"embeddable":true,"href":"https:\/\/www.stempeltier.de\/blog\/wp-json\/wp\/v2\/media\/17988"}],"wp:attachment":[{"href":"https:\/\/www.stempeltier.de\/blog\/wp-json\/wp\/v2\/media?parent=17889"}],"wp:term":[{"taxonomy":"product_brand","embeddable":true,"href":"https:\/\/www.stempeltier.de\/blog\/wp-json\/wp\/v2\/product_brand?post=17889"},{"taxonomy":"product_cat","embeddable":true,"href":"https:\/\/www.stempeltier.de\/blog\/wp-json\/wp\/v2\/product_cat?post=17889"},{"taxonomy":"product_tag","embeddable":true,"href":"https:\/\/www.stempeltier.de\/blog\/wp-json\/wp\/v2\/product_tag?post=17889"}],"curies":[{"name":"wp","href":"https:\/\/api.w.org\/{rel}","templated":true}]}}