{"id":16218,"date":"2024-04-11T22:42:49","date_gmt":"2024-04-11T20:42:49","guid":{"rendered":"https:\/\/www.stempeltier.de\/blog\/?post_type=product&#038;p=16218"},"modified":"2025-07-10T18:52:47","modified_gmt":"2025-07-10T16:52:47","slug":"stampinup_farbfamilien-schnupperpaket","status":"publish","type":"product","link":"https:\/\/www.stempeltier.de\/blog\/shop\/materialpakete\/probierpakete\/stampinup_farbfamilien-schnupperpaket\/","title":{"rendered":"Farbfamilien Schnupperpaket"},"content":{"rendered":"<h2><strong>Farbfamilien Kennenlernpaket Mini<\/strong><\/h2>\n<p>Dieses Schnupperpaket enth\u00e4lt:<\/p>\n<ul>\n<li>10 Blatt Designerpapier\n<p>in der von dir gew\u00e4hlten Farbfamilie (6\u00d76\u2033 bzw. 15,2 x 15,2 cm)<\/li>\n<li>10 Blatt Farbkarton DinA4 (je 1 Bogen pro Farbe)<\/li>\n<li> 5 Blatt Grundwei\u00df normaler Farbkarton DinA4<\/li>\n<\/ul>\n<p>Bitte nenne mir im Anschluss deiner Bestellung deinen <strong>Farbfamilienwunsch<\/strong>. Du kannst w\u00e4hlen aus Pastellfarben, Signalfarben, Prachtfarben. Neutralfarben und den jeweils aktuellen InColor Farben (bei InColor verdoppelt sich die Anzahl pro Farbe da nur 5 statt 10 Farben enthalten sind)<\/p>\n<p>Die Probierpakete werden jeweils am 1. des Monats bestellt und im Anschluss innerhalb 2-3 Werktagen an dich versendet.<\/p>\n<div class=\"shariff shariff-align-center shariff-widget-align-left\" data-services=\"facebook%7Cpinterest\" data-url=\"https:\/\/www.stempeltier.de\/blog\/shop\/materialpakete\/probierpakete\/stampinup_farbfamilien-schnupperpaket\/\" data-timestamp=\"1752173567\" data-backendurl=\"https:\/\/www.stempeltier.de\/blog\/wp-json\/shariff\/v1\/share_counts?\"><div class=\"ShariffHeadline\">Sharing is caring - Teilen erlaubt<\/div><ul class=\"shariff-buttons theme-round orientation-horizontal buttonsize-medium\"><li class=\"shariff-button facebook shariff-nocustomcolor\" style=\"background-color:#4273c8\"><a href=\"https:\/\/www.facebook.com\/sharer\/sharer.php?u=https%3A%2F%2Fwww.stempeltier.de%2Fblog%2Fshop%2Fmaterialpakete%2Fprobierpakete%2Fstampinup_farbfamilien-schnupperpaket%2F\" title=\"Bei Facebook teilen\" aria-label=\"Bei Facebook teilen\" role=\"button\" rel=\"nofollow\" class=\"shariff-link\" style=\"; background-color:#3b5998; color:#fff\" target=\"_blank\"><span class=\"shariff-icon\" style=\"\"><svg width=\"32px\" height=\"20px\" xmlns=\"http:\/\/www.w3.org\/2000\/svg\" viewBox=\"0 0 18 32\"><path fill=\"#3b5998\" d=\"M17.1 0.2v4.7h-2.8q-1.5 0-2.1 0.6t-0.5 1.9v3.4h5.2l-0.7 5.3h-4.5v13.6h-5.5v-13.6h-4.5v-5.3h4.5v-3.9q0-3.3 1.9-5.2t5-1.8q2.6 0 4.1 0.2z\"\/><\/svg><\/span><span data-service=\"facebook\" style=\"color:#3b5998\" class=\"shariff-count shariff-hidezero\"><\/span>&nbsp;<\/a><\/li><li class=\"shariff-button twitter shariff-nocustomcolor\" style=\"background-color:#595959\"><a href=\"https:\/\/twitter.com\/share?url=https%3A%2F%2Fwww.stempeltier.de%2Fblog%2Fshop%2Fmaterialpakete%2Fprobierpakete%2Fstampinup_farbfamilien-schnupperpaket%2F&text=Farbfamilien%20Schnupperpaket\" title=\"Bei X teilen\" aria-label=\"Bei X teilen\" role=\"button\" rel=\"noopener nofollow\" class=\"shariff-link\" style=\"; background-color:#000; color:#fff\" target=\"_blank\"><span class=\"shariff-icon\" style=\"\"><svg width=\"32px\" height=\"20px\" xmlns=\"http:\/\/www.w3.org\/2000\/svg\" viewBox=\"0 0 24 24\"><path fill=\"#000\" d=\"M14.258 10.152L23.176 0h-2.113l-7.747 8.813L7.133 0H0l9.352 13.328L0 23.973h2.113l8.176-9.309 6.531 9.309h7.133zm-2.895 3.293l-.949-1.328L2.875 1.56h3.246l6.086 8.523.945 1.328 7.91 11.078h-3.246zm0 0\"\/><\/svg><\/span><\/a><\/li><li class=\"shariff-button pinterest shariff-nocustomcolor\" style=\"background-color:#e70f18\"><a href=\"https:\/\/www.pinterest.com\/pin\/create\/link\/?url=https%3A%2F%2Fwww.stempeltier.de%2Fblog%2Fshop%2Fmaterialpakete%2Fprobierpakete%2Fstampinup_farbfamilien-schnupperpaket%2F&media=https%3A%2F%2Fwww.stempeltier.de%2Fblog%2Fwp-content%2Fuploads%2F2021%2F04%2FPicsArt_04-16-04.37.53.jpg&description=Farbfamilien%20Schnupperpaket\" title=\"Bei Pinterest pinnen\" aria-label=\"Bei Pinterest pinnen\" role=\"button\" rel=\"noopener nofollow\" class=\"shariff-link\" style=\"; background-color:#cb2027; color:#fff\" target=\"_blank\"><span class=\"shariff-icon\" style=\"\"><svg width=\"32px\" height=\"20px\" xmlns=\"http:\/\/www.w3.org\/2000\/svg\" viewBox=\"0 0 27 32\"><path fill=\"#cb2027\" d=\"M27.4 16q0 3.7-1.8 6.9t-5 5-6.9 1.9q-2 0-3.9-0.6 1.1-1.7 1.4-2.9 0.2-0.6 1-3.8 0.4 0.7 1.3 1.2t2 0.5q2.1 0 3.8-1.2t2.7-3.4 0.9-4.8q0-2-1.1-3.8t-3.1-2.9-4.5-1.2q-1.9 0-3.5 0.5t-2.8 1.4-2 2-1.2 2.3-0.4 2.4q0 1.9 0.7 3.3t2.1 2q0.5 0.2 0.7-0.4 0-0.1 0.1-0.5t0.2-0.5q0.1-0.4-0.2-0.8-0.9-1.1-0.9-2.7 0-2.7 1.9-4.6t4.9-2q2.7 0 4.2 1.5t1.5 3.8q0 3-1.2 5.2t-3.1 2.1q-1.1 0-1.7-0.8t-0.4-1.9q0.1-0.6 0.5-1.7t0.5-1.8 0.2-1.4q0-0.9-0.5-1.5t-1.4-0.6q-1.1 0-1.9 1t-0.8 2.6q0 1.3 0.4 2.2l-1.8 7.5q-0.3 1.2-0.2 3.2-3.7-1.6-6-5t-2.3-7.6q0-3.7 1.9-6.9t5-5 6.9-1.9 6.9 1.9 5 5 1.8 6.9z\"\/><\/svg><\/span><span data-service=\"pinterest\" style=\"color:#cb2027\" class=\"shariff-count shariff-hidezero\"><\/span>&nbsp;<\/a><\/li><li class=\"shariff-button whatsapp shariff-nocustomcolor\" style=\"background-color:#5cbe4a\"><a href=\"https:\/\/api.whatsapp.com\/send?text=https%3A%2F%2Fwww.stempeltier.de%2Fblog%2Fshop%2Fmaterialpakete%2Fprobierpakete%2Fstampinup_farbfamilien-schnupperpaket%2F%20Farbfamilien%20Schnupperpaket\" title=\"Bei Whatsapp teilen\" aria-label=\"Bei Whatsapp teilen\" role=\"button\" rel=\"noopener nofollow\" class=\"shariff-link\" style=\"; background-color:#34af23; color:#fff\" target=\"_blank\"><span class=\"shariff-icon\" style=\"\"><svg width=\"32px\" height=\"20px\" xmlns=\"http:\/\/www.w3.org\/2000\/svg\" viewBox=\"0 0 32 32\"><path fill=\"#34af23\" d=\"M17.6 17.4q0.2 0 1.7 0.8t1.6 0.9q0 0.1 0 0.3 0 0.6-0.3 1.4-0.3 0.7-1.3 1.2t-1.8 0.5q-1 0-3.4-1.1-1.7-0.8-3-2.1t-2.6-3.3q-1.3-1.9-1.3-3.5v-0.1q0.1-1.6 1.3-2.8 0.4-0.4 0.9-0.4 0.1 0 0.3 0t0.3 0q0.3 0 0.5 0.1t0.3 0.5q0.1 0.4 0.6 1.6t0.4 1.3q0 0.4-0.6 1t-0.6 0.8q0 0.1 0.1 0.3 0.6 1.3 1.8 2.4 1 0.9 2.7 1.8 0.2 0.1 0.4 0.1 0.3 0 1-0.9t0.9-0.9zM14 26.9q2.3 0 4.3-0.9t3.6-2.4 2.4-3.6 0.9-4.3-0.9-4.3-2.4-3.6-3.6-2.4-4.3-0.9-4.3 0.9-3.6 2.4-2.4 3.6-0.9 4.3q0 3.6 2.1 6.6l-1.4 4.2 4.3-1.4q2.8 1.9 6.2 1.9zM14 2.2q2.7 0 5.2 1.1t4.3 2.9 2.9 4.3 1.1 5.2-1.1 5.2-2.9 4.3-4.3 2.9-5.2 1.1q-3.5 0-6.5-1.7l-7.4 2.4 2.4-7.2q-1.9-3.2-1.9-6.9 0-2.7 1.1-5.2t2.9-4.3 4.3-2.9 5.2-1.1z\"\/><\/svg><\/span><\/a><\/li><li class=\"shariff-button mailto shariff-nocustomcolor\" style=\"background-color:#a8a8a8\"><a href=\"mailto:?body=https%3A%2F%2Fwww.stempeltier.de%2Fblog%2Fshop%2Fmaterialpakete%2Fprobierpakete%2Fstampinup_farbfamilien-schnupperpaket%2F&subject=Farbfamilien%20Schnupperpaket\" title=\"Per E-Mail versenden\" aria-label=\"Per E-Mail versenden\" role=\"button\" rel=\"noopener nofollow\" class=\"shariff-link\" style=\"; background-color:#999; color:#fff\"><span class=\"shariff-icon\" style=\"\"><svg width=\"32px\" height=\"20px\" xmlns=\"http:\/\/www.w3.org\/2000\/svg\" viewBox=\"0 0 32 32\"><path fill=\"#999\" d=\"M32 12.7v14.2q0 1.2-0.8 2t-2 0.9h-26.3q-1.2 0-2-0.9t-0.8-2v-14.2q0.8 0.9 1.8 1.6 6.5 4.4 8.9 6.1 1 0.8 1.6 1.2t1.7 0.9 2 0.4h0.1q0.9 0 2-0.4t1.7-0.9 1.6-1.2q3-2.2 8.9-6.1 1-0.7 1.8-1.6zM32 7.4q0 1.4-0.9 2.7t-2.2 2.2q-6.7 4.7-8.4 5.8-0.2 0.1-0.7 0.5t-1 0.7-0.9 0.6-1.1 0.5-0.9 0.2h-0.1q-0.4 0-0.9-0.2t-1.1-0.5-0.9-0.6-1-0.7-0.7-0.5q-1.6-1.1-4.7-3.2t-3.6-2.6q-1.1-0.7-2.1-2t-1-2.5q0-1.4 0.7-2.3t2.1-0.9h26.3q1.2 0 2 0.8t0.9 2z\"\/><\/svg><\/span><\/a><\/li><\/ul><\/div>","protected":false},"excerpt":{"rendered":"<p>Zum Kennenlernen einer neuen Farbfamilie das perfekte Schnupperpaket<\/p>\n","protected":false},"featured_media":12778,"template":"","meta":{"jetpack_post_was_ever_published":false},"product_brand":[],"product_cat":[939,963,978],"product_tag":[961,960],"class_list":{"0":"post-16218","1":"product","2":"type-product","3":"status-publish","4":"has-post-thumbnail","6":"product_cat-materialpakete","7":"product_cat-papiere","8":"product_cat-probierpakete","9":"product_tag-farbfamilien","10":"product_tag-schnupperpaket","12":"first","13":"onbackorder","14":"shipping-taxable","15":"purchasable","16":"product-type-simple"},"yoast_head":"<!-- This site is optimized with the Yoast SEO plugin v27.4 - https:\/\/yoast.com\/product\/yoast-seo-wordpress\/ -->\n<title>Farbfamilien Schnupperpaket - Stempeltier<\/title>\n<meta name=\"description\" content=\"Schnupperpaket, Probierpaket deiner Wunsch Farbfamilie von Stampin&#039; Up!\u00ae wie Signalfarben, Neutralfarben, Prachtfarben, Pastellfarben oder InColor\" \/>\n<meta name=\"robots\" content=\"index, follow, max-snippet:-1, max-image-preview:large, max-video-preview:-1\" \/>\n<link rel=\"canonical\" href=\"https:\/\/www.stempeltier.de\/blog\/shop\/materialpakete\/probierpakete\/stampinup_farbfamilien-schnupperpaket\/\" \/>\n<meta property=\"og:locale\" content=\"de_DE\" \/>\n<meta property=\"og:type\" content=\"article\" \/>\n<meta property=\"og:title\" content=\"Farbfamilien Schnupperpaket - Stempeltier\" \/>\n<meta property=\"og:description\" content=\"Schnupperpaket, Probierpaket deiner Wunsch Farbfamilie von Stampin&#039; Up!\u00ae wie Signalfarben, Neutralfarben, Prachtfarben, Pastellfarben oder InColor\" \/>\n<meta property=\"og:url\" content=\"https:\/\/www.stempeltier.de\/blog\/shop\/materialpakete\/probierpakete\/stampinup_farbfamilien-schnupperpaket\/\" \/>\n<meta property=\"og:site_name\" content=\"Stempeltier\" \/>\n<meta property=\"article:publisher\" content=\"http:\/\/www.facebook.com\/DasStempeltier\" \/>\n<meta property=\"article:modified_time\" content=\"2025-07-10T16:52:47+00:00\" \/>\n<meta property=\"og:image\" content=\"https:\/\/www.stempeltier.de\/blog\/wp-content\/uploads\/2021\/04\/PicsArt_04-16-04.37.53.jpg\" \/>\n\t<meta property=\"og:image:width\" content=\"1253\" \/>\n\t<meta property=\"og:image:height\" content=\"1080\" \/>\n\t<meta property=\"og:image:type\" content=\"image\/jpeg\" \/>\n<meta name=\"twitter:card\" content=\"summary_large_image\" \/>\n<meta name=\"twitter:label1\" content=\"Gesch\u00e4tzte Lesezeit\" \/>\n\t<meta name=\"twitter:data1\" content=\"1\u00a0Minute\" \/>\n<script type=\"application\/ld+json\" class=\"yoast-schema-graph\">{\"@context\":\"https:\\\/\\\/schema.org\",\"@graph\":[{\"@type\":\"WebPage\",\"@id\":\"https:\\\/\\\/www.stempeltier.de\\\/blog\\\/shop\\\/materialpakete\\\/probierpakete\\\/stampinup_farbfamilien-schnupperpaket\\\/\",\"url\":\"https:\\\/\\\/www.stempeltier.de\\\/blog\\\/shop\\\/materialpakete\\\/probierpakete\\\/stampinup_farbfamilien-schnupperpaket\\\/\",\"name\":\"Farbfamilien Schnupperpaket - Stempeltier\",\"isPartOf\":{\"@id\":\"https:\\\/\\\/www.stempeltier.de\\\/blog\\\/#website\"},\"primaryImageOfPage\":{\"@id\":\"https:\\\/\\\/www.stempeltier.de\\\/blog\\\/shop\\\/materialpakete\\\/probierpakete\\\/stampinup_farbfamilien-schnupperpaket\\\/#primaryimage\"},\"image\":{\"@id\":\"https:\\\/\\\/www.stempeltier.de\\\/blog\\\/shop\\\/materialpakete\\\/probierpakete\\\/stampinup_farbfamilien-schnupperpaket\\\/#primaryimage\"},\"thumbnailUrl\":\"https:\\\/\\\/www.stempeltier.de\\\/blog\\\/wp-content\\\/uploads\\\/2021\\\/04\\\/PicsArt_04-16-04.37.53.jpg\",\"datePublished\":\"2024-04-11T20:42:49+00:00\",\"dateModified\":\"2025-07-10T16:52:47+00:00\",\"description\":\"Schnupperpaket, Probierpaket deiner Wunsch Farbfamilie von Stampin' Up!\u00ae wie Signalfarben, Neutralfarben, Prachtfarben, Pastellfarben oder InColor\",\"breadcrumb\":{\"@id\":\"https:\\\/\\\/www.stempeltier.de\\\/blog\\\/shop\\\/materialpakete\\\/probierpakete\\\/stampinup_farbfamilien-schnupperpaket\\\/#breadcrumb\"},\"inLanguage\":\"de\",\"potentialAction\":[{\"@type\":\"ReadAction\",\"target\":[\"https:\\\/\\\/www.stempeltier.de\\\/blog\\\/shop\\\/materialpakete\\\/probierpakete\\\/stampinup_farbfamilien-schnupperpaket\\\/\"]}]},{\"@type\":\"ImageObject\",\"inLanguage\":\"de\",\"@id\":\"https:\\\/\\\/www.stempeltier.de\\\/blog\\\/shop\\\/materialpakete\\\/probierpakete\\\/stampinup_farbfamilien-schnupperpaket\\\/#primaryimage\",\"url\":\"https:\\\/\\\/www.stempeltier.de\\\/blog\\\/wp-content\\\/uploads\\\/2021\\\/04\\\/PicsArt_04-16-04.37.53.jpg\",\"contentUrl\":\"https:\\\/\\\/www.stempeltier.de\\\/blog\\\/wp-content\\\/uploads\\\/2021\\\/04\\\/PicsArt_04-16-04.37.53.jpg\",\"width\":1253,\"height\":1080,\"caption\":\"stampin up incolor 2021 2023 schnupperpaket material kennenlern muster stempeltier\"},{\"@type\":\"BreadcrumbList\",\"@id\":\"https:\\\/\\\/www.stempeltier.de\\\/blog\\\/shop\\\/materialpakete\\\/probierpakete\\\/stampinup_farbfamilien-schnupperpaket\\\/#breadcrumb\",\"itemListElement\":[{\"@type\":\"ListItem\",\"position\":1,\"name\":\"Startseite\",\"item\":\"https:\\\/\\\/www.stempeltier.de\\\/blog\\\/\"},{\"@type\":\"ListItem\",\"position\":2,\"name\":\"Shop\",\"item\":\"https:\\\/\\\/www.stempeltier.de\\\/blog\\\/shop\\\/\"},{\"@type\":\"ListItem\",\"position\":3,\"name\":\"Farbfamilien Schnupperpaket\"}]},{\"@type\":\"WebSite\",\"@id\":\"https:\\\/\\\/www.stempeltier.de\\\/blog\\\/#website\",\"url\":\"https:\\\/\\\/www.stempeltier.de\\\/blog\\\/\",\"name\":\"Stempeltier\",\"description\":\"Kreative Gl\u00fccksmomente aus Papier\",\"potentialAction\":[{\"@type\":\"SearchAction\",\"target\":{\"@type\":\"EntryPoint\",\"urlTemplate\":\"https:\\\/\\\/www.stempeltier.de\\\/blog\\\/?s={search_term_string}\"},\"query-input\":{\"@type\":\"PropertyValueSpecification\",\"valueRequired\":true,\"valueName\":\"search_term_string\"}}],\"inLanguage\":\"de\"}]}<\/script>\n<!-- \/ Yoast SEO plugin. -->","yoast_head_json":{"title":"Farbfamilien Schnupperpaket - Stempeltier","description":"Schnupperpaket, Probierpaket deiner Wunsch Farbfamilie von Stampin' Up!\u00ae wie Signalfarben, Neutralfarben, Prachtfarben, Pastellfarben oder InColor","robots":{"index":"index","follow":"follow","max-snippet":"max-snippet:-1","max-image-preview":"max-image-preview:large","max-video-preview":"max-video-preview:-1"},"canonical":"https:\/\/www.stempeltier.de\/blog\/shop\/materialpakete\/probierpakete\/stampinup_farbfamilien-schnupperpaket\/","og_locale":"de_DE","og_type":"article","og_title":"Farbfamilien Schnupperpaket - Stempeltier","og_description":"Schnupperpaket, Probierpaket deiner Wunsch Farbfamilie von Stampin' Up!\u00ae wie Signalfarben, Neutralfarben, Prachtfarben, Pastellfarben oder InColor","og_url":"https:\/\/www.stempeltier.de\/blog\/shop\/materialpakete\/probierpakete\/stampinup_farbfamilien-schnupperpaket\/","og_site_name":"Stempeltier","article_publisher":"http:\/\/www.facebook.com\/DasStempeltier","article_modified_time":"2025-07-10T16:52:47+00:00","og_image":[{"width":1253,"height":1080,"url":"https:\/\/www.stempeltier.de\/blog\/wp-content\/uploads\/2021\/04\/PicsArt_04-16-04.37.53.jpg","type":"image\/jpeg"}],"twitter_card":"summary_large_image","twitter_misc":{"Gesch\u00e4tzte Lesezeit":"1\u00a0Minute"},"schema":{"@context":"https:\/\/schema.org","@graph":[{"@type":"WebPage","@id":"https:\/\/www.stempeltier.de\/blog\/shop\/materialpakete\/probierpakete\/stampinup_farbfamilien-schnupperpaket\/","url":"https:\/\/www.stempeltier.de\/blog\/shop\/materialpakete\/probierpakete\/stampinup_farbfamilien-schnupperpaket\/","name":"Farbfamilien Schnupperpaket - Stempeltier","isPartOf":{"@id":"https:\/\/www.stempeltier.de\/blog\/#website"},"primaryImageOfPage":{"@id":"https:\/\/www.stempeltier.de\/blog\/shop\/materialpakete\/probierpakete\/stampinup_farbfamilien-schnupperpaket\/#primaryimage"},"image":{"@id":"https:\/\/www.stempeltier.de\/blog\/shop\/materialpakete\/probierpakete\/stampinup_farbfamilien-schnupperpaket\/#primaryimage"},"thumbnailUrl":"https:\/\/www.stempeltier.de\/blog\/wp-content\/uploads\/2021\/04\/PicsArt_04-16-04.37.53.jpg","datePublished":"2024-04-11T20:42:49+00:00","dateModified":"2025-07-10T16:52:47+00:00","description":"Schnupperpaket, Probierpaket deiner Wunsch Farbfamilie von Stampin' Up!\u00ae wie Signalfarben, Neutralfarben, Prachtfarben, Pastellfarben oder InColor","breadcrumb":{"@id":"https:\/\/www.stempeltier.de\/blog\/shop\/materialpakete\/probierpakete\/stampinup_farbfamilien-schnupperpaket\/#breadcrumb"},"inLanguage":"de","potentialAction":[{"@type":"ReadAction","target":["https:\/\/www.stempeltier.de\/blog\/shop\/materialpakete\/probierpakete\/stampinup_farbfamilien-schnupperpaket\/"]}]},{"@type":"ImageObject","inLanguage":"de","@id":"https:\/\/www.stempeltier.de\/blog\/shop\/materialpakete\/probierpakete\/stampinup_farbfamilien-schnupperpaket\/#primaryimage","url":"https:\/\/www.stempeltier.de\/blog\/wp-content\/uploads\/2021\/04\/PicsArt_04-16-04.37.53.jpg","contentUrl":"https:\/\/www.stempeltier.de\/blog\/wp-content\/uploads\/2021\/04\/PicsArt_04-16-04.37.53.jpg","width":1253,"height":1080,"caption":"stampin up incolor 2021 2023 schnupperpaket material kennenlern muster stempeltier"},{"@type":"BreadcrumbList","@id":"https:\/\/www.stempeltier.de\/blog\/shop\/materialpakete\/probierpakete\/stampinup_farbfamilien-schnupperpaket\/#breadcrumb","itemListElement":[{"@type":"ListItem","position":1,"name":"Startseite","item":"https:\/\/www.stempeltier.de\/blog\/"},{"@type":"ListItem","position":2,"name":"Shop","item":"https:\/\/www.stempeltier.de\/blog\/shop\/"},{"@type":"ListItem","position":3,"name":"Farbfamilien Schnupperpaket"}]},{"@type":"WebSite","@id":"https:\/\/www.stempeltier.de\/blog\/#website","url":"https:\/\/www.stempeltier.de\/blog\/","name":"Stempeltier","description":"Kreative Gl\u00fccksmomente aus Papier","potentialAction":[{"@type":"SearchAction","target":{"@type":"EntryPoint","urlTemplate":"https:\/\/www.stempeltier.de\/blog\/?s={search_term_string}"},"query-input":{"@type":"PropertyValueSpecification","valueRequired":true,"valueName":"search_term_string"}}],"inLanguage":"de"}]}},"jetpack-related-posts":[{"id":18175,"url":"https:\/\/www.stempeltier.de\/blog\/shop\/materialpakete\/probierpakete\/stampinup-incolor-farbkarton-wolkenmeer-3\/","url_meta":{"origin":16218,"position":0},"title":"Farbkarton Paket &#8222;In color 2025-2027&#8220;","author":"Danny","date":"27. Mai 2025","format":false,"excerpt":"10 Blatt Farbkarton DinA4 je 2 pro Farbe: Wolkenmeer, Tiefseeblau, K\u00fckengelb, Rhabarberrot, Tigerorange Die Bestellungen f\u00fcr Probierpakete werden gesammelt und jeweils am 1. und 15. eines Monats bei SU bestellt. Die Lieferzeit betr\u00e4gt ca. 1 Woche.","rel":"","context":"\u00c4hnlicher Beitrag","block_context":{"text":"\u00c4hnlicher Beitrag","link":""},"img":{"alt_text":"","src":"https:\/\/i0.wp.com\/www.stempeltier.de\/blog\/wp-content\/uploads\/2025\/05\/1000364386.jpg?resize=350%2C200&ssl=1","width":350,"height":200,"srcset":"https:\/\/i0.wp.com\/www.stempeltier.de\/blog\/wp-content\/uploads\/2025\/05\/1000364386.jpg?resize=350%2C200&ssl=1 1x, https:\/\/i0.wp.com\/www.stempeltier.de\/blog\/wp-content\/uploads\/2025\/05\/1000364386.jpg?resize=525%2C300&ssl=1 1.5x, https:\/\/i0.wp.com\/www.stempeltier.de\/blog\/wp-content\/uploads\/2025\/05\/1000364386.jpg?resize=700%2C400&ssl=1 2x, https:\/\/i0.wp.com\/www.stempeltier.de\/blog\/wp-content\/uploads\/2025\/05\/1000364386.jpg?resize=1050%2C600&ssl=1 3x, https:\/\/i0.wp.com\/www.stempeltier.de\/blog\/wp-content\/uploads\/2025\/05\/1000364386.jpg?resize=1400%2C800&ssl=1 4x"},"classes":[]},{"id":18197,"url":"https:\/\/www.stempeltier.de\/blog\/shop\/materialpakete\/probierpakete\/stampinup-froehlich-floral\/","url_meta":{"origin":16218,"position":1},"title":"&#8222;Fr\u00f6hlich floral&#8220;","author":"Danny","date":"28. Mai 2025","format":false,"excerpt":"6 Blatt DSP in 12\u2033 x 6\" (je 1 in allen doppelseitigen Designs) 6 Blatt Farbkarton DinA4 farblich passend 30 flache Perlenakzente inColor Die Bestellungen f\u00fcr Materialpakete werden jeweils gesammelt und jeweils am 1. und 15. des Monats bei SU bestellt. Die Lieferzeit betr\u00e4gt ca. 1 Woche.","rel":"","context":"\u00c4hnlicher Beitrag","block_context":{"text":"\u00c4hnlicher Beitrag","link":""},"img":{"alt_text":"","src":"https:\/\/i0.wp.com\/www.stempeltier.de\/blog\/wp-content\/uploads\/2025\/05\/1000364400-scaled.jpg?resize=350%2C200&ssl=1","width":350,"height":200,"srcset":"https:\/\/i0.wp.com\/www.stempeltier.de\/blog\/wp-content\/uploads\/2025\/05\/1000364400-scaled.jpg?resize=350%2C200&ssl=1 1x, https:\/\/i0.wp.com\/www.stempeltier.de\/blog\/wp-content\/uploads\/2025\/05\/1000364400-scaled.jpg?resize=525%2C300&ssl=1 1.5x, https:\/\/i0.wp.com\/www.stempeltier.de\/blog\/wp-content\/uploads\/2025\/05\/1000364400-scaled.jpg?resize=700%2C400&ssl=1 2x, https:\/\/i0.wp.com\/www.stempeltier.de\/blog\/wp-content\/uploads\/2025\/05\/1000364400-scaled.jpg?resize=1050%2C600&ssl=1 3x, https:\/\/i0.wp.com\/www.stempeltier.de\/blog\/wp-content\/uploads\/2025\/05\/1000364400-scaled.jpg?resize=1400%2C800&ssl=1 4x"},"classes":[]},{"id":18177,"url":"https:\/\/www.stempeltier.de\/blog\/shop\/materialpakete\/probierpakete\/stampinup-incolor-farbkarton-wolkenmeer-2\/","url_meta":{"origin":16218,"position":2},"title":"Probierpaket &#8222;In color 2025-2027&#8220;","author":"Danny","date":"27. Mai 2025","format":false,"excerpt":"10 Blatt Farbkarton DIN A4 10 Blatt DSP in 6\u2033 x 6\" 30 flache Perlenakzente Die Bestellungen f\u00fcr Materialpakete werden gesammelt und jeweils am 1. und 15. eines Monats bei SU bestellt. Die Lieferzeit betr\u00e4gt ca. 1 Woche.","rel":"","context":"\u00c4hnlicher Beitrag","block_context":{"text":"\u00c4hnlicher Beitrag","link":""},"img":{"alt_text":"","src":"https:\/\/i0.wp.com\/www.stempeltier.de\/blog\/wp-content\/uploads\/2025\/05\/1000364383.jpg?resize=350%2C200&ssl=1","width":350,"height":200,"srcset":"https:\/\/i0.wp.com\/www.stempeltier.de\/blog\/wp-content\/uploads\/2025\/05\/1000364383.jpg?resize=350%2C200&ssl=1 1x, https:\/\/i0.wp.com\/www.stempeltier.de\/blog\/wp-content\/uploads\/2025\/05\/1000364383.jpg?resize=525%2C300&ssl=1 1.5x, https:\/\/i0.wp.com\/www.stempeltier.de\/blog\/wp-content\/uploads\/2025\/05\/1000364383.jpg?resize=700%2C400&ssl=1 2x, https:\/\/i0.wp.com\/www.stempeltier.de\/blog\/wp-content\/uploads\/2025\/05\/1000364383.jpg?resize=1050%2C600&ssl=1 3x, https:\/\/i0.wp.com\/www.stempeltier.de\/blog\/wp-content\/uploads\/2025\/05\/1000364383.jpg?resize=1400%2C800&ssl=1 4x"},"classes":[]},{"id":18164,"url":"https:\/\/www.stempeltier.de\/blog\/shop\/materialpakete\/probierpakete\/stampinup-kintsugi\/","url_meta":{"origin":16218,"position":3},"title":"Kintsugi inspiration","author":"Danny","date":"25. Mai 2025","format":false,"excerpt":"6 Blatt besonderes DSP in 6\u2033 x 12\" (je 1 in allen 6 doppelseitigen Designs) 5 Blatt Farbkarton DinA4 farblich passend 1 Bogen Gold 6*6\" je 1m Band 20x goldene Akzente Die Bestellungen f\u00fcr Materialpakete werden jeweils gesammelt und jeweils am 1. und 15. des Monats bei SU bestellt. Die\u2026","rel":"","context":"\u00c4hnlicher Beitrag","block_context":{"text":"\u00c4hnlicher Beitrag","link":""},"img":{"alt_text":"","src":"https:\/\/i0.wp.com\/www.stempeltier.de\/blog\/wp-content\/uploads\/2025\/05\/1000363155.jpg?resize=350%2C200&ssl=1","width":350,"height":200,"srcset":"https:\/\/i0.wp.com\/www.stempeltier.de\/blog\/wp-content\/uploads\/2025\/05\/1000363155.jpg?resize=350%2C200&ssl=1 1x, https:\/\/i0.wp.com\/www.stempeltier.de\/blog\/wp-content\/uploads\/2025\/05\/1000363155.jpg?resize=525%2C300&ssl=1 1.5x, https:\/\/i0.wp.com\/www.stempeltier.de\/blog\/wp-content\/uploads\/2025\/05\/1000363155.jpg?resize=700%2C400&ssl=1 2x, https:\/\/i0.wp.com\/www.stempeltier.de\/blog\/wp-content\/uploads\/2025\/05\/1000363155.jpg?resize=1050%2C600&ssl=1 3x, https:\/\/i0.wp.com\/www.stempeltier.de\/blog\/wp-content\/uploads\/2025\/05\/1000363155.jpg?resize=1400%2C800&ssl=1 4x"},"classes":[]},{"id":18345,"url":"https:\/\/www.stempeltier.de\/blog\/shop\/materialpakete\/probierpakete\/stampinup-unheimlich-suess-halloween\/","url_meta":{"origin":16218,"position":4},"title":"unheimlich s\u00fc\u00df","author":"Danny","date":"4. Juli 2025","format":false,"excerpt":"5 Blatt DSP ( davon drei in 12\u2033 x 6\", zwei zerteilt in Etiketten ) + diverse Stanzteile 5 Blatt Farbkarton DinA4 farblich passend 1 m Band irisierend Petunienpink Die Bestellungen f\u00fcr Materialpakete werden jeweils gesammelt und jeweils am 1. und 15. des Monats bei SU bestellt. Die Lieferzeit betr\u00e4gt\u2026","rel":"","context":"\u00c4hnlicher Beitrag","block_context":{"text":"\u00c4hnlicher Beitrag","link":""},"img":{"alt_text":"","src":"https:\/\/i0.wp.com\/www.stempeltier.de\/blog\/wp-content\/uploads\/2025\/07\/1000385906.jpg?resize=350%2C200&ssl=1","width":350,"height":200,"srcset":"https:\/\/i0.wp.com\/www.stempeltier.de\/blog\/wp-content\/uploads\/2025\/07\/1000385906.jpg?resize=350%2C200&ssl=1 1x, https:\/\/i0.wp.com\/www.stempeltier.de\/blog\/wp-content\/uploads\/2025\/07\/1000385906.jpg?resize=525%2C300&ssl=1 1.5x, https:\/\/i0.wp.com\/www.stempeltier.de\/blog\/wp-content\/uploads\/2025\/07\/1000385906.jpg?resize=700%2C400&ssl=1 2x, https:\/\/i0.wp.com\/www.stempeltier.de\/blog\/wp-content\/uploads\/2025\/07\/1000385906.jpg?resize=1050%2C600&ssl=1 3x, https:\/\/i0.wp.com\/www.stempeltier.de\/blog\/wp-content\/uploads\/2025\/07\/1000385906.jpg?resize=1400%2C800&ssl=1 4x"},"classes":[]},{"id":18166,"url":"https:\/\/www.stempeltier.de\/blog\/shop\/materialpakete\/probierpakete\/stampinup-boho-vibes\/","url_meta":{"origin":16218,"position":5},"title":"Boho vibes","author":"Danny","date":"25. Mai 2025","format":false,"excerpt":"12 Blatt DSP in 6\u2033 x 6\" (je 1 in allen doppelseitigen Designs) 6 Blatt Farbkarton DinA4 farblich passend runde Akzente Die Bestellungen f\u00fcr Materialpakete werden jeweils gesammelt und jeweils am 1. und 15. des Monats bei SU bestellt. Die Lieferzeit betr\u00e4gt ca. 1 Woche.","rel":"","context":"\u00c4hnlicher Beitrag","block_context":{"text":"\u00c4hnlicher Beitrag","link":""},"img":{"alt_text":"","src":"https:\/\/i0.wp.com\/www.stempeltier.de\/blog\/wp-content\/uploads\/2025\/05\/1000363182.jpg?resize=350%2C200&ssl=1","width":350,"height":200,"srcset":"https:\/\/i0.wp.com\/www.stempeltier.de\/blog\/wp-content\/uploads\/2025\/05\/1000363182.jpg?resize=350%2C200&ssl=1 1x, https:\/\/i0.wp.com\/www.stempeltier.de\/blog\/wp-content\/uploads\/2025\/05\/1000363182.jpg?resize=525%2C300&ssl=1 1.5x, https:\/\/i0.wp.com\/www.stempeltier.de\/blog\/wp-content\/uploads\/2025\/05\/1000363182.jpg?resize=700%2C400&ssl=1 2x, https:\/\/i0.wp.com\/www.stempeltier.de\/blog\/wp-content\/uploads\/2025\/05\/1000363182.jpg?resize=1050%2C600&ssl=1 3x, https:\/\/i0.wp.com\/www.stempeltier.de\/blog\/wp-content\/uploads\/2025\/05\/1000363182.jpg?resize=1400%2C800&ssl=1 4x"},"classes":[]}],"jetpack_sharing_enabled":true,"_links":{"self":[{"href":"https:\/\/www.stempeltier.de\/blog\/wp-json\/wp\/v2\/product\/16218","targetHints":{"allow":["GET"]}}],"collection":[{"href":"https:\/\/www.stempeltier.de\/blog\/wp-json\/wp\/v2\/product"}],"about":[{"href":"https:\/\/www.stempeltier.de\/blog\/wp-json\/wp\/v2\/types\/product"}],"wp:featuredmedia":[{"embeddable":true,"href":"https:\/\/www.stempeltier.de\/blog\/wp-json\/wp\/v2\/media\/12778"}],"wp:attachment":[{"href":"https:\/\/www.stempeltier.de\/blog\/wp-json\/wp\/v2\/media?parent=16218"}],"wp:term":[{"taxonomy":"product_brand","embeddable":true,"href":"https:\/\/www.stempeltier.de\/blog\/wp-json\/wp\/v2\/product_brand?post=16218"},{"taxonomy":"product_cat","embeddable":true,"href":"https:\/\/www.stempeltier.de\/blog\/wp-json\/wp\/v2\/product_cat?post=16218"},{"taxonomy":"product_tag","embeddable":true,"href":"https:\/\/www.stempeltier.de\/blog\/wp-json\/wp\/v2\/product_tag?post=16218"}],"curies":[{"name":"wp","href":"https:\/\/api.w.org\/{rel}","templated":true}]}}