{"id":15914,"date":"2024-02-27T21:17:52","date_gmt":"2024-02-27T20:17:52","guid":{"rendered":"https:\/\/www.stempeltier.de\/blog\/?post_type=product&#038;p=15914"},"modified":"2026-01-04T22:17:54","modified_gmt":"2026-01-04T21:17:54","slug":"baendershare-minikatalog-2026","status":"publish","type":"product","link":"https:\/\/www.stempeltier.de\/blog\/shop\/materialpakete\/share\/baendershare-minikatalog-2026\/","title":{"rendered":"B\u00e4ndershare Minikatalog 2026"},"content":{"rendered":"<p>von allen neuen B\u00e4ndern je 1 m\u00a0 zum Schnuppern.<\/p>\n<p>Hinweis:\u00a0 Vorbestellung bis 6.1.26<\/p>\n<p>Der Versand erfolgt Anfang Januar, wenn der Katalog offiziell gestartet ist und ich die B\u00e4nder bestellen kann<\/p>\n<div class=\"shariff shariff-align-center shariff-widget-align-left\" data-services=\"facebook%7Cpinterest\" data-url=\"https:\/\/www.stempeltier.de\/blog\/shop\/materialpakete\/share\/baendershare-minikatalog-2026\/\" data-timestamp=\"1767565074\" data-backendurl=\"https:\/\/www.stempeltier.de\/blog\/wp-json\/shariff\/v1\/share_counts?\"><div class=\"ShariffHeadline\">Sharing is caring - Teilen erlaubt<\/div><ul class=\"shariff-buttons theme-round orientation-horizontal buttonsize-medium\"><li class=\"shariff-button facebook shariff-nocustomcolor\" style=\"background-color:#4273c8\"><a href=\"https:\/\/www.facebook.com\/sharer\/sharer.php?u=https%3A%2F%2Fwww.stempeltier.de%2Fblog%2Fshop%2Fmaterialpakete%2Fshare%2Fbaendershare-minikatalog-2026%2F\" title=\"Bei Facebook teilen\" aria-label=\"Bei Facebook teilen\" role=\"button\" rel=\"nofollow\" class=\"shariff-link\" style=\"; background-color:#3b5998; color:#fff\" target=\"_blank\"><span class=\"shariff-icon\" style=\"\"><svg width=\"32px\" height=\"20px\" xmlns=\"http:\/\/www.w3.org\/2000\/svg\" viewBox=\"0 0 18 32\"><path fill=\"#3b5998\" d=\"M17.1 0.2v4.7h-2.8q-1.5 0-2.1 0.6t-0.5 1.9v3.4h5.2l-0.7 5.3h-4.5v13.6h-5.5v-13.6h-4.5v-5.3h4.5v-3.9q0-3.3 1.9-5.2t5-1.8q2.6 0 4.1 0.2z\"\/><\/svg><\/span><span data-service=\"facebook\" style=\"color:#3b5998\" class=\"shariff-count shariff-hidezero\"><\/span>&nbsp;<\/a><\/li><li class=\"shariff-button twitter shariff-nocustomcolor\" style=\"background-color:#595959\"><a href=\"https:\/\/twitter.com\/share?url=https%3A%2F%2Fwww.stempeltier.de%2Fblog%2Fshop%2Fmaterialpakete%2Fshare%2Fbaendershare-minikatalog-2026%2F&text=B%C3%A4ndershare%20Minikatalog%202026\" title=\"Bei X teilen\" aria-label=\"Bei X teilen\" role=\"button\" rel=\"noopener nofollow\" class=\"shariff-link\" style=\"; background-color:#000; color:#fff\" target=\"_blank\"><span class=\"shariff-icon\" style=\"\"><svg width=\"32px\" height=\"20px\" xmlns=\"http:\/\/www.w3.org\/2000\/svg\" viewBox=\"0 0 24 24\"><path fill=\"#000\" d=\"M14.258 10.152L23.176 0h-2.113l-7.747 8.813L7.133 0H0l9.352 13.328L0 23.973h2.113l8.176-9.309 6.531 9.309h7.133zm-2.895 3.293l-.949-1.328L2.875 1.56h3.246l6.086 8.523.945 1.328 7.91 11.078h-3.246zm0 0\"\/><\/svg><\/span><\/a><\/li><li class=\"shariff-button pinterest shariff-nocustomcolor\" style=\"background-color:#e70f18\"><a href=\"https:\/\/www.pinterest.com\/pin\/create\/link\/?url=https%3A%2F%2Fwww.stempeltier.de%2Fblog%2Fshop%2Fmaterialpakete%2Fshare%2Fbaendershare-minikatalog-2026%2F&media=https%3A%2F%2Fwww.stempeltier.de%2Fblog%2Fwp-content%2Fuploads%2F2026%2F01%2F2.png&description=B%C3%A4ndershare%20Minikatalog%202026\" title=\"Bei Pinterest pinnen\" aria-label=\"Bei Pinterest pinnen\" role=\"button\" rel=\"noopener nofollow\" class=\"shariff-link\" style=\"; background-color:#cb2027; color:#fff\" target=\"_blank\"><span class=\"shariff-icon\" style=\"\"><svg width=\"32px\" height=\"20px\" xmlns=\"http:\/\/www.w3.org\/2000\/svg\" viewBox=\"0 0 27 32\"><path fill=\"#cb2027\" d=\"M27.4 16q0 3.7-1.8 6.9t-5 5-6.9 1.9q-2 0-3.9-0.6 1.1-1.7 1.4-2.9 0.2-0.6 1-3.8 0.4 0.7 1.3 1.2t2 0.5q2.1 0 3.8-1.2t2.7-3.4 0.9-4.8q0-2-1.1-3.8t-3.1-2.9-4.5-1.2q-1.9 0-3.5 0.5t-2.8 1.4-2 2-1.2 2.3-0.4 2.4q0 1.9 0.7 3.3t2.1 2q0.5 0.2 0.7-0.4 0-0.1 0.1-0.5t0.2-0.5q0.1-0.4-0.2-0.8-0.9-1.1-0.9-2.7 0-2.7 1.9-4.6t4.9-2q2.7 0 4.2 1.5t1.5 3.8q0 3-1.2 5.2t-3.1 2.1q-1.1 0-1.7-0.8t-0.4-1.9q0.1-0.6 0.5-1.7t0.5-1.8 0.2-1.4q0-0.9-0.5-1.5t-1.4-0.6q-1.1 0-1.9 1t-0.8 2.6q0 1.3 0.4 2.2l-1.8 7.5q-0.3 1.2-0.2 3.2-3.7-1.6-6-5t-2.3-7.6q0-3.7 1.9-6.9t5-5 6.9-1.9 6.9 1.9 5 5 1.8 6.9z\"\/><\/svg><\/span><span data-service=\"pinterest\" style=\"color:#cb2027\" class=\"shariff-count shariff-hidezero\"><\/span>&nbsp;<\/a><\/li><li class=\"shariff-button whatsapp shariff-nocustomcolor\" style=\"background-color:#5cbe4a\"><a href=\"https:\/\/api.whatsapp.com\/send?text=https%3A%2F%2Fwww.stempeltier.de%2Fblog%2Fshop%2Fmaterialpakete%2Fshare%2Fbaendershare-minikatalog-2026%2F%20B%C3%A4ndershare%20Minikatalog%202026\" title=\"Bei Whatsapp teilen\" aria-label=\"Bei Whatsapp teilen\" role=\"button\" rel=\"noopener nofollow\" class=\"shariff-link\" style=\"; background-color:#34af23; color:#fff\" target=\"_blank\"><span class=\"shariff-icon\" style=\"\"><svg width=\"32px\" height=\"20px\" xmlns=\"http:\/\/www.w3.org\/2000\/svg\" viewBox=\"0 0 32 32\"><path fill=\"#34af23\" d=\"M17.6 17.4q0.2 0 1.7 0.8t1.6 0.9q0 0.1 0 0.3 0 0.6-0.3 1.4-0.3 0.7-1.3 1.2t-1.8 0.5q-1 0-3.4-1.1-1.7-0.8-3-2.1t-2.6-3.3q-1.3-1.9-1.3-3.5v-0.1q0.1-1.6 1.3-2.8 0.4-0.4 0.9-0.4 0.1 0 0.3 0t0.3 0q0.3 0 0.5 0.1t0.3 0.5q0.1 0.4 0.6 1.6t0.4 1.3q0 0.4-0.6 1t-0.6 0.8q0 0.1 0.1 0.3 0.6 1.3 1.8 2.4 1 0.9 2.7 1.8 0.2 0.1 0.4 0.1 0.3 0 1-0.9t0.9-0.9zM14 26.9q2.3 0 4.3-0.9t3.6-2.4 2.4-3.6 0.9-4.3-0.9-4.3-2.4-3.6-3.6-2.4-4.3-0.9-4.3 0.9-3.6 2.4-2.4 3.6-0.9 4.3q0 3.6 2.1 6.6l-1.4 4.2 4.3-1.4q2.8 1.9 6.2 1.9zM14 2.2q2.7 0 5.2 1.1t4.3 2.9 2.9 4.3 1.1 5.2-1.1 5.2-2.9 4.3-4.3 2.9-5.2 1.1q-3.5 0-6.5-1.7l-7.4 2.4 2.4-7.2q-1.9-3.2-1.9-6.9 0-2.7 1.1-5.2t2.9-4.3 4.3-2.9 5.2-1.1z\"\/><\/svg><\/span><\/a><\/li><li class=\"shariff-button mailto shariff-nocustomcolor\" style=\"background-color:#a8a8a8\"><a href=\"mailto:?body=https%3A%2F%2Fwww.stempeltier.de%2Fblog%2Fshop%2Fmaterialpakete%2Fshare%2Fbaendershare-minikatalog-2026%2F&subject=B%C3%A4ndershare%20Minikatalog%202026\" title=\"Per E-Mail versenden\" aria-label=\"Per E-Mail versenden\" role=\"button\" rel=\"noopener nofollow\" class=\"shariff-link\" style=\"; background-color:#999; color:#fff\"><span class=\"shariff-icon\" style=\"\"><svg width=\"32px\" height=\"20px\" xmlns=\"http:\/\/www.w3.org\/2000\/svg\" viewBox=\"0 0 32 32\"><path fill=\"#999\" d=\"M32 12.7v14.2q0 1.2-0.8 2t-2 0.9h-26.3q-1.2 0-2-0.9t-0.8-2v-14.2q0.8 0.9 1.8 1.6 6.5 4.4 8.9 6.1 1 0.8 1.6 1.2t1.7 0.9 2 0.4h0.1q0.9 0 2-0.4t1.7-0.9 1.6-1.2q3-2.2 8.9-6.1 1-0.7 1.8-1.6zM32 7.4q0 1.4-0.9 2.7t-2.2 2.2q-6.7 4.7-8.4 5.8-0.2 0.1-0.7 0.5t-1 0.7-0.9 0.6-1.1 0.5-0.9 0.2h-0.1q-0.4 0-0.9-0.2t-1.1-0.5-0.9-0.6-1-0.7-0.7-0.5q-1.6-1.1-4.7-3.2t-3.6-2.6q-1.1-0.7-2.1-2t-1-2.5q0-1.4 0.7-2.3t2.1-0.9h26.3q1.2 0 2 0.8t0.9 2z\"\/><\/svg><\/span><\/a><\/li><\/ul><\/div>","protected":false},"excerpt":{"rendered":"<p>von allen neuen B\u00e4ndern je 1 m\u00a0 zum Schnuppern. Hinweis:\u00a0 Vorbestellung bis 6.1.26 Der Versand erfolgt Anfang Januar, wenn der Katalog offiziell gestartet ist und ich die B\u00e4nder bestellen kann<\/p>\n","protected":false},"featured_media":19222,"template":"","meta":{"jetpack_post_was_ever_published":true},"product_brand":[],"product_cat":[938],"product_tag":[930,931],"class_list":{"0":"post-15914","1":"product","2":"type-product","3":"status-publish","4":"has-post-thumbnail","6":"product_cat-share","7":"product_tag-baendershare","8":"product_tag-share","10":"first","11":"instock","12":"shipping-taxable","13":"purchasable","14":"product-type-simple"},"yoast_head":"<!-- This site is optimized with the Yoast SEO plugin v27.4 - https:\/\/yoast.com\/product\/yoast-seo-wordpress\/ -->\n<title>B\u00e4ndershare Minikatalog 2026 - Stempeltier<\/title>\n<meta name=\"description\" content=\"Stampin&#039; Up! - B\u00e4ndershare minikatalog 2026\" \/>\n<meta name=\"robots\" content=\"index, follow, max-snippet:-1, max-image-preview:large, max-video-preview:-1\" \/>\n<link rel=\"canonical\" href=\"https:\/\/www.stempeltier.de\/blog\/shop\/materialpakete\/share\/baendershare-minikatalog-2026\/\" \/>\n<meta property=\"og:locale\" content=\"de_DE\" \/>\n<meta property=\"og:type\" content=\"article\" \/>\n<meta property=\"og:title\" content=\"B\u00e4ndershare Minikatalog 2026 - Stempeltier\" \/>\n<meta property=\"og:description\" content=\"Stampin&#039; Up! - B\u00e4ndershare minikatalog 2026\" \/>\n<meta property=\"og:url\" content=\"https:\/\/www.stempeltier.de\/blog\/shop\/materialpakete\/share\/baendershare-minikatalog-2026\/\" \/>\n<meta property=\"og:site_name\" content=\"Stempeltier\" \/>\n<meta property=\"article:publisher\" content=\"http:\/\/www.facebook.com\/DasStempeltier\" \/>\n<meta property=\"article:modified_time\" content=\"2026-01-04T21:17:54+00:00\" \/>\n<meta property=\"og:image\" content=\"https:\/\/www.stempeltier.de\/blog\/wp-content\/uploads\/2026\/01\/2.png\" \/>\n\t<meta property=\"og:image:width\" content=\"300\" \/>\n\t<meta property=\"og:image:height\" content=\"300\" \/>\n\t<meta property=\"og:image:type\" content=\"image\/png\" \/>\n<meta name=\"twitter:card\" content=\"summary_large_image\" \/>\n<meta name=\"twitter:label1\" content=\"Gesch\u00e4tzte Lesezeit\" \/>\n\t<meta name=\"twitter:data1\" content=\"1\u00a0Minute\" \/>\n<script type=\"application\/ld+json\" class=\"yoast-schema-graph\">{\"@context\":\"https:\\\/\\\/schema.org\",\"@graph\":[{\"@type\":\"WebPage\",\"@id\":\"https:\\\/\\\/www.stempeltier.de\\\/blog\\\/shop\\\/materialpakete\\\/share\\\/baendershare-minikatalog-2026\\\/\",\"url\":\"https:\\\/\\\/www.stempeltier.de\\\/blog\\\/shop\\\/materialpakete\\\/share\\\/baendershare-minikatalog-2026\\\/\",\"name\":\"B\u00e4ndershare Minikatalog 2026 - Stempeltier\",\"isPartOf\":{\"@id\":\"https:\\\/\\\/www.stempeltier.de\\\/blog\\\/#website\"},\"primaryImageOfPage\":{\"@id\":\"https:\\\/\\\/www.stempeltier.de\\\/blog\\\/shop\\\/materialpakete\\\/share\\\/baendershare-minikatalog-2026\\\/#primaryimage\"},\"image\":{\"@id\":\"https:\\\/\\\/www.stempeltier.de\\\/blog\\\/shop\\\/materialpakete\\\/share\\\/baendershare-minikatalog-2026\\\/#primaryimage\"},\"thumbnailUrl\":\"https:\\\/\\\/www.stempeltier.de\\\/blog\\\/wp-content\\\/uploads\\\/2026\\\/01\\\/2.png\",\"datePublished\":\"2024-02-27T20:17:52+00:00\",\"dateModified\":\"2026-01-04T21:17:54+00:00\",\"description\":\"Stampin' Up! - B\u00e4ndershare minikatalog 2026\",\"breadcrumb\":{\"@id\":\"https:\\\/\\\/www.stempeltier.de\\\/blog\\\/shop\\\/materialpakete\\\/share\\\/baendershare-minikatalog-2026\\\/#breadcrumb\"},\"inLanguage\":\"de\",\"potentialAction\":[{\"@type\":\"ReadAction\",\"target\":[\"https:\\\/\\\/www.stempeltier.de\\\/blog\\\/shop\\\/materialpakete\\\/share\\\/baendershare-minikatalog-2026\\\/\"]}]},{\"@type\":\"ImageObject\",\"inLanguage\":\"de\",\"@id\":\"https:\\\/\\\/www.stempeltier.de\\\/blog\\\/shop\\\/materialpakete\\\/share\\\/baendershare-minikatalog-2026\\\/#primaryimage\",\"url\":\"https:\\\/\\\/www.stempeltier.de\\\/blog\\\/wp-content\\\/uploads\\\/2026\\\/01\\\/2.png\",\"contentUrl\":\"https:\\\/\\\/www.stempeltier.de\\\/blog\\\/wp-content\\\/uploads\\\/2026\\\/01\\\/2.png\",\"width\":300,\"height\":300,\"caption\":\"stampinup B\u00e4ndershare minikatalog 2026 vorbestellen\"},{\"@type\":\"BreadcrumbList\",\"@id\":\"https:\\\/\\\/www.stempeltier.de\\\/blog\\\/shop\\\/materialpakete\\\/share\\\/baendershare-minikatalog-2026\\\/#breadcrumb\",\"itemListElement\":[{\"@type\":\"ListItem\",\"position\":1,\"name\":\"Startseite\",\"item\":\"https:\\\/\\\/www.stempeltier.de\\\/blog\\\/\"},{\"@type\":\"ListItem\",\"position\":2,\"name\":\"Shop\",\"item\":\"https:\\\/\\\/www.stempeltier.de\\\/blog\\\/shop\\\/\"},{\"@type\":\"ListItem\",\"position\":3,\"name\":\"B\u00e4ndershare Minikatalog 2026\"}]},{\"@type\":\"WebSite\",\"@id\":\"https:\\\/\\\/www.stempeltier.de\\\/blog\\\/#website\",\"url\":\"https:\\\/\\\/www.stempeltier.de\\\/blog\\\/\",\"name\":\"Stempeltier\",\"description\":\"Kreative Gl\u00fccksmomente aus Papier\",\"potentialAction\":[{\"@type\":\"SearchAction\",\"target\":{\"@type\":\"EntryPoint\",\"urlTemplate\":\"https:\\\/\\\/www.stempeltier.de\\\/blog\\\/?s={search_term_string}\"},\"query-input\":{\"@type\":\"PropertyValueSpecification\",\"valueRequired\":true,\"valueName\":\"search_term_string\"}}],\"inLanguage\":\"de\"}]}<\/script>\n<!-- \/ Yoast SEO plugin. -->","yoast_head_json":{"title":"B\u00e4ndershare Minikatalog 2026 - Stempeltier","description":"Stampin' Up! - B\u00e4ndershare minikatalog 2026","robots":{"index":"index","follow":"follow","max-snippet":"max-snippet:-1","max-image-preview":"max-image-preview:large","max-video-preview":"max-video-preview:-1"},"canonical":"https:\/\/www.stempeltier.de\/blog\/shop\/materialpakete\/share\/baendershare-minikatalog-2026\/","og_locale":"de_DE","og_type":"article","og_title":"B\u00e4ndershare Minikatalog 2026 - Stempeltier","og_description":"Stampin' Up! - B\u00e4ndershare minikatalog 2026","og_url":"https:\/\/www.stempeltier.de\/blog\/shop\/materialpakete\/share\/baendershare-minikatalog-2026\/","og_site_name":"Stempeltier","article_publisher":"http:\/\/www.facebook.com\/DasStempeltier","article_modified_time":"2026-01-04T21:17:54+00:00","og_image":[{"width":300,"height":300,"url":"https:\/\/www.stempeltier.de\/blog\/wp-content\/uploads\/2026\/01\/2.png","type":"image\/png"}],"twitter_card":"summary_large_image","twitter_misc":{"Gesch\u00e4tzte Lesezeit":"1\u00a0Minute"},"schema":{"@context":"https:\/\/schema.org","@graph":[{"@type":"WebPage","@id":"https:\/\/www.stempeltier.de\/blog\/shop\/materialpakete\/share\/baendershare-minikatalog-2026\/","url":"https:\/\/www.stempeltier.de\/blog\/shop\/materialpakete\/share\/baendershare-minikatalog-2026\/","name":"B\u00e4ndershare Minikatalog 2026 - Stempeltier","isPartOf":{"@id":"https:\/\/www.stempeltier.de\/blog\/#website"},"primaryImageOfPage":{"@id":"https:\/\/www.stempeltier.de\/blog\/shop\/materialpakete\/share\/baendershare-minikatalog-2026\/#primaryimage"},"image":{"@id":"https:\/\/www.stempeltier.de\/blog\/shop\/materialpakete\/share\/baendershare-minikatalog-2026\/#primaryimage"},"thumbnailUrl":"https:\/\/www.stempeltier.de\/blog\/wp-content\/uploads\/2026\/01\/2.png","datePublished":"2024-02-27T20:17:52+00:00","dateModified":"2026-01-04T21:17:54+00:00","description":"Stampin' Up! - B\u00e4ndershare minikatalog 2026","breadcrumb":{"@id":"https:\/\/www.stempeltier.de\/blog\/shop\/materialpakete\/share\/baendershare-minikatalog-2026\/#breadcrumb"},"inLanguage":"de","potentialAction":[{"@type":"ReadAction","target":["https:\/\/www.stempeltier.de\/blog\/shop\/materialpakete\/share\/baendershare-minikatalog-2026\/"]}]},{"@type":"ImageObject","inLanguage":"de","@id":"https:\/\/www.stempeltier.de\/blog\/shop\/materialpakete\/share\/baendershare-minikatalog-2026\/#primaryimage","url":"https:\/\/www.stempeltier.de\/blog\/wp-content\/uploads\/2026\/01\/2.png","contentUrl":"https:\/\/www.stempeltier.de\/blog\/wp-content\/uploads\/2026\/01\/2.png","width":300,"height":300,"caption":"stampinup B\u00e4ndershare minikatalog 2026 vorbestellen"},{"@type":"BreadcrumbList","@id":"https:\/\/www.stempeltier.de\/blog\/shop\/materialpakete\/share\/baendershare-minikatalog-2026\/#breadcrumb","itemListElement":[{"@type":"ListItem","position":1,"name":"Startseite","item":"https:\/\/www.stempeltier.de\/blog\/"},{"@type":"ListItem","position":2,"name":"Shop","item":"https:\/\/www.stempeltier.de\/blog\/shop\/"},{"@type":"ListItem","position":3,"name":"B\u00e4ndershare Minikatalog 2026"}]},{"@type":"WebSite","@id":"https:\/\/www.stempeltier.de\/blog\/#website","url":"https:\/\/www.stempeltier.de\/blog\/","name":"Stempeltier","description":"Kreative Gl\u00fccksmomente aus Papier","potentialAction":[{"@type":"SearchAction","target":{"@type":"EntryPoint","urlTemplate":"https:\/\/www.stempeltier.de\/blog\/?s={search_term_string}"},"query-input":{"@type":"PropertyValueSpecification","valueRequired":true,"valueName":"search_term_string"}}],"inLanguage":"de"}]}},"jetpack-related-posts":[{"id":19219,"url":"https:\/\/www.stempeltier.de\/blog\/shop\/materialpakete\/share\/accessoires-share-minikatalog-2026\/","url_meta":{"origin":15914,"position":0},"title":"Accessoires Share Minikatalog 2026","author":"Danny","date":"4. Januar 2026","format":false,"excerpt":"Zum Schnuppern eine Mischung der neuen Accessoires\u00a0 \/ Verzierungen aus dem neuen Minikatalog JAn -Apr 2026 + Online Exklusiv Januar 2026 Hinweis:\u00a0 Vorbestellung bis 6.1.26 Der Versand erfolgt Anfang Januar, wenn der Katalog offiziell gestartet ist und ich die B\u00e4nder bestellen kann","rel":"","context":"\u00c4hnlicher Beitrag","block_context":{"text":"\u00c4hnlicher Beitrag","link":""},"img":{"alt_text":"","src":"https:\/\/i0.wp.com\/www.stempeltier.de\/blog\/wp-content\/uploads\/2026\/01\/1.png?resize=350%2C200&ssl=1","width":350,"height":200},"classes":[]},{"id":19225,"url":"https:\/\/www.stempeltier.de\/blog\/shop\/materialpakete\/share\/ich-will-alles-share-minikatalog-2026\/","url_meta":{"origin":15914,"position":1},"title":"&#8222;Ich will Alles&#8220; Share Minikatalog","author":"Danny","date":"4. Januar 2026","format":false,"excerpt":"Zum Schnuppern von folgenden drei Shares: 1) Accessoires\u00a0 \/ Verzierungen 2) Designerpapier 3) B\u00e4nder aus dem neuen Minikatalog Jan -Apr 2026 + Online Exklusiv Januar 2026 Hinweis:\u00a0 Vorbestellung bis 15.1.26 Der Versand erfolgt Mitte \/ Ende Januar, nach Katalogstart wenn ich die Produkte bestellen kann WICHTIG: DER Farbkarton-Duo ist wahlweise\u2026","rel":"","context":"\u00c4hnlicher Beitrag","block_context":{"text":"\u00c4hnlicher Beitrag","link":""},"img":{"alt_text":"","src":"https:\/\/i0.wp.com\/www.stempeltier.de\/blog\/wp-content\/uploads\/2026\/01\/Minikatalog-Jan-Apr-2026-stampin-up-all-inclusive-share.png?resize=350%2C200&ssl=1","width":350,"height":200},"classes":[]},{"id":19025,"url":"https:\/\/www.stempeltier.de\/blog\/shop\/stampinup-kataloge\/minikatalog-fruehlingskatalog-2026\/","url_meta":{"origin":15914,"position":2},"title":"Minikatalog 2026","author":"Danny","date":"14. November 2025","format":false,"excerpt":"Stampin' Up! Minikatalog Jan-Apr 2026 Hinweis: Wenn Du in den letzten 6 Monaten bestellt hast, sende ich den Katalog automatisch zu. Der Katalog ist f\u00fcr Dich kostenlos. Ich finanziere die Kosten f\u00fcr Katalog und Versand \u00fcber Deine Bestellungen. Solltest Du nicht an einer Bestellung interessiert sein und auch nach mehreren\u2026","rel":"","context":"\u00c4hnlicher Beitrag","block_context":{"text":"\u00c4hnlicher Beitrag","link":""},"img":{"alt_text":"stampin up minikatalog januar april fr\u00fchling 2026","src":"https:\/\/i0.wp.com\/www.stempeltier.de\/blog\/wp-content\/uploads\/2025\/11\/stampin-up-minikatalog-januar-april-fruehling-2026.png?resize=350%2C200&ssl=1","width":350,"height":200,"srcset":"https:\/\/i0.wp.com\/www.stempeltier.de\/blog\/wp-content\/uploads\/2025\/11\/stampin-up-minikatalog-januar-april-fruehling-2026.png?resize=350%2C200&ssl=1 1x, https:\/\/i0.wp.com\/www.stempeltier.de\/blog\/wp-content\/uploads\/2025\/11\/stampin-up-minikatalog-januar-april-fruehling-2026.png?resize=525%2C300&ssl=1 1.5x, https:\/\/i0.wp.com\/www.stempeltier.de\/blog\/wp-content\/uploads\/2025\/11\/stampin-up-minikatalog-januar-april-fruehling-2026.png?resize=700%2C400&ssl=1 2x"},"classes":[]},{"id":16934,"url":"https:\/\/www.stempeltier.de\/blog\/shop\/stampinup-kataloge\/minikatalog\/","url_meta":{"origin":15914,"position":3},"title":"Minikatalog","author":"Danny","date":"2. August 2024","format":false,"excerpt":"Stampin' Up! Minikatalog Sep-Dez 2025 Versand erfolgt ab Mitte August, wenn ich die Kataloge bestellen kann. \u00a0","rel":"","context":"\u00c4hnlicher Beitrag","block_context":{"text":"\u00c4hnlicher Beitrag","link":""},"img":{"alt_text":"cover minikatalog 2025 winter stampin up","src":"https:\/\/i0.wp.com\/www.stempeltier.de\/blog\/wp-content\/uploads\/2024\/08\/cover-minikatalog-2025-winter.jpg?resize=350%2C200&ssl=1","width":350,"height":200,"srcset":"https:\/\/i0.wp.com\/www.stempeltier.de\/blog\/wp-content\/uploads\/2024\/08\/cover-minikatalog-2025-winter.jpg?resize=350%2C200&ssl=1 1x, https:\/\/i0.wp.com\/www.stempeltier.de\/blog\/wp-content\/uploads\/2024\/08\/cover-minikatalog-2025-winter.jpg?resize=525%2C300&ssl=1 1.5x, https:\/\/i0.wp.com\/www.stempeltier.de\/blog\/wp-content\/uploads\/2024\/08\/cover-minikatalog-2025-winter.jpg?resize=700%2C400&ssl=1 2x, https:\/\/i0.wp.com\/www.stempeltier.de\/blog\/wp-content\/uploads\/2024\/08\/cover-minikatalog-2025-winter.jpg?resize=1050%2C600&ssl=1 3x"},"classes":[]},{"id":16169,"url":"https:\/\/www.stempeltier.de\/blog\/shop\/stampinup-kataloge\/jahreskatalog\/","url_meta":{"origin":15914,"position":4},"title":"Jahreskatalog","author":"Danny","date":"19. April 2024","format":false,"excerpt":"Stampin' Up! Jahreskatalog 2025-26 Die Schutzgeb\u00fchr von 5\u20ac wird bei deiner n\u00e4chsten Bestellung verrechnet und dir gutgeschrieben. Versand erfolgt Anfang April","rel":"","context":"\u00c4hnlicher Beitrag","block_context":{"text":"\u00c4hnlicher Beitrag","link":""},"img":{"alt_text":"stampin up jahreskatalog 2025-2026 download pdf","src":"https:\/\/i0.wp.com\/www.stempeltier.de\/blog\/wp-content\/uploads\/2025\/03\/jahreskatalog-2025.png?resize=350%2C200&ssl=1","width":350,"height":200,"srcset":"https:\/\/i0.wp.com\/www.stempeltier.de\/blog\/wp-content\/uploads\/2025\/03\/jahreskatalog-2025.png?resize=350%2C200&ssl=1 1x, https:\/\/i0.wp.com\/www.stempeltier.de\/blog\/wp-content\/uploads\/2025\/03\/jahreskatalog-2025.png?resize=525%2C300&ssl=1 1.5x"},"classes":[]},{"id":19207,"url":"https:\/\/www.stempeltier.de\/blog\/shop\/papiere\/farbkarton-mix\/farbkarton-share-minikatalog-2026-kopie\/","url_meta":{"origin":15914,"position":5},"title":"Farbkarton-Share Minikatalog 26","author":"Danny","date":"4. Januar 2026","format":false,"excerpt":"von allen neuen FARBKARTON-DUO 12\" X 12\"\u00a0 Mischungen je Farbe ein Bogen in 6x12\" Gesamt:\u00a0 24 Blatt in 6x12\" 167072\u00a0 LIEBESGESCHICHTEN 166821\u00a0 \u00a0SOMMERURLAUB 167181\u00a0 \u00a0AKTUELL 166930\u00a0 \u00a0AUF TOUR IN DER NATUR Hinweis:\u00a0 Vorbestellung bis 15.1.26 Der Versand erfolgt Mitte\/Ende Januar, wenn der Katalog offiziell gestartet ist und ich die Produkte\u2026","rel":"","context":"\u00c4hnlicher Beitrag","block_context":{"text":"\u00c4hnlicher Beitrag","link":""},"img":{"alt_text":"","src":"https:\/\/i0.wp.com\/www.stempeltier.de\/blog\/wp-content\/uploads\/2026\/01\/4.png?resize=350%2C200&ssl=1","width":350,"height":200},"classes":[]}],"jetpack_sharing_enabled":true,"_links":{"self":[{"href":"https:\/\/www.stempeltier.de\/blog\/wp-json\/wp\/v2\/product\/15914","targetHints":{"allow":["GET"]}}],"collection":[{"href":"https:\/\/www.stempeltier.de\/blog\/wp-json\/wp\/v2\/product"}],"about":[{"href":"https:\/\/www.stempeltier.de\/blog\/wp-json\/wp\/v2\/types\/product"}],"wp:featuredmedia":[{"embeddable":true,"href":"https:\/\/www.stempeltier.de\/blog\/wp-json\/wp\/v2\/media\/19222"}],"wp:attachment":[{"href":"https:\/\/www.stempeltier.de\/blog\/wp-json\/wp\/v2\/media?parent=15914"}],"wp:term":[{"taxonomy":"product_brand","embeddable":true,"href":"https:\/\/www.stempeltier.de\/blog\/wp-json\/wp\/v2\/product_brand?post=15914"},{"taxonomy":"product_cat","embeddable":true,"href":"https:\/\/www.stempeltier.de\/blog\/wp-json\/wp\/v2\/product_cat?post=15914"},{"taxonomy":"product_tag","embeddable":true,"href":"https:\/\/www.stempeltier.de\/blog\/wp-json\/wp\/v2\/product_tag?post=15914"}],"curies":[{"name":"wp","href":"https:\/\/api.w.org\/{rel}","templated":true}]}}