{"id":84,"date":"2015-06-26T23:23:16","date_gmt":"2015-06-26T21:23:16","guid":{"rendered":"https:\/\/www.stempeltier.de\/blog\/?page_id=84"},"modified":"2015-07-13T10:22:16","modified_gmt":"2015-07-13T08:22:16","slug":"stampinup","status":"publish","type":"page","link":"https:\/\/www.stempeltier.de\/blog\/stampinup\/","title":{"rendered":"Stampin&#8216; Up!"},"content":{"rendered":"<p><img loading=\"lazy\" decoding=\"async\" class=\"alignleft wp-image-410 size-medium\" src=\"https:\/\/www.stempeltier.de\/blog\/wp-content\/uploads\/2015\/06\/1428387627634-300x159.jpg\" alt=\"Logo_StampinUp\" width=\"300\" height=\"159\" srcset=\"https:\/\/www.stempeltier.de\/blog\/wp-content\/uploads\/2015\/06\/1428387627634-300x159.jpg 300w, https:\/\/www.stempeltier.de\/blog\/wp-content\/uploads\/2015\/06\/1428387627634.jpg 425w\" sizes=\"auto, (max-width: 300px) 100vw, 300px\" \/><\/p>\n<p>&nbsp;<\/p>\n<p>&nbsp;<\/p>\n<p>&nbsp;<\/p>\n<p>&nbsp;<\/p>\n<p>Stampin\u2019 Up! hilft seit 1988 den Bastlern auf der ganzen Welt ihre Kreativit\u00e4t durch exklusive Produkte, Techniken und Designs zu entdecken und zu entfalten.<\/p>\n<p>Die Produkte von Stampin\u2018 Up! sind\u00a0nicht\u00a0im Handel erh\u00e4ltlich, sondern k\u00f6nnen nur \u00fcber uns\u00a0Stampin\u2018 Up! Demonstratorinnen bezogen werden.<\/p>\n<p>Die aktuellen Kataloge kannst Du online durchbl\u00e4ttern oder ein Exemplar in Papierform \u00fcber mich bestellen. F\u00fcr den Hauptkatalog berechne ich 5,00 \u20ac (zzgl. Versand). Der Betrag wird dir bei deiner n\u00e4chsten Bestellung ab einem Bestellwert von 60 \u20ac von mir wieder gutgeschrieben.<\/p>\n<p><img loading=\"lazy\" decoding=\"async\" class=\"alignnone wp-image-221 size-large\" src=\"https:\/\/www.stempeltier.de\/blog\/wp-content\/uploads\/2015\/06\/Annual15_p073_a-1014x1024.jpg\" alt=\"Annual15_p073_a\" width=\"700\" height=\"707\" srcset=\"https:\/\/www.stempeltier.de\/blog\/wp-content\/uploads\/2015\/06\/Annual15_p073_a-1014x1024.jpg 1014w, https:\/\/www.stempeltier.de\/blog\/wp-content\/uploads\/2015\/06\/Annual15_p073_a-100x100.jpg 100w, https:\/\/www.stempeltier.de\/blog\/wp-content\/uploads\/2015\/06\/Annual15_p073_a-600x606.jpg 600w, https:\/\/www.stempeltier.de\/blog\/wp-content\/uploads\/2015\/06\/Annual15_p073_a-297x300.jpg 297w, https:\/\/www.stempeltier.de\/blog\/wp-content\/uploads\/2015\/06\/Annual15_p073_a.jpg 1980w\" sizes=\"auto, (max-width: 700px) 100vw, 700px\" \/><\/p>\n<div class=\"shariff shariff-align-center shariff-widget-align-left\" data-services=\"facebook%7Cpinterest\" data-url=\"https:\/\/www.stempeltier.de\/blog\/stampinup\/\" data-timestamp=\"1436782936\" data-backendurl=\"https:\/\/www.stempeltier.de\/blog\/wp-json\/shariff\/v1\/share_counts?\"><div class=\"ShariffHeadline\">Sharing is caring - Teilen erlaubt<\/div><ul class=\"shariff-buttons theme-round orientation-horizontal buttonsize-medium\"><li class=\"shariff-button facebook shariff-nocustomcolor\" style=\"background-color:#4273c8\"><a href=\"https:\/\/www.facebook.com\/sharer\/sharer.php?u=https%3A%2F%2Fwww.stempeltier.de%2Fblog%2Fstampinup%2F\" title=\"Bei Facebook teilen\" aria-label=\"Bei Facebook teilen\" role=\"button\" rel=\"nofollow\" class=\"shariff-link\" style=\"; background-color:#3b5998; color:#fff\" target=\"_blank\"><span class=\"shariff-icon\" style=\"\"><svg width=\"32px\" height=\"20px\" xmlns=\"http:\/\/www.w3.org\/2000\/svg\" viewBox=\"0 0 18 32\"><path fill=\"#3b5998\" d=\"M17.1 0.2v4.7h-2.8q-1.5 0-2.1 0.6t-0.5 1.9v3.4h5.2l-0.7 5.3h-4.5v13.6h-5.5v-13.6h-4.5v-5.3h4.5v-3.9q0-3.3 1.9-5.2t5-1.8q2.6 0 4.1 0.2z\"\/><\/svg><\/span><span data-service=\"facebook\" style=\"color:#3b5998\" class=\"shariff-count shariff-hidezero\"><\/span>&nbsp;<\/a><\/li><li class=\"shariff-button twitter shariff-nocustomcolor\" style=\"background-color:#595959\"><a href=\"https:\/\/twitter.com\/share?url=https%3A%2F%2Fwww.stempeltier.de%2Fblog%2Fstampinup%2F&text=Stampin%E2%80%98%20Up%21\" title=\"Bei X teilen\" aria-label=\"Bei X teilen\" role=\"button\" rel=\"noopener nofollow\" class=\"shariff-link\" style=\"; background-color:#000; color:#fff\" target=\"_blank\"><span class=\"shariff-icon\" style=\"\"><svg width=\"32px\" height=\"20px\" xmlns=\"http:\/\/www.w3.org\/2000\/svg\" viewBox=\"0 0 24 24\"><path fill=\"#000\" d=\"M14.258 10.152L23.176 0h-2.113l-7.747 8.813L7.133 0H0l9.352 13.328L0 23.973h2.113l8.176-9.309 6.531 9.309h7.133zm-2.895 3.293l-.949-1.328L2.875 1.56h3.246l6.086 8.523.945 1.328 7.91 11.078h-3.246zm0 0\"\/><\/svg><\/span><\/a><\/li><li class=\"shariff-button pinterest shariff-nocustomcolor\" style=\"background-color:#e70f18\"><a href=\"https:\/\/www.pinterest.com\/pin\/create\/link\/?url=https%3A%2F%2Fwww.stempeltier.de%2Fblog%2Fstampinup%2F&media=https%3A%2F%2Fwww.stempeltier.de%2Fblog%2Fwp-content%2Fuploads%2F2015%2F06%2F1428387627634-300x159.jpg&description=Stampin%E2%80%98%20Up%21\" title=\"Bei Pinterest pinnen\" aria-label=\"Bei Pinterest pinnen\" role=\"button\" rel=\"noopener nofollow\" class=\"shariff-link\" style=\"; background-color:#cb2027; color:#fff\" target=\"_blank\"><span class=\"shariff-icon\" style=\"\"><svg width=\"32px\" height=\"20px\" xmlns=\"http:\/\/www.w3.org\/2000\/svg\" viewBox=\"0 0 27 32\"><path fill=\"#cb2027\" d=\"M27.4 16q0 3.7-1.8 6.9t-5 5-6.9 1.9q-2 0-3.9-0.6 1.1-1.7 1.4-2.9 0.2-0.6 1-3.8 0.4 0.7 1.3 1.2t2 0.5q2.1 0 3.8-1.2t2.7-3.4 0.9-4.8q0-2-1.1-3.8t-3.1-2.9-4.5-1.2q-1.9 0-3.5 0.5t-2.8 1.4-2 2-1.2 2.3-0.4 2.4q0 1.9 0.7 3.3t2.1 2q0.5 0.2 0.7-0.4 0-0.1 0.1-0.5t0.2-0.5q0.1-0.4-0.2-0.8-0.9-1.1-0.9-2.7 0-2.7 1.9-4.6t4.9-2q2.7 0 4.2 1.5t1.5 3.8q0 3-1.2 5.2t-3.1 2.1q-1.1 0-1.7-0.8t-0.4-1.9q0.1-0.6 0.5-1.7t0.5-1.8 0.2-1.4q0-0.9-0.5-1.5t-1.4-0.6q-1.1 0-1.9 1t-0.8 2.6q0 1.3 0.4 2.2l-1.8 7.5q-0.3 1.2-0.2 3.2-3.7-1.6-6-5t-2.3-7.6q0-3.7 1.9-6.9t5-5 6.9-1.9 6.9 1.9 5 5 1.8 6.9z\"\/><\/svg><\/span><span data-service=\"pinterest\" style=\"color:#cb2027\" class=\"shariff-count shariff-hidezero\"><\/span>&nbsp;<\/a><\/li><li class=\"shariff-button whatsapp shariff-nocustomcolor\" style=\"background-color:#5cbe4a\"><a href=\"https:\/\/api.whatsapp.com\/send?text=https%3A%2F%2Fwww.stempeltier.de%2Fblog%2Fstampinup%2F%20Stampin%E2%80%98%20Up%21\" title=\"Bei Whatsapp teilen\" aria-label=\"Bei Whatsapp teilen\" role=\"button\" rel=\"noopener nofollow\" class=\"shariff-link\" style=\"; background-color:#34af23; color:#fff\" target=\"_blank\"><span class=\"shariff-icon\" style=\"\"><svg width=\"32px\" height=\"20px\" xmlns=\"http:\/\/www.w3.org\/2000\/svg\" viewBox=\"0 0 32 32\"><path fill=\"#34af23\" d=\"M17.6 17.4q0.2 0 1.7 0.8t1.6 0.9q0 0.1 0 0.3 0 0.6-0.3 1.4-0.3 0.7-1.3 1.2t-1.8 0.5q-1 0-3.4-1.1-1.7-0.8-3-2.1t-2.6-3.3q-1.3-1.9-1.3-3.5v-0.1q0.1-1.6 1.3-2.8 0.4-0.4 0.9-0.4 0.1 0 0.3 0t0.3 0q0.3 0 0.5 0.1t0.3 0.5q0.1 0.4 0.6 1.6t0.4 1.3q0 0.4-0.6 1t-0.6 0.8q0 0.1 0.1 0.3 0.6 1.3 1.8 2.4 1 0.9 2.7 1.8 0.2 0.1 0.4 0.1 0.3 0 1-0.9t0.9-0.9zM14 26.9q2.3 0 4.3-0.9t3.6-2.4 2.4-3.6 0.9-4.3-0.9-4.3-2.4-3.6-3.6-2.4-4.3-0.9-4.3 0.9-3.6 2.4-2.4 3.6-0.9 4.3q0 3.6 2.1 6.6l-1.4 4.2 4.3-1.4q2.8 1.9 6.2 1.9zM14 2.2q2.7 0 5.2 1.1t4.3 2.9 2.9 4.3 1.1 5.2-1.1 5.2-2.9 4.3-4.3 2.9-5.2 1.1q-3.5 0-6.5-1.7l-7.4 2.4 2.4-7.2q-1.9-3.2-1.9-6.9 0-2.7 1.1-5.2t2.9-4.3 4.3-2.9 5.2-1.1z\"\/><\/svg><\/span><\/a><\/li><li class=\"shariff-button mailto shariff-nocustomcolor\" style=\"background-color:#a8a8a8\"><a href=\"mailto:?body=https%3A%2F%2Fwww.stempeltier.de%2Fblog%2Fstampinup%2F&subject=Stampin%E2%80%98%20Up%21\" title=\"Per E-Mail versenden\" aria-label=\"Per E-Mail versenden\" role=\"button\" rel=\"noopener nofollow\" class=\"shariff-link\" style=\"; background-color:#999; color:#fff\"><span class=\"shariff-icon\" style=\"\"><svg width=\"32px\" height=\"20px\" xmlns=\"http:\/\/www.w3.org\/2000\/svg\" viewBox=\"0 0 32 32\"><path fill=\"#999\" d=\"M32 12.7v14.2q0 1.2-0.8 2t-2 0.9h-26.3q-1.2 0-2-0.9t-0.8-2v-14.2q0.8 0.9 1.8 1.6 6.5 4.4 8.9 6.1 1 0.8 1.6 1.2t1.7 0.9 2 0.4h0.1q0.9 0 2-0.4t1.7-0.9 1.6-1.2q3-2.2 8.9-6.1 1-0.7 1.8-1.6zM32 7.4q0 1.4-0.9 2.7t-2.2 2.2q-6.7 4.7-8.4 5.8-0.2 0.1-0.7 0.5t-1 0.7-0.9 0.6-1.1 0.5-0.9 0.2h-0.1q-0.4 0-0.9-0.2t-1.1-0.5-0.9-0.6-1-0.7-0.7-0.5q-1.6-1.1-4.7-3.2t-3.6-2.6q-1.1-0.7-2.1-2t-1-2.5q0-1.4 0.7-2.3t2.1-0.9h26.3q1.2 0 2 0.8t0.9 2z\"\/><\/svg><\/span><\/a><\/li><\/ul><\/div>","protected":false},"excerpt":{"rendered":"<p>&nbsp; &nbsp; &nbsp; &nbsp; Stampin\u2019 Up! hilft seit 1988 den Bastlern auf der ganzen Welt ihre Kreativit\u00e4t durch exklusive Produkte, Techniken und Designs zu entdecken und zu entfalten. Die Produkte von Stampin\u2018 Up! sind\u00a0nicht\u00a0im Handel erh\u00e4ltlich, sondern k\u00f6nnen nur \u00fcber&hellip; <\/p>\n","protected":false},"author":1,"featured_media":0,"parent":0,"menu_order":0,"comment_status":"open","ping_status":"open","template":"","meta":{"jetpack_post_was_ever_published":false,"footnotes":""},"class_list":["post-84","page","type-page","status-publish","hentry"],"yoast_head":"<!-- This site is optimized with the Yoast SEO plugin v27.5 - https:\/\/yoast.com\/product\/yoast-seo-wordpress\/ -->\n<title>Stampin&#039; Up! - Stempeltier<\/title>\n<meta name=\"description\" content=\"Kreativ mit Danny dem Stempeltier und Stampin&#039; Up! \u00ae in Kaufbeuren und Umgebung\" \/>\n<meta name=\"robots\" content=\"index, follow, max-snippet:-1, max-image-preview:large, max-video-preview:-1\" \/>\n<link rel=\"canonical\" href=\"https:\/\/www.stempeltier.de\/blog\/stampinup\/\" \/>\n<meta property=\"og:locale\" content=\"de_DE\" \/>\n<meta property=\"og:type\" content=\"article\" \/>\n<meta property=\"og:title\" content=\"Stampin&#039; Up! - Stempeltier\" \/>\n<meta property=\"og:description\" content=\"Kreativ mit Danny dem Stempeltier und Stampin&#039; Up! \u00ae in Kaufbeuren und Umgebung\" \/>\n<meta property=\"og:url\" content=\"https:\/\/www.stempeltier.de\/blog\/stampinup\/\" \/>\n<meta property=\"og:site_name\" content=\"Stempeltier\" \/>\n<meta property=\"article:publisher\" content=\"http:\/\/www.facebook.com\/DasStempeltier\" \/>\n<meta property=\"article:modified_time\" content=\"2015-07-13T08:22:16+00:00\" \/>\n<meta property=\"og:image\" content=\"https:\/\/www.stempeltier.de\/blog\/wp-content\/uploads\/2015\/06\/1428387627634-300x159.jpg\" \/>\n<meta name=\"twitter:card\" content=\"summary_large_image\" \/>\n<script type=\"application\/ld+json\" class=\"yoast-schema-graph\">{\"@context\":\"https:\\\/\\\/schema.org\",\"@graph\":[{\"@type\":\"WebPage\",\"@id\":\"https:\\\/\\\/www.stempeltier.de\\\/blog\\\/stampinup\\\/\",\"url\":\"https:\\\/\\\/www.stempeltier.de\\\/blog\\\/stampinup\\\/\",\"name\":\"Stampin' Up! - Stempeltier\",\"isPartOf\":{\"@id\":\"https:\\\/\\\/www.stempeltier.de\\\/blog\\\/#website\"},\"primaryImageOfPage\":{\"@id\":\"https:\\\/\\\/www.stempeltier.de\\\/blog\\\/stampinup\\\/#primaryimage\"},\"image\":{\"@id\":\"https:\\\/\\\/www.stempeltier.de\\\/blog\\\/stampinup\\\/#primaryimage\"},\"thumbnailUrl\":\"https:\\\/\\\/www.stempeltier.de\\\/blog\\\/wp-content\\\/uploads\\\/2015\\\/06\\\/1428387627634-300x159.jpg\",\"datePublished\":\"2015-06-26T21:23:16+00:00\",\"dateModified\":\"2015-07-13T08:22:16+00:00\",\"description\":\"Kreativ mit Danny dem Stempeltier und Stampin' Up! \u00ae in Kaufbeuren und Umgebung\",\"breadcrumb\":{\"@id\":\"https:\\\/\\\/www.stempeltier.de\\\/blog\\\/stampinup\\\/#breadcrumb\"},\"inLanguage\":\"de\",\"potentialAction\":[{\"@type\":\"ReadAction\",\"target\":[\"https:\\\/\\\/www.stempeltier.de\\\/blog\\\/stampinup\\\/\"]}]},{\"@type\":\"ImageObject\",\"inLanguage\":\"de\",\"@id\":\"https:\\\/\\\/www.stempeltier.de\\\/blog\\\/stampinup\\\/#primaryimage\",\"url\":\"https:\\\/\\\/www.stempeltier.de\\\/blog\\\/wp-content\\\/uploads\\\/2015\\\/06\\\/1428387627634.jpg\",\"contentUrl\":\"https:\\\/\\\/www.stempeltier.de\\\/blog\\\/wp-content\\\/uploads\\\/2015\\\/06\\\/1428387627634.jpg\",\"width\":425,\"height\":225},{\"@type\":\"BreadcrumbList\",\"@id\":\"https:\\\/\\\/www.stempeltier.de\\\/blog\\\/stampinup\\\/#breadcrumb\",\"itemListElement\":[{\"@type\":\"ListItem\",\"position\":1,\"name\":\"Startseite\",\"item\":\"https:\\\/\\\/www.stempeltier.de\\\/blog\\\/\"},{\"@type\":\"ListItem\",\"position\":2,\"name\":\"Stampin&#8216; Up!\"}]},{\"@type\":\"WebSite\",\"@id\":\"https:\\\/\\\/www.stempeltier.de\\\/blog\\\/#website\",\"url\":\"https:\\\/\\\/www.stempeltier.de\\\/blog\\\/\",\"name\":\"Stempeltier\",\"description\":\"Kreative Gl\u00fccksmomente aus Papier\",\"potentialAction\":[{\"@type\":\"SearchAction\",\"target\":{\"@type\":\"EntryPoint\",\"urlTemplate\":\"https:\\\/\\\/www.stempeltier.de\\\/blog\\\/?s={search_term_string}\"},\"query-input\":{\"@type\":\"PropertyValueSpecification\",\"valueRequired\":true,\"valueName\":\"search_term_string\"}}],\"inLanguage\":\"de\"}]}<\/script>\n<!-- \/ Yoast SEO plugin. -->","yoast_head_json":{"title":"Stampin' Up! - Stempeltier","description":"Kreativ mit Danny dem Stempeltier und Stampin' Up! \u00ae in Kaufbeuren und Umgebung","robots":{"index":"index","follow":"follow","max-snippet":"max-snippet:-1","max-image-preview":"max-image-preview:large","max-video-preview":"max-video-preview:-1"},"canonical":"https:\/\/www.stempeltier.de\/blog\/stampinup\/","og_locale":"de_DE","og_type":"article","og_title":"Stampin' Up! - Stempeltier","og_description":"Kreativ mit Danny dem Stempeltier und Stampin' Up! \u00ae in Kaufbeuren und Umgebung","og_url":"https:\/\/www.stempeltier.de\/blog\/stampinup\/","og_site_name":"Stempeltier","article_publisher":"http:\/\/www.facebook.com\/DasStempeltier","article_modified_time":"2015-07-13T08:22:16+00:00","og_image":[{"url":"https:\/\/www.stempeltier.de\/blog\/wp-content\/uploads\/2015\/06\/1428387627634-300x159.jpg","type":"","width":"","height":""}],"twitter_card":"summary_large_image","schema":{"@context":"https:\/\/schema.org","@graph":[{"@type":"WebPage","@id":"https:\/\/www.stempeltier.de\/blog\/stampinup\/","url":"https:\/\/www.stempeltier.de\/blog\/stampinup\/","name":"Stampin' Up! - Stempeltier","isPartOf":{"@id":"https:\/\/www.stempeltier.de\/blog\/#website"},"primaryImageOfPage":{"@id":"https:\/\/www.stempeltier.de\/blog\/stampinup\/#primaryimage"},"image":{"@id":"https:\/\/www.stempeltier.de\/blog\/stampinup\/#primaryimage"},"thumbnailUrl":"https:\/\/www.stempeltier.de\/blog\/wp-content\/uploads\/2015\/06\/1428387627634-300x159.jpg","datePublished":"2015-06-26T21:23:16+00:00","dateModified":"2015-07-13T08:22:16+00:00","description":"Kreativ mit Danny dem Stempeltier und Stampin' Up! \u00ae in Kaufbeuren und Umgebung","breadcrumb":{"@id":"https:\/\/www.stempeltier.de\/blog\/stampinup\/#breadcrumb"},"inLanguage":"de","potentialAction":[{"@type":"ReadAction","target":["https:\/\/www.stempeltier.de\/blog\/stampinup\/"]}]},{"@type":"ImageObject","inLanguage":"de","@id":"https:\/\/www.stempeltier.de\/blog\/stampinup\/#primaryimage","url":"https:\/\/www.stempeltier.de\/blog\/wp-content\/uploads\/2015\/06\/1428387627634.jpg","contentUrl":"https:\/\/www.stempeltier.de\/blog\/wp-content\/uploads\/2015\/06\/1428387627634.jpg","width":425,"height":225},{"@type":"BreadcrumbList","@id":"https:\/\/www.stempeltier.de\/blog\/stampinup\/#breadcrumb","itemListElement":[{"@type":"ListItem","position":1,"name":"Startseite","item":"https:\/\/www.stempeltier.de\/blog\/"},{"@type":"ListItem","position":2,"name":"Stampin&#8216; Up!"}]},{"@type":"WebSite","@id":"https:\/\/www.stempeltier.de\/blog\/#website","url":"https:\/\/www.stempeltier.de\/blog\/","name":"Stempeltier","description":"Kreative Gl\u00fccksmomente aus Papier","potentialAction":[{"@type":"SearchAction","target":{"@type":"EntryPoint","urlTemplate":"https:\/\/www.stempeltier.de\/blog\/?s={search_term_string}"},"query-input":{"@type":"PropertyValueSpecification","valueRequired":true,"valueName":"search_term_string"}}],"inLanguage":"de"}]}},"jetpack-related-posts":[{"id":3476,"url":"https:\/\/www.stempeltier.de\/blog\/stampinup_katalog\/stampin-up-winterkatalog-2016-vorbestellung\/","url_meta":{"origin":84,"position":0},"title":"Stampin&#8216; Up! Winterkatalog 2016 bestellung","author":"Danny","date":"28. Juli 2016","format":false,"excerpt":"Eine der wahnsinnig tollen Vorteile am Demodasein ist es, schon als erster einen Einblick in neue Kataloge von Stampin' Up! zu haben. Ich durfte bereits ich den kommenden Herbst-Winterkatalog 2016 anschauen und meine Vorbestellung aufgeben - und ich bin begeistert! \u00a0>>>> Das PDF findest du HIER <<<< Es erwarten Euch\u2026","rel":"","context":"\u00c4hnlicher Beitrag","block_context":{"text":"\u00c4hnlicher Beitrag","link":""},"img":{"alt_text":"","src":"https:\/\/i0.wp.com\/www.stempeltier.de\/blog\/wp-content\/uploads\/2016\/07\/wintter.jpg?resize=350%2C200&ssl=1","width":350,"height":200,"srcset":"https:\/\/i0.wp.com\/www.stempeltier.de\/blog\/wp-content\/uploads\/2016\/07\/wintter.jpg?resize=350%2C200&ssl=1 1x, https:\/\/i0.wp.com\/www.stempeltier.de\/blog\/wp-content\/uploads\/2016\/07\/wintter.jpg?resize=525%2C300&ssl=1 1.5x, https:\/\/i0.wp.com\/www.stempeltier.de\/blog\/wp-content\/uploads\/2016\/07\/wintter.jpg?resize=700%2C400&ssl=1 2x"},"classes":[]},{"id":52,"url":"https:\/\/www.stempeltier.de\/blog\/stampinup_katalog\/","url_meta":{"origin":84,"position":1},"title":"Stampin&#8216; Up! Kataloge 2025 &#8211; 2026 Download &#038; Bestellung","author":"Danny","date":"26. Juni 2015","format":false,"excerpt":"STAMPIN\u2018 UP!\u00a0 2026 Mai-August Katalog Der Jahreskatalog wird abgel\u00f6st. Ab diesem Jahr gibt es 3 einzelne nacheinander g\u00fcltige Kataloge. Der Katalog Mai -August ist g\u00fcltig ab 05. Mai 2026Du findest das PDF vom Katalog zum Download hier. Alternativ kannst dir auch gerne ein Print-Exemplar bei mir anfordern. Das PDF vom\u2026","rel":"","context":"Mit 2 Kommentaren","block_context":{"text":"Mit 2 Kommentaren","link":"https:\/\/www.stempeltier.de\/blog\/stampinup_katalog\/#comments"},"img":{"alt_text":"stampin up jahreskatalog 2025-2026 download pdf","src":"https:\/\/i0.wp.com\/www.stempeltier.de\/blog\/wp-content\/uploads\/2025\/03\/jahreskatalog-2025.png?resize=350%2C200&ssl=1","width":350,"height":200,"srcset":"https:\/\/i0.wp.com\/www.stempeltier.de\/blog\/wp-content\/uploads\/2025\/03\/jahreskatalog-2025.png?resize=350%2C200&ssl=1 1x, https:\/\/i0.wp.com\/www.stempeltier.de\/blog\/wp-content\/uploads\/2025\/03\/jahreskatalog-2025.png?resize=525%2C300&ssl=1 1.5x"},"classes":[]},{"id":884,"url":"https:\/\/www.stempeltier.de\/blog\/stampinup_katalog\/kataloge-vorbestellen-fruehjahr-sommerkatalog-sale-a-bration-2016-stampin-up\/","url_meta":{"origin":84,"position":2},"title":"Stampin&#8216; Up!  Fr\u00fchjahr-\/Sommerkatalog 2016","author":"Danny","date":"6. September 2015","format":false,"excerpt":"Sale-a-Bration Hier geht's zur Brosch\u00fcre der Sale-a-bration (PDF) in deutsch und englisch. Fr\u00fchjahr-\/Sommerkatalog 2016 \u00a0 Hier findest du den neuen Fr\u00fchjahr-Sommerkatalog 2016 in deutsch und englisch. Die Produkte der SAB sind ab sofort g\u00fcltig bis 31.M\u00e4rz\u00a0 2016. Hier geht\u2019s zum Bestellformular. \u00a0 Komme ins Team Stempeltier Es gibt keinen g\u00fcnstigeren\u2026","rel":"","context":"\u00c4hnlicher Beitrag","block_context":{"text":"\u00c4hnlicher Beitrag","link":""},"img":{"alt_text":"","src":"https:\/\/i0.wp.com\/www.stempeltier.de\/blog\/wp-content\/uploads\/2015\/09\/Occ_Ecard_Toolkit_12.03.2015_DE.jpg?resize=350%2C200&ssl=1","width":350,"height":200,"srcset":"https:\/\/i0.wp.com\/www.stempeltier.de\/blog\/wp-content\/uploads\/2015\/09\/Occ_Ecard_Toolkit_12.03.2015_DE.jpg?resize=350%2C200&ssl=1 1x, https:\/\/i0.wp.com\/www.stempeltier.de\/blog\/wp-content\/uploads\/2015\/09\/Occ_Ecard_Toolkit_12.03.2015_DE.jpg?resize=525%2C300&ssl=1 1.5x"},"classes":[]},{"id":13118,"url":"https:\/\/www.stempeltier.de\/blog\/stampin-up-minikatalog-herbst-winter-2021\/","url_meta":{"origin":84,"position":3},"title":"Stampin&#8216; Up! Minikatalog Herbst Winter 2021","author":"Danny","date":"29. Juni 2021","format":false,"excerpt":"Stampin' Up! Minikatalog Juli-Dezember 2021 Du kannst dir jetzt schon dein Exemplar vom neuen Herbst-Winter Minikatalog 2021 von Stampin' Up! bei mir vorbestellen. Ebenfalls dazu lege ich dir den SaleABration Flyer mit den tollen neuen Pr\u00e4mien, die du entdecken kannst. Das PDF vom neuen Stampin' Up! Minikatalog Juli-Dezember 2021 werde\u2026","rel":"","context":"\u00c4hnlicher Beitrag","block_context":{"text":"\u00c4hnlicher Beitrag","link":""},"img":{"alt_text":"stampin up Saleabration SAB Herbst Winter Minikatalog 2021 PDF download","src":"https:\/\/i0.wp.com\/www.stempeltier.de\/blog\/wp-content\/uploads\/2021\/06\/06.21_header_sab_enge02cc21b0be1686086dbff0000ec372d-e1624962407105.jpg?resize=350%2C200&ssl=1","width":350,"height":200,"srcset":"https:\/\/i0.wp.com\/www.stempeltier.de\/blog\/wp-content\/uploads\/2021\/06\/06.21_header_sab_enge02cc21b0be1686086dbff0000ec372d-e1624962407105.jpg?resize=350%2C200&ssl=1 1x, https:\/\/i0.wp.com\/www.stempeltier.de\/blog\/wp-content\/uploads\/2021\/06\/06.21_header_sab_enge02cc21b0be1686086dbff0000ec372d-e1624962407105.jpg?resize=525%2C300&ssl=1 1.5x, https:\/\/i0.wp.com\/www.stempeltier.de\/blog\/wp-content\/uploads\/2021\/06\/06.21_header_sab_enge02cc21b0be1686086dbff0000ec372d-e1624962407105.jpg?resize=700%2C400&ssl=1 2x, https:\/\/i0.wp.com\/www.stempeltier.de\/blog\/wp-content\/uploads\/2021\/06\/06.21_header_sab_enge02cc21b0be1686086dbff0000ec372d-e1624962407105.jpg?resize=1050%2C600&ssl=1 3x"},"classes":[]},{"id":9967,"url":"https:\/\/www.stempeltier.de\/blog\/fruehlings-minikatalog-2020\/","url_meta":{"origin":84,"position":4},"title":"Fr\u00fchlings Minikatalog 2020","author":"Danny","date":"17. Dezember 2019","format":false,"excerpt":"G\u00fcltigkeit des Kataloges: 3.1.2020 bis 02.06.2020 Der neue Fr\u00fchling\/Sommer Minikatalog 2020 von Stampin\u2018 Up! ist wundervoll mit vielen tollen neuen Produkten die es zu entdecken gilt. Die ersten Kataloge sind schon an euch verschickt. Wenn du noch keinen hast, melde dich einfach und ich sende dir einen zu. Hier gibt's\u2026","rel":"","context":"\u00c4hnlicher Beitrag","block_context":{"text":"\u00c4hnlicher Beitrag","link":""},"img":{"alt_text":"stampin up SAB 2020 katalog mini fr\u00fchlingskatalog anfordern bestellen stempeltier","src":"https:\/\/i0.wp.com\/www.stempeltier.de\/blog\/wp-content\/uploads\/2019\/12\/stampin-up-SAB-2020-katalog-mini-fr%C3%BChlingskatalog-anfordern-bestellen-stempeltier.jpg?resize=350%2C200&ssl=1","width":350,"height":200,"srcset":"https:\/\/i0.wp.com\/www.stempeltier.de\/blog\/wp-content\/uploads\/2019\/12\/stampin-up-SAB-2020-katalog-mini-fr%C3%BChlingskatalog-anfordern-bestellen-stempeltier.jpg?resize=350%2C200&ssl=1 1x, https:\/\/i0.wp.com\/www.stempeltier.de\/blog\/wp-content\/uploads\/2019\/12\/stampin-up-SAB-2020-katalog-mini-fr%C3%BChlingskatalog-anfordern-bestellen-stempeltier.jpg?resize=525%2C300&ssl=1 1.5x, https:\/\/i0.wp.com\/www.stempeltier.de\/blog\/wp-content\/uploads\/2019\/12\/stampin-up-SAB-2020-katalog-mini-fr%C3%BChlingskatalog-anfordern-bestellen-stempeltier.jpg?resize=700%2C400&ssl=1 2x"},"classes":[]},{"id":985,"url":"https:\/\/www.stempeltier.de\/blog\/gutscheine-von-stampin-up\/","url_meta":{"origin":84,"position":5},"title":"Gutschein von Stampin&#8216; Up! bestellen","author":"Danny","date":"23. September 2015","format":false,"excerpt":"\u00a0 Du Du m\u00f6chtest einen Stampin' Up! Gutschein verschenken? Du m\u00f6chtest einen lieben Menschen mit den Produkten von Stampin' Up! beschenken? Du selbst w\u00fcnschst dir zu deinem Geburtstag, Muttertag, Weihnachten oder einfach so Bastelmaterial, der \u201eSchenker\u201c kennt sich aber damit nicht aus? Du kennst\u00a0jemanden, der total gerne bastelt und wei\u00dft\u2026","rel":"","context":"\u00c4hnlicher Beitrag","block_context":{"text":"\u00c4hnlicher Beitrag","link":""},"img":{"alt_text":"stampin up gutschein bestellen verschenken stempeltier eulenfest","src":"https:\/\/i0.wp.com\/www.stempeltier.de\/blog\/wp-content\/uploads\/2020\/12\/stampin-up-gutschein-bestellen-verschenken-stempeltier-eulenfest.jpg?resize=350%2C200&ssl=1","width":350,"height":200,"srcset":"https:\/\/i0.wp.com\/www.stempeltier.de\/blog\/wp-content\/uploads\/2020\/12\/stampin-up-gutschein-bestellen-verschenken-stempeltier-eulenfest.jpg?resize=350%2C200&ssl=1 1x, https:\/\/i0.wp.com\/www.stempeltier.de\/blog\/wp-content\/uploads\/2020\/12\/stampin-up-gutschein-bestellen-verschenken-stempeltier-eulenfest.jpg?resize=525%2C300&ssl=1 1.5x, https:\/\/i0.wp.com\/www.stempeltier.de\/blog\/wp-content\/uploads\/2020\/12\/stampin-up-gutschein-bestellen-verschenken-stempeltier-eulenfest.jpg?resize=700%2C400&ssl=1 2x, https:\/\/i0.wp.com\/www.stempeltier.de\/blog\/wp-content\/uploads\/2020\/12\/stampin-up-gutschein-bestellen-verschenken-stempeltier-eulenfest.jpg?resize=1050%2C600&ssl=1 3x"},"classes":[]}],"jetpack_sharing_enabled":true,"_links":{"self":[{"href":"https:\/\/www.stempeltier.de\/blog\/wp-json\/wp\/v2\/pages\/84","targetHints":{"allow":["GET"]}}],"collection":[{"href":"https:\/\/www.stempeltier.de\/blog\/wp-json\/wp\/v2\/pages"}],"about":[{"href":"https:\/\/www.stempeltier.de\/blog\/wp-json\/wp\/v2\/types\/page"}],"author":[{"embeddable":true,"href":"https:\/\/www.stempeltier.de\/blog\/wp-json\/wp\/v2\/users\/1"}],"replies":[{"embeddable":true,"href":"https:\/\/www.stempeltier.de\/blog\/wp-json\/wp\/v2\/comments?post=84"}],"version-history":[{"count":7,"href":"https:\/\/www.stempeltier.de\/blog\/wp-json\/wp\/v2\/pages\/84\/revisions"}],"predecessor-version":[{"id":411,"href":"https:\/\/www.stempeltier.de\/blog\/wp-json\/wp\/v2\/pages\/84\/revisions\/411"}],"wp:attachment":[{"href":"https:\/\/www.stempeltier.de\/blog\/wp-json\/wp\/v2\/media?parent=84"}],"curies":[{"name":"wp","href":"https:\/\/api.w.org\/{rel}","templated":true}]}}