{"id":7527,"date":"2018-10-17T08:29:21","date_gmt":"2018-10-17T06:29:21","guid":{"rendered":"https:\/\/www.stempeltier.de\/blog\/?page_id=7527"},"modified":"2018-12-28T13:25:06","modified_gmt":"2018-12-28T12:25:06","slug":"flockengestoeber-exclusiv-im-november","status":"publish","type":"page","link":"https:\/\/www.stempeltier.de\/blog\/angebote\/flockengestoeber-exclusiv-im-november\/","title":{"rendered":"Flockengest\u00f6ber &#8211; exclusiv im November"},"content":{"rendered":"<p><img loading=\"lazy\" decoding=\"async\" class=\"aligncenter size-large wp-image-7528\" src=\"https:\/\/www.stempeltier.de\/blog\/wp-content\/uploads\/2018\/10\/10-01-18_dmain_q4_out_of_pub_de-1024x411.jpg\" alt=\"stampin up flockengest\u00f6ber schneeflocken november exklusiv stempeltier\" width=\"700\" height=\"281\" srcset=\"https:\/\/www.stempeltier.de\/blog\/wp-content\/uploads\/2018\/10\/10-01-18_dmain_q4_out_of_pub_de-1024x411.jpg 1024w, https:\/\/www.stempeltier.de\/blog\/wp-content\/uploads\/2018\/10\/10-01-18_dmain_q4_out_of_pub_de-600x241.jpg 600w, https:\/\/www.stempeltier.de\/blog\/wp-content\/uploads\/2018\/10\/10-01-18_dmain_q4_out_of_pub_de-300x121.jpg 300w, https:\/\/www.stempeltier.de\/blog\/wp-content\/uploads\/2018\/10\/10-01-18_dmain_q4_out_of_pub_de-768x309.jpg 768w, https:\/\/www.stempeltier.de\/blog\/wp-content\/uploads\/2018\/10\/10-01-18_dmain_q4_out_of_pub_de.jpg 1170w\" sizes=\"(max-width: 700px) 100vw, 700px\" \/><\/p>\n<p><span class=\"body-copy-callout\">Hurra, es schneit! Stimmt nicht? <\/span><\/p>\n<p><span class=\"body-copy-callout\">Dann kreiere dir doch einfach selbst ein wei\u00dfes Winterwunderland. Mit diesem fantastischen Produktsortiment aus zwei Stempelsets, Papier, Accessoires und Stanzformen sind deiner Fantasie keine Grenzen gesetzt. <\/span><\/p>\n<blockquote><p>Vorbestellung ab sofort bei mir m\u00f6glich, ich setzte deine Bestellung dann gleich am Start der Aktion am 1 November ab. Einfach Email an &#x64;&#x61;&#x6e;&#110;&#121;&#64;st&#x65;&#x6d;&#x70;&#x65;&#108;&#116;ie&#x72;&#x2e;&#x64;&#x65; oder das <a href=\"https:\/\/www.stempeltier.de\/blog\/bestellen\/bestellformular\/\">Bestellformular<\/a> nutzen.<\/p><\/blockquote>\n<div id=\"Contentplaceholder1_C187_Col00\" class=\"sf_colsIn col-md-6\" data-sf-element=\"Column 1\" data-placeholder-label=\"Column 1\">\n<div>\n<div>\n<p><span class=\"body-copy-callout\">1.\u201330. November 2018 <\/span><\/p>\n<ul>\n<li>Schnell zugreifen, solange die Artikel noch zu haben sind!<\/li>\n<li>Die Produkte sind erh\u00e4ltlich bis zum 30. November 2018 oder solange der Vorrat reicht \u2013 <em>je nachdem, was zuerst zutrifft.<\/em> Ist der Bestand vor dem 30. November aufgebraucht, kann der jeweilige Artikel nicht mehr bestellt werden.<\/li>\n<li>Alle Artikel k\u00f6nnen auch f\u00fcr das Starterset (jetzt schon !) ausgew\u00e4hlt werden.<\/li>\n<\/ul>\n<\/div>\n<p><a href=\"https:\/\/su-media.s3.amazonaws.com\/media\/Promotions\/EU\/2018\/Snowflake%20Showcase\/10.01.18_FLYER_Q4_OUT_OF_PUB_DE.pdf\" target=\"_blank\" rel=\"noopener\"><img loading=\"lazy\" decoding=\"async\" class=\"aligncenter wp-image-7537 size-medium\" src=\"https:\/\/www.stempeltier.de\/blog\/wp-content\/uploads\/2018\/10\/stampin-up-flockengest\u00f6ber-schneeflocken-flyer-stempeltier-232x300.jpg\" alt=\"stampin up flockengest\u00f6ber schneeflocken flyer stempeltier\" width=\"232\" height=\"300\" srcset=\"https:\/\/www.stempeltier.de\/blog\/wp-content\/uploads\/2018\/10\/stampin-up-flockengest\u00f6ber-schneeflocken-flyer-stempeltier-232x300.jpg 232w, https:\/\/www.stempeltier.de\/blog\/wp-content\/uploads\/2018\/10\/stampin-up-flockengest\u00f6ber-schneeflocken-flyer-stempeltier-600x775.jpg 600w, https:\/\/www.stempeltier.de\/blog\/wp-content\/uploads\/2018\/10\/stampin-up-flockengest\u00f6ber-schneeflocken-flyer-stempeltier.jpg 639w\" sizes=\"(max-width: 232px) 100vw, 232px\" \/><\/a><span style=\"color: #ff0000;\"><strong><br \/>\n<\/strong><\/span><\/p>\n<p>Bestellen kannst du einfach \u00fcber das <a href=\"https:\/\/www.stempeltier.de\/blog\/bestellen\/bestellformular\/\" target=\"_blank\" rel=\"noopener\">Bestellformular<\/a> oder direkt per Email.<\/p>\n<div>\n<p>Ein paar Beispiele vorab:<\/p>\n<p><img loading=\"lazy\" decoding=\"async\" class=\"aligncenter wp-image-7533 size-medium\" src=\"https:\/\/www.stempeltier.de\/blog\/wp-content\/uploads\/2018\/10\/10-01-18_th_sample1_q4_out_of_pub-300x236.jpg\" alt=\"stampin up flockengest\u00f6ber_sample4 schneeflocken\" width=\"300\" height=\"236\" srcset=\"https:\/\/www.stempeltier.de\/blog\/wp-content\/uploads\/2018\/10\/10-01-18_th_sample1_q4_out_of_pub-300x236.jpg 300w, https:\/\/www.stempeltier.de\/blog\/wp-content\/uploads\/2018\/10\/10-01-18_th_sample1_q4_out_of_pub.jpg 400w\" sizes=\"(max-width: 300px) 100vw, 300px\" \/> <img loading=\"lazy\" decoding=\"async\" class=\"aligncenter wp-image-7532 size-medium\" src=\"https:\/\/www.stempeltier.de\/blog\/wp-content\/uploads\/2018\/10\/10-01-18_th_sample3_q4_out_of_pub-300x236.jpg\" alt=\"stampin up flockengest\u00f6ber_sample4 schneeflocken\" width=\"300\" height=\"236\" srcset=\"https:\/\/www.stempeltier.de\/blog\/wp-content\/uploads\/2018\/10\/10-01-18_th_sample3_q4_out_of_pub-300x236.jpg 300w, https:\/\/www.stempeltier.de\/blog\/wp-content\/uploads\/2018\/10\/10-01-18_th_sample3_q4_out_of_pub.jpg 400w\" sizes=\"(max-width: 300px) 100vw, 300px\" \/> <img loading=\"lazy\" decoding=\"async\" class=\"aligncenter wp-image-7531 size-medium\" src=\"https:\/\/www.stempeltier.de\/blog\/wp-content\/uploads\/2018\/10\/10-01-18_th_sample4_q4_out_of_pub-300x236.jpg\" alt=\"stampin up flockengest\u00f6ber_sample4 schneeflocken\" width=\"300\" height=\"236\" srcset=\"https:\/\/www.stempeltier.de\/blog\/wp-content\/uploads\/2018\/10\/10-01-18_th_sample4_q4_out_of_pub-300x236.jpg 300w, https:\/\/www.stempeltier.de\/blog\/wp-content\/uploads\/2018\/10\/10-01-18_th_sample4_q4_out_of_pub.jpg 400w\" sizes=\"(max-width: 300px) 100vw, 300px\" \/><\/p>\n<p><a href=\"https:\/\/www.stempeltier.de\/blog\/ein-wintermaerchen-notizblock\/\" target=\"_blank\" rel=\"noopener\"><img loading=\"lazy\" decoding=\"async\" class=\"aligncenter wp-image-7557 size-medium\" src=\"https:\/\/www.stempeltier.de\/blog\/wp-content\/uploads\/2018\/10\/stampin-up-winterm\u00e4rchen-flockengestoeber-tannenbaum-kellnerblock-stempeltier.jpg-253x300.jpg\" alt=\"stampin up winterm\u00e4rchen flockengestoeber tannenbaum kellnerblock stempeltier.jpg\" width=\"253\" height=\"300\" srcset=\"https:\/\/www.stempeltier.de\/blog\/wp-content\/uploads\/2018\/10\/stampin-up-winterm\u00e4rchen-flockengestoeber-tannenbaum-kellnerblock-stempeltier.jpg-253x300.jpg 253w, https:\/\/www.stempeltier.de\/blog\/wp-content\/uploads\/2018\/10\/stampin-up-winterm\u00e4rchen-flockengestoeber-tannenbaum-kellnerblock-stempeltier.jpg-600x710.jpg 600w, https:\/\/www.stempeltier.de\/blog\/wp-content\/uploads\/2018\/10\/stampin-up-winterm\u00e4rchen-flockengestoeber-tannenbaum-kellnerblock-stempeltier.jpg-768x909.jpg 768w, https:\/\/www.stempeltier.de\/blog\/wp-content\/uploads\/2018\/10\/stampin-up-winterm\u00e4rchen-flockengestoeber-tannenbaum-kellnerblock-stempeltier.jpg-865x1024.jpg 865w, https:\/\/www.stempeltier.de\/blog\/wp-content\/uploads\/2018\/10\/stampin-up-winterm\u00e4rchen-flockengestoeber-tannenbaum-kellnerblock-stempeltier.jpg.jpg 1536w\" sizes=\"(max-width: 253px) 100vw, 253px\" \/><\/a><div class=\"stampused stampused-wrap\">\n  <div class=\"stampused-item stampused-item-small\">\n    <a href=\"https:\/\/www.stampinup.de\/products\/149887?demoid=5017664\" \n                alt=\"Stampin Up Product 149887\" title=\"Stampin Up Online Shop Product 149887\" target=\"_blank\">\n                <img decoding=\"async\" src=\"\/\/www2.stampinup.com\/images\/EC\/149887s.jpg\" alt=\"Stampin Up Product 149887\"><\/a>  <\/div>\n  <div class=\"stampused-item stampused-item-small\">\n    <a href=\"https:\/\/www.stampinup.de\/products\/149899?demoid=5017664\" \n                alt=\"Stampin Up Product 149899\" title=\"Stampin Up Online Shop Product 149899\" target=\"_blank\">\n                <img decoding=\"async\" src=\"\/\/www2.stampinup.com\/images\/EC\/149899s.jpg\" alt=\"Stampin Up Product 149899\"><\/a>  <\/div>\n  <div class=\"stampused-item stampused-item-small\">\n    <a href=\"https:\/\/www.stampinup.de\/products\/149620?demoid=5017664\" \n                alt=\"Stampin Up Product 149620\" title=\"Stampin Up Online Shop Product 149620\" target=\"_blank\">\n                <img decoding=\"async\" src=\"\/\/www2.stampinup.com\/images\/EC\/149620s.jpg\" alt=\"Stampin Up Product 149620\"><\/a>  <\/div>\n  <div class=\"stampused-item stampused-item-small\">\n    <a href=\"https:\/\/www.stampinup.de\/products\/149692?demoid=5017664\" \n                alt=\"Stampin Up Product 149692\" title=\"Stampin Up Online Shop Product 149692\" target=\"_blank\">\n                <img decoding=\"async\" src=\"\/\/www2.stampinup.com\/images\/EC\/149692s.jpg\" alt=\"Stampin Up Product 149692\"><\/a>  <\/div>\n  <div class=\"stampused-item stampused-item-small\">\n    <a href=\"https:\/\/www.stampinup.de\/products\/149619?demoid=5017664\" \n                alt=\"Stampin Up Product 149619\" title=\"Stampin Up Online Shop Product 149619\" target=\"_blank\">\n                <img decoding=\"async\" src=\"\/\/www2.stampinup.com\/images\/EC\/149619s.jpg\" alt=\"Stampin Up Product 149619\"><\/a>  <\/div>\n<\/div>\n<\/p>\n<p><img loading=\"lazy\" decoding=\"async\" class=\"aligncenter size-full wp-image-2899\" src=\"https:\/\/www.stempeltier.de\/blog\/wp-content\/uploads\/2016\/05\/liebe-gr\u00fc\u00dfe-stempeltier-stampin-up-bestellen.jpg\" alt=\"\" width=\"452\" height=\"143\" srcset=\"https:\/\/www.stempeltier.de\/blog\/wp-content\/uploads\/2016\/05\/liebe-gr\u00fc\u00dfe-stempeltier-stampin-up-bestellen.jpg 452w, https:\/\/www.stempeltier.de\/blog\/wp-content\/uploads\/2016\/05\/liebe-gr\u00fc\u00dfe-stempeltier-stampin-up-bestellen-300x95.jpg 300w\" sizes=\"(max-width: 452px) 100vw, 452px\" \/><\/p>\n<\/div>\n<\/div>\n<\/div>\n<div class=\"shariff shariff-align-center shariff-widget-align-flex-start\" data-services=\"facebook%7Cpinterest\" data-url=\"https%3A%2F%2Fwww.stempeltier.de%2Fblog%2Fangebote%2Fflockengestoeber-exclusiv-im-november%2F\" data-timestamp=\"1546003506\" data-backendurl=\"https:\/\/www.stempeltier.de\/blog\/wp-json\/shariff\/v1\/share_counts?\"><div class=\"ShariffHeadline\">Sharing is caring - Teilen erlaubt<\/div><ul class=\"shariff-buttons theme-round orientation-horizontal buttonsize-medium\"><li class=\"shariff-button facebook shariff-nocustomcolor\" style=\"background-color:#4273c8\"><a href=\"https:\/\/www.facebook.com\/sharer\/sharer.php?u=https%3A%2F%2Fwww.stempeltier.de%2Fblog%2Fangebote%2Fflockengestoeber-exclusiv-im-november%2F\" title=\"Bei Facebook teilen\" aria-label=\"Bei Facebook teilen\" role=\"button\" rel=\"nofollow\" class=\"shariff-link\" style=\"; background-color:#3b5998; color:#fff\" target=\"_blank\"><span class=\"shariff-icon\" style=\"\"><svg width=\"32px\" height=\"20px\" xmlns=\"http:\/\/www.w3.org\/2000\/svg\" viewBox=\"0 0 18 32\"><path fill=\"#3b5998\" d=\"M17.1 0.2v4.7h-2.8q-1.5 0-2.1 0.6t-0.5 1.9v3.4h5.2l-0.7 5.3h-4.5v13.6h-5.5v-13.6h-4.5v-5.3h4.5v-3.9q0-3.3 1.9-5.2t5-1.8q2.6 0 4.1 0.2z\"\/><\/svg><\/span><span data-service=\"facebook\" style=\"color:#3b5998\" class=\"shariff-count shariff-hidezero\"><\/span>&nbsp;<\/a><\/li><li class=\"shariff-button twitter shariff-nocustomcolor\" style=\"background-color:#595959\"><a href=\"https:\/\/twitter.com\/share?url=https%3A%2F%2Fwww.stempeltier.de%2Fblog%2Fangebote%2Fflockengestoeber-exclusiv-im-november%2F&text=Flockengest%C3%B6ber%20%E2%80%93%20exclusiv%20im%20November\" title=\"Bei X teilen\" aria-label=\"Bei X teilen\" role=\"button\" rel=\"noopener nofollow\" class=\"shariff-link\" style=\"; background-color:#000; color:#fff\" target=\"_blank\"><span class=\"shariff-icon\" style=\"\"><svg width=\"32px\" height=\"20px\" xmlns=\"http:\/\/www.w3.org\/2000\/svg\" viewBox=\"0 0 24 24\"><path fill=\"#000\" d=\"M14.258 10.152L23.176 0h-2.113l-7.747 8.813L7.133 0H0l9.352 13.328L0 23.973h2.113l8.176-9.309 6.531 9.309h7.133zm-2.895 3.293l-.949-1.328L2.875 1.56h3.246l6.086 8.523.945 1.328 7.91 11.078h-3.246zm0 0\"\/><\/svg><\/span><\/a><\/li><li class=\"shariff-button pinterest shariff-nocustomcolor\" style=\"background-color:#e70f18\"><a href=\"https:\/\/www.pinterest.com\/pin\/create\/link\/?url=https%3A%2F%2Fwww.stempeltier.de%2Fblog%2Fangebote%2Fflockengestoeber-exclusiv-im-november%2F&media=https%3A%2F%2Fwww.stempeltier.de%2Fblog%2Fwp-content%2Fuploads%2F2018%2F10%2F10-01-18_dmain_q4_out_of_pub_de-1024x411.jpg&description=Flockengest%C3%B6ber%20%E2%80%93%20exclusiv%20im%20November\" title=\"Bei Pinterest pinnen\" aria-label=\"Bei Pinterest pinnen\" role=\"button\" rel=\"noopener nofollow\" class=\"shariff-link\" style=\"; background-color:#cb2027; color:#fff\" target=\"_blank\"><span class=\"shariff-icon\" style=\"\"><svg width=\"32px\" height=\"20px\" xmlns=\"http:\/\/www.w3.org\/2000\/svg\" viewBox=\"0 0 27 32\"><path fill=\"#cb2027\" d=\"M27.4 16q0 3.7-1.8 6.9t-5 5-6.9 1.9q-2 0-3.9-0.6 1.1-1.7 1.4-2.9 0.2-0.6 1-3.8 0.4 0.7 1.3 1.2t2 0.5q2.1 0 3.8-1.2t2.7-3.4 0.9-4.8q0-2-1.1-3.8t-3.1-2.9-4.5-1.2q-1.9 0-3.5 0.5t-2.8 1.4-2 2-1.2 2.3-0.4 2.4q0 1.9 0.7 3.3t2.1 2q0.5 0.2 0.7-0.4 0-0.1 0.1-0.5t0.2-0.5q0.1-0.4-0.2-0.8-0.9-1.1-0.9-2.7 0-2.7 1.9-4.6t4.9-2q2.7 0 4.2 1.5t1.5 3.8q0 3-1.2 5.2t-3.1 2.1q-1.1 0-1.7-0.8t-0.4-1.9q0.1-0.6 0.5-1.7t0.5-1.8 0.2-1.4q0-0.9-0.5-1.5t-1.4-0.6q-1.1 0-1.9 1t-0.8 2.6q0 1.3 0.4 2.2l-1.8 7.5q-0.3 1.2-0.2 3.2-3.7-1.6-6-5t-2.3-7.6q0-3.7 1.9-6.9t5-5 6.9-1.9 6.9 1.9 5 5 1.8 6.9z\"\/><\/svg><\/span><span data-service=\"pinterest\" style=\"color:#cb2027\" class=\"shariff-count\"> 0<\/span>&nbsp;<\/a><\/li><li class=\"shariff-button whatsapp shariff-nocustomcolor\" style=\"background-color:#5cbe4a\"><a href=\"https:\/\/api.whatsapp.com\/send?text=https%3A%2F%2Fwww.stempeltier.de%2Fblog%2Fangebote%2Fflockengestoeber-exclusiv-im-november%2F%20Flockengest%C3%B6ber%20%E2%80%93%20exclusiv%20im%20November\" title=\"Bei Whatsapp teilen\" aria-label=\"Bei Whatsapp teilen\" role=\"button\" rel=\"noopener nofollow\" class=\"shariff-link\" style=\"; background-color:#34af23; color:#fff\" target=\"_blank\"><span class=\"shariff-icon\" style=\"\"><svg width=\"32px\" height=\"20px\" xmlns=\"http:\/\/www.w3.org\/2000\/svg\" viewBox=\"0 0 32 32\"><path fill=\"#34af23\" d=\"M17.6 17.4q0.2 0 1.7 0.8t1.6 0.9q0 0.1 0 0.3 0 0.6-0.3 1.4-0.3 0.7-1.3 1.2t-1.8 0.5q-1 0-3.4-1.1-1.7-0.8-3-2.1t-2.6-3.3q-1.3-1.9-1.3-3.5v-0.1q0.1-1.6 1.3-2.8 0.4-0.4 0.9-0.4 0.1 0 0.3 0t0.3 0q0.3 0 0.5 0.1t0.3 0.5q0.1 0.4 0.6 1.6t0.4 1.3q0 0.4-0.6 1t-0.6 0.8q0 0.1 0.1 0.3 0.6 1.3 1.8 2.4 1 0.9 2.7 1.8 0.2 0.1 0.4 0.1 0.3 0 1-0.9t0.9-0.9zM14 26.9q2.3 0 4.3-0.9t3.6-2.4 2.4-3.6 0.9-4.3-0.9-4.3-2.4-3.6-3.6-2.4-4.3-0.9-4.3 0.9-3.6 2.4-2.4 3.6-0.9 4.3q0 3.6 2.1 6.6l-1.4 4.2 4.3-1.4q2.8 1.9 6.2 1.9zM14 2.2q2.7 0 5.2 1.1t4.3 2.9 2.9 4.3 1.1 5.2-1.1 5.2-2.9 4.3-4.3 2.9-5.2 1.1q-3.5 0-6.5-1.7l-7.4 2.4 2.4-7.2q-1.9-3.2-1.9-6.9 0-2.7 1.1-5.2t2.9-4.3 4.3-2.9 5.2-1.1z\"\/><\/svg><\/span><\/a><\/li><li class=\"shariff-button mailto shariff-nocustomcolor\" style=\"background-color:#a8a8a8\"><a href=\"mailto:?body=https%3A%2F%2Fwww.stempeltier.de%2Fblog%2Fangebote%2Fflockengestoeber-exclusiv-im-november%2F&subject=Flockengest%C3%B6ber%20%E2%80%93%20exclusiv%20im%20November\" title=\"Per E-Mail versenden\" aria-label=\"Per E-Mail versenden\" role=\"button\" rel=\"noopener nofollow\" class=\"shariff-link\" style=\"; background-color:#999; color:#fff\"><span class=\"shariff-icon\" style=\"\"><svg width=\"32px\" height=\"20px\" xmlns=\"http:\/\/www.w3.org\/2000\/svg\" viewBox=\"0 0 32 32\"><path fill=\"#999\" d=\"M32 12.7v14.2q0 1.2-0.8 2t-2 0.9h-26.3q-1.2 0-2-0.9t-0.8-2v-14.2q0.8 0.9 1.8 1.6 6.5 4.4 8.9 6.1 1 0.8 1.6 1.2t1.7 0.9 2 0.4h0.1q0.9 0 2-0.4t1.7-0.9 1.6-1.2q3-2.2 8.9-6.1 1-0.7 1.8-1.6zM32 7.4q0 1.4-0.9 2.7t-2.2 2.2q-6.7 4.7-8.4 5.8-0.2 0.1-0.7 0.5t-1 0.7-0.9 0.6-1.1 0.5-0.9 0.2h-0.1q-0.4 0-0.9-0.2t-1.1-0.5-0.9-0.6-1-0.7-0.7-0.5q-1.6-1.1-4.7-3.2t-3.6-2.6q-1.1-0.7-2.1-2t-1-2.5q0-1.4 0.7-2.3t2.1-0.9h26.3q1.2 0 2 0.8t0.9 2z\"\/><\/svg><\/span><\/a><\/li><\/ul><\/div>","protected":false},"excerpt":{"rendered":"<p>Hurra, es schneit! Stimmt nicht? Dann kreiere dir doch einfach selbst ein wei\u00dfes Winterwunderland. Mit diesem fantastischen Produktsortiment aus zwei Stempelsets, Papier, Accessoires und Stanzformen sind deiner Fantasie keine Grenzen gesetzt. Vorbestellung ab sofort bei mir m\u00f6glich, ich setzte deine&hellip; <\/p>\n","protected":false},"author":1,"featured_media":0,"parent":2997,"menu_order":0,"comment_status":"closed","ping_status":"closed","template":"","meta":{"jetpack_post_was_ever_published":false,"footnotes":""},"class_list":["post-7527","page","type-page","status-publish","hentry"],"yoast_head":"<!-- This site is optimized with the Yoast SEO plugin v25.6 - https:\/\/yoast.com\/wordpress\/plugins\/seo\/ -->\n<title>Flockengest\u00f6ber - exclusiv im November - Stempeltier<\/title>\n<meta name=\"description\" content=\"Sichere dir jetzt deine exclusiven Stempel und Stanzformen aus dem Flockenzauber. Bestelle schnell und einfach dieses limitierte Schneeflocken Set hier\" \/>\n<meta name=\"robots\" content=\"index, follow, max-snippet:-1, max-image-preview:large, max-video-preview:-1\" \/>\n<link rel=\"canonical\" href=\"https:\/\/www.stempeltier.de\/blog\/angebote\/flockengestoeber-exclusiv-im-november\/\" \/>\n<meta property=\"og:locale\" content=\"de_DE\" \/>\n<meta property=\"og:type\" content=\"article\" \/>\n<meta property=\"og:title\" content=\"Flockengest\u00f6ber - exclusiv im November - Stempeltier\" \/>\n<meta property=\"og:description\" content=\"Sichere dir jetzt deine exclusiven Stempel und Stanzformen aus dem Flockenzauber. Bestelle schnell und einfach dieses limitierte Schneeflocken Set hier\" \/>\n<meta property=\"og:url\" content=\"https:\/\/www.stempeltier.de\/blog\/angebote\/flockengestoeber-exclusiv-im-november\/\" \/>\n<meta property=\"og:site_name\" content=\"Stempeltier\" \/>\n<meta property=\"article:publisher\" content=\"http:\/\/www.facebook.com\/DasStempeltier\" \/>\n<meta property=\"article:modified_time\" content=\"2018-12-28T12:25:06+00:00\" \/>\n<meta property=\"og:image\" content=\"https:\/\/www.stempeltier.de\/blog\/wp-content\/uploads\/2018\/10\/10-01-18_dmain_q4_out_of_pub_de-1024x411.jpg\" \/>\n<meta name=\"twitter:card\" content=\"summary_large_image\" \/>\n<meta name=\"twitter:label1\" content=\"Gesch\u00e4tzte Lesezeit\" \/>\n\t<meta name=\"twitter:data1\" content=\"1\u00a0Minute\" \/>\n<script type=\"application\/ld+json\" class=\"yoast-schema-graph\">{\"@context\":\"https:\/\/schema.org\",\"@graph\":[{\"@type\":\"WebPage\",\"@id\":\"https:\/\/www.stempeltier.de\/blog\/angebote\/flockengestoeber-exclusiv-im-november\/\",\"url\":\"https:\/\/www.stempeltier.de\/blog\/angebote\/flockengestoeber-exclusiv-im-november\/\",\"name\":\"Flockengest\u00f6ber - exclusiv im November - Stempeltier\",\"isPartOf\":{\"@id\":\"https:\/\/www.stempeltier.de\/blog\/#website\"},\"primaryImageOfPage\":{\"@id\":\"https:\/\/www.stempeltier.de\/blog\/angebote\/flockengestoeber-exclusiv-im-november\/#primaryimage\"},\"image\":{\"@id\":\"https:\/\/www.stempeltier.de\/blog\/angebote\/flockengestoeber-exclusiv-im-november\/#primaryimage\"},\"thumbnailUrl\":\"https:\/\/www.stempeltier.de\/blog\/wp-content\/uploads\/2018\/10\/10-01-18_dmain_q4_out_of_pub_de-1024x411.jpg\",\"datePublished\":\"2018-10-17T06:29:21+00:00\",\"dateModified\":\"2018-12-28T12:25:06+00:00\",\"description\":\"Sichere dir jetzt deine exclusiven Stempel und Stanzformen aus dem Flockenzauber. Bestelle schnell und einfach dieses limitierte Schneeflocken Set hier\",\"breadcrumb\":{\"@id\":\"https:\/\/www.stempeltier.de\/blog\/angebote\/flockengestoeber-exclusiv-im-november\/#breadcrumb\"},\"inLanguage\":\"de\",\"potentialAction\":[{\"@type\":\"ReadAction\",\"target\":[\"https:\/\/www.stempeltier.de\/blog\/angebote\/flockengestoeber-exclusiv-im-november\/\"]}]},{\"@type\":\"ImageObject\",\"inLanguage\":\"de\",\"@id\":\"https:\/\/www.stempeltier.de\/blog\/angebote\/flockengestoeber-exclusiv-im-november\/#primaryimage\",\"url\":\"https:\/\/www.stempeltier.de\/blog\/wp-content\/uploads\/2018\/10\/10-01-18_dmain_q4_out_of_pub_de.jpg\",\"contentUrl\":\"https:\/\/www.stempeltier.de\/blog\/wp-content\/uploads\/2018\/10\/10-01-18_dmain_q4_out_of_pub_de.jpg\",\"width\":1170,\"height\":470,\"caption\":\"stampin up flockengest\u00f6ber schneeflocken november exklusiv stempeltier\"},{\"@type\":\"BreadcrumbList\",\"@id\":\"https:\/\/www.stempeltier.de\/blog\/angebote\/flockengestoeber-exclusiv-im-november\/#breadcrumb\",\"itemListElement\":[{\"@type\":\"ListItem\",\"position\":1,\"name\":\"Startseite\",\"item\":\"https:\/\/www.stempeltier.de\/blog\/\"},{\"@type\":\"ListItem\",\"position\":2,\"name\":\"Angebote\",\"item\":\"https:\/\/www.stempeltier.de\/blog\/angebote\/\"},{\"@type\":\"ListItem\",\"position\":3,\"name\":\"Flockengest\u00f6ber &#8211; exclusiv im November\"}]},{\"@type\":\"WebSite\",\"@id\":\"https:\/\/www.stempeltier.de\/blog\/#website\",\"url\":\"https:\/\/www.stempeltier.de\/blog\/\",\"name\":\"Stempeltier\",\"description\":\"Kreative Gl\u00fccksmomente aus Papier\",\"potentialAction\":[{\"@type\":\"SearchAction\",\"target\":{\"@type\":\"EntryPoint\",\"urlTemplate\":\"https:\/\/www.stempeltier.de\/blog\/?s={search_term_string}\"},\"query-input\":{\"@type\":\"PropertyValueSpecification\",\"valueRequired\":true,\"valueName\":\"search_term_string\"}}],\"inLanguage\":\"de\"}]}<\/script>\n<!-- \/ Yoast SEO plugin. -->","yoast_head_json":{"title":"Flockengest\u00f6ber - exclusiv im November - Stempeltier","description":"Sichere dir jetzt deine exclusiven Stempel und Stanzformen aus dem Flockenzauber. Bestelle schnell und einfach dieses limitierte Schneeflocken Set hier","robots":{"index":"index","follow":"follow","max-snippet":"max-snippet:-1","max-image-preview":"max-image-preview:large","max-video-preview":"max-video-preview:-1"},"canonical":"https:\/\/www.stempeltier.de\/blog\/angebote\/flockengestoeber-exclusiv-im-november\/","og_locale":"de_DE","og_type":"article","og_title":"Flockengest\u00f6ber - exclusiv im November - Stempeltier","og_description":"Sichere dir jetzt deine exclusiven Stempel und Stanzformen aus dem Flockenzauber. Bestelle schnell und einfach dieses limitierte Schneeflocken Set hier","og_url":"https:\/\/www.stempeltier.de\/blog\/angebote\/flockengestoeber-exclusiv-im-november\/","og_site_name":"Stempeltier","article_publisher":"http:\/\/www.facebook.com\/DasStempeltier","article_modified_time":"2018-12-28T12:25:06+00:00","og_image":[{"url":"https:\/\/www.stempeltier.de\/blog\/wp-content\/uploads\/2018\/10\/10-01-18_dmain_q4_out_of_pub_de-1024x411.jpg","type":"","width":"","height":""}],"twitter_card":"summary_large_image","twitter_misc":{"Gesch\u00e4tzte Lesezeit":"1\u00a0Minute"},"schema":{"@context":"https:\/\/schema.org","@graph":[{"@type":"WebPage","@id":"https:\/\/www.stempeltier.de\/blog\/angebote\/flockengestoeber-exclusiv-im-november\/","url":"https:\/\/www.stempeltier.de\/blog\/angebote\/flockengestoeber-exclusiv-im-november\/","name":"Flockengest\u00f6ber - exclusiv im November - Stempeltier","isPartOf":{"@id":"https:\/\/www.stempeltier.de\/blog\/#website"},"primaryImageOfPage":{"@id":"https:\/\/www.stempeltier.de\/blog\/angebote\/flockengestoeber-exclusiv-im-november\/#primaryimage"},"image":{"@id":"https:\/\/www.stempeltier.de\/blog\/angebote\/flockengestoeber-exclusiv-im-november\/#primaryimage"},"thumbnailUrl":"https:\/\/www.stempeltier.de\/blog\/wp-content\/uploads\/2018\/10\/10-01-18_dmain_q4_out_of_pub_de-1024x411.jpg","datePublished":"2018-10-17T06:29:21+00:00","dateModified":"2018-12-28T12:25:06+00:00","description":"Sichere dir jetzt deine exclusiven Stempel und Stanzformen aus dem Flockenzauber. Bestelle schnell und einfach dieses limitierte Schneeflocken Set hier","breadcrumb":{"@id":"https:\/\/www.stempeltier.de\/blog\/angebote\/flockengestoeber-exclusiv-im-november\/#breadcrumb"},"inLanguage":"de","potentialAction":[{"@type":"ReadAction","target":["https:\/\/www.stempeltier.de\/blog\/angebote\/flockengestoeber-exclusiv-im-november\/"]}]},{"@type":"ImageObject","inLanguage":"de","@id":"https:\/\/www.stempeltier.de\/blog\/angebote\/flockengestoeber-exclusiv-im-november\/#primaryimage","url":"https:\/\/www.stempeltier.de\/blog\/wp-content\/uploads\/2018\/10\/10-01-18_dmain_q4_out_of_pub_de.jpg","contentUrl":"https:\/\/www.stempeltier.de\/blog\/wp-content\/uploads\/2018\/10\/10-01-18_dmain_q4_out_of_pub_de.jpg","width":1170,"height":470,"caption":"stampin up flockengest\u00f6ber schneeflocken november exklusiv stempeltier"},{"@type":"BreadcrumbList","@id":"https:\/\/www.stempeltier.de\/blog\/angebote\/flockengestoeber-exclusiv-im-november\/#breadcrumb","itemListElement":[{"@type":"ListItem","position":1,"name":"Startseite","item":"https:\/\/www.stempeltier.de\/blog\/"},{"@type":"ListItem","position":2,"name":"Angebote","item":"https:\/\/www.stempeltier.de\/blog\/angebote\/"},{"@type":"ListItem","position":3,"name":"Flockengest\u00f6ber &#8211; exclusiv im November"}]},{"@type":"WebSite","@id":"https:\/\/www.stempeltier.de\/blog\/#website","url":"https:\/\/www.stempeltier.de\/blog\/","name":"Stempeltier","description":"Kreative Gl\u00fccksmomente aus Papier","potentialAction":[{"@type":"SearchAction","target":{"@type":"EntryPoint","urlTemplate":"https:\/\/www.stempeltier.de\/blog\/?s={search_term_string}"},"query-input":{"@type":"PropertyValueSpecification","valueRequired":true,"valueName":"search_term_string"}}],"inLanguage":"de"}]}},"jetpack-related-posts":[],"jetpack_sharing_enabled":true,"_links":{"self":[{"href":"https:\/\/www.stempeltier.de\/blog\/wp-json\/wp\/v2\/pages\/7527"}],"collection":[{"href":"https:\/\/www.stempeltier.de\/blog\/wp-json\/wp\/v2\/pages"}],"about":[{"href":"https:\/\/www.stempeltier.de\/blog\/wp-json\/wp\/v2\/types\/page"}],"author":[{"embeddable":true,"href":"https:\/\/www.stempeltier.de\/blog\/wp-json\/wp\/v2\/users\/1"}],"replies":[{"embeddable":true,"href":"https:\/\/www.stempeltier.de\/blog\/wp-json\/wp\/v2\/comments?post=7527"}],"version-history":[{"count":11,"href":"https:\/\/www.stempeltier.de\/blog\/wp-json\/wp\/v2\/pages\/7527\/revisions"}],"predecessor-version":[{"id":7875,"href":"https:\/\/www.stempeltier.de\/blog\/wp-json\/wp\/v2\/pages\/7527\/revisions\/7875"}],"up":[{"embeddable":true,"href":"https:\/\/www.stempeltier.de\/blog\/wp-json\/wp\/v2\/pages\/2997"}],"wp:attachment":[{"href":"https:\/\/www.stempeltier.de\/blog\/wp-json\/wp\/v2\/media?parent=7527"}],"curies":[{"name":"wp","href":"https:\/\/api.w.org\/{rel}","templated":true}]}}