{"id":6738,"date":"2018-06-01T06:00:34","date_gmt":"2018-06-01T04:00:34","guid":{"rendered":"https:\/\/www.stempeltier.de\/blog\/?page_id=6738"},"modified":"2018-07-11T23:31:34","modified_gmt":"2018-07-11T21:31:34","slug":"jahreskatalog-2018-2019","status":"publish","type":"page","link":"https:\/\/www.stempeltier.de\/blog\/stampinup_katalog\/jahreskatalog-2018-2019\/","title":{"rendered":"Jahreskatalog 2018-2019"},"content":{"rendered":"<div class=\"row\" data-sf-element=\"Row\">\n<div id=\"Contentplaceholder1_C199_Col01\" class=\"sf_colsIn col-sm-7\" data-sf-element=\"Column 2\" data-placeholder-label=\"Column 2\">\n<div>\n<div>\n<p class=\"body-header\">JAHRESKATALOG 2018\u20132019<\/p>\n<p><span class=\"body-copy-callout\"><img loading=\"lazy\" decoding=\"async\" class=\"size-full wp-image-6739 alignleft\" src=\"https:\/\/www.stempeltier.de\/blog\/wp-content\/uploads\/2018\/04\/20180404_ac18_de-de.jpg\" alt=\"\" width=\"175\" height=\"226\" \/>Der Katalog ist g\u00fcltig vom<\/span><br \/>\n1. Juni 2018 \u2013 3. Juni 2019<\/p>\n<p><span class=\"body-copy-callout\">Katalog PDF<\/span>\u00a0(<a href=\"https:\/\/su-media.s3.amazonaws.com\/media\/catalogs\/2018-2019%20Annual%20Catalog\/20180404_AC18_en-UK.pdf\" target=\"_blank\" rel=\"noopener\"><span class=\"link-large\">EN<\/span><\/a>\u00a0| <a href=\"https:\/\/su-media.s3.amazonaws.com\/media\/catalogs\/2018-2019%20Annual%20Catalog\/20180404_AC18_fr-FR.pdf\" target=\"_blank\" rel=\"noopener\"><span class=\"link-large\">FR<\/span><\/a> | <a href=\"https:\/\/su-media.s3.amazonaws.com\/media\/catalogs\/2018-2019%20Annual%20Catalog\/20180404_AC18_de-DE.pdf\" target=\"_blank\" rel=\"noopener\"><span class=\"link-large\">DE<\/span><\/a>) <span class=\"fine-print\"><span class=\"body-copy-small\">(54 MB)<\/span><\/span><\/p>\n<\/div>\n<\/div>\n<\/div>\n<\/div>\n<p>&nbsp;<\/p>\n<p>&nbsp;<\/p>\n<p>&nbsp;<\/p>\n<p>&nbsp;<\/p>\n<p>&nbsp;<\/p>\n<h1>Gleich ab in den <strong>Onlineshop<\/strong>, verwende bitte bei einer Bestellung &lt; 200 EUR den<br \/>\nHostess Code &#8211; den findest du auf der rechten Seitenleiste<\/h1>\n<p>&nbsp;<\/p>\n<p><a href=\"http:\/\/www2.stampinup.com\/ECWeb\/default.aspx?dbws&demoid=5017664\" target=\"_blank\" rel=\"noopener\"><img loading=\"lazy\" decoding=\"async\" class=\"aligncenter size-full wp-image-4260\" src=\"https:\/\/www.stempeltier.de\/blog\/wp-content\/uploads\/2016\/11\/onlineshop-stampin-up-produkte-bestellen-blog-stempeltier.jpg\" alt=\"onlineshop stampin up produkte bestellen blog stempeltier\" width=\"273\" height=\"75\" \/><\/a><\/p>\n<div class=\"detail-content\">\n<p>Es gibt dann Post von mir f\u00fcr Euch \ud83d\ude42<\/p>\n<p>&nbsp;<\/p>\n<p>Liebe Gr\u00fc\u00dfe.\u00a0 Eure Danny<\/p>\n<p>Klick <a href=\"https:\/\/ida.stampinup.com\/\">hier<\/a>, um als Stampin\u00b4 Up! Demonstrator in meinem Team einzusteigen<br \/>\nund ab sofort mindestens<span style=\"color: #ff6600;\"><strong> 20%<\/strong><\/span> auf deine Bestellungen zu <strong>sparen<\/strong>.<\/p>\n<p>&nbsp;<\/p>\n<\/div>\n<p><img loading=\"lazy\" decoding=\"async\" class=\"alignnone size-medium wp-image-2899\" src=\"https:\/\/www.stempeltier.de\/blog\/wp-content\/uploads\/2016\/05\/liebe-gr\u00fc\u00dfe-stempeltier-stampin-up-bestellen-300x95.jpg\" alt=\"\" width=\"300\" height=\"95\" srcset=\"https:\/\/www.stempeltier.de\/blog\/wp-content\/uploads\/2016\/05\/liebe-gr\u00fc\u00dfe-stempeltier-stampin-up-bestellen-300x95.jpg 300w, https:\/\/www.stempeltier.de\/blog\/wp-content\/uploads\/2016\/05\/liebe-gr\u00fc\u00dfe-stempeltier-stampin-up-bestellen.jpg 452w\" sizes=\"auto, (max-width: 300px) 100vw, 300px\" \/><\/p>\n<p>&nbsp;<\/p>\n<p>&nbsp;<\/p>\n<p>&nbsp;<\/p>\n<div class=\"shariff shariff-align-center shariff-widget-align-left\" data-services=\"facebook%7Cpinterest\" data-url=\"https:\/\/www.stempeltier.de\/blog\/stampinup_katalog\/jahreskatalog-2018-2019\/\" data-timestamp=\"1531351894\" data-backendurl=\"https:\/\/www.stempeltier.de\/blog\/wp-json\/shariff\/v1\/share_counts?\"><div class=\"ShariffHeadline\">Sharing is caring - Teilen erlaubt<\/div><ul class=\"shariff-buttons theme-round orientation-horizontal buttonsize-medium\"><li class=\"shariff-button facebook shariff-nocustomcolor\" style=\"background-color:#4273c8\"><a href=\"https:\/\/www.facebook.com\/sharer\/sharer.php?u=https%3A%2F%2Fwww.stempeltier.de%2Fblog%2Fstampinup_katalog%2Fjahreskatalog-2018-2019%2F\" title=\"Bei Facebook teilen\" aria-label=\"Bei Facebook teilen\" role=\"button\" rel=\"nofollow\" class=\"shariff-link\" style=\"; background-color:#3b5998; color:#fff\" target=\"_blank\"><span class=\"shariff-icon\" style=\"\"><svg width=\"32px\" height=\"20px\" xmlns=\"http:\/\/www.w3.org\/2000\/svg\" viewBox=\"0 0 18 32\"><path fill=\"#3b5998\" d=\"M17.1 0.2v4.7h-2.8q-1.5 0-2.1 0.6t-0.5 1.9v3.4h5.2l-0.7 5.3h-4.5v13.6h-5.5v-13.6h-4.5v-5.3h4.5v-3.9q0-3.3 1.9-5.2t5-1.8q2.6 0 4.1 0.2z\"\/><\/svg><\/span><span data-service=\"facebook\" style=\"color:#3b5998\" class=\"shariff-count shariff-hidezero\"><\/span>&nbsp;<\/a><\/li><li class=\"shariff-button twitter shariff-nocustomcolor\" style=\"background-color:#595959\"><a href=\"https:\/\/twitter.com\/share?url=https%3A%2F%2Fwww.stempeltier.de%2Fblog%2Fstampinup_katalog%2Fjahreskatalog-2018-2019%2F&text=Jahreskatalog%202018-2019\" title=\"Bei X teilen\" aria-label=\"Bei X teilen\" role=\"button\" rel=\"noopener nofollow\" class=\"shariff-link\" style=\"; background-color:#000; color:#fff\" target=\"_blank\"><span class=\"shariff-icon\" style=\"\"><svg width=\"32px\" height=\"20px\" xmlns=\"http:\/\/www.w3.org\/2000\/svg\" viewBox=\"0 0 24 24\"><path fill=\"#000\" d=\"M14.258 10.152L23.176 0h-2.113l-7.747 8.813L7.133 0H0l9.352 13.328L0 23.973h2.113l8.176-9.309 6.531 9.309h7.133zm-2.895 3.293l-.949-1.328L2.875 1.56h3.246l6.086 8.523.945 1.328 7.91 11.078h-3.246zm0 0\"\/><\/svg><\/span><\/a><\/li><li class=\"shariff-button pinterest shariff-nocustomcolor\" style=\"background-color:#e70f18\"><a href=\"https:\/\/www.pinterest.com\/pin\/create\/link\/?url=https%3A%2F%2Fwww.stempeltier.de%2Fblog%2Fstampinup_katalog%2Fjahreskatalog-2018-2019%2F&media=https%3A%2F%2Fwww.stempeltier.de%2Fblog%2Fwp-content%2Fuploads%2F2018%2F04%2F20180404_ac18_de-de.jpg&description=Jahreskatalog%202018-2019\" title=\"Bei Pinterest pinnen\" aria-label=\"Bei Pinterest pinnen\" role=\"button\" rel=\"noopener nofollow\" class=\"shariff-link\" style=\"; background-color:#cb2027; color:#fff\" target=\"_blank\"><span class=\"shariff-icon\" style=\"\"><svg width=\"32px\" height=\"20px\" xmlns=\"http:\/\/www.w3.org\/2000\/svg\" viewBox=\"0 0 27 32\"><path fill=\"#cb2027\" d=\"M27.4 16q0 3.7-1.8 6.9t-5 5-6.9 1.9q-2 0-3.9-0.6 1.1-1.7 1.4-2.9 0.2-0.6 1-3.8 0.4 0.7 1.3 1.2t2 0.5q2.1 0 3.8-1.2t2.7-3.4 0.9-4.8q0-2-1.1-3.8t-3.1-2.9-4.5-1.2q-1.9 0-3.5 0.5t-2.8 1.4-2 2-1.2 2.3-0.4 2.4q0 1.9 0.7 3.3t2.1 2q0.5 0.2 0.7-0.4 0-0.1 0.1-0.5t0.2-0.5q0.1-0.4-0.2-0.8-0.9-1.1-0.9-2.7 0-2.7 1.9-4.6t4.9-2q2.7 0 4.2 1.5t1.5 3.8q0 3-1.2 5.2t-3.1 2.1q-1.1 0-1.7-0.8t-0.4-1.9q0.1-0.6 0.5-1.7t0.5-1.8 0.2-1.4q0-0.9-0.5-1.5t-1.4-0.6q-1.1 0-1.9 1t-0.8 2.6q0 1.3 0.4 2.2l-1.8 7.5q-0.3 1.2-0.2 3.2-3.7-1.6-6-5t-2.3-7.6q0-3.7 1.9-6.9t5-5 6.9-1.9 6.9 1.9 5 5 1.8 6.9z\"\/><\/svg><\/span><span data-service=\"pinterest\" style=\"color:#cb2027\" class=\"shariff-count\"> 0<\/span>&nbsp;<\/a><\/li><li class=\"shariff-button whatsapp shariff-nocustomcolor\" style=\"background-color:#5cbe4a\"><a href=\"https:\/\/api.whatsapp.com\/send?text=https%3A%2F%2Fwww.stempeltier.de%2Fblog%2Fstampinup_katalog%2Fjahreskatalog-2018-2019%2F%20Jahreskatalog%202018-2019\" title=\"Bei Whatsapp teilen\" aria-label=\"Bei Whatsapp teilen\" role=\"button\" rel=\"noopener nofollow\" class=\"shariff-link\" style=\"; background-color:#34af23; color:#fff\" target=\"_blank\"><span class=\"shariff-icon\" style=\"\"><svg width=\"32px\" height=\"20px\" xmlns=\"http:\/\/www.w3.org\/2000\/svg\" viewBox=\"0 0 32 32\"><path fill=\"#34af23\" d=\"M17.6 17.4q0.2 0 1.7 0.8t1.6 0.9q0 0.1 0 0.3 0 0.6-0.3 1.4-0.3 0.7-1.3 1.2t-1.8 0.5q-1 0-3.4-1.1-1.7-0.8-3-2.1t-2.6-3.3q-1.3-1.9-1.3-3.5v-0.1q0.1-1.6 1.3-2.8 0.4-0.4 0.9-0.4 0.1 0 0.3 0t0.3 0q0.3 0 0.5 0.1t0.3 0.5q0.1 0.4 0.6 1.6t0.4 1.3q0 0.4-0.6 1t-0.6 0.8q0 0.1 0.1 0.3 0.6 1.3 1.8 2.4 1 0.9 2.7 1.8 0.2 0.1 0.4 0.1 0.3 0 1-0.9t0.9-0.9zM14 26.9q2.3 0 4.3-0.9t3.6-2.4 2.4-3.6 0.9-4.3-0.9-4.3-2.4-3.6-3.6-2.4-4.3-0.9-4.3 0.9-3.6 2.4-2.4 3.6-0.9 4.3q0 3.6 2.1 6.6l-1.4 4.2 4.3-1.4q2.8 1.9 6.2 1.9zM14 2.2q2.7 0 5.2 1.1t4.3 2.9 2.9 4.3 1.1 5.2-1.1 5.2-2.9 4.3-4.3 2.9-5.2 1.1q-3.5 0-6.5-1.7l-7.4 2.4 2.4-7.2q-1.9-3.2-1.9-6.9 0-2.7 1.1-5.2t2.9-4.3 4.3-2.9 5.2-1.1z\"\/><\/svg><\/span><\/a><\/li><li class=\"shariff-button mailto shariff-nocustomcolor\" style=\"background-color:#a8a8a8\"><a href=\"mailto:?body=https%3A%2F%2Fwww.stempeltier.de%2Fblog%2Fstampinup_katalog%2Fjahreskatalog-2018-2019%2F&subject=Jahreskatalog%202018-2019\" title=\"Per E-Mail versenden\" aria-label=\"Per E-Mail versenden\" role=\"button\" rel=\"noopener nofollow\" class=\"shariff-link\" style=\"; background-color:#999; color:#fff\"><span class=\"shariff-icon\" style=\"\"><svg width=\"32px\" height=\"20px\" xmlns=\"http:\/\/www.w3.org\/2000\/svg\" viewBox=\"0 0 32 32\"><path fill=\"#999\" d=\"M32 12.7v14.2q0 1.2-0.8 2t-2 0.9h-26.3q-1.2 0-2-0.9t-0.8-2v-14.2q0.8 0.9 1.8 1.6 6.5 4.4 8.9 6.1 1 0.8 1.6 1.2t1.7 0.9 2 0.4h0.1q0.9 0 2-0.4t1.7-0.9 1.6-1.2q3-2.2 8.9-6.1 1-0.7 1.8-1.6zM32 7.4q0 1.4-0.9 2.7t-2.2 2.2q-6.7 4.7-8.4 5.8-0.2 0.1-0.7 0.5t-1 0.7-0.9 0.6-1.1 0.5-0.9 0.2h-0.1q-0.4 0-0.9-0.2t-1.1-0.5-0.9-0.6-1-0.7-0.7-0.5q-1.6-1.1-4.7-3.2t-3.6-2.6q-1.1-0.7-2.1-2t-1-2.5q0-1.4 0.7-2.3t2.1-0.9h26.3q1.2 0 2 0.8t0.9 2z\"\/><\/svg><\/span><\/a><\/li><\/ul><\/div>","protected":false},"excerpt":{"rendered":"<p>JAHRESKATALOG 2018\u20132019 Der Katalog ist g\u00fcltig vom 1. Juni 2018 \u2013 3. Juni 2019 Katalog PDF\u00a0(EN\u00a0| FR | DE) (54 MB) &nbsp; &nbsp; &nbsp; &nbsp; &nbsp; Gleich ab in den Onlineshop, verwende bitte bei einer Bestellung &lt; 200 EUR den&hellip; <\/p>\n","protected":false},"author":1,"featured_media":0,"parent":52,"menu_order":1,"comment_status":"closed","ping_status":"closed","template":"","meta":{"footnotes":""},"class_list":["post-6738","page","type-page","status-publish","hentry"],"yoast_head":"<!-- This site is optimized with the Yoast SEO plugin v27.6 - https:\/\/yoast.com\/product\/yoast-seo-wordpress\/ -->\n<title>Jahreskatalog 2018-2019 - Stempeltier<\/title>\n<meta name=\"description\" content=\"Hier kannst du den aktuellen Jahreskatalog von Stampin&#039; Up! bestellen. Gerne berate ich dich pers\u00f6nlich und stehe dir mit Tipps zu Seite.\" \/>\n<meta name=\"robots\" content=\"index, follow, max-snippet:-1, max-image-preview:large, max-video-preview:-1\" \/>\n<link rel=\"canonical\" href=\"https:\/\/www.stempeltier.de\/blog\/stampinup_katalog\/jahreskatalog-2018-2019\/\" \/>\n<meta property=\"og:locale\" content=\"de_DE\" \/>\n<meta property=\"og:type\" content=\"article\" \/>\n<meta property=\"og:title\" content=\"Jahreskatalog 2018-2019 - Stempeltier\" \/>\n<meta property=\"og:description\" content=\"Hier kannst du den aktuellen Jahreskatalog von Stampin&#039; Up! bestellen. Gerne berate ich dich pers\u00f6nlich und stehe dir mit Tipps zu Seite.\" \/>\n<meta property=\"og:url\" content=\"https:\/\/www.stempeltier.de\/blog\/stampinup_katalog\/jahreskatalog-2018-2019\/\" \/>\n<meta property=\"og:site_name\" content=\"Stempeltier\" \/>\n<meta property=\"article:publisher\" content=\"http:\/\/www.facebook.com\/DasStempeltier\" \/>\n<meta property=\"article:modified_time\" content=\"2018-07-11T21:31:34+00:00\" \/>\n<meta property=\"og:image\" content=\"https:\/\/www.stempeltier.de\/blog\/wp-content\/uploads\/2018\/04\/20180404_ac18_de-de.jpg\" \/>\n<meta name=\"twitter:card\" content=\"summary_large_image\" \/>\n<script type=\"application\/ld+json\" class=\"yoast-schema-graph\">{\"@context\":\"https:\\\/\\\/schema.org\",\"@graph\":[{\"@type\":\"WebPage\",\"@id\":\"https:\\\/\\\/www.stempeltier.de\\\/blog\\\/stampinup_katalog\\\/jahreskatalog-2018-2019\\\/\",\"url\":\"https:\\\/\\\/www.stempeltier.de\\\/blog\\\/stampinup_katalog\\\/jahreskatalog-2018-2019\\\/\",\"name\":\"Jahreskatalog 2018-2019 - Stempeltier\",\"isPartOf\":{\"@id\":\"https:\\\/\\\/www.stempeltier.de\\\/blog\\\/#website\"},\"primaryImageOfPage\":{\"@id\":\"https:\\\/\\\/www.stempeltier.de\\\/blog\\\/stampinup_katalog\\\/jahreskatalog-2018-2019\\\/#primaryimage\"},\"image\":{\"@id\":\"https:\\\/\\\/www.stempeltier.de\\\/blog\\\/stampinup_katalog\\\/jahreskatalog-2018-2019\\\/#primaryimage\"},\"thumbnailUrl\":\"https:\\\/\\\/www.stempeltier.de\\\/blog\\\/wp-content\\\/uploads\\\/2018\\\/04\\\/20180404_ac18_de-de.jpg\",\"datePublished\":\"2018-06-01T04:00:34+00:00\",\"dateModified\":\"2018-07-11T21:31:34+00:00\",\"description\":\"Hier kannst du den aktuellen Jahreskatalog von Stampin' Up! bestellen. Gerne berate ich dich pers\u00f6nlich und stehe dir mit Tipps zu Seite.\",\"breadcrumb\":{\"@id\":\"https:\\\/\\\/www.stempeltier.de\\\/blog\\\/stampinup_katalog\\\/jahreskatalog-2018-2019\\\/#breadcrumb\"},\"inLanguage\":\"de\",\"potentialAction\":[{\"@type\":\"ReadAction\",\"target\":[\"https:\\\/\\\/www.stempeltier.de\\\/blog\\\/stampinup_katalog\\\/jahreskatalog-2018-2019\\\/\"]}]},{\"@type\":\"ImageObject\",\"inLanguage\":\"de\",\"@id\":\"https:\\\/\\\/www.stempeltier.de\\\/blog\\\/stampinup_katalog\\\/jahreskatalog-2018-2019\\\/#primaryimage\",\"url\":\"https:\\\/\\\/www.stempeltier.de\\\/blog\\\/wp-content\\\/uploads\\\/2018\\\/04\\\/20180404_ac18_de-de.jpg\",\"contentUrl\":\"https:\\\/\\\/www.stempeltier.de\\\/blog\\\/wp-content\\\/uploads\\\/2018\\\/04\\\/20180404_ac18_de-de.jpg\",\"width\":175,\"height\":226},{\"@type\":\"BreadcrumbList\",\"@id\":\"https:\\\/\\\/www.stempeltier.de\\\/blog\\\/stampinup_katalog\\\/jahreskatalog-2018-2019\\\/#breadcrumb\",\"itemListElement\":[{\"@type\":\"ListItem\",\"position\":1,\"name\":\"Startseite\",\"item\":\"https:\\\/\\\/www.stempeltier.de\\\/blog\\\/\"},{\"@type\":\"ListItem\",\"position\":2,\"name\":\"Stampin&#8216; Up! Kataloge 2026 Download &#038; Bestellung\",\"item\":\"https:\\\/\\\/www.stempeltier.de\\\/blog\\\/stampinup_katalog\\\/\"},{\"@type\":\"ListItem\",\"position\":3,\"name\":\"Jahreskatalog 2018-2019\"}]},{\"@type\":\"WebSite\",\"@id\":\"https:\\\/\\\/www.stempeltier.de\\\/blog\\\/#website\",\"url\":\"https:\\\/\\\/www.stempeltier.de\\\/blog\\\/\",\"name\":\"Stempeltier\",\"description\":\"Kreative Gl\u00fccksmomente aus Papier\",\"potentialAction\":[{\"@type\":\"SearchAction\",\"target\":{\"@type\":\"EntryPoint\",\"urlTemplate\":\"https:\\\/\\\/www.stempeltier.de\\\/blog\\\/?s={search_term_string}\"},\"query-input\":{\"@type\":\"PropertyValueSpecification\",\"valueRequired\":true,\"valueName\":\"search_term_string\"}}],\"inLanguage\":\"de\"}]}<\/script>\n<!-- \/ Yoast SEO plugin. -->","yoast_head_json":{"title":"Jahreskatalog 2018-2019 - Stempeltier","description":"Hier kannst du den aktuellen Jahreskatalog von Stampin' Up! bestellen. Gerne berate ich dich pers\u00f6nlich und stehe dir mit Tipps zu Seite.","robots":{"index":"index","follow":"follow","max-snippet":"max-snippet:-1","max-image-preview":"max-image-preview:large","max-video-preview":"max-video-preview:-1"},"canonical":"https:\/\/www.stempeltier.de\/blog\/stampinup_katalog\/jahreskatalog-2018-2019\/","og_locale":"de_DE","og_type":"article","og_title":"Jahreskatalog 2018-2019 - Stempeltier","og_description":"Hier kannst du den aktuellen Jahreskatalog von Stampin' Up! bestellen. Gerne berate ich dich pers\u00f6nlich und stehe dir mit Tipps zu Seite.","og_url":"https:\/\/www.stempeltier.de\/blog\/stampinup_katalog\/jahreskatalog-2018-2019\/","og_site_name":"Stempeltier","article_publisher":"http:\/\/www.facebook.com\/DasStempeltier","article_modified_time":"2018-07-11T21:31:34+00:00","og_image":[{"url":"https:\/\/www.stempeltier.de\/blog\/wp-content\/uploads\/2018\/04\/20180404_ac18_de-de.jpg","type":"","width":"","height":""}],"twitter_card":"summary_large_image","schema":{"@context":"https:\/\/schema.org","@graph":[{"@type":"WebPage","@id":"https:\/\/www.stempeltier.de\/blog\/stampinup_katalog\/jahreskatalog-2018-2019\/","url":"https:\/\/www.stempeltier.de\/blog\/stampinup_katalog\/jahreskatalog-2018-2019\/","name":"Jahreskatalog 2018-2019 - Stempeltier","isPartOf":{"@id":"https:\/\/www.stempeltier.de\/blog\/#website"},"primaryImageOfPage":{"@id":"https:\/\/www.stempeltier.de\/blog\/stampinup_katalog\/jahreskatalog-2018-2019\/#primaryimage"},"image":{"@id":"https:\/\/www.stempeltier.de\/blog\/stampinup_katalog\/jahreskatalog-2018-2019\/#primaryimage"},"thumbnailUrl":"https:\/\/www.stempeltier.de\/blog\/wp-content\/uploads\/2018\/04\/20180404_ac18_de-de.jpg","datePublished":"2018-06-01T04:00:34+00:00","dateModified":"2018-07-11T21:31:34+00:00","description":"Hier kannst du den aktuellen Jahreskatalog von Stampin' Up! bestellen. Gerne berate ich dich pers\u00f6nlich und stehe dir mit Tipps zu Seite.","breadcrumb":{"@id":"https:\/\/www.stempeltier.de\/blog\/stampinup_katalog\/jahreskatalog-2018-2019\/#breadcrumb"},"inLanguage":"de","potentialAction":[{"@type":"ReadAction","target":["https:\/\/www.stempeltier.de\/blog\/stampinup_katalog\/jahreskatalog-2018-2019\/"]}]},{"@type":"ImageObject","inLanguage":"de","@id":"https:\/\/www.stempeltier.de\/blog\/stampinup_katalog\/jahreskatalog-2018-2019\/#primaryimage","url":"https:\/\/www.stempeltier.de\/blog\/wp-content\/uploads\/2018\/04\/20180404_ac18_de-de.jpg","contentUrl":"https:\/\/www.stempeltier.de\/blog\/wp-content\/uploads\/2018\/04\/20180404_ac18_de-de.jpg","width":175,"height":226},{"@type":"BreadcrumbList","@id":"https:\/\/www.stempeltier.de\/blog\/stampinup_katalog\/jahreskatalog-2018-2019\/#breadcrumb","itemListElement":[{"@type":"ListItem","position":1,"name":"Startseite","item":"https:\/\/www.stempeltier.de\/blog\/"},{"@type":"ListItem","position":2,"name":"Stampin&#8216; Up! Kataloge 2026 Download &#038; Bestellung","item":"https:\/\/www.stempeltier.de\/blog\/stampinup_katalog\/"},{"@type":"ListItem","position":3,"name":"Jahreskatalog 2018-2019"}]},{"@type":"WebSite","@id":"https:\/\/www.stempeltier.de\/blog\/#website","url":"https:\/\/www.stempeltier.de\/blog\/","name":"Stempeltier","description":"Kreative Gl\u00fccksmomente aus Papier","potentialAction":[{"@type":"SearchAction","target":{"@type":"EntryPoint","urlTemplate":"https:\/\/www.stempeltier.de\/blog\/?s={search_term_string}"},"query-input":{"@type":"PropertyValueSpecification","valueRequired":true,"valueName":"search_term_string"}}],"inLanguage":"de"}]}},"jetpack-related-posts":[{"id":7364,"url":"https:\/\/www.stempeltier.de\/blog\/stampinup_katalog\/herbst-winterkatalog-2018\/","url_meta":{"origin":6738,"position":0},"title":"Herbst-\/Winterkatalog 2018","author":"Danny","date":"5. September 2018","format":false,"excerpt":"HERBST\u2013\/WINTERKATALOG 2018 Der Katalog ist g\u00fcltig vom 5. September 2018 \u2013 2. Januar 2019 Katalog PDF\u00a0(EN\u00a0|\u00a0FR\u00a0|\u00a0DE)\u00a0(11 MB) \u00a0 \u00a0 \u00a0 Liebe Gr\u00fc\u00dfe, Eure Danny Ein Printexemplar kannst du dir gerne KOSTENLOS von mir zusenden lassen. Schreib mir einfach wohin ich es senden darf - entweder per Email oder \u00fcber das\u2026","rel":"","context":"\u00c4hnlicher Beitrag","block_context":{"text":"\u00c4hnlicher Beitrag","link":""},"img":{"alt_text":"HERBST\u2013\/WINTERKATALOG 2018 Vorverkauf: 1. August 2018 \u2013 4. September 2018 Der Katalog ist g\u00fcltig vom 5. September 2018 \u2013 2. Januar 2019 Katalog PDF (EN | FR | DE) (11 MB)","src":"https:\/\/i0.wp.com\/www.stempeltier.de\/blog\/wp-content\/uploads\/2018\/09\/20180710_hol18_de-de.jpg?resize=350%2C200&ssl=1","width":350,"height":200},"classes":[]},{"id":5148,"url":"https:\/\/www.stempeltier.de\/blog\/stampinup_katalog\/stampin-up-jahreskatalog-2017-2018-vorbestellen\/","url_meta":{"origin":6738,"position":1},"title":"Stampin\u2018 Up! Jahreskatalog 2017-2018","author":"Danny","date":"15. April 2017","format":false,"excerpt":"\u00a0Stampin' Up! Jahreskatalog 2017-2018 Jahreskatalog 2017-2018 Der Katalog ist g\u00fcltig vom 1. Juni 2017 \u2013 31. Mai 2018 Katalog PDF (EN | FR | DE)\u00a0(44 MB) \u00a0 \u00a0 \u00a0 Du kannst den neuen Stampin' Up Jahreskatalog in Papierform bei mir bestellen F\u00fcr den Katalog nehme ich eine kleine Schutzgeb\u00fchr von\u2026","rel":"","context":"\u00c4hnlicher Beitrag","block_context":{"text":"\u00c4hnlicher Beitrag","link":""},"img":{"alt_text":"jahreskatalog 2017 2018 Stampin up bestellen kostenlos","src":"https:\/\/i0.wp.com\/www.stempeltier.de\/blog\/wp-content\/uploads\/2017\/04\/jahreskatalog-2017-2018-Stampin-up-bestellen-kostenlos-300x232.png?resize=350%2C200&ssl=1","width":350,"height":200},"classes":[]},{"id":7747,"url":"https:\/\/www.stempeltier.de\/blog\/fruehjahr-sommer-2019-sab\/","url_meta":{"origin":6738,"position":2},"title":"Fr\u00fchjahr-Sommer 2019 (SAB)","author":"Danny","date":"18. Dezember 2018","format":false,"excerpt":"\u00a0 Fr\u00fchjahr \/Sommerkatalog 2019 Der Katalog ist g\u00fcltig vom03 Januar 2019 \u2013 31 M\u00e4rz 2019 Den neuen Fr\u00fchjahr-\/Sommerkatalog 2019 kannst du dir HIERansehen. PDF-Version des Fr\u00fchjahr-\/Sommerkatalogs 2019Herunterladen (EN l FR l DE) Ein Printexemplar kannst du dir gerne KOSTENLOS von mir zusenden lassen. Schreib mir einfach wohin ich ihn senden\u2026","rel":"","context":"\u00c4hnlicher Beitrag","block_context":{"text":"\u00c4hnlicher Beitrag","link":""},"img":{"alt_text":"stampin up fr\u00fchjar sommer 2019 katalog sab Saleabration bestellen kostenlos","src":"https:\/\/i0.wp.com\/www.stempeltier.de\/blog\/wp-content\/uploads\/2018\/12\/12.01.18_SHAREABLE1_Occasions2019_DE-e1545158812720.jpg?resize=350%2C200&ssl=1","width":350,"height":200,"srcset":"https:\/\/i0.wp.com\/www.stempeltier.de\/blog\/wp-content\/uploads\/2018\/12\/12.01.18_SHAREABLE1_Occasions2019_DE-e1545158812720.jpg?resize=350%2C200&ssl=1 1x, https:\/\/i0.wp.com\/www.stempeltier.de\/blog\/wp-content\/uploads\/2018\/12\/12.01.18_SHAREABLE1_Occasions2019_DE-e1545158812720.jpg?resize=525%2C300&ssl=1 1.5x, https:\/\/i0.wp.com\/www.stempeltier.de\/blog\/wp-content\/uploads\/2018\/12\/12.01.18_SHAREABLE1_Occasions2019_DE-e1545158812720.jpg?resize=700%2C400&ssl=1 2x"},"classes":[]},{"id":5872,"url":"https:\/\/www.stempeltier.de\/blog\/stampinup_katalog\/herbst-winterkatalog-2017\/","url_meta":{"origin":6738,"position":3},"title":"Herbst-\/Winterkatalog 2017","author":"Danny","date":"4. August 2017","format":false,"excerpt":"Nat\u00fcrlich habe ich an Euch gedacht und einige Kataloge vom neuen Herbst-\/Winterkatalog 2017 bei Stampin' Up! f\u00fcr euch bestellt. Diese sind nun angekommen. Da sind wieder soooo tolle Produkte und Ideen drin, ihr werdet staunen. Nachtrag am 1.9.2017 Ab sofort steht das PDF des Kataloges zur Verf\u00fcgung \u00a0 Der Katalog\u2026","rel":"","context":"\u00c4hnlicher Beitrag","block_context":{"text":"\u00c4hnlicher Beitrag","link":""},"img":{"alt_text":"herbst winterkatalog vorbestellen kostenlos winterkatalog 2017 stempeltier bestellen","src":"https:\/\/i0.wp.com\/www.stempeltier.de\/blog\/wp-content\/uploads\/2017\/08\/herbst-winterkatalog-vorbestellen-kostenlos-winterkatalog-2017-stempeltier-bestellen.jpg?resize=350%2C200&ssl=1","width":350,"height":200,"srcset":"https:\/\/i0.wp.com\/www.stempeltier.de\/blog\/wp-content\/uploads\/2017\/08\/herbst-winterkatalog-vorbestellen-kostenlos-winterkatalog-2017-stempeltier-bestellen.jpg?resize=350%2C200&ssl=1 1x, https:\/\/i0.wp.com\/www.stempeltier.de\/blog\/wp-content\/uploads\/2017\/08\/herbst-winterkatalog-vorbestellen-kostenlos-winterkatalog-2017-stempeltier-bestellen.jpg?resize=525%2C300&ssl=1 1.5x, https:\/\/i0.wp.com\/www.stempeltier.de\/blog\/wp-content\/uploads\/2017\/08\/herbst-winterkatalog-vorbestellen-kostenlos-winterkatalog-2017-stempeltier-bestellen.jpg?resize=700%2C400&ssl=1 2x"},"classes":[]},{"id":7947,"url":"https:\/\/www.stempeltier.de\/blog\/sale-a-bration-2019-kataloge\/","url_meta":{"origin":6738,"position":4},"title":"Sale-a-Bration 2019 (Kataloge)","author":"Danny","date":"3. Januar 2019","format":false,"excerpt":"Es geht los - die SAB 2019 ist offiziell gestartet! Endlich ist die Zeit des Wartens vorbei, der Startschuss der diesj\u00e4hrigen SALE-A-BRATION 2016 ist gefallen. Wenn du gerne shoppst darfst du dir f\u00fcr je 60\u20ac ein Gratisprodukt aus der Sale-A-Bration Brosch\u00fcre aussuchen. Es stehen viele tolle Produkte\/Produktsets zur Auswahl. Und\u2026","rel":"","context":"\u00c4hnlicher Beitrag","block_context":{"text":"\u00c4hnlicher Beitrag","link":""},"img":{"alt_text":"","src":"https:\/\/i0.wp.com\/www.stempeltier.de\/blog\/wp-content\/uploads\/2019\/03\/03-01-19_th_catalog_cust_sab_3rd_de.jpg?resize=350%2C200&ssl=1","width":350,"height":200},"classes":[]},{"id":6393,"url":"https:\/\/www.stempeltier.de\/blog\/sale-a-bration-2018\/","url_meta":{"origin":6738,"position":5},"title":"Sale-a-Bration 2018","author":"Danny","date":"30. Dezember 2017","format":false,"excerpt":"2018 Sale-A-Bration Brosch\u00fcre 3. Januar 2018 \u2013 31. M\u00e4rz 2018 \u00a0 Sale-A-Bration ist eine Aktion von Stampin\u2019 Up!, bei der sich Kundinnen und Kunden mit einem bestimmten Bestellwert Gratisprodukte wie exklusive Stempelsets, Zubeh\u00f6r und Arbeitsmittel sichern k\u00f6nnen. Diese Publikation gilt stets von Anfang Januar bis Ende M\u00e4rz des jeweiligen Jahres.\u2026","rel":"","context":"\u00c4hnlicher Beitrag","block_context":{"text":"\u00c4hnlicher Beitrag","link":""},"img":{"alt_text":"sstampin up demonstrator werden demo einsteigen SAB saleabratio","src":"https:\/\/i0.wp.com\/www.stempeltier.de\/blog\/wp-content\/uploads\/2017\/12\/12.01.17_SHAREABLE3_SAB_PRE-EARN_DE.jpg?resize=350%2C200&ssl=1","width":350,"height":200,"srcset":"https:\/\/i0.wp.com\/www.stempeltier.de\/blog\/wp-content\/uploads\/2017\/12\/12.01.17_SHAREABLE3_SAB_PRE-EARN_DE.jpg?resize=350%2C200&ssl=1 1x, https:\/\/i0.wp.com\/www.stempeltier.de\/blog\/wp-content\/uploads\/2017\/12\/12.01.17_SHAREABLE3_SAB_PRE-EARN_DE.jpg?resize=525%2C300&ssl=1 1.5x, https:\/\/i0.wp.com\/www.stempeltier.de\/blog\/wp-content\/uploads\/2017\/12\/12.01.17_SHAREABLE3_SAB_PRE-EARN_DE.jpg?resize=700%2C400&ssl=1 2x, https:\/\/i0.wp.com\/www.stempeltier.de\/blog\/wp-content\/uploads\/2017\/12\/12.01.17_SHAREABLE3_SAB_PRE-EARN_DE.jpg?resize=1050%2C600&ssl=1 3x"},"classes":[]}],"jetpack_sharing_enabled":true,"_links":{"self":[{"href":"https:\/\/www.stempeltier.de\/blog\/wp-json\/wp\/v2\/pages\/6738","targetHints":{"allow":["GET"]}}],"collection":[{"href":"https:\/\/www.stempeltier.de\/blog\/wp-json\/wp\/v2\/pages"}],"about":[{"href":"https:\/\/www.stempeltier.de\/blog\/wp-json\/wp\/v2\/types\/page"}],"author":[{"embeddable":true,"href":"https:\/\/www.stempeltier.de\/blog\/wp-json\/wp\/v2\/users\/1"}],"replies":[{"embeddable":true,"href":"https:\/\/www.stempeltier.de\/blog\/wp-json\/wp\/v2\/comments?post=6738"}],"version-history":[{"count":6,"href":"https:\/\/www.stempeltier.de\/blog\/wp-json\/wp\/v2\/pages\/6738\/revisions"}],"predecessor-version":[{"id":7156,"href":"https:\/\/www.stempeltier.de\/blog\/wp-json\/wp\/v2\/pages\/6738\/revisions\/7156"}],"up":[{"embeddable":true,"href":"https:\/\/www.stempeltier.de\/blog\/wp-json\/wp\/v2\/pages\/52"}],"wp:attachment":[{"href":"https:\/\/www.stempeltier.de\/blog\/wp-json\/wp\/v2\/media?parent=6738"}],"curies":[{"name":"wp","href":"https:\/\/api.w.org\/{rel}","templated":true}]}}