{"id":6131,"date":"2017-10-22T16:35:02","date_gmt":"2017-10-22T14:35:02","guid":{"rendered":"https:\/\/www.stempeltier.de\/blog\/?page_id=6131"},"modified":"2017-10-22T16:35:52","modified_gmt":"2017-10-22T14:35:52","slug":"widerrufsbelehrung","status":"publish","type":"page","link":"https:\/\/www.stempeltier.de\/blog\/impressum-kontakt\/widerrufsbelehrung\/","title":{"rendered":"Widerrufsbelehrung"},"content":{"rendered":"<h3 class=\"post-title entry-title\">Widerrufsbelehrung<\/h3>\n<p>&nbsp;<\/p>\n<p>Widerrufsrecht:<\/p>\n<p>Sie haben das Recht, binnen vierzehn Tagen ohne Angabe von Gr\u00fcnden die mit mir im Fernabsatzwege geschlossenen Vertr\u00e4ge zu widerrufen. Das gilt allerdings nur, wenn sie die Bestellung in ihrer Eigenschaft als Verbraucher get\u00e4tigt haben.<\/p>\n<p>Die Widerrufsfrist betr\u00e4gt vierzehn Tage ab dem Tag, an dem Sie oder ein von Ihnen benannter Dritter, der nicht der Bef\u00f6rderer ist, die Waren in Besitz genommen haben bzw. in Besitz genommen hat.<\/p>\n<p>Um Ihr Widerrufsrecht auszu\u00fcben, m\u00fcssen Sie mir (Danny Hikade, Moosmangstr.31, 87600 Kaufbeuren, Telefon: 08341\/7156672), E-Mail: &#100;&#x61;n&#110;&#x79;&#64;&#115;&#x74;e&#109;&#x70;e&#108;&#x74;&#105;&#x65;&#x72;&#46;&#x64;&#x65;) mittels einer eindeutigen Erkl\u00e4rung (z. B. ein mit der Post versandter Brief oder E-Mail) \u00fcber Ihren Entschluss, diesen Vertrag zu widerrufen, informieren. Sie k\u00f6nnen daf\u00fcr das beigef\u00fcgte Muster-Widerrufsformular verwenden, das jedoch nicht vorgeschrieben ist. Dieses findet sich auch am Ende meiner Rechnung.<\/p>\n<p>Zur Wahrung der Widerrufsfrist reicht es aus, dass Sie die Mitteilung \u00fcber die Aus\u00fcbung des Widerrufsrechts vor Ablauf der Widerrufsfrist absenden.<\/p>\n<p>Folgen des Widerrufs:<\/p>\n<p>Wenn Sie den Vertrag widerrufen, habe ich Ihnen alle Zahlungen, die ich von Ihnen erhalten habe, einschlie\u00dflich der Lieferkosten (mit Ausnahme der zus\u00e4tzlichen Kosten, die sich daraus ergeben, dass Sie eine andere Art der Lieferung als die von uns angebotene, g\u00fcnstigste Standardlieferung gew\u00e4hlt haben), unverz\u00fcglich und sp\u00e4testens binnen vierzehn Tagen ab dem Tag zur\u00fcckzuzahlen, an dem die Mitteilung \u00fcber Ihren Widerruf des Vertrags bei mir eingegangen ist. F\u00fcr diese R\u00fcckzahlung verwende ich dasselbe Zahlungsmittel, das Sie bei der urspr\u00fcnglichen Transaktion eingesetzt haben, es sei denn, mit Ihnen wurde ausdr\u00fccklich etwas anderes vereinbart; in keinem Fall werden Ihnen wegen dieser R\u00fcckzahlung Entgelte berechnet.<br \/>\nIch kann die R\u00fcckzahlung verweigern, bis ich die Waren wieder zur\u00fcckerhalten habe oder bis Sie den Nachweis erbracht haben, dass Sie die Waren zur\u00fcckgesandt haben, je nachdem, welches der fr\u00fchere Zeitpunkt ist.<br \/>\nSie haben die Waren unverz\u00fcglich und in jedem Fall sp\u00e4testens binnen vierzehn Tagen ab dem Tag, an dem Sie mich \u00fcber den Widerruf des Vertrags unterrichten, an mich zur\u00fcckzusenden oder zu \u00fcbergeben. Die Frist ist gewahrt, wenn Sie die Waren vor Ablauf der Frist von vierzehn Tagen absenden.<br \/>\nSie tragen die unmittelbaren Kosten der R\u00fccksendung der Waren.<br \/>\nSie m\u00fcssen f\u00fcr einen etwaigen Wertverlust der Waren nur aufkommen, wenn dieser Wertverlust auf einen zur Pr\u00fcfung der Beschaffenheit, Eigenschaften und Funktionsweise der Waren nicht notwendigen Umgang mit ihnen zur\u00fcckzuf\u00fchren ist.<\/p>\n<p>Ende der Widerrufsbelehrung.<\/p>\n<div class=\"shariff shariff-align-center shariff-widget-align-left\" data-services=\"facebook%7Cpinterest\" data-url=\"https:\/\/www.stempeltier.de\/blog\/impressum-kontakt\/widerrufsbelehrung\/\" data-timestamp=\"1508690152\" data-backendurl=\"https:\/\/www.stempeltier.de\/blog\/wp-json\/shariff\/v1\/share_counts?\"><div class=\"ShariffHeadline\">Sharing is caring - Teilen erlaubt<\/div><ul class=\"shariff-buttons theme-round orientation-horizontal buttonsize-medium\"><li class=\"shariff-button facebook shariff-nocustomcolor\" style=\"background-color:#4273c8\"><a href=\"https:\/\/www.facebook.com\/sharer\/sharer.php?u=https%3A%2F%2Fwww.stempeltier.de%2Fblog%2Fimpressum-kontakt%2Fwiderrufsbelehrung%2F\" title=\"Bei Facebook teilen\" aria-label=\"Bei Facebook teilen\" role=\"button\" rel=\"nofollow\" class=\"shariff-link\" style=\"; background-color:#3b5998; color:#fff\" target=\"_blank\"><span class=\"shariff-icon\" style=\"\"><svg width=\"32px\" height=\"20px\" xmlns=\"http:\/\/www.w3.org\/2000\/svg\" viewBox=\"0 0 18 32\"><path fill=\"#3b5998\" d=\"M17.1 0.2v4.7h-2.8q-1.5 0-2.1 0.6t-0.5 1.9v3.4h5.2l-0.7 5.3h-4.5v13.6h-5.5v-13.6h-4.5v-5.3h4.5v-3.9q0-3.3 1.9-5.2t5-1.8q2.6 0 4.1 0.2z\"\/><\/svg><\/span><span data-service=\"facebook\" style=\"color:#3b5998\" class=\"shariff-count shariff-hidezero\"><\/span>&nbsp;<\/a><\/li><li class=\"shariff-button twitter shariff-nocustomcolor\" style=\"background-color:#595959\"><a href=\"https:\/\/twitter.com\/share?url=https%3A%2F%2Fwww.stempeltier.de%2Fblog%2Fimpressum-kontakt%2Fwiderrufsbelehrung%2F&text=Widerrufsbelehrung\" title=\"Bei X teilen\" aria-label=\"Bei X teilen\" role=\"button\" rel=\"noopener nofollow\" class=\"shariff-link\" style=\"; background-color:#000; color:#fff\" target=\"_blank\"><span class=\"shariff-icon\" style=\"\"><svg width=\"32px\" height=\"20px\" xmlns=\"http:\/\/www.w3.org\/2000\/svg\" viewBox=\"0 0 24 24\"><path fill=\"#000\" d=\"M14.258 10.152L23.176 0h-2.113l-7.747 8.813L7.133 0H0l9.352 13.328L0 23.973h2.113l8.176-9.309 6.531 9.309h7.133zm-2.895 3.293l-.949-1.328L2.875 1.56h3.246l6.086 8.523.945 1.328 7.91 11.078h-3.246zm0 0\"\/><\/svg><\/span><\/a><\/li><li class=\"shariff-button pinterest shariff-nocustomcolor\" style=\"background-color:#e70f18\"><a href=\"https:\/\/www.pinterest.com\/pin\/create\/link\/?url=https%3A%2F%2Fwww.stempeltier.de%2Fblog%2Fimpressum-kontakt%2Fwiderrufsbelehrung%2F&media=https%3A%2F%2Fwww.stempeltier.de%2Fblog%2Fwp-content%2Fplugins%2Fshariff%2Fimages%2FdefaultHint.png&description=Widerrufsbelehrung\" title=\"Bei Pinterest pinnen\" aria-label=\"Bei Pinterest pinnen\" role=\"button\" rel=\"noopener nofollow\" class=\"shariff-link\" style=\"; background-color:#cb2027; color:#fff\" target=\"_blank\"><span class=\"shariff-icon\" style=\"\"><svg width=\"32px\" height=\"20px\" xmlns=\"http:\/\/www.w3.org\/2000\/svg\" viewBox=\"0 0 27 32\"><path fill=\"#cb2027\" d=\"M27.4 16q0 3.7-1.8 6.9t-5 5-6.9 1.9q-2 0-3.9-0.6 1.1-1.7 1.4-2.9 0.2-0.6 1-3.8 0.4 0.7 1.3 1.2t2 0.5q2.1 0 3.8-1.2t2.7-3.4 0.9-4.8q0-2-1.1-3.8t-3.1-2.9-4.5-1.2q-1.9 0-3.5 0.5t-2.8 1.4-2 2-1.2 2.3-0.4 2.4q0 1.9 0.7 3.3t2.1 2q0.5 0.2 0.7-0.4 0-0.1 0.1-0.5t0.2-0.5q0.1-0.4-0.2-0.8-0.9-1.1-0.9-2.7 0-2.7 1.9-4.6t4.9-2q2.7 0 4.2 1.5t1.5 3.8q0 3-1.2 5.2t-3.1 2.1q-1.1 0-1.7-0.8t-0.4-1.9q0.1-0.6 0.5-1.7t0.5-1.8 0.2-1.4q0-0.9-0.5-1.5t-1.4-0.6q-1.1 0-1.9 1t-0.8 2.6q0 1.3 0.4 2.2l-1.8 7.5q-0.3 1.2-0.2 3.2-3.7-1.6-6-5t-2.3-7.6q0-3.7 1.9-6.9t5-5 6.9-1.9 6.9 1.9 5 5 1.8 6.9z\"\/><\/svg><\/span><span data-service=\"pinterest\" style=\"color:#cb2027\" class=\"shariff-count\"> 0<\/span>&nbsp;<\/a><\/li><li class=\"shariff-button whatsapp shariff-nocustomcolor\" style=\"background-color:#5cbe4a\"><a href=\"https:\/\/api.whatsapp.com\/send?text=https%3A%2F%2Fwww.stempeltier.de%2Fblog%2Fimpressum-kontakt%2Fwiderrufsbelehrung%2F%20Widerrufsbelehrung\" title=\"Bei Whatsapp teilen\" aria-label=\"Bei Whatsapp teilen\" role=\"button\" rel=\"noopener nofollow\" class=\"shariff-link\" style=\"; background-color:#34af23; color:#fff\" target=\"_blank\"><span class=\"shariff-icon\" style=\"\"><svg width=\"32px\" height=\"20px\" xmlns=\"http:\/\/www.w3.org\/2000\/svg\" viewBox=\"0 0 32 32\"><path fill=\"#34af23\" d=\"M17.6 17.4q0.2 0 1.7 0.8t1.6 0.9q0 0.1 0 0.3 0 0.6-0.3 1.4-0.3 0.7-1.3 1.2t-1.8 0.5q-1 0-3.4-1.1-1.7-0.8-3-2.1t-2.6-3.3q-1.3-1.9-1.3-3.5v-0.1q0.1-1.6 1.3-2.8 0.4-0.4 0.9-0.4 0.1 0 0.3 0t0.3 0q0.3 0 0.5 0.1t0.3 0.5q0.1 0.4 0.6 1.6t0.4 1.3q0 0.4-0.6 1t-0.6 0.8q0 0.1 0.1 0.3 0.6 1.3 1.8 2.4 1 0.9 2.7 1.8 0.2 0.1 0.4 0.1 0.3 0 1-0.9t0.9-0.9zM14 26.9q2.3 0 4.3-0.9t3.6-2.4 2.4-3.6 0.9-4.3-0.9-4.3-2.4-3.6-3.6-2.4-4.3-0.9-4.3 0.9-3.6 2.4-2.4 3.6-0.9 4.3q0 3.6 2.1 6.6l-1.4 4.2 4.3-1.4q2.8 1.9 6.2 1.9zM14 2.2q2.7 0 5.2 1.1t4.3 2.9 2.9 4.3 1.1 5.2-1.1 5.2-2.9 4.3-4.3 2.9-5.2 1.1q-3.5 0-6.5-1.7l-7.4 2.4 2.4-7.2q-1.9-3.2-1.9-6.9 0-2.7 1.1-5.2t2.9-4.3 4.3-2.9 5.2-1.1z\"\/><\/svg><\/span><\/a><\/li><li class=\"shariff-button mailto shariff-nocustomcolor\" style=\"background-color:#a8a8a8\"><a href=\"mailto:?body=https%3A%2F%2Fwww.stempeltier.de%2Fblog%2Fimpressum-kontakt%2Fwiderrufsbelehrung%2F&subject=Widerrufsbelehrung\" title=\"Per E-Mail versenden\" aria-label=\"Per E-Mail versenden\" role=\"button\" rel=\"noopener nofollow\" class=\"shariff-link\" style=\"; background-color:#999; color:#fff\"><span class=\"shariff-icon\" style=\"\"><svg width=\"32px\" height=\"20px\" xmlns=\"http:\/\/www.w3.org\/2000\/svg\" viewBox=\"0 0 32 32\"><path fill=\"#999\" d=\"M32 12.7v14.2q0 1.2-0.8 2t-2 0.9h-26.3q-1.2 0-2-0.9t-0.8-2v-14.2q0.8 0.9 1.8 1.6 6.5 4.4 8.9 6.1 1 0.8 1.6 1.2t1.7 0.9 2 0.4h0.1q0.9 0 2-0.4t1.7-0.9 1.6-1.2q3-2.2 8.9-6.1 1-0.7 1.8-1.6zM32 7.4q0 1.4-0.9 2.7t-2.2 2.2q-6.7 4.7-8.4 5.8-0.2 0.1-0.7 0.5t-1 0.7-0.9 0.6-1.1 0.5-0.9 0.2h-0.1q-0.4 0-0.9-0.2t-1.1-0.5-0.9-0.6-1-0.7-0.7-0.5q-1.6-1.1-4.7-3.2t-3.6-2.6q-1.1-0.7-2.1-2t-1-2.5q0-1.4 0.7-2.3t2.1-0.9h26.3q1.2 0 2 0.8t0.9 2z\"\/><\/svg><\/span><\/a><\/li><\/ul><\/div>","protected":false},"excerpt":{"rendered":"<p>Widerrufsbelehrung &nbsp; Widerrufsrecht: Sie haben das Recht, binnen vierzehn Tagen ohne Angabe von Gr\u00fcnden die mit mir im Fernabsatzwege geschlossenen Vertr\u00e4ge zu widerrufen. Das gilt allerdings nur, wenn sie die Bestellung in ihrer Eigenschaft als Verbraucher get\u00e4tigt haben. Die Widerrufsfrist&hellip; <\/p>\n","protected":false},"author":1,"featured_media":0,"parent":17,"menu_order":0,"comment_status":"closed","ping_status":"closed","template":"","meta":{"footnotes":""},"class_list":["post-6131","page","type-page","status-publish","hentry"],"yoast_head":"<!-- This site is optimized with the Yoast SEO plugin v27.6 - https:\/\/yoast.com\/product\/yoast-seo-wordpress\/ -->\n<title>Widerrufsbelehrung - Stempeltier<\/title>\n<meta name=\"description\" content=\"Kreativ mit Danny dem Stempeltier und Stampin&#039; Up! \u00ae in Kaufbeuren und Umgebung\" \/>\n<meta name=\"robots\" content=\"index, follow, max-snippet:-1, max-image-preview:large, max-video-preview:-1\" \/>\n<link rel=\"canonical\" href=\"https:\/\/www.stempeltier.de\/blog\/impressum-kontakt\/widerrufsbelehrung\/\" \/>\n<meta property=\"og:locale\" content=\"de_DE\" \/>\n<meta property=\"og:type\" content=\"article\" \/>\n<meta property=\"og:title\" content=\"Widerrufsbelehrung - Stempeltier\" \/>\n<meta property=\"og:description\" content=\"Kreativ mit Danny dem Stempeltier und Stampin&#039; Up! \u00ae in Kaufbeuren und Umgebung\" \/>\n<meta property=\"og:url\" content=\"https:\/\/www.stempeltier.de\/blog\/impressum-kontakt\/widerrufsbelehrung\/\" \/>\n<meta property=\"og:site_name\" content=\"Stempeltier\" \/>\n<meta property=\"article:publisher\" content=\"http:\/\/www.facebook.com\/DasStempeltier\" \/>\n<meta property=\"article:modified_time\" content=\"2017-10-22T14:35:52+00:00\" \/>\n<meta property=\"og:image\" content=\"https:\/\/www.stempeltier.de\/blog\/wp-content\/uploads\/2015\/06\/stempeltier_logo_sm.png\" \/>\n\t<meta property=\"og:image:width\" content=\"295\" \/>\n\t<meta property=\"og:image:height\" content=\"238\" \/>\n\t<meta property=\"og:image:type\" content=\"image\/png\" \/>\n<meta name=\"twitter:card\" content=\"summary_large_image\" \/>\n<meta name=\"twitter:label1\" content=\"Gesch\u00e4tzte Lesezeit\" \/>\n\t<meta name=\"twitter:data1\" content=\"2\u00a0Minuten\" \/>\n<script type=\"application\/ld+json\" class=\"yoast-schema-graph\">{\"@context\":\"https:\\\/\\\/schema.org\",\"@graph\":[{\"@type\":\"WebPage\",\"@id\":\"https:\\\/\\\/www.stempeltier.de\\\/blog\\\/impressum-kontakt\\\/widerrufsbelehrung\\\/\",\"url\":\"https:\\\/\\\/www.stempeltier.de\\\/blog\\\/impressum-kontakt\\\/widerrufsbelehrung\\\/\",\"name\":\"Widerrufsbelehrung - Stempeltier\",\"isPartOf\":{\"@id\":\"https:\\\/\\\/www.stempeltier.de\\\/blog\\\/#website\"},\"datePublished\":\"2017-10-22T14:35:02+00:00\",\"dateModified\":\"2017-10-22T14:35:52+00:00\",\"description\":\"Kreativ mit Danny dem Stempeltier und Stampin' Up! \u00ae in Kaufbeuren und Umgebung\",\"breadcrumb\":{\"@id\":\"https:\\\/\\\/www.stempeltier.de\\\/blog\\\/impressum-kontakt\\\/widerrufsbelehrung\\\/#breadcrumb\"},\"inLanguage\":\"de\",\"potentialAction\":[{\"@type\":\"ReadAction\",\"target\":[\"https:\\\/\\\/www.stempeltier.de\\\/blog\\\/impressum-kontakt\\\/widerrufsbelehrung\\\/\"]}]},{\"@type\":\"BreadcrumbList\",\"@id\":\"https:\\\/\\\/www.stempeltier.de\\\/blog\\\/impressum-kontakt\\\/widerrufsbelehrung\\\/#breadcrumb\",\"itemListElement\":[{\"@type\":\"ListItem\",\"position\":1,\"name\":\"Startseite\",\"item\":\"https:\\\/\\\/www.stempeltier.de\\\/blog\\\/\"},{\"@type\":\"ListItem\",\"position\":2,\"name\":\"Impressum \\\/ Kontakt\",\"item\":\"https:\\\/\\\/www.stempeltier.de\\\/blog\\\/impressum-kontakt\\\/\"},{\"@type\":\"ListItem\",\"position\":3,\"name\":\"Widerrufsbelehrung\"}]},{\"@type\":\"WebSite\",\"@id\":\"https:\\\/\\\/www.stempeltier.de\\\/blog\\\/#website\",\"url\":\"https:\\\/\\\/www.stempeltier.de\\\/blog\\\/\",\"name\":\"Stempeltier\",\"description\":\"Kreative Gl\u00fccksmomente aus Papier\",\"potentialAction\":[{\"@type\":\"SearchAction\",\"target\":{\"@type\":\"EntryPoint\",\"urlTemplate\":\"https:\\\/\\\/www.stempeltier.de\\\/blog\\\/?s={search_term_string}\"},\"query-input\":{\"@type\":\"PropertyValueSpecification\",\"valueRequired\":true,\"valueName\":\"search_term_string\"}}],\"inLanguage\":\"de\"}]}<\/script>\n<!-- \/ Yoast SEO plugin. -->","yoast_head_json":{"title":"Widerrufsbelehrung - Stempeltier","description":"Kreativ mit Danny dem Stempeltier und Stampin' Up! \u00ae in Kaufbeuren und Umgebung","robots":{"index":"index","follow":"follow","max-snippet":"max-snippet:-1","max-image-preview":"max-image-preview:large","max-video-preview":"max-video-preview:-1"},"canonical":"https:\/\/www.stempeltier.de\/blog\/impressum-kontakt\/widerrufsbelehrung\/","og_locale":"de_DE","og_type":"article","og_title":"Widerrufsbelehrung - Stempeltier","og_description":"Kreativ mit Danny dem Stempeltier und Stampin' Up! \u00ae in Kaufbeuren und Umgebung","og_url":"https:\/\/www.stempeltier.de\/blog\/impressum-kontakt\/widerrufsbelehrung\/","og_site_name":"Stempeltier","article_publisher":"http:\/\/www.facebook.com\/DasStempeltier","article_modified_time":"2017-10-22T14:35:52+00:00","og_image":[{"width":295,"height":238,"url":"https:\/\/www.stempeltier.de\/blog\/wp-content\/uploads\/2015\/06\/stempeltier_logo_sm.png","type":"image\/png"}],"twitter_card":"summary_large_image","twitter_misc":{"Gesch\u00e4tzte Lesezeit":"2\u00a0Minuten"},"schema":{"@context":"https:\/\/schema.org","@graph":[{"@type":"WebPage","@id":"https:\/\/www.stempeltier.de\/blog\/impressum-kontakt\/widerrufsbelehrung\/","url":"https:\/\/www.stempeltier.de\/blog\/impressum-kontakt\/widerrufsbelehrung\/","name":"Widerrufsbelehrung - Stempeltier","isPartOf":{"@id":"https:\/\/www.stempeltier.de\/blog\/#website"},"datePublished":"2017-10-22T14:35:02+00:00","dateModified":"2017-10-22T14:35:52+00:00","description":"Kreativ mit Danny dem Stempeltier und Stampin' Up! \u00ae in Kaufbeuren und Umgebung","breadcrumb":{"@id":"https:\/\/www.stempeltier.de\/blog\/impressum-kontakt\/widerrufsbelehrung\/#breadcrumb"},"inLanguage":"de","potentialAction":[{"@type":"ReadAction","target":["https:\/\/www.stempeltier.de\/blog\/impressum-kontakt\/widerrufsbelehrung\/"]}]},{"@type":"BreadcrumbList","@id":"https:\/\/www.stempeltier.de\/blog\/impressum-kontakt\/widerrufsbelehrung\/#breadcrumb","itemListElement":[{"@type":"ListItem","position":1,"name":"Startseite","item":"https:\/\/www.stempeltier.de\/blog\/"},{"@type":"ListItem","position":2,"name":"Impressum \/ Kontakt","item":"https:\/\/www.stempeltier.de\/blog\/impressum-kontakt\/"},{"@type":"ListItem","position":3,"name":"Widerrufsbelehrung"}]},{"@type":"WebSite","@id":"https:\/\/www.stempeltier.de\/blog\/#website","url":"https:\/\/www.stempeltier.de\/blog\/","name":"Stempeltier","description":"Kreative Gl\u00fccksmomente aus Papier","potentialAction":[{"@type":"SearchAction","target":{"@type":"EntryPoint","urlTemplate":"https:\/\/www.stempeltier.de\/blog\/?s={search_term_string}"},"query-input":{"@type":"PropertyValueSpecification","valueRequired":true,"valueName":"search_term_string"}}],"inLanguage":"de"}]}},"jetpack-related-posts":[{"id":17,"url":"https:\/\/www.stempeltier.de\/blog\/impressum-kontakt\/","url_meta":{"origin":6131,"position":0},"title":"Impressum \/ Kontakt","author":"Danny","date":"22. Juni 2015","format":false,"excerpt":"Impressum: Danny Hikade Moosmangstr.31 87600 Kaufbeuren Tel: 08341 \/ 715 66 72 Email: Danny@stempeltier.de USt.IdNr.:\u00a0 DE320066427 Steuer-Nr.: 125\/228\/70046 \u201eDies ist eine pers\u00f6nliche Webseite von Danny Hikade, unabh\u00e4ngige Stampin\u2019 Up! Demonstratorin. F\u00fcr die Inhalte dieser Webseite bin ich allein verantwortlich. Stampin\u2019 Up! \u00ae hat keinen Einfluss auf die Verwendung sowie die\u2026","rel":"","context":"Mit 4 Kommentaren","block_context":{"text":"Mit 4 Kommentaren","link":"https:\/\/www.stempeltier.de\/blog\/impressum-kontakt\/#comments"},"img":{"alt_text":"","src":"","width":0,"height":0},"classes":[]},{"id":6583,"url":"https:\/\/www.stempeltier.de\/blog\/impressum-kontakt\/datenschutz\/","url_meta":{"origin":6131,"position":1},"title":"Datenschutz","author":"Danny","date":"12. M\u00e4rz 2018","format":false,"excerpt":"Datenschutzerkl\u00e4rung Wir freuen uns, dass Sie unsere Website besuchen und bedanken uns f\u00fcr Ihr Interesse! Der Schutz Ihrer Privatsph\u00e4re bei der Nutzung unserer Website ist uns wichtig, bitte nehmen Sie daher die nachstehenden Informationen \u00fcber den Umgang mit Ihren Daten zur Kenntnis: 1) Grunds\u00e4tzliches zum Umgang mit personenbezogenen Daten Sie\u2026","rel":"","context":"\u00c4hnlicher Beitrag","block_context":{"text":"\u00c4hnlicher Beitrag","link":""},"img":{"alt_text":"","src":"","width":0,"height":0},"classes":[]},{"id":13118,"url":"https:\/\/www.stempeltier.de\/blog\/stampin-up-minikatalog-herbst-winter-2021\/","url_meta":{"origin":6131,"position":2},"title":"Stampin&#8216; Up! Minikatalog Herbst Winter 2021","author":"Danny","date":"29. Juni 2021","format":false,"excerpt":"Stampin' Up! Minikatalog Juli-Dezember 2021 Du kannst dir jetzt schon dein Exemplar vom neuen Herbst-Winter Minikatalog 2021 von Stampin' Up! bei mir vorbestellen. Ebenfalls dazu lege ich dir den SaleABration Flyer mit den tollen neuen Pr\u00e4mien, die du entdecken kannst. Das PDF vom neuen Stampin' Up! Minikatalog Juli-Dezember 2021 werde\u2026","rel":"","context":"\u00c4hnlicher Beitrag","block_context":{"text":"\u00c4hnlicher Beitrag","link":""},"img":{"alt_text":"stampin up Saleabration SAB Herbst Winter Minikatalog 2021 PDF download","src":"https:\/\/i0.wp.com\/www.stempeltier.de\/blog\/wp-content\/uploads\/2021\/06\/06.21_header_sab_enge02cc21b0be1686086dbff0000ec372d-e1624962407105.jpg?resize=350%2C200&ssl=1","width":350,"height":200,"srcset":"https:\/\/i0.wp.com\/www.stempeltier.de\/blog\/wp-content\/uploads\/2021\/06\/06.21_header_sab_enge02cc21b0be1686086dbff0000ec372d-e1624962407105.jpg?resize=350%2C200&ssl=1 1x, https:\/\/i0.wp.com\/www.stempeltier.de\/blog\/wp-content\/uploads\/2021\/06\/06.21_header_sab_enge02cc21b0be1686086dbff0000ec372d-e1624962407105.jpg?resize=525%2C300&ssl=1 1.5x, https:\/\/i0.wp.com\/www.stempeltier.de\/blog\/wp-content\/uploads\/2021\/06\/06.21_header_sab_enge02cc21b0be1686086dbff0000ec372d-e1624962407105.jpg?resize=700%2C400&ssl=1 2x, https:\/\/i0.wp.com\/www.stempeltier.de\/blog\/wp-content\/uploads\/2021\/06\/06.21_header_sab_enge02cc21b0be1686086dbff0000ec372d-e1624962407105.jpg?resize=1050%2C600&ssl=1 3x"},"classes":[]},{"id":3261,"url":"https:\/\/www.stempeltier.de\/blog\/angebote\/bonustage-bei-stampin-up\/","url_meta":{"origin":6131,"position":3},"title":"Bonustage bei Stampin&#8216; Up!","author":"Danny","date":"5. Juli 2016","format":false,"excerpt":"Ich bin so begeistert von den Bonustagen! Das ist das erste Mal, dass Stampin\u2019 Up! Gutscheine f\u00fcr Kundenbestellungen anbietet! Man muss im Juli nur etwas f\u00fcr 60 \u20ac bestellen und bekommt daf\u00fcr einen Gutschein im Wert von 6 \u20ac. F\u00fcr je 60 \u20ac Bestellwert erh\u00e4lt man per E-Mail einen Gutschein\u2026","rel":"","context":"\u00c4hnlicher Beitrag","block_context":{"text":"\u00c4hnlicher Beitrag","link":""},"img":{"alt_text":"Header_BonusDays_Bonustage_Stempeltier_July0716_DE","src":"https:\/\/i0.wp.com\/www.stempeltier.de\/blog\/wp-content\/uploads\/2016\/07\/Header_BonusDays_Bonustage_Stempeltier_July0716_DE.jpg?resize=350%2C200&ssl=1","width":350,"height":200,"srcset":"https:\/\/i0.wp.com\/www.stempeltier.de\/blog\/wp-content\/uploads\/2016\/07\/Header_BonusDays_Bonustage_Stempeltier_July0716_DE.jpg?resize=350%2C200&ssl=1 1x, https:\/\/i0.wp.com\/www.stempeltier.de\/blog\/wp-content\/uploads\/2016\/07\/Header_BonusDays_Bonustage_Stempeltier_July0716_DE.jpg?resize=525%2C300&ssl=1 1.5x"},"classes":[]},{"id":98,"url":"https:\/\/www.stempeltier.de\/blog\/stampinup_produkte\/stampin-up_stempelkissen\/","url_meta":{"origin":6131,"position":4},"title":"Stampin\u2019 Up! Stempelkissen \u2013 Farben, Tipps &#038; Bestellung","author":"Danny","date":"26. Juni 2015","format":false,"excerpt":"Stampin\u2019 Up! Stempelkissen \u2013 Farben, Erfahrungen & Tipps Die Stempelkissen von Stampin\u2019 Up! geh\u00f6ren f\u00fcr mich seit vielen Jahren zu den besten Stempelkissen f\u00fcr Karten, Scrapbooking und kreative Papierprojekte.Sie \u00fcberzeugen durch intensive Farben, perfekt abgestimmte Farbsysteme und eine besonders einfache Handhabung. Aktuell gibt es \u00fcber 50 Farbt\u00f6ne sowie regelm\u00e4\u00dfig neue\u2026","rel":"","context":"\u00c4hnlicher Beitrag","block_context":{"text":"\u00c4hnlicher Beitrag","link":""},"img":{"alt_text":"","src":"https:\/\/i0.wp.com\/www.stempeltier.de\/blog\/wp-content\/uploads\/2026\/05\/STAMPIN_UP_091.jpg?resize=350%2C200&ssl=1","width":350,"height":200,"srcset":"https:\/\/i0.wp.com\/www.stempeltier.de\/blog\/wp-content\/uploads\/2026\/05\/STAMPIN_UP_091.jpg?resize=350%2C200&ssl=1 1x, https:\/\/i0.wp.com\/www.stempeltier.de\/blog\/wp-content\/uploads\/2026\/05\/STAMPIN_UP_091.jpg?resize=525%2C300&ssl=1 1.5x, https:\/\/i0.wp.com\/www.stempeltier.de\/blog\/wp-content\/uploads\/2026\/05\/STAMPIN_UP_091.jpg?resize=700%2C400&ssl=1 2x, https:\/\/i0.wp.com\/www.stempeltier.de\/blog\/wp-content\/uploads\/2026\/05\/STAMPIN_UP_091.jpg?resize=1050%2C600&ssl=1 3x, https:\/\/i0.wp.com\/www.stempeltier.de\/blog\/wp-content\/uploads\/2026\/05\/STAMPIN_UP_091.jpg?resize=1400%2C800&ssl=1 4x"},"classes":[]},{"id":3481,"url":"https:\/\/www.stempeltier.de\/blog\/angebote\/wald-der-worte\/","url_meta":{"origin":6131,"position":5},"title":"Wald der Worte","author":"Danny","date":"28. Juli 2016","format":false,"excerpt":"Wer schon auf meiner Facebook-Seite war, hat schon tolle Anregungen sehen k\u00f6nnen, was man mit dem Set, welches Euch im August erwartet so anstellen kann. Ich sage nur GARTEN - LIEBHABER werden hier voll auf Ihre Kosten kommen. Die Hortensien, die man daraus zaubern kann sind einfach eine Wucht! \u00a0\u2026","rel":"","context":"\u00c4hnlicher Beitrag","block_context":{"text":"\u00c4hnlicher Beitrag","link":""},"img":{"alt_text":"Wald der Worte August Thoughtful Branches Stampin Up Angebot vom Stempeltier hortensie hydrangea ziegel pr\u00e4gefolder zarte Pflaume beitrag","src":"https:\/\/i0.wp.com\/www.stempeltier.de\/blog\/wp-content\/uploads\/2016\/07\/Wald-der-Worte-August-Thoughtful-Branches-Stampin-Up-Angebot-vom-Stempeltier-hortensie-hydrangea-ziegel-pr%C3%A4gefolder-zarte-Pflaume-beitrag.jpg?resize=350%2C200&ssl=1","width":350,"height":200,"srcset":"https:\/\/i0.wp.com\/www.stempeltier.de\/blog\/wp-content\/uploads\/2016\/07\/Wald-der-Worte-August-Thoughtful-Branches-Stampin-Up-Angebot-vom-Stempeltier-hortensie-hydrangea-ziegel-pr%C3%A4gefolder-zarte-Pflaume-beitrag.jpg?resize=350%2C200&ssl=1 1x, https:\/\/i0.wp.com\/www.stempeltier.de\/blog\/wp-content\/uploads\/2016\/07\/Wald-der-Worte-August-Thoughtful-Branches-Stampin-Up-Angebot-vom-Stempeltier-hortensie-hydrangea-ziegel-pr%C3%A4gefolder-zarte-Pflaume-beitrag.jpg?resize=525%2C300&ssl=1 1.5x, https:\/\/i0.wp.com\/www.stempeltier.de\/blog\/wp-content\/uploads\/2016\/07\/Wald-der-Worte-August-Thoughtful-Branches-Stampin-Up-Angebot-vom-Stempeltier-hortensie-hydrangea-ziegel-pr%C3%A4gefolder-zarte-Pflaume-beitrag.jpg?resize=700%2C400&ssl=1 2x"},"classes":[]}],"jetpack_sharing_enabled":true,"_links":{"self":[{"href":"https:\/\/www.stempeltier.de\/blog\/wp-json\/wp\/v2\/pages\/6131","targetHints":{"allow":["GET"]}}],"collection":[{"href":"https:\/\/www.stempeltier.de\/blog\/wp-json\/wp\/v2\/pages"}],"about":[{"href":"https:\/\/www.stempeltier.de\/blog\/wp-json\/wp\/v2\/types\/page"}],"author":[{"embeddable":true,"href":"https:\/\/www.stempeltier.de\/blog\/wp-json\/wp\/v2\/users\/1"}],"replies":[{"embeddable":true,"href":"https:\/\/www.stempeltier.de\/blog\/wp-json\/wp\/v2\/comments?post=6131"}],"version-history":[{"count":2,"href":"https:\/\/www.stempeltier.de\/blog\/wp-json\/wp\/v2\/pages\/6131\/revisions"}],"predecessor-version":[{"id":6133,"href":"https:\/\/www.stempeltier.de\/blog\/wp-json\/wp\/v2\/pages\/6131\/revisions\/6133"}],"up":[{"embeddable":true,"href":"https:\/\/www.stempeltier.de\/blog\/wp-json\/wp\/v2\/pages\/17"}],"wp:attachment":[{"href":"https:\/\/www.stempeltier.de\/blog\/wp-json\/wp\/v2\/media?parent=6131"}],"curies":[{"name":"wp","href":"https:\/\/api.w.org\/{rel}","templated":true}]}}