{"id":403,"date":"2015-07-13T09:53:57","date_gmt":"2015-07-13T07:53:57","guid":{"rendered":"https:\/\/www.stempeltier.de\/blog\/?page_id=403"},"modified":"2016-02-11T10:28:45","modified_gmt":"2016-02-11T09:28:45","slug":"stampinup_auftragsarbeiten","status":"publish","type":"page","link":"https:\/\/www.stempeltier.de\/blog\/stampinup_auftragsarbeiten\/","title":{"rendered":"Auftragsarbeiten"},"content":{"rendered":"<p><span style=\"font-size: 16px;\">Du h\u00e4ttest gerne auch pers\u00f6nliche Karten, Tischdeko, Einladungen, Verpackungen o.\u00e4 ? Aber keine Lust oder Zeit diese selber zu werkeln? Na, da l\u00e4sst sich doch was machen \ud83d\ude42<\/span><\/p>\n<p><span style=\"font-size: 16px;\"><img loading=\"lazy\" decoding=\"async\" class=\"alignnone size-full wp-image-2211\" src=\"https:\/\/www.stempeltier.de\/blog\/wp-content\/uploads\/2015\/07\/auftragsarbeiten-stempeltier-stampin-up.jpg\" alt=\"auftragsarbeiten stempeltier stampin up\" width=\"800\" height=\"154\" srcset=\"https:\/\/www.stempeltier.de\/blog\/wp-content\/uploads\/2015\/07\/auftragsarbeiten-stempeltier-stampin-up.jpg 800w, https:\/\/www.stempeltier.de\/blog\/wp-content\/uploads\/2015\/07\/auftragsarbeiten-stempeltier-stampin-up-600x116.jpg 600w, https:\/\/www.stempeltier.de\/blog\/wp-content\/uploads\/2015\/07\/auftragsarbeiten-stempeltier-stampin-up-300x58.jpg 300w, https:\/\/www.stempeltier.de\/blog\/wp-content\/uploads\/2015\/07\/auftragsarbeiten-stempeltier-stampin-up-768x148.jpg 768w\" sizes=\"(max-width: 800px) 100vw, 800px\" \/><br \/>\n<\/span><\/p>\n<p>&nbsp;<\/p>\n<p><span style=\"font-size: 16px;\"> Gerne nehme ich deine <span style=\"color: #ff6600;\"><strong>Auftragsarbeit\/en<\/strong><\/span>\u00a0entgegen und bastel f\u00fcr dich pers\u00f6nliche Gru\u00dfkarten, Men\u00fc- oder Tischkarten, Einladungen f\u00fcr Geburtstage, Hochzeiten, Taufe, Konfirmationen, Weihnachten u.s.w. &#8230;. Es gibt so viele Anl\u00e4sse um tolle Karten zu verschenken.\u00a0 <\/span><\/p>\n<p><span style=\"font-size: 16px;\">Die Kosten richten sich nach den verwendeten Materialien und meinem Zeitaufwand. Anfangs stelle ich dir 1-2 meiner Entw\u00fcrfe unverbindlich vor und du erh\u00e4lst auch einen ungef\u00e4hren Preis von mir. Zu diesem Zeitpunkt k\u00f6nnen noch \u00c4nderungen\u00a0besprochen werden\u00a0(andere Farbe, mehr Glitzer ;-), ein anderer Spruch etc. ). Mit dem Auftrag fange ich erst an, wenn du mit dem Ergebnis\u00a0einverstanden bist. \u00c4nderungen sind danach evtl. nicht mehr m\u00f6glich!<\/span><\/p>\n<p>Wichtig w\u00e4re mir nur, dass du mit deinem Wunsch <span style=\"text-decoration: underline;\"><strong>rechtzeitig<\/strong> <\/span>auf mich zu kommst. So ist sichergestellt, dass ich das Material besorgen kann und Zeit habe deinen Wunsch rechtzeitig bis zum Wunschdatum fertig zu stellen. Denn &#8222;<strong>mit Liebe handgemacht<\/strong>&#8220; dauert eben etwas l\u00e4nger &#8211; aber das ist es alle mal wert!<\/p>\n<p><img loading=\"lazy\" decoding=\"async\" class=\"alignnone size-full wp-image-2072\" src=\"https:\/\/www.stempeltier.de\/blog\/wp-content\/uploads\/2016\/01\/hochzeit-stampin-up-stempeltier-heiraten-einladung-gastgeschenk-explosionsbox-schmetterling-wedding.jpg\" alt=\"hochzeit stampin up stempeltier heiraten einladung gastgeschenk explosionsbox schmetterling wedding Hocheztismesse frankenried\" width=\"1000\" height=\"790\" srcset=\"https:\/\/www.stempeltier.de\/blog\/wp-content\/uploads\/2016\/01\/hochzeit-stampin-up-stempeltier-heiraten-einladung-gastgeschenk-explosionsbox-schmetterling-wedding.jpg 1000w, https:\/\/www.stempeltier.de\/blog\/wp-content\/uploads\/2016\/01\/hochzeit-stampin-up-stempeltier-heiraten-einladung-gastgeschenk-explosionsbox-schmetterling-wedding-600x474.jpg 600w, https:\/\/www.stempeltier.de\/blog\/wp-content\/uploads\/2016\/01\/hochzeit-stampin-up-stempeltier-heiraten-einladung-gastgeschenk-explosionsbox-schmetterling-wedding-300x237.jpg 300w, https:\/\/www.stempeltier.de\/blog\/wp-content\/uploads\/2016\/01\/hochzeit-stampin-up-stempeltier-heiraten-einladung-gastgeschenk-explosionsbox-schmetterling-wedding-768x607.jpg 768w\" sizes=\"(max-width: 1000px) 100vw, 1000px\" \/><\/p>\n<p>Auftr\u00e4ge im Raum Kaufbeuren, Marktoberdorf, Buchloe, St\u00f6ttwang, Irsee, Pforzen, Thalhofen &#8230; k\u00f6nnen abgeholt werden. Wohnst du etwas weiter weg, dann versende ich gerne auch per Post.<\/p>\n<p>Wie lange ich zur Fertigstellung ben\u00f6tige, h\u00e4ngt vom Umfang ab.<\/p>\n<p>Am besten du meldest dich bei mir und wir besprechen alles pers\u00f6nlich durch.<\/p>\n<p>Ich freue mich auf eine Mail von dir\u00a0 &#x64;&#x61;&#x6e;&#x6e;&#x79;&#x40;&#x73;&#x74;&#x65;&#x6d;&#x70;&#x65;&#x6c;&#x74;&#x69;&#x65;&#x72;&#x2e;&#x64;&#x65;<br \/>\noder deinen Anruf: 08341 7156672<\/p>\n<p>Deine Danny<\/p>\n<p><a href=\"https:\/\/www.stempeltier.de\/blog\/wp-content\/uploads\/2015\/07\/stampin_up_stempeltier_Hochzeitskarte_wedding_Grusselemente_600.jpg\"><img loading=\"lazy\" decoding=\"async\" class=\"alignnone size-full wp-image-463\" src=\"https:\/\/www.stempeltier.de\/blog\/wp-content\/uploads\/2015\/07\/stampin_up_stempeltier_Hochzeitskarte_wedding_Grusselemente_600.jpg\" alt=\"stampin up stempeltier Hochzeit Hochzeitskarte wedding Grusselemente F\u00e4hnchen Brautpaar\" width=\"600\" height=\"400\" srcset=\"https:\/\/www.stempeltier.de\/blog\/wp-content\/uploads\/2015\/07\/stampin_up_stempeltier_Hochzeitskarte_wedding_Grusselemente_600.jpg 600w, https:\/\/www.stempeltier.de\/blog\/wp-content\/uploads\/2015\/07\/stampin_up_stempeltier_Hochzeitskarte_wedding_Grusselemente_600-300x200.jpg 300w\" sizes=\"(max-width: 600px) 100vw, 600px\" \/><\/a><\/p>\n<p>&nbsp;<\/p>\n<p><a href=\"https:\/\/www.stempeltier.de\/blog\/wp-content\/uploads\/2015\/07\/Stempeltier_StampinUp_Geschenkboxen_Einladung_Karte_Kirschbluete_Schiefergrau_zoo_babies_Taufe_christening_boxes_Girl012.jpg\"><img loading=\"lazy\" decoding=\"async\" class=\"alignnone size-large wp-image-499\" src=\"https:\/\/www.stempeltier.de\/blog\/wp-content\/uploads\/2015\/07\/Stempeltier_StampinUp_Geschenkboxen_Einladung_Karte_Kirschbluete_Schiefergrau_zoo_babies_Taufe_christening_boxes_Girl012-759x1024.jpg\" alt=\"Stempeltier StampinUp Einladung Kirschbluete Schiefergrau Zoo babies Taufe christening Girl M\u00e4dchen Geschenkt\u00fcte\" width=\"700\" height=\"944\" srcset=\"https:\/\/www.stempeltier.de\/blog\/wp-content\/uploads\/2015\/07\/Stempeltier_StampinUp_Geschenkboxen_Einladung_Karte_Kirschbluete_Schiefergrau_zoo_babies_Taufe_christening_boxes_Girl012-759x1024.jpg 759w, https:\/\/www.stempeltier.de\/blog\/wp-content\/uploads\/2015\/07\/Stempeltier_StampinUp_Geschenkboxen_Einladung_Karte_Kirschbluete_Schiefergrau_zoo_babies_Taufe_christening_boxes_Girl012-600x809.jpg 600w, https:\/\/www.stempeltier.de\/blog\/wp-content\/uploads\/2015\/07\/Stempeltier_StampinUp_Geschenkboxen_Einladung_Karte_Kirschbluete_Schiefergrau_zoo_babies_Taufe_christening_boxes_Girl012-222x300.jpg 222w, https:\/\/www.stempeltier.de\/blog\/wp-content\/uploads\/2015\/07\/Stempeltier_StampinUp_Geschenkboxen_Einladung_Karte_Kirschbluete_Schiefergrau_zoo_babies_Taufe_christening_boxes_Girl012.jpg 1000w\" sizes=\"(max-width: 700px) 100vw, 700px\" \/><\/a><\/p>\n<p><img loading=\"lazy\" decoding=\"async\" class=\"alignnone size-full wp-image-1939\" src=\"https:\/\/www.stempeltier.de\/blog\/wp-content\/uploads\/2016\/01\/stampin-up-vollkommene-momente-have-a-cuppa-tea-Tee-anleitung-tutorial-fr\u00fchjahr-sommerkatalog-SAB-saleabration-2016-amicelli.jpg\" alt=\"stampin up vollkommene momente have a cuppa tea Tee anleitung tutorial fr\u00fchjahr sommerkatalog SAB saleabration 2016 amicelli\" width=\"600\" height=\"296\" srcset=\"https:\/\/www.stempeltier.de\/blog\/wp-content\/uploads\/2016\/01\/stampin-up-vollkommene-momente-have-a-cuppa-tea-Tee-anleitung-tutorial-fr\u00fchjahr-sommerkatalog-SAB-saleabration-2016-amicelli.jpg 600w, https:\/\/www.stempeltier.de\/blog\/wp-content\/uploads\/2016\/01\/stampin-up-vollkommene-momente-have-a-cuppa-tea-Tee-anleitung-tutorial-fr\u00fchjahr-sommerkatalog-SAB-saleabration-2016-amicelli-300x148.jpg 300w\" sizes=\"(max-width: 600px) 100vw, 600px\" \/><\/p>\n<p><img loading=\"lazy\" decoding=\"async\" class=\"alignnone size-full wp-image-2144\" src=\"https:\/\/www.stempeltier.de\/blog\/wp-content\/uploads\/2016\/02\/12642920_1002333306506069_1097627338938280868_n.jpg\" alt=\"stampin up DSP Geburtstagsstrau\u00df Amicelli Merci Verpackung Luftballons 2016\" width=\"800\" height=\"533\" srcset=\"https:\/\/www.stempeltier.de\/blog\/wp-content\/uploads\/2016\/02\/12642920_1002333306506069_1097627338938280868_n.jpg 800w, https:\/\/www.stempeltier.de\/blog\/wp-content\/uploads\/2016\/02\/12642920_1002333306506069_1097627338938280868_n-600x400.jpg 600w, https:\/\/www.stempeltier.de\/blog\/wp-content\/uploads\/2016\/02\/12642920_1002333306506069_1097627338938280868_n-300x200.jpg 300w, https:\/\/www.stempeltier.de\/blog\/wp-content\/uploads\/2016\/02\/12642920_1002333306506069_1097627338938280868_n-768x512.jpg 768w\" sizes=\"(max-width: 800px) 100vw, 800px\" \/><\/p>\n<div class=\"shariff shariff-align-center shariff-widget-align-flex-start\" data-services=\"facebook%7Cpinterest\" data-url=\"https%3A%2F%2Fwww.stempeltier.de%2Fblog%2Fstampinup_auftragsarbeiten%2F\" data-timestamp=\"1455186525\" data-backendurl=\"https:\/\/www.stempeltier.de\/blog\/wp-json\/shariff\/v1\/share_counts?\"><div class=\"ShariffHeadline\">Sharing is caring - Teilen erlaubt<\/div><ul class=\"shariff-buttons theme-round orientation-horizontal buttonsize-medium\"><li class=\"shariff-button facebook shariff-nocustomcolor\" style=\"background-color:#4273c8\"><a href=\"https:\/\/www.facebook.com\/sharer\/sharer.php?u=https%3A%2F%2Fwww.stempeltier.de%2Fblog%2Fstampinup_auftragsarbeiten%2F\" title=\"Bei Facebook teilen\" aria-label=\"Bei Facebook teilen\" role=\"button\" rel=\"nofollow\" class=\"shariff-link\" style=\"; background-color:#3b5998; color:#fff\" target=\"_blank\"><span class=\"shariff-icon\" style=\"\"><svg width=\"32px\" height=\"20px\" xmlns=\"http:\/\/www.w3.org\/2000\/svg\" viewBox=\"0 0 18 32\"><path fill=\"#3b5998\" d=\"M17.1 0.2v4.7h-2.8q-1.5 0-2.1 0.6t-0.5 1.9v3.4h5.2l-0.7 5.3h-4.5v13.6h-5.5v-13.6h-4.5v-5.3h4.5v-3.9q0-3.3 1.9-5.2t5-1.8q2.6 0 4.1 0.2z\"\/><\/svg><\/span><span data-service=\"facebook\" style=\"color:#3b5998\" class=\"shariff-count shariff-hidezero\"><\/span>&nbsp;<\/a><\/li><li class=\"shariff-button twitter shariff-nocustomcolor\" style=\"background-color:#595959\"><a href=\"https:\/\/twitter.com\/share?url=https%3A%2F%2Fwww.stempeltier.de%2Fblog%2Fstampinup_auftragsarbeiten%2F&text=Auftragsarbeiten\" title=\"Bei X teilen\" aria-label=\"Bei X teilen\" role=\"button\" rel=\"noopener nofollow\" class=\"shariff-link\" style=\"; background-color:#000; color:#fff\" target=\"_blank\"><span class=\"shariff-icon\" style=\"\"><svg width=\"32px\" height=\"20px\" xmlns=\"http:\/\/www.w3.org\/2000\/svg\" viewBox=\"0 0 24 24\"><path fill=\"#000\" d=\"M14.258 10.152L23.176 0h-2.113l-7.747 8.813L7.133 0H0l9.352 13.328L0 23.973h2.113l8.176-9.309 6.531 9.309h7.133zm-2.895 3.293l-.949-1.328L2.875 1.56h3.246l6.086 8.523.945 1.328 7.91 11.078h-3.246zm0 0\"\/><\/svg><\/span><\/a><\/li><li class=\"shariff-button pinterest shariff-nocustomcolor\" style=\"background-color:#e70f18\"><a href=\"https:\/\/www.pinterest.com\/pin\/create\/link\/?url=https%3A%2F%2Fwww.stempeltier.de%2Fblog%2Fstampinup_auftragsarbeiten%2F&media=https%3A%2F%2Fwww.stempeltier.de%2Fblog%2Fwp-content%2Fuploads%2F2015%2F07%2FAuftragsarbeiten-titel-stempeltier.jpg&description=Auftragsarbeiten\" title=\"Bei Pinterest pinnen\" aria-label=\"Bei Pinterest pinnen\" role=\"button\" rel=\"noopener nofollow\" class=\"shariff-link\" style=\"; background-color:#cb2027; color:#fff\" target=\"_blank\"><span class=\"shariff-icon\" style=\"\"><svg width=\"32px\" height=\"20px\" xmlns=\"http:\/\/www.w3.org\/2000\/svg\" viewBox=\"0 0 27 32\"><path fill=\"#cb2027\" d=\"M27.4 16q0 3.7-1.8 6.9t-5 5-6.9 1.9q-2 0-3.9-0.6 1.1-1.7 1.4-2.9 0.2-0.6 1-3.8 0.4 0.7 1.3 1.2t2 0.5q2.1 0 3.8-1.2t2.7-3.4 0.9-4.8q0-2-1.1-3.8t-3.1-2.9-4.5-1.2q-1.9 0-3.5 0.5t-2.8 1.4-2 2-1.2 2.3-0.4 2.4q0 1.9 0.7 3.3t2.1 2q0.5 0.2 0.7-0.4 0-0.1 0.1-0.5t0.2-0.5q0.1-0.4-0.2-0.8-0.9-1.1-0.9-2.7 0-2.7 1.9-4.6t4.9-2q2.7 0 4.2 1.5t1.5 3.8q0 3-1.2 5.2t-3.1 2.1q-1.1 0-1.7-0.8t-0.4-1.9q0.1-0.6 0.5-1.7t0.5-1.8 0.2-1.4q0-0.9-0.5-1.5t-1.4-0.6q-1.1 0-1.9 1t-0.8 2.6q0 1.3 0.4 2.2l-1.8 7.5q-0.3 1.2-0.2 3.2-3.7-1.6-6-5t-2.3-7.6q0-3.7 1.9-6.9t5-5 6.9-1.9 6.9 1.9 5 5 1.8 6.9z\"\/><\/svg><\/span><span data-service=\"pinterest\" style=\"color:#cb2027\" class=\"shariff-count shariff-hidezero\"><\/span>&nbsp;<\/a><\/li><li class=\"shariff-button whatsapp shariff-nocustomcolor\" style=\"background-color:#5cbe4a\"><a href=\"https:\/\/api.whatsapp.com\/send?text=https%3A%2F%2Fwww.stempeltier.de%2Fblog%2Fstampinup_auftragsarbeiten%2F%20Auftragsarbeiten\" title=\"Bei Whatsapp teilen\" aria-label=\"Bei Whatsapp teilen\" role=\"button\" rel=\"noopener nofollow\" class=\"shariff-link\" style=\"; background-color:#34af23; color:#fff\" target=\"_blank\"><span class=\"shariff-icon\" style=\"\"><svg width=\"32px\" height=\"20px\" xmlns=\"http:\/\/www.w3.org\/2000\/svg\" viewBox=\"0 0 32 32\"><path fill=\"#34af23\" d=\"M17.6 17.4q0.2 0 1.7 0.8t1.6 0.9q0 0.1 0 0.3 0 0.6-0.3 1.4-0.3 0.7-1.3 1.2t-1.8 0.5q-1 0-3.4-1.1-1.7-0.8-3-2.1t-2.6-3.3q-1.3-1.9-1.3-3.5v-0.1q0.1-1.6 1.3-2.8 0.4-0.4 0.9-0.4 0.1 0 0.3 0t0.3 0q0.3 0 0.5 0.1t0.3 0.5q0.1 0.4 0.6 1.6t0.4 1.3q0 0.4-0.6 1t-0.6 0.8q0 0.1 0.1 0.3 0.6 1.3 1.8 2.4 1 0.9 2.7 1.8 0.2 0.1 0.4 0.1 0.3 0 1-0.9t0.9-0.9zM14 26.9q2.3 0 4.3-0.9t3.6-2.4 2.4-3.6 0.9-4.3-0.9-4.3-2.4-3.6-3.6-2.4-4.3-0.9-4.3 0.9-3.6 2.4-2.4 3.6-0.9 4.3q0 3.6 2.1 6.6l-1.4 4.2 4.3-1.4q2.8 1.9 6.2 1.9zM14 2.2q2.7 0 5.2 1.1t4.3 2.9 2.9 4.3 1.1 5.2-1.1 5.2-2.9 4.3-4.3 2.9-5.2 1.1q-3.5 0-6.5-1.7l-7.4 2.4 2.4-7.2q-1.9-3.2-1.9-6.9 0-2.7 1.1-5.2t2.9-4.3 4.3-2.9 5.2-1.1z\"\/><\/svg><\/span><\/a><\/li><li class=\"shariff-button mailto shariff-nocustomcolor\" style=\"background-color:#a8a8a8\"><a href=\"mailto:?body=https%3A%2F%2Fwww.stempeltier.de%2Fblog%2Fstampinup_auftragsarbeiten%2F&subject=Auftragsarbeiten\" title=\"Per E-Mail versenden\" aria-label=\"Per E-Mail versenden\" role=\"button\" rel=\"noopener nofollow\" class=\"shariff-link\" style=\"; background-color:#999; color:#fff\"><span class=\"shariff-icon\" style=\"\"><svg width=\"32px\" height=\"20px\" xmlns=\"http:\/\/www.w3.org\/2000\/svg\" viewBox=\"0 0 32 32\"><path fill=\"#999\" d=\"M32 12.7v14.2q0 1.2-0.8 2t-2 0.9h-26.3q-1.2 0-2-0.9t-0.8-2v-14.2q0.8 0.9 1.8 1.6 6.5 4.4 8.9 6.1 1 0.8 1.6 1.2t1.7 0.9 2 0.4h0.1q0.9 0 2-0.4t1.7-0.9 1.6-1.2q3-2.2 8.9-6.1 1-0.7 1.8-1.6zM32 7.4q0 1.4-0.9 2.7t-2.2 2.2q-6.7 4.7-8.4 5.8-0.2 0.1-0.7 0.5t-1 0.7-0.9 0.6-1.1 0.5-0.9 0.2h-0.1q-0.4 0-0.9-0.2t-1.1-0.5-0.9-0.6-1-0.7-0.7-0.5q-1.6-1.1-4.7-3.2t-3.6-2.6q-1.1-0.7-2.1-2t-1-2.5q0-1.4 0.7-2.3t2.1-0.9h26.3q1.2 0 2 0.8t0.9 2z\"\/><\/svg><\/span><\/a><\/li><\/ul><\/div>","protected":false},"excerpt":{"rendered":"<p>Du h\u00e4ttest gerne auch pers\u00f6nliche Karten, Tischdeko, Einladungen, Verpackungen o.\u00e4 ? Aber keine Lust oder Zeit diese selber zu werkeln? Na, da l\u00e4sst sich doch was machen \ud83d\ude42 &nbsp; Gerne nehme ich deine Auftragsarbeit\/en\u00a0entgegen und bastel f\u00fcr dich pers\u00f6nliche Gru\u00dfkarten,&hellip; <\/p>\n","protected":false},"author":1,"featured_media":406,"parent":0,"menu_order":0,"comment_status":"open","ping_status":"open","template":"","meta":{"jetpack_post_was_ever_published":false,"footnotes":""},"class_list":["post-403","page","type-page","status-publish","has-post-thumbnail","hentry"],"yoast_head":"<!-- This site is optimized with the Yoast SEO plugin v25.6 - https:\/\/yoast.com\/wordpress\/plugins\/seo\/ -->\n<title>Auftragsarbeiten - Stempeltier<\/title>\n<meta name=\"description\" content=\"Kreativ mit Danny dem Stempeltier und Stampin&#039; Up! \u00ae in Kaufbeuren und Umgebung\" \/>\n<meta name=\"robots\" content=\"index, follow, max-snippet:-1, max-image-preview:large, max-video-preview:-1\" \/>\n<link rel=\"canonical\" href=\"https:\/\/www.stempeltier.de\/blog\/stampinup_auftragsarbeiten\/\" \/>\n<meta property=\"og:locale\" content=\"de_DE\" \/>\n<meta property=\"og:type\" content=\"article\" \/>\n<meta property=\"og:title\" content=\"Auftragsarbeiten - Stempeltier\" \/>\n<meta property=\"og:description\" content=\"Kreativ mit Danny dem Stempeltier und Stampin&#039; Up! \u00ae in Kaufbeuren und Umgebung\" \/>\n<meta property=\"og:url\" content=\"https:\/\/www.stempeltier.de\/blog\/stampinup_auftragsarbeiten\/\" \/>\n<meta property=\"og:site_name\" content=\"Stempeltier\" \/>\n<meta property=\"article:publisher\" content=\"http:\/\/www.facebook.com\/DasStempeltier\" \/>\n<meta property=\"article:modified_time\" content=\"2016-02-11T09:28:45+00:00\" \/>\n<meta property=\"og:image\" content=\"https:\/\/www.stempeltier.de\/blog\/wp-content\/uploads\/2015\/07\/Auftragsarbeiten-titel-stempeltier.jpg\" \/>\n\t<meta property=\"og:image:width\" content=\"1000\" \/>\n\t<meta property=\"og:image:height\" content=\"372\" \/>\n\t<meta property=\"og:image:type\" content=\"image\/jpeg\" \/>\n<meta name=\"twitter:card\" content=\"summary_large_image\" \/>\n<meta name=\"twitter:label1\" content=\"Gesch\u00e4tzte Lesezeit\" \/>\n\t<meta name=\"twitter:data1\" content=\"1\u00a0Minute\" \/>\n<script type=\"application\/ld+json\" class=\"yoast-schema-graph\">{\"@context\":\"https:\/\/schema.org\",\"@graph\":[{\"@type\":\"WebPage\",\"@id\":\"https:\/\/www.stempeltier.de\/blog\/stampinup_auftragsarbeiten\/\",\"url\":\"https:\/\/www.stempeltier.de\/blog\/stampinup_auftragsarbeiten\/\",\"name\":\"Auftragsarbeiten - Stempeltier\",\"isPartOf\":{\"@id\":\"https:\/\/www.stempeltier.de\/blog\/#website\"},\"primaryImageOfPage\":{\"@id\":\"https:\/\/www.stempeltier.de\/blog\/stampinup_auftragsarbeiten\/#primaryimage\"},\"image\":{\"@id\":\"https:\/\/www.stempeltier.de\/blog\/stampinup_auftragsarbeiten\/#primaryimage\"},\"thumbnailUrl\":\"https:\/\/www.stempeltier.de\/blog\/wp-content\/uploads\/2015\/07\/Auftragsarbeiten-titel-stempeltier.jpg\",\"datePublished\":\"2015-07-13T07:53:57+00:00\",\"dateModified\":\"2016-02-11T09:28:45+00:00\",\"description\":\"Kreativ mit Danny dem Stempeltier und Stampin' Up! \u00ae in Kaufbeuren und Umgebung\",\"breadcrumb\":{\"@id\":\"https:\/\/www.stempeltier.de\/blog\/stampinup_auftragsarbeiten\/#breadcrumb\"},\"inLanguage\":\"de\",\"potentialAction\":[{\"@type\":\"ReadAction\",\"target\":[\"https:\/\/www.stempeltier.de\/blog\/stampinup_auftragsarbeiten\/\"]}]},{\"@type\":\"ImageObject\",\"inLanguage\":\"de\",\"@id\":\"https:\/\/www.stempeltier.de\/blog\/stampinup_auftragsarbeiten\/#primaryimage\",\"url\":\"https:\/\/www.stempeltier.de\/blog\/wp-content\/uploads\/2015\/07\/Auftragsarbeiten-titel-stempeltier.jpg\",\"contentUrl\":\"https:\/\/www.stempeltier.de\/blog\/wp-content\/uploads\/2015\/07\/Auftragsarbeiten-titel-stempeltier.jpg\",\"width\":1000,\"height\":372,\"caption\":\"Auftragsarbeiten Stampin' Up! Gru\u00dfkarten Enladungen Geburtstag Taufe Hochzeit Stempeltier Allg\u00e4u Kaufbeuren Buchloe\"},{\"@type\":\"BreadcrumbList\",\"@id\":\"https:\/\/www.stempeltier.de\/blog\/stampinup_auftragsarbeiten\/#breadcrumb\",\"itemListElement\":[{\"@type\":\"ListItem\",\"position\":1,\"name\":\"Startseite\",\"item\":\"https:\/\/www.stempeltier.de\/blog\/\"},{\"@type\":\"ListItem\",\"position\":2,\"name\":\"Auftragsarbeiten\"}]},{\"@type\":\"WebSite\",\"@id\":\"https:\/\/www.stempeltier.de\/blog\/#website\",\"url\":\"https:\/\/www.stempeltier.de\/blog\/\",\"name\":\"Stempeltier\",\"description\":\"Kreative Gl\u00fccksmomente aus Papier\",\"potentialAction\":[{\"@type\":\"SearchAction\",\"target\":{\"@type\":\"EntryPoint\",\"urlTemplate\":\"https:\/\/www.stempeltier.de\/blog\/?s={search_term_string}\"},\"query-input\":{\"@type\":\"PropertyValueSpecification\",\"valueRequired\":true,\"valueName\":\"search_term_string\"}}],\"inLanguage\":\"de\"}]}<\/script>\n<!-- \/ Yoast SEO plugin. -->","yoast_head_json":{"title":"Auftragsarbeiten - Stempeltier","description":"Kreativ mit Danny dem Stempeltier und Stampin' Up! \u00ae in Kaufbeuren und Umgebung","robots":{"index":"index","follow":"follow","max-snippet":"max-snippet:-1","max-image-preview":"max-image-preview:large","max-video-preview":"max-video-preview:-1"},"canonical":"https:\/\/www.stempeltier.de\/blog\/stampinup_auftragsarbeiten\/","og_locale":"de_DE","og_type":"article","og_title":"Auftragsarbeiten - Stempeltier","og_description":"Kreativ mit Danny dem Stempeltier und Stampin' Up! \u00ae in Kaufbeuren und Umgebung","og_url":"https:\/\/www.stempeltier.de\/blog\/stampinup_auftragsarbeiten\/","og_site_name":"Stempeltier","article_publisher":"http:\/\/www.facebook.com\/DasStempeltier","article_modified_time":"2016-02-11T09:28:45+00:00","og_image":[{"width":1000,"height":372,"url":"https:\/\/www.stempeltier.de\/blog\/wp-content\/uploads\/2015\/07\/Auftragsarbeiten-titel-stempeltier.jpg","type":"image\/jpeg"}],"twitter_card":"summary_large_image","twitter_misc":{"Gesch\u00e4tzte Lesezeit":"1\u00a0Minute"},"schema":{"@context":"https:\/\/schema.org","@graph":[{"@type":"WebPage","@id":"https:\/\/www.stempeltier.de\/blog\/stampinup_auftragsarbeiten\/","url":"https:\/\/www.stempeltier.de\/blog\/stampinup_auftragsarbeiten\/","name":"Auftragsarbeiten - Stempeltier","isPartOf":{"@id":"https:\/\/www.stempeltier.de\/blog\/#website"},"primaryImageOfPage":{"@id":"https:\/\/www.stempeltier.de\/blog\/stampinup_auftragsarbeiten\/#primaryimage"},"image":{"@id":"https:\/\/www.stempeltier.de\/blog\/stampinup_auftragsarbeiten\/#primaryimage"},"thumbnailUrl":"https:\/\/www.stempeltier.de\/blog\/wp-content\/uploads\/2015\/07\/Auftragsarbeiten-titel-stempeltier.jpg","datePublished":"2015-07-13T07:53:57+00:00","dateModified":"2016-02-11T09:28:45+00:00","description":"Kreativ mit Danny dem Stempeltier und Stampin' Up! \u00ae in Kaufbeuren und Umgebung","breadcrumb":{"@id":"https:\/\/www.stempeltier.de\/blog\/stampinup_auftragsarbeiten\/#breadcrumb"},"inLanguage":"de","potentialAction":[{"@type":"ReadAction","target":["https:\/\/www.stempeltier.de\/blog\/stampinup_auftragsarbeiten\/"]}]},{"@type":"ImageObject","inLanguage":"de","@id":"https:\/\/www.stempeltier.de\/blog\/stampinup_auftragsarbeiten\/#primaryimage","url":"https:\/\/www.stempeltier.de\/blog\/wp-content\/uploads\/2015\/07\/Auftragsarbeiten-titel-stempeltier.jpg","contentUrl":"https:\/\/www.stempeltier.de\/blog\/wp-content\/uploads\/2015\/07\/Auftragsarbeiten-titel-stempeltier.jpg","width":1000,"height":372,"caption":"Auftragsarbeiten Stampin' Up! Gru\u00dfkarten Enladungen Geburtstag Taufe Hochzeit Stempeltier Allg\u00e4u Kaufbeuren Buchloe"},{"@type":"BreadcrumbList","@id":"https:\/\/www.stempeltier.de\/blog\/stampinup_auftragsarbeiten\/#breadcrumb","itemListElement":[{"@type":"ListItem","position":1,"name":"Startseite","item":"https:\/\/www.stempeltier.de\/blog\/"},{"@type":"ListItem","position":2,"name":"Auftragsarbeiten"}]},{"@type":"WebSite","@id":"https:\/\/www.stempeltier.de\/blog\/#website","url":"https:\/\/www.stempeltier.de\/blog\/","name":"Stempeltier","description":"Kreative Gl\u00fccksmomente aus Papier","potentialAction":[{"@type":"SearchAction","target":{"@type":"EntryPoint","urlTemplate":"https:\/\/www.stempeltier.de\/blog\/?s={search_term_string}"},"query-input":{"@type":"PropertyValueSpecification","valueRequired":true,"valueName":"search_term_string"}}],"inLanguage":"de"}]}},"jetpack-related-posts":[],"jetpack_sharing_enabled":true,"_links":{"self":[{"href":"https:\/\/www.stempeltier.de\/blog\/wp-json\/wp\/v2\/pages\/403"}],"collection":[{"href":"https:\/\/www.stempeltier.de\/blog\/wp-json\/wp\/v2\/pages"}],"about":[{"href":"https:\/\/www.stempeltier.de\/blog\/wp-json\/wp\/v2\/types\/page"}],"author":[{"embeddable":true,"href":"https:\/\/www.stempeltier.de\/blog\/wp-json\/wp\/v2\/users\/1"}],"replies":[{"embeddable":true,"href":"https:\/\/www.stempeltier.de\/blog\/wp-json\/wp\/v2\/comments?post=403"}],"version-history":[{"count":8,"href":"https:\/\/www.stempeltier.de\/blog\/wp-json\/wp\/v2\/pages\/403\/revisions"}],"predecessor-version":[{"id":405,"href":"https:\/\/www.stempeltier.de\/blog\/wp-json\/wp\/v2\/pages\/403\/revisions\/405"}],"wp:featuredmedia":[{"embeddable":true,"href":"https:\/\/www.stempeltier.de\/blog\/wp-json\/wp\/v2\/media\/406"}],"wp:attachment":[{"href":"https:\/\/www.stempeltier.de\/blog\/wp-json\/wp\/v2\/media?parent=403"}],"curies":[{"name":"wp","href":"https:\/\/api.w.org\/{rel}","templated":true}]}}