{"id":2997,"date":"2016-06-06T20:50:34","date_gmt":"2016-06-06T18:50:34","guid":{"rendered":"https:\/\/www.stempeltier.de\/blog\/?page_id=2997"},"modified":"2023-05-12T10:21:32","modified_gmt":"2023-05-12T08:21:32","slug":"angebote","status":"publish","type":"page","link":"https:\/\/www.stempeltier.de\/blog\/angebote\/","title":{"rendered":"Angebote"},"content":{"rendered":"<p><img loading=\"lazy\" decoding=\"async\" class=\"aligncenter size-large wp-image-15241\" src=\"https:\/\/www.stempeltier.de\/blog\/wp-content\/uploads\/2023\/04\/PXL_20230413_200123704.PORTRAIT-1024x768.jpg\" alt=\"Stamping up Farb-\u00dcbersicht color coach\" width=\"700\" height=\"525\" srcset=\"https:\/\/www.stempeltier.de\/blog\/wp-content\/uploads\/2023\/04\/PXL_20230413_200123704.PORTRAIT-1024x768.jpg 1024w, https:\/\/www.stempeltier.de\/blog\/wp-content\/uploads\/2023\/04\/PXL_20230413_200123704.PORTRAIT-600x450.jpg 600w, https:\/\/www.stempeltier.de\/blog\/wp-content\/uploads\/2023\/04\/PXL_20230413_200123704.PORTRAIT-300x225.jpg 300w, https:\/\/www.stempeltier.de\/blog\/wp-content\/uploads\/2023\/04\/PXL_20230413_200123704.PORTRAIT-768x576.jpg 768w, https:\/\/www.stempeltier.de\/blog\/wp-content\/uploads\/2023\/04\/PXL_20230413_200123704.PORTRAIT-1536x1152.jpg 1536w, https:\/\/www.stempeltier.de\/blog\/wp-content\/uploads\/2023\/04\/PXL_20230413_200123704.PORTRAIT-2048x1536.jpg 2048w\" sizes=\"auto, (max-width: 700px) 100vw, 700px\" \/><\/p>\n<p>Ich biete zu den unterschiedlichen Katalogen und Aktionen passende <strong>Materialpakete<\/strong> zu eurer Bestellung an.<\/p>\n<p>Aktuelle Musterpakete f\u00fcr:<\/p>\n<ul>\n<li><a href=\"https:\/\/www.stempeltier.de\/blog\/dsp-plus-pakete-stampinup-2023\/\" target=\"_blank\" rel=\"noopener\">Jahreskatalog<\/a><\/li>\n<li><a href=\"https:\/\/www.stempeltier.de\/blog\/stampin_up_schnupperpakete\/\" target=\"_blank\" rel=\"noopener\">Farbfamilien<\/a><\/li>\n<\/ul>\n<p>&nbsp;<\/p>\n<p>Euer Stempeltier,<\/p>\n<p><img loading=\"lazy\" decoding=\"async\" class=\"size-full wp-image-13482 alignleft\" src=\"https:\/\/www.stempeltier.de\/blog\/wp-content\/uploads\/2021\/09\/text-1632318265356.png\" alt=\"\" width=\"378\" height=\"81\" srcset=\"https:\/\/www.stempeltier.de\/blog\/wp-content\/uploads\/2021\/09\/text-1632318265356.png 378w, https:\/\/www.stempeltier.de\/blog\/wp-content\/uploads\/2021\/09\/text-1632318265356-300x64.png 300w\" sizes=\"auto, (max-width: 378px) 100vw, 378px\" \/><\/p>\n<div class=\"shariff shariff-align-center shariff-widget-align-left\" data-services=\"facebook%7Cpinterest\" data-url=\"https:\/\/www.stempeltier.de\/blog\/angebote\/\" data-timestamp=\"1683886892\" data-backendurl=\"https:\/\/www.stempeltier.de\/blog\/wp-json\/shariff\/v1\/share_counts?\"><div class=\"ShariffHeadline\">Sharing is caring - Teilen erlaubt<\/div><ul class=\"shariff-buttons theme-round orientation-horizontal buttonsize-medium\"><li class=\"shariff-button facebook shariff-nocustomcolor\" style=\"background-color:#4273c8\"><a href=\"https:\/\/www.facebook.com\/sharer\/sharer.php?u=https%3A%2F%2Fwww.stempeltier.de%2Fblog%2Fangebote%2F\" title=\"Bei Facebook teilen\" aria-label=\"Bei Facebook teilen\" role=\"button\" rel=\"nofollow\" class=\"shariff-link\" style=\"; background-color:#3b5998; color:#fff\" target=\"_blank\"><span class=\"shariff-icon\" style=\"\"><svg width=\"32px\" height=\"20px\" xmlns=\"http:\/\/www.w3.org\/2000\/svg\" viewBox=\"0 0 18 32\"><path fill=\"#3b5998\" d=\"M17.1 0.2v4.7h-2.8q-1.5 0-2.1 0.6t-0.5 1.9v3.4h5.2l-0.7 5.3h-4.5v13.6h-5.5v-13.6h-4.5v-5.3h4.5v-3.9q0-3.3 1.9-5.2t5-1.8q2.6 0 4.1 0.2z\"\/><\/svg><\/span><span data-service=\"facebook\" style=\"color:#3b5998\" class=\"shariff-count shariff-hidezero\"><\/span>&nbsp;<\/a><\/li><li class=\"shariff-button twitter shariff-nocustomcolor\" style=\"background-color:#595959\"><a href=\"https:\/\/twitter.com\/share?url=https%3A%2F%2Fwww.stempeltier.de%2Fblog%2Fangebote%2F&text=Angebote\" title=\"Bei X teilen\" aria-label=\"Bei X teilen\" role=\"button\" rel=\"noopener nofollow\" class=\"shariff-link\" style=\"; background-color:#000; color:#fff\" target=\"_blank\"><span class=\"shariff-icon\" style=\"\"><svg width=\"32px\" height=\"20px\" xmlns=\"http:\/\/www.w3.org\/2000\/svg\" viewBox=\"0 0 24 24\"><path fill=\"#000\" d=\"M14.258 10.152L23.176 0h-2.113l-7.747 8.813L7.133 0H0l9.352 13.328L0 23.973h2.113l8.176-9.309 6.531 9.309h7.133zm-2.895 3.293l-.949-1.328L2.875 1.56h3.246l6.086 8.523.945 1.328 7.91 11.078h-3.246zm0 0\"\/><\/svg><\/span><\/a><\/li><li class=\"shariff-button pinterest shariff-nocustomcolor\" style=\"background-color:#e70f18\"><a href=\"https:\/\/www.pinterest.com\/pin\/create\/link\/?url=https%3A%2F%2Fwww.stempeltier.de%2Fblog%2Fangebote%2F&media=https%3A%2F%2Fwww.stempeltier.de%2Fblog%2Fwp-content%2Fuploads%2F2023%2F04%2FPXL_20230413_200123704.PORTRAIT-1024x768.jpg&description=Angebote\" title=\"Bei Pinterest pinnen\" aria-label=\"Bei Pinterest pinnen\" role=\"button\" rel=\"noopener nofollow\" class=\"shariff-link\" style=\"; background-color:#cb2027; color:#fff\" target=\"_blank\"><span class=\"shariff-icon\" style=\"\"><svg width=\"32px\" height=\"20px\" xmlns=\"http:\/\/www.w3.org\/2000\/svg\" viewBox=\"0 0 27 32\"><path fill=\"#cb2027\" d=\"M27.4 16q0 3.7-1.8 6.9t-5 5-6.9 1.9q-2 0-3.9-0.6 1.1-1.7 1.4-2.9 0.2-0.6 1-3.8 0.4 0.7 1.3 1.2t2 0.5q2.1 0 3.8-1.2t2.7-3.4 0.9-4.8q0-2-1.1-3.8t-3.1-2.9-4.5-1.2q-1.9 0-3.5 0.5t-2.8 1.4-2 2-1.2 2.3-0.4 2.4q0 1.9 0.7 3.3t2.1 2q0.5 0.2 0.7-0.4 0-0.1 0.1-0.5t0.2-0.5q0.1-0.4-0.2-0.8-0.9-1.1-0.9-2.7 0-2.7 1.9-4.6t4.9-2q2.7 0 4.2 1.5t1.5 3.8q0 3-1.2 5.2t-3.1 2.1q-1.1 0-1.7-0.8t-0.4-1.9q0.1-0.6 0.5-1.7t0.5-1.8 0.2-1.4q0-0.9-0.5-1.5t-1.4-0.6q-1.1 0-1.9 1t-0.8 2.6q0 1.3 0.4 2.2l-1.8 7.5q-0.3 1.2-0.2 3.2-3.7-1.6-6-5t-2.3-7.6q0-3.7 1.9-6.9t5-5 6.9-1.9 6.9 1.9 5 5 1.8 6.9z\"\/><\/svg><\/span><span data-service=\"pinterest\" style=\"color:#cb2027\" class=\"shariff-count\"> 1<\/span>&nbsp;<\/a><\/li><li class=\"shariff-button whatsapp shariff-nocustomcolor\" style=\"background-color:#5cbe4a\"><a href=\"https:\/\/api.whatsapp.com\/send?text=https%3A%2F%2Fwww.stempeltier.de%2Fblog%2Fangebote%2F%20Angebote\" title=\"Bei Whatsapp teilen\" aria-label=\"Bei Whatsapp teilen\" role=\"button\" rel=\"noopener nofollow\" class=\"shariff-link\" style=\"; background-color:#34af23; color:#fff\" target=\"_blank\"><span class=\"shariff-icon\" style=\"\"><svg width=\"32px\" height=\"20px\" xmlns=\"http:\/\/www.w3.org\/2000\/svg\" viewBox=\"0 0 32 32\"><path fill=\"#34af23\" d=\"M17.6 17.4q0.2 0 1.7 0.8t1.6 0.9q0 0.1 0 0.3 0 0.6-0.3 1.4-0.3 0.7-1.3 1.2t-1.8 0.5q-1 0-3.4-1.1-1.7-0.8-3-2.1t-2.6-3.3q-1.3-1.9-1.3-3.5v-0.1q0.1-1.6 1.3-2.8 0.4-0.4 0.9-0.4 0.1 0 0.3 0t0.3 0q0.3 0 0.5 0.1t0.3 0.5q0.1 0.4 0.6 1.6t0.4 1.3q0 0.4-0.6 1t-0.6 0.8q0 0.1 0.1 0.3 0.6 1.3 1.8 2.4 1 0.9 2.7 1.8 0.2 0.1 0.4 0.1 0.3 0 1-0.9t0.9-0.9zM14 26.9q2.3 0 4.3-0.9t3.6-2.4 2.4-3.6 0.9-4.3-0.9-4.3-2.4-3.6-3.6-2.4-4.3-0.9-4.3 0.9-3.6 2.4-2.4 3.6-0.9 4.3q0 3.6 2.1 6.6l-1.4 4.2 4.3-1.4q2.8 1.9 6.2 1.9zM14 2.2q2.7 0 5.2 1.1t4.3 2.9 2.9 4.3 1.1 5.2-1.1 5.2-2.9 4.3-4.3 2.9-5.2 1.1q-3.5 0-6.5-1.7l-7.4 2.4 2.4-7.2q-1.9-3.2-1.9-6.9 0-2.7 1.1-5.2t2.9-4.3 4.3-2.9 5.2-1.1z\"\/><\/svg><\/span><\/a><\/li><li class=\"shariff-button mailto shariff-nocustomcolor\" style=\"background-color:#a8a8a8\"><a href=\"mailto:?body=https%3A%2F%2Fwww.stempeltier.de%2Fblog%2Fangebote%2F&subject=Angebote\" title=\"Per E-Mail versenden\" aria-label=\"Per E-Mail versenden\" role=\"button\" rel=\"noopener nofollow\" class=\"shariff-link\" style=\"; background-color:#999; color:#fff\"><span class=\"shariff-icon\" style=\"\"><svg width=\"32px\" height=\"20px\" xmlns=\"http:\/\/www.w3.org\/2000\/svg\" viewBox=\"0 0 32 32\"><path fill=\"#999\" d=\"M32 12.7v14.2q0 1.2-0.8 2t-2 0.9h-26.3q-1.2 0-2-0.9t-0.8-2v-14.2q0.8 0.9 1.8 1.6 6.5 4.4 8.9 6.1 1 0.8 1.6 1.2t1.7 0.9 2 0.4h0.1q0.9 0 2-0.4t1.7-0.9 1.6-1.2q3-2.2 8.9-6.1 1-0.7 1.8-1.6zM32 7.4q0 1.4-0.9 2.7t-2.2 2.2q-6.7 4.7-8.4 5.8-0.2 0.1-0.7 0.5t-1 0.7-0.9 0.6-1.1 0.5-0.9 0.2h-0.1q-0.4 0-0.9-0.2t-1.1-0.5-0.9-0.6-1-0.7-0.7-0.5q-1.6-1.1-4.7-3.2t-3.6-2.6q-1.1-0.7-2.1-2t-1-2.5q0-1.4 0.7-2.3t2.1-0.9h26.3q1.2 0 2 0.8t0.9 2z\"\/><\/svg><\/span><\/a><\/li><\/ul><\/div>","protected":false},"excerpt":{"rendered":"<p>Ich biete zu den unterschiedlichen Katalogen und Aktionen passende Materialpakete zu eurer Bestellung an. Aktuelle Musterpakete f\u00fcr: Jahreskatalog Farbfamilien &nbsp; Euer Stempeltier,<\/p>\n","protected":false},"author":1,"featured_media":0,"parent":0,"menu_order":0,"comment_status":"closed","ping_status":"closed","template":"","meta":{"footnotes":""},"class_list":["post-2997","page","type-page","status-publish","hentry"],"yoast_head":"<!-- This site is optimized with the Yoast SEO plugin v27.6 - https:\/\/yoast.com\/product\/yoast-seo-wordpress\/ -->\n<title>Angebote - Stempeltier<\/title>\n<meta name=\"description\" content=\"Hier bekommst du deine DSP PLUSPAKETE zu aktuellen Stampin&#039; Up ! Produktreihen.\" \/>\n<meta name=\"robots\" content=\"index, follow, max-snippet:-1, max-image-preview:large, max-video-preview:-1\" \/>\n<link rel=\"canonical\" href=\"https:\/\/www.stempeltier.de\/blog\/angebote\/\" \/>\n<meta property=\"og:locale\" content=\"de_DE\" \/>\n<meta property=\"og:type\" content=\"article\" \/>\n<meta property=\"og:title\" content=\"Angebote - Stempeltier\" \/>\n<meta property=\"og:description\" content=\"Hier bekommst du deine DSP PLUSPAKETE zu aktuellen Stampin&#039; Up ! Produktreihen.\" \/>\n<meta property=\"og:url\" content=\"https:\/\/www.stempeltier.de\/blog\/angebote\/\" \/>\n<meta property=\"og:site_name\" content=\"Stempeltier\" \/>\n<meta property=\"article:publisher\" content=\"http:\/\/www.facebook.com\/DasStempeltier\" \/>\n<meta property=\"article:modified_time\" content=\"2023-05-12T08:21:32+00:00\" \/>\n<meta property=\"og:image\" content=\"https:\/\/www.stempeltier.de\/blog\/wp-content\/uploads\/2023\/04\/PXL_20230413_200123704.PORTRAIT-1024x768.jpg\" \/>\n<meta name=\"twitter:card\" content=\"summary_large_image\" \/>\n<meta name=\"twitter:label1\" content=\"Gesch\u00e4tzte Lesezeit\" \/>\n\t<meta name=\"twitter:data1\" content=\"1\u00a0Minute\" \/>\n<script type=\"application\/ld+json\" class=\"yoast-schema-graph\">{\"@context\":\"https:\\\/\\\/schema.org\",\"@graph\":[{\"@type\":\"WebPage\",\"@id\":\"https:\\\/\\\/www.stempeltier.de\\\/blog\\\/angebote\\\/\",\"url\":\"https:\\\/\\\/www.stempeltier.de\\\/blog\\\/angebote\\\/\",\"name\":\"Angebote - Stempeltier\",\"isPartOf\":{\"@id\":\"https:\\\/\\\/www.stempeltier.de\\\/blog\\\/#website\"},\"primaryImageOfPage\":{\"@id\":\"https:\\\/\\\/www.stempeltier.de\\\/blog\\\/angebote\\\/#primaryimage\"},\"image\":{\"@id\":\"https:\\\/\\\/www.stempeltier.de\\\/blog\\\/angebote\\\/#primaryimage\"},\"thumbnailUrl\":\"https:\\\/\\\/www.stempeltier.de\\\/blog\\\/wp-content\\\/uploads\\\/2023\\\/04\\\/PXL_20230413_200123704.PORTRAIT-1024x768.jpg\",\"datePublished\":\"2016-06-06T18:50:34+00:00\",\"dateModified\":\"2023-05-12T08:21:32+00:00\",\"description\":\"Hier bekommst du deine DSP PLUSPAKETE zu aktuellen Stampin' Up ! Produktreihen.\",\"breadcrumb\":{\"@id\":\"https:\\\/\\\/www.stempeltier.de\\\/blog\\\/angebote\\\/#breadcrumb\"},\"inLanguage\":\"de\",\"potentialAction\":[{\"@type\":\"ReadAction\",\"target\":[\"https:\\\/\\\/www.stempeltier.de\\\/blog\\\/angebote\\\/\"]}]},{\"@type\":\"ImageObject\",\"inLanguage\":\"de\",\"@id\":\"https:\\\/\\\/www.stempeltier.de\\\/blog\\\/angebote\\\/#primaryimage\",\"url\":\"https:\\\/\\\/www.stempeltier.de\\\/blog\\\/wp-content\\\/uploads\\\/2023\\\/04\\\/PXL_20230413_200123704.PORTRAIT.jpg\",\"contentUrl\":\"https:\\\/\\\/www.stempeltier.de\\\/blog\\\/wp-content\\\/uploads\\\/2023\\\/04\\\/PXL_20230413_200123704.PORTRAIT.jpg\",\"width\":2560,\"height\":1920,\"caption\":\"Stamping up Farb-\u00dcbersicht color coach\"},{\"@type\":\"BreadcrumbList\",\"@id\":\"https:\\\/\\\/www.stempeltier.de\\\/blog\\\/angebote\\\/#breadcrumb\",\"itemListElement\":[{\"@type\":\"ListItem\",\"position\":1,\"name\":\"Startseite\",\"item\":\"https:\\\/\\\/www.stempeltier.de\\\/blog\\\/\"},{\"@type\":\"ListItem\",\"position\":2,\"name\":\"Angebote\"}]},{\"@type\":\"WebSite\",\"@id\":\"https:\\\/\\\/www.stempeltier.de\\\/blog\\\/#website\",\"url\":\"https:\\\/\\\/www.stempeltier.de\\\/blog\\\/\",\"name\":\"Stempeltier\",\"description\":\"Kreative Gl\u00fccksmomente aus Papier\",\"potentialAction\":[{\"@type\":\"SearchAction\",\"target\":{\"@type\":\"EntryPoint\",\"urlTemplate\":\"https:\\\/\\\/www.stempeltier.de\\\/blog\\\/?s={search_term_string}\"},\"query-input\":{\"@type\":\"PropertyValueSpecification\",\"valueRequired\":true,\"valueName\":\"search_term_string\"}}],\"inLanguage\":\"de\"}]}<\/script>\n<!-- \/ Yoast SEO plugin. -->","yoast_head_json":{"title":"Angebote - Stempeltier","description":"Hier bekommst du deine DSP PLUSPAKETE zu aktuellen Stampin' Up ! Produktreihen.","robots":{"index":"index","follow":"follow","max-snippet":"max-snippet:-1","max-image-preview":"max-image-preview:large","max-video-preview":"max-video-preview:-1"},"canonical":"https:\/\/www.stempeltier.de\/blog\/angebote\/","og_locale":"de_DE","og_type":"article","og_title":"Angebote - Stempeltier","og_description":"Hier bekommst du deine DSP PLUSPAKETE zu aktuellen Stampin' Up ! Produktreihen.","og_url":"https:\/\/www.stempeltier.de\/blog\/angebote\/","og_site_name":"Stempeltier","article_publisher":"http:\/\/www.facebook.com\/DasStempeltier","article_modified_time":"2023-05-12T08:21:32+00:00","og_image":[{"url":"https:\/\/www.stempeltier.de\/blog\/wp-content\/uploads\/2023\/04\/PXL_20230413_200123704.PORTRAIT-1024x768.jpg","type":"","width":"","height":""}],"twitter_card":"summary_large_image","twitter_misc":{"Gesch\u00e4tzte Lesezeit":"1\u00a0Minute"},"schema":{"@context":"https:\/\/schema.org","@graph":[{"@type":"WebPage","@id":"https:\/\/www.stempeltier.de\/blog\/angebote\/","url":"https:\/\/www.stempeltier.de\/blog\/angebote\/","name":"Angebote - Stempeltier","isPartOf":{"@id":"https:\/\/www.stempeltier.de\/blog\/#website"},"primaryImageOfPage":{"@id":"https:\/\/www.stempeltier.de\/blog\/angebote\/#primaryimage"},"image":{"@id":"https:\/\/www.stempeltier.de\/blog\/angebote\/#primaryimage"},"thumbnailUrl":"https:\/\/www.stempeltier.de\/blog\/wp-content\/uploads\/2023\/04\/PXL_20230413_200123704.PORTRAIT-1024x768.jpg","datePublished":"2016-06-06T18:50:34+00:00","dateModified":"2023-05-12T08:21:32+00:00","description":"Hier bekommst du deine DSP PLUSPAKETE zu aktuellen Stampin' Up ! Produktreihen.","breadcrumb":{"@id":"https:\/\/www.stempeltier.de\/blog\/angebote\/#breadcrumb"},"inLanguage":"de","potentialAction":[{"@type":"ReadAction","target":["https:\/\/www.stempeltier.de\/blog\/angebote\/"]}]},{"@type":"ImageObject","inLanguage":"de","@id":"https:\/\/www.stempeltier.de\/blog\/angebote\/#primaryimage","url":"https:\/\/www.stempeltier.de\/blog\/wp-content\/uploads\/2023\/04\/PXL_20230413_200123704.PORTRAIT.jpg","contentUrl":"https:\/\/www.stempeltier.de\/blog\/wp-content\/uploads\/2023\/04\/PXL_20230413_200123704.PORTRAIT.jpg","width":2560,"height":1920,"caption":"Stamping up Farb-\u00dcbersicht color coach"},{"@type":"BreadcrumbList","@id":"https:\/\/www.stempeltier.de\/blog\/angebote\/#breadcrumb","itemListElement":[{"@type":"ListItem","position":1,"name":"Startseite","item":"https:\/\/www.stempeltier.de\/blog\/"},{"@type":"ListItem","position":2,"name":"Angebote"}]},{"@type":"WebSite","@id":"https:\/\/www.stempeltier.de\/blog\/#website","url":"https:\/\/www.stempeltier.de\/blog\/","name":"Stempeltier","description":"Kreative Gl\u00fccksmomente aus Papier","potentialAction":[{"@type":"SearchAction","target":{"@type":"EntryPoint","urlTemplate":"https:\/\/www.stempeltier.de\/blog\/?s={search_term_string}"},"query-input":{"@type":"PropertyValueSpecification","valueRequired":true,"valueName":"search_term_string"}}],"inLanguage":"de"}]}},"jetpack-related-posts":[{"id":10069,"url":"https:\/\/www.stempeltier.de\/blog\/material-musterpakete-fruehjahr-sommerkatalog-2020\/","url_meta":{"origin":2997,"position":0},"title":"Material-Musterpakete Fr\u00fchjahr-\/ Sommerkatalog 2020","author":"Danny","date":"30. Dezember 2019","format":false,"excerpt":"Neben dem Papier-und B\u00e4ndershare (dem all-inclusive Paket) biete ich euch diesmal auch Material-Musterpakete passend zu den einzelnen Suiten des neuen Minikataloges an. Bestellm\u00f6glichkeit bis 10 Januar 2020. 1.2.2020: Restbest\u00e4nde vorhanden, bitte schnell sein wenn Interesse an einem der Pakete besteht! Ich sammle die Bestellungen bis zum o.g. Datumund bestelle die\u2026","rel":"","context":"\u00c4hnlicher Beitrag","block_context":{"text":"\u00c4hnlicher Beitrag","link":""},"img":{"alt_text":"stampin-up-materialpakete-minikatalog-2020-stempeltier-musterpakete-bestellen-fr\u00fchlingskatalog-saleabration","src":"https:\/\/i0.wp.com\/www.stempeltier.de\/blog\/wp-content\/uploads\/2019\/12\/papiershare-2020-bestellen.jpg?resize=350%2C200&ssl=1","width":350,"height":200,"srcset":"https:\/\/i0.wp.com\/www.stempeltier.de\/blog\/wp-content\/uploads\/2019\/12\/papiershare-2020-bestellen.jpg?resize=350%2C200&ssl=1 1x, https:\/\/i0.wp.com\/www.stempeltier.de\/blog\/wp-content\/uploads\/2019\/12\/papiershare-2020-bestellen.jpg?resize=525%2C300&ssl=1 1.5x, https:\/\/i0.wp.com\/www.stempeltier.de\/blog\/wp-content\/uploads\/2019\/12\/papiershare-2020-bestellen.jpg?resize=700%2C400&ssl=1 2x"},"classes":[]},{"id":3719,"url":"https:\/\/www.stempeltier.de\/blog\/angebote\/sparen-im-paket-winterkatalog-2016\/","url_meta":{"origin":2997,"position":1},"title":"Sparen im Paket &#8211; Winterkatalog 2016","author":"Danny","date":"1. September 2016","format":false,"excerpt":"Sparen im Paket Auch der neue Herbst Winterkatalog 2016 von Stampin' Up! kommt wieder mit einer Reihe Sets, bei denen ihr im Paket (Stanze & Stempel) 10% gegen\u00fcber dem Einzelkauf sparen k\u00f6nnt. Um es dir etwas einfacher zu machen, habe ich hier alle Sets f\u00fcr dich aufgelistet: Handstanze & Stempelset\u2026","rel":"","context":"\u00c4hnlicher Beitrag","block_context":{"text":"\u00c4hnlicher Beitrag","link":""},"img":{"alt_text":"stampin up winterkatalog 2016 sparen angebot sparsets 10 prozent stempeltier","src":"https:\/\/i0.wp.com\/www.stempeltier.de\/blog\/wp-content\/uploads\/2016\/09\/stampin-up-winterkatalog-2016-sparen-angebot-sparsets-10-prozent-stempeltier.jpg?resize=350%2C200&ssl=1","width":350,"height":200,"srcset":"https:\/\/i0.wp.com\/www.stempeltier.de\/blog\/wp-content\/uploads\/2016\/09\/stampin-up-winterkatalog-2016-sparen-angebot-sparsets-10-prozent-stempeltier.jpg?resize=350%2C200&ssl=1 1x, https:\/\/i0.wp.com\/www.stempeltier.de\/blog\/wp-content\/uploads\/2016\/09\/stampin-up-winterkatalog-2016-sparen-angebot-sparsets-10-prozent-stempeltier.jpg?resize=525%2C300&ssl=1 1.5x, https:\/\/i0.wp.com\/www.stempeltier.de\/blog\/wp-content\/uploads\/2016\/09\/stampin-up-winterkatalog-2016-sparen-angebot-sparsets-10-prozent-stempeltier.jpg?resize=700%2C400&ssl=1 2x"},"classes":[]},{"id":11231,"url":"https:\/\/www.stempeltier.de\/blog\/herbst-winterkatalog-2020\/","url_meta":{"origin":2997,"position":2},"title":"Herbst Winterkatalog 2020","author":"Danny","date":"11. Juli 2020","format":false,"excerpt":"Du m\u00f6chtest gerne schon im Herbst\u00a0 Winterkatalog 2020 von Stampin' Up! st\u00f6bern? Kein Problem, gerne schicke ich ihn dir kostenlos zu. MINIKATALOG AUGUST\u2013DEZEMBER 2020 4. AUGUST 2020\u20134. JANUAR 2021 Entdecken Sie neue Produkte im Minikatalog August\u2013Dezember 2020! EN | FR | DE \u00a0 F\u00fcr das Printexemplar nutze daf\u00fcr einfach das\u2026","rel":"","context":"\u00c4hnlicher Beitrag","block_context":{"text":"\u00c4hnlicher Beitrag","link":""},"img":{"alt_text":"","src":"https:\/\/i0.wp.com\/www.stempeltier.de\/blog\/wp-content\/uploads\/2020\/07\/106666635_3251224568272139_7409723327738661825_o.jpg?resize=350%2C200&ssl=1","width":350,"height":200,"srcset":"https:\/\/i0.wp.com\/www.stempeltier.de\/blog\/wp-content\/uploads\/2020\/07\/106666635_3251224568272139_7409723327738661825_o.jpg?resize=350%2C200&ssl=1 1x, https:\/\/i0.wp.com\/www.stempeltier.de\/blog\/wp-content\/uploads\/2020\/07\/106666635_3251224568272139_7409723327738661825_o.jpg?resize=525%2C300&ssl=1 1.5x, https:\/\/i0.wp.com\/www.stempeltier.de\/blog\/wp-content\/uploads\/2020\/07\/106666635_3251224568272139_7409723327738661825_o.jpg?resize=700%2C400&ssl=1 2x"},"classes":[]},{"id":1454,"url":"https:\/\/www.stempeltier.de\/blog\/papier-share-fruehjahr-sommerkatalog-2016\/","url_meta":{"origin":2997,"position":3},"title":"Papier Share &#8211; Jahreskatalog 2018","author":"Danny","date":"20. Dezember 2015","format":false,"excerpt":"Einige meiner Kunden haben mich darauf angesprochen, ob ich nicht auch einmal einen Papier oder Material Share von aktuellen Stampin' Up! Artikeln anbieten kann. Da der SHare 2018 schon vorbei ist werde ich euch hier immer die aktuellen ANGEBOTE an Shares reinstellen. Share = TEiLEN\u00a0 Du kannst Dich gerne an\u2026","rel":"","context":"\u00c4hnlicher Beitrag","block_context":{"text":"\u00c4hnlicher Beitrag","link":""},"img":{"alt_text":"papier share stampin up fr\u00fchling sommer 2016 stempeltier2","src":"https:\/\/i0.wp.com\/www.stempeltier.de\/blog\/wp-content\/uploads\/2015\/12\/papier-share-stampin-up-fr%C3%BChling-sommer-2016-stempeltier2.jpg?resize=350%2C200&ssl=1","width":350,"height":200,"srcset":"https:\/\/i0.wp.com\/www.stempeltier.de\/blog\/wp-content\/uploads\/2015\/12\/papier-share-stampin-up-fr%C3%BChling-sommer-2016-stempeltier2.jpg?resize=350%2C200&ssl=1 1x, https:\/\/i0.wp.com\/www.stempeltier.de\/blog\/wp-content\/uploads\/2015\/12\/papier-share-stampin-up-fr%C3%BChling-sommer-2016-stempeltier2.jpg?resize=525%2C300&ssl=1 1.5x, https:\/\/i0.wp.com\/www.stempeltier.de\/blog\/wp-content\/uploads\/2015\/12\/papier-share-stampin-up-fr%C3%BChling-sommer-2016-stempeltier2.jpg?resize=700%2C400&ssl=1 2x"},"classes":[]},{"id":11376,"url":"https:\/\/www.stempeltier.de\/blog\/dsp-plus-pakete-stampinup-2024\/","url_meta":{"origin":2997,"position":4},"title":"DSP Plus Pakete","author":"Danny","date":"21. Juli 2020","format":false,"excerpt":"Hallo Ihr Lieben, Da es in der Vergangenheit so gut angenommen wurde, biete ich euch auch zum neuen Jahreskatalog 2024-2025 von Stampin Up wieder Designerpapier Kombipakete an. Einige dieser Schnupperpakete beinhalten Designerpapier und farblich passenden Farbkarton, andere beinhalten zus\u00e4tzlich noch zur Produktreihe passende Accessoires f\u00fcr noch mehr kreative M\u00f6glichkeiten. >>\u00a0\u2026","rel":"","context":"\u00c4hnlicher Beitrag","block_context":{"text":"\u00c4hnlicher Beitrag","link":""},"img":{"alt_text":"stampin up Designerpapier G\u00e4nsebl\u00fcmchentraum 2023","src":"https:\/\/i0.wp.com\/www.stempeltier.de\/blog\/wp-content\/uploads\/2023\/05\/Designerpapier-Gaensebluemchentraum-2023.jpg?resize=350%2C200&ssl=1","width":350,"height":200,"srcset":"https:\/\/i0.wp.com\/www.stempeltier.de\/blog\/wp-content\/uploads\/2023\/05\/Designerpapier-Gaensebluemchentraum-2023.jpg?resize=350%2C200&ssl=1 1x, https:\/\/i0.wp.com\/www.stempeltier.de\/blog\/wp-content\/uploads\/2023\/05\/Designerpapier-Gaensebluemchentraum-2023.jpg?resize=525%2C300&ssl=1 1.5x, https:\/\/i0.wp.com\/www.stempeltier.de\/blog\/wp-content\/uploads\/2023\/05\/Designerpapier-Gaensebluemchentraum-2023.jpg?resize=700%2C400&ssl=1 2x"},"classes":[]},{"id":9382,"url":"https:\/\/www.stempeltier.de\/blog\/papiershare-baendershare-su-herbst-winterkatalog-2019\/","url_meta":{"origin":2997,"position":5},"title":"Papiershare &#038; B\u00e4ndershare SU Herbst Winterkatalog 2019","author":"Danny","date":"24. August 2019","format":false,"excerpt":"PAPIER SHARE UPDATE: Oktober : Es sind noch Restbest\u00e4nde verf\u00fcgbar. Fertig geschnitten und versandbereit ! Nachdem euch der Papiershare zum Jahreskatalog so gut gefallen hat und schon Anfragen kamen bez\u00fcglich einer neuen Runde f\u00fcr den Herbst Winterkatalog 2019, freut es mich euch heute die Details bekannt geben zu k\u00f6nnen. Es\u2026","rel":"","context":"\u00c4hnlicher Beitrag","block_context":{"text":"\u00c4hnlicher Beitrag","link":""},"img":{"alt_text":"","src":"https:\/\/i0.wp.com\/www.stempeltier.de\/blog\/wp-content\/uploads\/2019\/08\/designer-papier-swap-Herbst-Winter-DSP-2019-stempeltier.-1.jpg?resize=350%2C200&ssl=1","width":350,"height":200,"srcset":"https:\/\/i0.wp.com\/www.stempeltier.de\/blog\/wp-content\/uploads\/2019\/08\/designer-papier-swap-Herbst-Winter-DSP-2019-stempeltier.-1.jpg?resize=350%2C200&ssl=1 1x, https:\/\/i0.wp.com\/www.stempeltier.de\/blog\/wp-content\/uploads\/2019\/08\/designer-papier-swap-Herbst-Winter-DSP-2019-stempeltier.-1.jpg?resize=525%2C300&ssl=1 1.5x"},"classes":[]}],"jetpack_sharing_enabled":true,"_links":{"self":[{"href":"https:\/\/www.stempeltier.de\/blog\/wp-json\/wp\/v2\/pages\/2997","targetHints":{"allow":["GET"]}}],"collection":[{"href":"https:\/\/www.stempeltier.de\/blog\/wp-json\/wp\/v2\/pages"}],"about":[{"href":"https:\/\/www.stempeltier.de\/blog\/wp-json\/wp\/v2\/types\/page"}],"author":[{"embeddable":true,"href":"https:\/\/www.stempeltier.de\/blog\/wp-json\/wp\/v2\/users\/1"}],"replies":[{"embeddable":true,"href":"https:\/\/www.stempeltier.de\/blog\/wp-json\/wp\/v2\/comments?post=2997"}],"version-history":[{"count":5,"href":"https:\/\/www.stempeltier.de\/blog\/wp-json\/wp\/v2\/pages\/2997\/revisions"}],"predecessor-version":[{"id":15358,"href":"https:\/\/www.stempeltier.de\/blog\/wp-json\/wp\/v2\/pages\/2997\/revisions\/15358"}],"wp:attachment":[{"href":"https:\/\/www.stempeltier.de\/blog\/wp-json\/wp\/v2\/media?parent=2997"}],"curies":[{"name":"wp","href":"https:\/\/api.w.org\/{rel}","templated":true}]}}