{"id":2840,"date":"2016-05-14T10:19:48","date_gmt":"2016-05-14T08:19:48","guid":{"rendered":"https:\/\/www.stempeltier.de\/blog\/?page_id=2840"},"modified":"2016-05-16T10:28:25","modified_gmt":"2016-05-16T08:28:25","slug":"katalog-archiv-vorjahre","status":"publish","type":"page","link":"https:\/\/www.stempeltier.de\/blog\/stampinup_katalog\/katalog-archiv-vorjahre\/","title":{"rendered":"Katalog Archiv &#8211; Vorjahre"},"content":{"rendered":"<div class=\"entry-content\">\n<h2>Hauptkatalog 2015-2016<\/h2>\n<\/div>\n<p><a href=\"https:\/\/www.stempeltier.de\/blog\/wp-content\/uploads\/2015\/06\/20150601_AnnualCatalog_de-DE.jpg\" target=\"_blank\" rel=\"http:\/\/su-media.s3.amazonaws.com\/media\/catalogs\/2015-2016%20Annual\/20150601_AnnualCatalog_de-DE.pdf\"><img loading=\"lazy\" decoding=\"async\" class=\"alignleft wp-image-55 size-full\" src=\"https:\/\/www.stempeltier.de\/blog\/wp-content\/uploads\/2015\/06\/20150601_AnnualCatalog_de-DE.jpg\" alt=\"20150601_AnnualCatalog_de-DE\" width=\"175\" height=\"226\" \/><\/a>G\u00fcltig ist er vom 02.06.2015 bis zum 31.05.2016<\/p>\n<p>Hier geht es zum PDF-Katalog: <strong><a href=\"http:\/\/su-media.s3.amazonaws.com\/media\/catalogs\/2015-2016%20Annual\/20150601_AnnualCatalog_de-DE.pdf\" target=\"_blank\">deutsch<\/a><\/strong><\/p>\n<p>&nbsp;<\/p>\n<form action=\"https:\/\/www.paypal.com\/cgi-bin\/webscr\" method=\"post\" target=\"_top\"><img loading=\"lazy\" decoding=\"async\" class=\"aligncenter\" src=\"https:\/\/www.paypalobjects.com\/de_DE\/i\/scr\/pixel.gif\" alt=\"\" width=\"1\" height=\"1\" border=\"0\" \/><\/form>\n<p>Melde dich einfach bei mir!<\/p>\n<h2>Saisonkatalog Fr\u00fchjahr- \/ Sommer 2016<\/h2>\n<p><img loading=\"lazy\" decoding=\"async\" class=\"size-full wp-image-1815 alignleft\" src=\"https:\/\/www.stempeltier.de\/blog\/wp-content\/uploads\/2015\/09\/springsummer_2016.jpg\" alt=\"stampin up fr\u00fchjahr sommerkatalog 2016 occasions catalogue von hand und von herzen\" width=\"175\" height=\"226\" \/><\/p>\n<p>G\u00fcltig ist er bis zum 31 Mai 2016<\/p>\n<p>Hier findest du den neuen<strong>:\u00a0 <\/strong>in <strong><a href=\"http:\/\/su-media.s3.amazonaws.com\/media\/catalogs\/2016%20Occasions%20Catalog\/10012015_Occ16_DE-DE.pdf\" target=\"_blank\"><span style=\"text-decoration: underline;\">deutsch<\/span> <\/a><\/strong>und <span style=\"text-decoration: underline;\"><a href=\"http:\/\/su-media.s3.amazonaws.com\/media\/catalogs\/2016%20Occasions%20Catalog\/10012015_Occ16_ENG-UK.pdf\" target=\"_blank\">englisch<\/a><\/span>.<\/p>\n<p><a href=\"https:\/\/docs.google.com\/forms\/d\/1MwRlwOWLHen7MWOFY0kHdsRFFpn896gem3RW0K-KR3U\/viewform\" target=\"_blank\">Hier geht&#8217;s zum Bestellformular:<\/a><\/p>\n<p>&nbsp;<\/p>\n<p>&nbsp;<\/p>\n<p>&nbsp;<\/p>\n<h3>\u00a0Sale-a-Bration 2016<\/h3>\n<p style=\"text-align: left;\"><a href=\"http:\/\/su-media.s3.amazonaws.com\/media\/catalogs\/Sale-A-Bration%202016\/20151005_SAB16_Core_de-DE.pdf\" target=\"_blank\"><img loading=\"lazy\" decoding=\"async\" class=\"size-full wp-image-1813 alignleft\" src=\"https:\/\/www.stempeltier.de\/blog\/wp-content\/uploads\/2015\/09\/sab16cover_core_de-de.jpg\" alt=\"Stampin Up Fr\u00fchjar Sommerkatalog 2016\" width=\"174\" height=\"269\" \/><\/a><\/p>\n<p style=\"text-align: left;\">Nicht mehr g\u00fcltig!<\/p>\n<p style=\"text-align: left;\">Hier geht&#8217;s zur Brosch\u00fcre der <span style=\"color: #993366;\"><strong>Sale-a-bration<\/strong> <\/span>(PDF)<br \/>\nin <strong><a href=\"http:\/\/su-media.s3.amazonaws.com\/media\/catalogs\/Sale-A-Bration%202016\/20151005_SAB16_Core_de-DE.pdf\" target=\"_blank\"><span style=\"text-decoration: underline;\">deutsch<\/span> <\/a><\/strong>und <a href=\"http:\/\/su-media.s3.amazonaws.com\/media\/catalogs\/Sale-A-Bration%202016\/20151005_SAB16_Core_eng-UK.pdf\" target=\"_blank\"><span style=\"text-decoration: underline;\">englisch<\/span><\/a>.<\/p>\n<div class=\"shariff shariff-align-center shariff-widget-align-left\" data-services=\"facebook%7Cpinterest\" data-url=\"https:\/\/www.stempeltier.de\/blog\/stampinup_katalog\/katalog-archiv-vorjahre\/\" data-timestamp=\"1463394505\" data-backendurl=\"https:\/\/www.stempeltier.de\/blog\/wp-json\/shariff\/v1\/share_counts?\"><div class=\"ShariffHeadline\">Sharing is caring - Teilen erlaubt<\/div><ul class=\"shariff-buttons theme-round orientation-horizontal buttonsize-medium\"><li class=\"shariff-button facebook shariff-nocustomcolor\" style=\"background-color:#4273c8\"><a href=\"https:\/\/www.facebook.com\/sharer\/sharer.php?u=https%3A%2F%2Fwww.stempeltier.de%2Fblog%2Fstampinup_katalog%2Fkatalog-archiv-vorjahre%2F\" title=\"Bei Facebook teilen\" aria-label=\"Bei Facebook teilen\" role=\"button\" rel=\"nofollow\" class=\"shariff-link\" style=\"; background-color:#3b5998; color:#fff\" target=\"_blank\"><span class=\"shariff-icon\" style=\"\"><svg width=\"32px\" height=\"20px\" xmlns=\"http:\/\/www.w3.org\/2000\/svg\" viewBox=\"0 0 18 32\"><path fill=\"#3b5998\" d=\"M17.1 0.2v4.7h-2.8q-1.5 0-2.1 0.6t-0.5 1.9v3.4h5.2l-0.7 5.3h-4.5v13.6h-5.5v-13.6h-4.5v-5.3h4.5v-3.9q0-3.3 1.9-5.2t5-1.8q2.6 0 4.1 0.2z\"\/><\/svg><\/span><span data-service=\"facebook\" style=\"color:#3b5998\" class=\"shariff-count shariff-hidezero\"><\/span>&nbsp;<\/a><\/li><li class=\"shariff-button twitter shariff-nocustomcolor\" style=\"background-color:#595959\"><a href=\"https:\/\/twitter.com\/share?url=https%3A%2F%2Fwww.stempeltier.de%2Fblog%2Fstampinup_katalog%2Fkatalog-archiv-vorjahre%2F&text=Katalog%20Archiv%20%E2%80%93%20Vorjahre\" title=\"Bei X teilen\" aria-label=\"Bei X teilen\" role=\"button\" rel=\"noopener nofollow\" class=\"shariff-link\" style=\"; background-color:#000; color:#fff\" target=\"_blank\"><span class=\"shariff-icon\" style=\"\"><svg width=\"32px\" height=\"20px\" xmlns=\"http:\/\/www.w3.org\/2000\/svg\" viewBox=\"0 0 24 24\"><path fill=\"#000\" d=\"M14.258 10.152L23.176 0h-2.113l-7.747 8.813L7.133 0H0l9.352 13.328L0 23.973h2.113l8.176-9.309 6.531 9.309h7.133zm-2.895 3.293l-.949-1.328L2.875 1.56h3.246l6.086 8.523.945 1.328 7.91 11.078h-3.246zm0 0\"\/><\/svg><\/span><\/a><\/li><li class=\"shariff-button pinterest shariff-nocustomcolor\" style=\"background-color:#e70f18\"><a href=\"https:\/\/www.pinterest.com\/pin\/create\/link\/?url=https%3A%2F%2Fwww.stempeltier.de%2Fblog%2Fstampinup_katalog%2Fkatalog-archiv-vorjahre%2F&media=https%3A%2F%2Fwww.stempeltier.de%2Fblog%2Fwp-content%2Fuploads%2F2015%2F06%2F20150601_AnnualCatalog_de-DE.jpg&description=Katalog%20Archiv%20%E2%80%93%20Vorjahre\" title=\"Bei Pinterest pinnen\" aria-label=\"Bei Pinterest pinnen\" role=\"button\" rel=\"noopener nofollow\" class=\"shariff-link\" style=\"; background-color:#cb2027; color:#fff\" target=\"_blank\"><span class=\"shariff-icon\" style=\"\"><svg width=\"32px\" height=\"20px\" xmlns=\"http:\/\/www.w3.org\/2000\/svg\" viewBox=\"0 0 27 32\"><path fill=\"#cb2027\" d=\"M27.4 16q0 3.7-1.8 6.9t-5 5-6.9 1.9q-2 0-3.9-0.6 1.1-1.7 1.4-2.9 0.2-0.6 1-3.8 0.4 0.7 1.3 1.2t2 0.5q2.1 0 3.8-1.2t2.7-3.4 0.9-4.8q0-2-1.1-3.8t-3.1-2.9-4.5-1.2q-1.9 0-3.5 0.5t-2.8 1.4-2 2-1.2 2.3-0.4 2.4q0 1.9 0.7 3.3t2.1 2q0.5 0.2 0.7-0.4 0-0.1 0.1-0.5t0.2-0.5q0.1-0.4-0.2-0.8-0.9-1.1-0.9-2.7 0-2.7 1.9-4.6t4.9-2q2.7 0 4.2 1.5t1.5 3.8q0 3-1.2 5.2t-3.1 2.1q-1.1 0-1.7-0.8t-0.4-1.9q0.1-0.6 0.5-1.7t0.5-1.8 0.2-1.4q0-0.9-0.5-1.5t-1.4-0.6q-1.1 0-1.9 1t-0.8 2.6q0 1.3 0.4 2.2l-1.8 7.5q-0.3 1.2-0.2 3.2-3.7-1.6-6-5t-2.3-7.6q0-3.7 1.9-6.9t5-5 6.9-1.9 6.9 1.9 5 5 1.8 6.9z\"\/><\/svg><\/span><span data-service=\"pinterest\" style=\"color:#cb2027\" class=\"shariff-count shariff-hidezero\"><\/span>&nbsp;<\/a><\/li><li class=\"shariff-button whatsapp shariff-nocustomcolor\" style=\"background-color:#5cbe4a\"><a href=\"https:\/\/api.whatsapp.com\/send?text=https%3A%2F%2Fwww.stempeltier.de%2Fblog%2Fstampinup_katalog%2Fkatalog-archiv-vorjahre%2F%20Katalog%20Archiv%20%E2%80%93%20Vorjahre\" title=\"Bei Whatsapp teilen\" aria-label=\"Bei Whatsapp teilen\" role=\"button\" rel=\"noopener nofollow\" class=\"shariff-link\" style=\"; background-color:#34af23; color:#fff\" target=\"_blank\"><span class=\"shariff-icon\" style=\"\"><svg width=\"32px\" height=\"20px\" xmlns=\"http:\/\/www.w3.org\/2000\/svg\" viewBox=\"0 0 32 32\"><path fill=\"#34af23\" d=\"M17.6 17.4q0.2 0 1.7 0.8t1.6 0.9q0 0.1 0 0.3 0 0.6-0.3 1.4-0.3 0.7-1.3 1.2t-1.8 0.5q-1 0-3.4-1.1-1.7-0.8-3-2.1t-2.6-3.3q-1.3-1.9-1.3-3.5v-0.1q0.1-1.6 1.3-2.8 0.4-0.4 0.9-0.4 0.1 0 0.3 0t0.3 0q0.3 0 0.5 0.1t0.3 0.5q0.1 0.4 0.6 1.6t0.4 1.3q0 0.4-0.6 1t-0.6 0.8q0 0.1 0.1 0.3 0.6 1.3 1.8 2.4 1 0.9 2.7 1.8 0.2 0.1 0.4 0.1 0.3 0 1-0.9t0.9-0.9zM14 26.9q2.3 0 4.3-0.9t3.6-2.4 2.4-3.6 0.9-4.3-0.9-4.3-2.4-3.6-3.6-2.4-4.3-0.9-4.3 0.9-3.6 2.4-2.4 3.6-0.9 4.3q0 3.6 2.1 6.6l-1.4 4.2 4.3-1.4q2.8 1.9 6.2 1.9zM14 2.2q2.7 0 5.2 1.1t4.3 2.9 2.9 4.3 1.1 5.2-1.1 5.2-2.9 4.3-4.3 2.9-5.2 1.1q-3.5 0-6.5-1.7l-7.4 2.4 2.4-7.2q-1.9-3.2-1.9-6.9 0-2.7 1.1-5.2t2.9-4.3 4.3-2.9 5.2-1.1z\"\/><\/svg><\/span><\/a><\/li><li class=\"shariff-button mailto shariff-nocustomcolor\" style=\"background-color:#a8a8a8\"><a href=\"mailto:?body=https%3A%2F%2Fwww.stempeltier.de%2Fblog%2Fstampinup_katalog%2Fkatalog-archiv-vorjahre%2F&subject=Katalog%20Archiv%20%E2%80%93%20Vorjahre\" title=\"Per E-Mail versenden\" aria-label=\"Per E-Mail versenden\" role=\"button\" rel=\"noopener nofollow\" class=\"shariff-link\" style=\"; background-color:#999; color:#fff\"><span class=\"shariff-icon\" style=\"\"><svg width=\"32px\" height=\"20px\" xmlns=\"http:\/\/www.w3.org\/2000\/svg\" viewBox=\"0 0 32 32\"><path fill=\"#999\" d=\"M32 12.7v14.2q0 1.2-0.8 2t-2 0.9h-26.3q-1.2 0-2-0.9t-0.8-2v-14.2q0.8 0.9 1.8 1.6 6.5 4.4 8.9 6.1 1 0.8 1.6 1.2t1.7 0.9 2 0.4h0.1q0.9 0 2-0.4t1.7-0.9 1.6-1.2q3-2.2 8.9-6.1 1-0.7 1.8-1.6zM32 7.4q0 1.4-0.9 2.7t-2.2 2.2q-6.7 4.7-8.4 5.8-0.2 0.1-0.7 0.5t-1 0.7-0.9 0.6-1.1 0.5-0.9 0.2h-0.1q-0.4 0-0.9-0.2t-1.1-0.5-0.9-0.6-1-0.7-0.7-0.5q-1.6-1.1-4.7-3.2t-3.6-2.6q-1.1-0.7-2.1-2t-1-2.5q0-1.4 0.7-2.3t2.1-0.9h26.3q1.2 0 2 0.8t0.9 2z\"\/><\/svg><\/span><\/a><\/li><\/ul><\/div>","protected":false},"excerpt":{"rendered":"<p>Hauptkatalog 2015-2016 G\u00fcltig ist er vom 02.06.2015 bis zum 31.05.2016 Hier geht es zum PDF-Katalog: deutsch &nbsp; Melde dich einfach bei mir! Saisonkatalog Fr\u00fchjahr- \/ Sommer 2016 G\u00fcltig ist er bis zum 31 Mai 2016 Hier findest du den neuen:\u00a0&hellip; <\/p>\n","protected":false},"author":1,"featured_media":0,"parent":52,"menu_order":0,"comment_status":"closed","ping_status":"closed","template":"","meta":{"jetpack_post_was_ever_published":false,"footnotes":""},"class_list":["post-2840","page","type-page","status-publish","hentry"],"yoast_head":"<!-- This site is optimized with the Yoast SEO plugin v27.4 - https:\/\/yoast.com\/product\/yoast-seo-wordpress\/ -->\n<title>Katalog Archiv - Vorjahre - Stempeltier<\/title>\n<meta name=\"description\" content=\"Kreativ mit Danny dem Stempeltier und Stampin&#039; Up! \u00ae in Kaufbeuren und Umgebung\" \/>\n<meta name=\"robots\" content=\"index, follow, max-snippet:-1, max-image-preview:large, max-video-preview:-1\" \/>\n<link rel=\"canonical\" href=\"https:\/\/www.stempeltier.de\/blog\/stampinup_katalog\/katalog-archiv-vorjahre\/\" \/>\n<meta property=\"og:locale\" content=\"de_DE\" \/>\n<meta property=\"og:type\" content=\"article\" \/>\n<meta property=\"og:title\" content=\"Katalog Archiv - Vorjahre - Stempeltier\" \/>\n<meta property=\"og:description\" content=\"Kreativ mit Danny dem Stempeltier und Stampin&#039; Up! \u00ae in Kaufbeuren und Umgebung\" \/>\n<meta property=\"og:url\" content=\"https:\/\/www.stempeltier.de\/blog\/stampinup_katalog\/katalog-archiv-vorjahre\/\" \/>\n<meta property=\"og:site_name\" content=\"Stempeltier\" \/>\n<meta property=\"article:publisher\" content=\"http:\/\/www.facebook.com\/DasStempeltier\" \/>\n<meta property=\"article:modified_time\" content=\"2016-05-16T08:28:25+00:00\" \/>\n<meta property=\"og:image\" content=\"https:\/\/www.stempeltier.de\/blog\/wp-content\/uploads\/2015\/06\/20150601_AnnualCatalog_de-DE.jpg\" \/>\n<meta name=\"twitter:card\" content=\"summary_large_image\" \/>\n<script type=\"application\/ld+json\" class=\"yoast-schema-graph\">{\"@context\":\"https:\\\/\\\/schema.org\",\"@graph\":[{\"@type\":\"WebPage\",\"@id\":\"https:\\\/\\\/www.stempeltier.de\\\/blog\\\/stampinup_katalog\\\/katalog-archiv-vorjahre\\\/\",\"url\":\"https:\\\/\\\/www.stempeltier.de\\\/blog\\\/stampinup_katalog\\\/katalog-archiv-vorjahre\\\/\",\"name\":\"Katalog Archiv - Vorjahre - Stempeltier\",\"isPartOf\":{\"@id\":\"https:\\\/\\\/www.stempeltier.de\\\/blog\\\/#website\"},\"primaryImageOfPage\":{\"@id\":\"https:\\\/\\\/www.stempeltier.de\\\/blog\\\/stampinup_katalog\\\/katalog-archiv-vorjahre\\\/#primaryimage\"},\"image\":{\"@id\":\"https:\\\/\\\/www.stempeltier.de\\\/blog\\\/stampinup_katalog\\\/katalog-archiv-vorjahre\\\/#primaryimage\"},\"thumbnailUrl\":\"https:\\\/\\\/www.stempeltier.de\\\/blog\\\/wp-content\\\/uploads\\\/2015\\\/06\\\/20150601_AnnualCatalog_de-DE.jpg\",\"datePublished\":\"2016-05-14T08:19:48+00:00\",\"dateModified\":\"2016-05-16T08:28:25+00:00\",\"description\":\"Kreativ mit Danny dem Stempeltier und Stampin' Up! \u00ae in Kaufbeuren und Umgebung\",\"breadcrumb\":{\"@id\":\"https:\\\/\\\/www.stempeltier.de\\\/blog\\\/stampinup_katalog\\\/katalog-archiv-vorjahre\\\/#breadcrumb\"},\"inLanguage\":\"de\",\"potentialAction\":[{\"@type\":\"ReadAction\",\"target\":[\"https:\\\/\\\/www.stempeltier.de\\\/blog\\\/stampinup_katalog\\\/katalog-archiv-vorjahre\\\/\"]}]},{\"@type\":\"ImageObject\",\"inLanguage\":\"de\",\"@id\":\"https:\\\/\\\/www.stempeltier.de\\\/blog\\\/stampinup_katalog\\\/katalog-archiv-vorjahre\\\/#primaryimage\",\"url\":\"https:\\\/\\\/www.stempeltier.de\\\/blog\\\/wp-content\\\/uploads\\\/2015\\\/06\\\/20150601_AnnualCatalog_de-DE.jpg\",\"contentUrl\":\"https:\\\/\\\/www.stempeltier.de\\\/blog\\\/wp-content\\\/uploads\\\/2015\\\/06\\\/20150601_AnnualCatalog_de-DE.jpg\"},{\"@type\":\"BreadcrumbList\",\"@id\":\"https:\\\/\\\/www.stempeltier.de\\\/blog\\\/stampinup_katalog\\\/katalog-archiv-vorjahre\\\/#breadcrumb\",\"itemListElement\":[{\"@type\":\"ListItem\",\"position\":1,\"name\":\"Startseite\",\"item\":\"https:\\\/\\\/www.stempeltier.de\\\/blog\\\/\"},{\"@type\":\"ListItem\",\"position\":2,\"name\":\"Stampin&#8216; Up! Kataloge 2025 &#8211; 2026 Download &#038; Bestellung\",\"item\":\"https:\\\/\\\/www.stempeltier.de\\\/blog\\\/stampinup_katalog\\\/\"},{\"@type\":\"ListItem\",\"position\":3,\"name\":\"Katalog Archiv &#8211; Vorjahre\"}]},{\"@type\":\"WebSite\",\"@id\":\"https:\\\/\\\/www.stempeltier.de\\\/blog\\\/#website\",\"url\":\"https:\\\/\\\/www.stempeltier.de\\\/blog\\\/\",\"name\":\"Stempeltier\",\"description\":\"Kreative Gl\u00fccksmomente aus Papier\",\"potentialAction\":[{\"@type\":\"SearchAction\",\"target\":{\"@type\":\"EntryPoint\",\"urlTemplate\":\"https:\\\/\\\/www.stempeltier.de\\\/blog\\\/?s={search_term_string}\"},\"query-input\":{\"@type\":\"PropertyValueSpecification\",\"valueRequired\":true,\"valueName\":\"search_term_string\"}}],\"inLanguage\":\"de\"}]}<\/script>\n<!-- \/ Yoast SEO plugin. -->","yoast_head_json":{"title":"Katalog Archiv - Vorjahre - Stempeltier","description":"Kreativ mit Danny dem Stempeltier und Stampin' Up! \u00ae in Kaufbeuren und Umgebung","robots":{"index":"index","follow":"follow","max-snippet":"max-snippet:-1","max-image-preview":"max-image-preview:large","max-video-preview":"max-video-preview:-1"},"canonical":"https:\/\/www.stempeltier.de\/blog\/stampinup_katalog\/katalog-archiv-vorjahre\/","og_locale":"de_DE","og_type":"article","og_title":"Katalog Archiv - Vorjahre - Stempeltier","og_description":"Kreativ mit Danny dem Stempeltier und Stampin' Up! \u00ae in Kaufbeuren und Umgebung","og_url":"https:\/\/www.stempeltier.de\/blog\/stampinup_katalog\/katalog-archiv-vorjahre\/","og_site_name":"Stempeltier","article_publisher":"http:\/\/www.facebook.com\/DasStempeltier","article_modified_time":"2016-05-16T08:28:25+00:00","og_image":[{"url":"https:\/\/www.stempeltier.de\/blog\/wp-content\/uploads\/2015\/06\/20150601_AnnualCatalog_de-DE.jpg","type":"","width":"","height":""}],"twitter_card":"summary_large_image","schema":{"@context":"https:\/\/schema.org","@graph":[{"@type":"WebPage","@id":"https:\/\/www.stempeltier.de\/blog\/stampinup_katalog\/katalog-archiv-vorjahre\/","url":"https:\/\/www.stempeltier.de\/blog\/stampinup_katalog\/katalog-archiv-vorjahre\/","name":"Katalog Archiv - Vorjahre - Stempeltier","isPartOf":{"@id":"https:\/\/www.stempeltier.de\/blog\/#website"},"primaryImageOfPage":{"@id":"https:\/\/www.stempeltier.de\/blog\/stampinup_katalog\/katalog-archiv-vorjahre\/#primaryimage"},"image":{"@id":"https:\/\/www.stempeltier.de\/blog\/stampinup_katalog\/katalog-archiv-vorjahre\/#primaryimage"},"thumbnailUrl":"https:\/\/www.stempeltier.de\/blog\/wp-content\/uploads\/2015\/06\/20150601_AnnualCatalog_de-DE.jpg","datePublished":"2016-05-14T08:19:48+00:00","dateModified":"2016-05-16T08:28:25+00:00","description":"Kreativ mit Danny dem Stempeltier und Stampin' Up! \u00ae in Kaufbeuren und Umgebung","breadcrumb":{"@id":"https:\/\/www.stempeltier.de\/blog\/stampinup_katalog\/katalog-archiv-vorjahre\/#breadcrumb"},"inLanguage":"de","potentialAction":[{"@type":"ReadAction","target":["https:\/\/www.stempeltier.de\/blog\/stampinup_katalog\/katalog-archiv-vorjahre\/"]}]},{"@type":"ImageObject","inLanguage":"de","@id":"https:\/\/www.stempeltier.de\/blog\/stampinup_katalog\/katalog-archiv-vorjahre\/#primaryimage","url":"https:\/\/www.stempeltier.de\/blog\/wp-content\/uploads\/2015\/06\/20150601_AnnualCatalog_de-DE.jpg","contentUrl":"https:\/\/www.stempeltier.de\/blog\/wp-content\/uploads\/2015\/06\/20150601_AnnualCatalog_de-DE.jpg"},{"@type":"BreadcrumbList","@id":"https:\/\/www.stempeltier.de\/blog\/stampinup_katalog\/katalog-archiv-vorjahre\/#breadcrumb","itemListElement":[{"@type":"ListItem","position":1,"name":"Startseite","item":"https:\/\/www.stempeltier.de\/blog\/"},{"@type":"ListItem","position":2,"name":"Stampin&#8216; Up! Kataloge 2025 &#8211; 2026 Download &#038; Bestellung","item":"https:\/\/www.stempeltier.de\/blog\/stampinup_katalog\/"},{"@type":"ListItem","position":3,"name":"Katalog Archiv &#8211; Vorjahre"}]},{"@type":"WebSite","@id":"https:\/\/www.stempeltier.de\/blog\/#website","url":"https:\/\/www.stempeltier.de\/blog\/","name":"Stempeltier","description":"Kreative Gl\u00fccksmomente aus Papier","potentialAction":[{"@type":"SearchAction","target":{"@type":"EntryPoint","urlTemplate":"https:\/\/www.stempeltier.de\/blog\/?s={search_term_string}"},"query-input":{"@type":"PropertyValueSpecification","valueRequired":true,"valueName":"search_term_string"}}],"inLanguage":"de"}]}},"jetpack-related-posts":[{"id":884,"url":"https:\/\/www.stempeltier.de\/blog\/stampinup_katalog\/kataloge-vorbestellen-fruehjahr-sommerkatalog-sale-a-bration-2016-stampin-up\/","url_meta":{"origin":2840,"position":0},"title":"Stampin&#8216; Up!  Fr\u00fchjahr-\/Sommerkatalog 2016","author":"Danny","date":"6. September 2015","format":false,"excerpt":"Sale-a-Bration Hier geht's zur Brosch\u00fcre der Sale-a-bration (PDF) in deutsch und englisch. Fr\u00fchjahr-\/Sommerkatalog 2016 \u00a0 Hier findest du den neuen Fr\u00fchjahr-Sommerkatalog 2016 in deutsch und englisch. Die Produkte der SAB sind ab sofort g\u00fcltig bis 31.M\u00e4rz\u00a0 2016. Hier geht\u2019s zum Bestellformular. \u00a0 Komme ins Team Stempeltier Es gibt keinen g\u00fcnstigeren\u2026","rel":"","context":"\u00c4hnlicher Beitrag","block_context":{"text":"\u00c4hnlicher Beitrag","link":""},"img":{"alt_text":"","src":"https:\/\/i0.wp.com\/www.stempeltier.de\/blog\/wp-content\/uploads\/2015\/09\/Occ_Ecard_Toolkit_12.03.2015_DE.jpg?resize=350%2C200&ssl=1","width":350,"height":200,"srcset":"https:\/\/i0.wp.com\/www.stempeltier.de\/blog\/wp-content\/uploads\/2015\/09\/Occ_Ecard_Toolkit_12.03.2015_DE.jpg?resize=350%2C200&ssl=1 1x, https:\/\/i0.wp.com\/www.stempeltier.de\/blog\/wp-content\/uploads\/2015\/09\/Occ_Ecard_Toolkit_12.03.2015_DE.jpg?resize=525%2C300&ssl=1 1.5x"},"classes":[]},{"id":1721,"url":"https:\/\/www.stempeltier.de\/blog\/stampinup_katalog\/1721-2\/","url_meta":{"origin":2840,"position":1},"title":"Katalogparty","author":"Danny","date":"31. Dezember 2015","format":false,"excerpt":"Passend zum Start des neuen Fr\u00fchjahr-\/Sommerkataloges 2016 von Stampin' Up! m\u00f6chte ich dich herzlich zur Katalogparty am kommenden Sonntag, den 03 Januar 2016 zu mir einladen! WO: Moosmangstra\u00dfe 31 - 87600 Kaufbeuren WANN:\u00a0\u00a0 Sonntag, 03.01.2016\u00a0\u00a0 zwischen 14:00 und 17:00 Der neue Katalog ist vollgepackt mit jeder Menge toller, neuer Produkte.\u2026","rel":"","context":"\u00c4hnlicher Beitrag","block_context":{"text":"\u00c4hnlicher Beitrag","link":""},"img":{"alt_text":"stampin up katalogparty fr\u00fchjahr sommer 2016 SAB saleabration stempeltier","src":"https:\/\/i0.wp.com\/www.stempeltier.de\/blog\/wp-content\/uploads\/2015\/12\/katalogparty.jpg?resize=350%2C200&ssl=1","width":350,"height":200,"srcset":"https:\/\/i0.wp.com\/www.stempeltier.de\/blog\/wp-content\/uploads\/2015\/12\/katalogparty.jpg?resize=350%2C200&ssl=1 1x, https:\/\/i0.wp.com\/www.stempeltier.de\/blog\/wp-content\/uploads\/2015\/12\/katalogparty.jpg?resize=525%2C300&ssl=1 1.5x"},"classes":[]},{"id":1883,"url":"https:\/\/www.stempeltier.de\/blog\/katalogkorrekturen\/","url_meta":{"origin":2840,"position":2},"title":"Katalogkorrekturen","author":"Danny","date":"5. Januar 2016","format":false,"excerpt":"Katalogkorrekturen Fr\u00fchjahr-\/Sommerkatalog 2016 Seite Art.-Nr. Beschreibung 7 140620 Bei den Thinlits Formen Party in 3-D ist die englische Artikelnummer angegeben. Die korrekte Artikelnummer f\u00fcr die deutschen Formen lautet 140639. 7 140669 140672 Beim Stempelset Kein Geburtstag ohne Kuchen ist in den Bestellinformationen neben dem Hinweis, dass das Set zu den\u2026","rel":"","context":"\u00c4hnlicher Beitrag","block_context":{"text":"\u00c4hnlicher Beitrag","link":""},"img":{"alt_text":"stampin up fr\u00fchjahr sommerkatalog 2016 occasions catalogue von hand und von herzen","src":"https:\/\/i0.wp.com\/www.stempeltier.de\/blog\/wp-content\/uploads\/2015\/09\/springsummer_2016.jpg?resize=350%2C200&ssl=1","width":350,"height":200},"classes":[]},{"id":3476,"url":"https:\/\/www.stempeltier.de\/blog\/stampinup_katalog\/stampin-up-winterkatalog-2016-vorbestellung\/","url_meta":{"origin":2840,"position":3},"title":"Stampin&#8216; Up! Winterkatalog 2016 bestellung","author":"Danny","date":"28. Juli 2016","format":false,"excerpt":"Eine der wahnsinnig tollen Vorteile am Demodasein ist es, schon als erster einen Einblick in neue Kataloge von Stampin' Up! zu haben. Ich durfte bereits ich den kommenden Herbst-Winterkatalog 2016 anschauen und meine Vorbestellung aufgeben - und ich bin begeistert! \u00a0>>>> Das PDF findest du HIER <<<< Es erwarten Euch\u2026","rel":"","context":"\u00c4hnlicher Beitrag","block_context":{"text":"\u00c4hnlicher Beitrag","link":""},"img":{"alt_text":"","src":"https:\/\/i0.wp.com\/www.stempeltier.de\/blog\/wp-content\/uploads\/2016\/07\/wintter.jpg?resize=350%2C200&ssl=1","width":350,"height":200,"srcset":"https:\/\/i0.wp.com\/www.stempeltier.de\/blog\/wp-content\/uploads\/2016\/07\/wintter.jpg?resize=350%2C200&ssl=1 1x, https:\/\/i0.wp.com\/www.stempeltier.de\/blog\/wp-content\/uploads\/2016\/07\/wintter.jpg?resize=525%2C300&ssl=1 1.5x, https:\/\/i0.wp.com\/www.stempeltier.de\/blog\/wp-content\/uploads\/2016\/07\/wintter.jpg?resize=700%2C400&ssl=1 2x"},"classes":[]},{"id":3719,"url":"https:\/\/www.stempeltier.de\/blog\/angebote\/sparen-im-paket-winterkatalog-2016\/","url_meta":{"origin":2840,"position":4},"title":"Sparen im Paket &#8211; Winterkatalog 2016","author":"Danny","date":"1. September 2016","format":false,"excerpt":"Sparen im Paket Auch der neue Herbst Winterkatalog 2016 von Stampin' Up! kommt wieder mit einer Reihe Sets, bei denen ihr im Paket (Stanze & Stempel) 10% gegen\u00fcber dem Einzelkauf sparen k\u00f6nnt. Um es dir etwas einfacher zu machen, habe ich hier alle Sets f\u00fcr dich aufgelistet: Handstanze & Stempelset\u2026","rel":"","context":"\u00c4hnlicher Beitrag","block_context":{"text":"\u00c4hnlicher Beitrag","link":""},"img":{"alt_text":"stampin up winterkatalog 2016 sparen angebot sparsets 10 prozent stempeltier","src":"https:\/\/i0.wp.com\/www.stempeltier.de\/blog\/wp-content\/uploads\/2016\/09\/stampin-up-winterkatalog-2016-sparen-angebot-sparsets-10-prozent-stempeltier.jpg?resize=350%2C200&ssl=1","width":350,"height":200,"srcset":"https:\/\/i0.wp.com\/www.stempeltier.de\/blog\/wp-content\/uploads\/2016\/09\/stampin-up-winterkatalog-2016-sparen-angebot-sparsets-10-prozent-stempeltier.jpg?resize=350%2C200&ssl=1 1x, https:\/\/i0.wp.com\/www.stempeltier.de\/blog\/wp-content\/uploads\/2016\/09\/stampin-up-winterkatalog-2016-sparen-angebot-sparsets-10-prozent-stempeltier.jpg?resize=525%2C300&ssl=1 1.5x, https:\/\/i0.wp.com\/www.stempeltier.de\/blog\/wp-content\/uploads\/2016\/09\/stampin-up-winterkatalog-2016-sparen-angebot-sparsets-10-prozent-stempeltier.jpg?resize=700%2C400&ssl=1 2x"},"classes":[]},{"id":4312,"url":"https:\/\/www.stempeltier.de\/blog\/stampinup_katalog\/fruehjahr-sommerkatalog-2017\/","url_meta":{"origin":2840,"position":5},"title":"Fr\u00fchjahr-\/Sommerkatalog 2017","author":"Danny","date":"29. November 2016","format":false,"excerpt":"Fr\u00fchjahr-\/Sommerkatalog 2017 von Stampin' Up! bestellen. Hier kannst du einen Blick in den aktuellen Occasions Katalog 2017 werfen und dir bei einem Bestellwert ab 60 EUR eine Pr\u00e4mie aus der Sale-a-Bration Brosch\u00fcre aussuchen Katalog PDF (EN\u00a0|\u00a0FR\u00a0|\u00a0DE) Ein Klick auf das Bild bringt dich zum PDF in dem du auch einige\u2026","rel":"","context":"\u00c4hnlicher Beitrag","block_context":{"text":"\u00c4hnlicher Beitrag","link":""},"img":{"alt_text":"2017 stampin up sab sale a bration fr\u00fchjahr sommerkatalog occasions catalogue stempeltier","src":"https:\/\/i0.wp.com\/www.stempeltier.de\/blog\/wp-content\/uploads\/2016\/11\/20161007_occ17-cover_de-de.jpg?resize=350%2C200&ssl=1","width":350,"height":200},"classes":[]}],"jetpack_sharing_enabled":true,"_links":{"self":[{"href":"https:\/\/www.stempeltier.de\/blog\/wp-json\/wp\/v2\/pages\/2840","targetHints":{"allow":["GET"]}}],"collection":[{"href":"https:\/\/www.stempeltier.de\/blog\/wp-json\/wp\/v2\/pages"}],"about":[{"href":"https:\/\/www.stempeltier.de\/blog\/wp-json\/wp\/v2\/types\/page"}],"author":[{"embeddable":true,"href":"https:\/\/www.stempeltier.de\/blog\/wp-json\/wp\/v2\/users\/1"}],"replies":[{"embeddable":true,"href":"https:\/\/www.stempeltier.de\/blog\/wp-json\/wp\/v2\/comments?post=2840"}],"version-history":[{"count":1,"href":"https:\/\/www.stempeltier.de\/blog\/wp-json\/wp\/v2\/pages\/2840\/revisions"}],"predecessor-version":[{"id":2841,"href":"https:\/\/www.stempeltier.de\/blog\/wp-json\/wp\/v2\/pages\/2840\/revisions\/2841"}],"up":[{"embeddable":true,"href":"https:\/\/www.stempeltier.de\/blog\/wp-json\/wp\/v2\/pages\/52"}],"wp:attachment":[{"href":"https:\/\/www.stempeltier.de\/blog\/wp-json\/wp\/v2\/media?parent=2840"}],"curies":[{"name":"wp","href":"https:\/\/api.w.org\/{rel}","templated":true}]}}