{"id":192,"date":"2015-06-29T21:26:27","date_gmt":"2015-06-29T19:26:27","guid":{"rendered":"https:\/\/www.stempeltier.de\/blog\/?page_id=192"},"modified":"2021-04-29T23:05:58","modified_gmt":"2021-04-29T21:05:58","slug":"stampin_stanz-und-falzbrett_umschlag","status":"publish","type":"page","link":"https:\/\/www.stempeltier.de\/blog\/stampinup_produkte\/stampin_stanz-und-falzbrett_umschlag\/","title":{"rendered":"Stanz- und Falzbrett f\u00fcr Umschl\u00e4ge (EPB)"},"content":{"rendered":"<p><img loading=\"lazy\" decoding=\"async\" class=\"wp-image-835 size-medium aligncenter\" src=\"https:\/\/www.stempeltier.de\/blog\/wp-content\/uploads\/2015\/09\/stampin-up-toffifee-verpackung-fuchs-fox-herbst-fall-stempeltier-02-300x200.jpg\" alt=\"stampin up toffifee verpackung fuchs fox herbst fall stempeltier 02\" width=\"300\" height=\"200\" srcset=\"https:\/\/www.stempeltier.de\/blog\/wp-content\/uploads\/2015\/09\/stampin-up-toffifee-verpackung-fuchs-fox-herbst-fall-stempeltier-02-300x200.jpg 300w, https:\/\/www.stempeltier.de\/blog\/wp-content\/uploads\/2015\/09\/stampin-up-toffifee-verpackung-fuchs-fox-herbst-fall-stempeltier-02-600x400.jpg 600w, https:\/\/www.stempeltier.de\/blog\/wp-content\/uploads\/2015\/09\/stampin-up-toffifee-verpackung-fuchs-fox-herbst-fall-stempeltier-02.jpg 1000w\" sizes=\"(max-width: 300px) 100vw, 300px\" \/><\/p>\n<p style=\"text-align: center;\">Das <span style=\"color: #008080;\"><strong>Stanz- und Falzbrett f\u00fcr Umschl\u00e4ge<\/strong><\/span> oder auch EPB genannt ist wohl das Vielseitigste unter den bislang (Produkt verl\u00e4sst 2019 das Sortiment) erh\u00e4ltlichen Punchboards von Stampin&#8216; Up!<\/p>\n<p style=\"text-align: center;\">Der Name ist leicht irref\u00fchrend, denn es kann definitiv<\/p>\n<h2 style=\"text-align: center;\"><span style=\"color: #ff9900;\">so viel mehr als nur Umschl\u00e4ge !!<\/span><\/h2>\n<p style=\"text-align: center;\">Es lassen sich neben besagten Umschl\u00e4gen auch eine Unmenge von<\/p>\n<h2 style=\"text-align: center;\">Verpackungen<\/h2>\n<p style=\"text-align: center;\">damit basteln.<br \/>\nZum Beispiel diese <a href=\"https:\/\/www.stempeltier.de\/blog\/stampin_up_toffifee-verpackung-anleitung-how-to\/\">Toffifee-Verpackung.<br \/>\n<\/a>Oder diese <a href=\"https:\/\/www.stempeltier.de\/blog\/ritter-sport-schnell-verpackt-mit-dem-epb\/\" target=\"_blank\" rel=\"noopener noreferrer\">Ritter Sport Verpackung <\/a>(mit Anleitung)<br \/>\nOder ein <a href=\"https:\/\/www.stempeltier.de\/blog\/stampinup-knallbonbon-silvester-anleitung-tutorial\/\" target=\"_blank\" rel=\"noopener noreferrer\">Knallbonbon <\/a>(mit Anleitung)<\/p>\n<p style=\"text-align: center;\"><img loading=\"lazy\" decoding=\"async\" class=\"alignnone wp-image-2764 size-medium\" src=\"https:\/\/www.stempeltier.de\/blog\/wp-content\/uploads\/2016\/05\/stampin-up-verpackung-ritter-sport-EPV-envelope-punch-board-Umschlag-falzbrett-Anleitung-tutorial-ma\u00dfe-stempeltier-einfach-tierisch-go-wild-199x300.jpg\" alt=\"stampin up verpackung ritter sport EPV envelope punch board Umschlag falzbrett Anleitung tutorial ma\u00dfe stempeltier einfach tierisch go wild\" width=\"199\" height=\"300\" srcset=\"https:\/\/www.stempeltier.de\/blog\/wp-content\/uploads\/2016\/05\/stampin-up-verpackung-ritter-sport-EPV-envelope-punch-board-Umschlag-falzbrett-Anleitung-tutorial-ma\u00dfe-stempeltier-einfach-tierisch-go-wild-199x300.jpg 199w, https:\/\/www.stempeltier.de\/blog\/wp-content\/uploads\/2016\/05\/stampin-up-verpackung-ritter-sport-EPV-envelope-punch-board-Umschlag-falzbrett-Anleitung-tutorial-ma\u00dfe-stempeltier-einfach-tierisch-go-wild-600x903.jpg 600w, https:\/\/www.stempeltier.de\/blog\/wp-content\/uploads\/2016\/05\/stampin-up-verpackung-ritter-sport-EPV-envelope-punch-board-Umschlag-falzbrett-Anleitung-tutorial-ma\u00dfe-stempeltier-einfach-tierisch-go-wild-768x1156.jpg 768w, https:\/\/www.stempeltier.de\/blog\/wp-content\/uploads\/2016\/05\/stampin-up-verpackung-ritter-sport-EPV-envelope-punch-board-Umschlag-falzbrett-Anleitung-tutorial-ma\u00dfe-stempeltier-einfach-tierisch-go-wild-680x1024.jpg 680w, https:\/\/www.stempeltier.de\/blog\/wp-content\/uploads\/2016\/05\/stampin-up-verpackung-ritter-sport-EPV-envelope-punch-board-Umschlag-falzbrett-Anleitung-tutorial-ma\u00dfe-stempeltier-einfach-tierisch-go-wild.jpg 950w\" sizes=\"(max-width: 199px) 100vw, 199px\" \/><\/p>\n<ul>\n<li style=\"list-style-type: none;\">\n<ul>\n<li style=\"text-align: center;\"><strong>Falzbein<\/strong> inklusive<\/li>\n<\/ul>\n<\/li>\n<\/ul>\n<ul>\n<li style=\"text-align: center;\"><strong>Eckenabrunder<\/strong> inklusive<\/li>\n<\/ul>\n<p><img loading=\"lazy\" decoding=\"async\" class=\"size-full wp-image-5272 aligncenter\" src=\"https:\/\/www.stempeltier.de\/blog\/wp-content\/uploads\/2015\/06\/stampin-up-punchboard-umschlag-falzbrett-133774O4.jpg\" alt=\"stampin up punchboard umschlag falzbrett 133774O4\" width=\"400\" height=\"400\" srcset=\"https:\/\/www.stempeltier.de\/blog\/wp-content\/uploads\/2015\/06\/stampin-up-punchboard-umschlag-falzbrett-133774O4.jpg 400w, https:\/\/www.stempeltier.de\/blog\/wp-content\/uploads\/2015\/06\/stampin-up-punchboard-umschlag-falzbrett-133774O4-300x300.jpg 300w, https:\/\/www.stempeltier.de\/blog\/wp-content\/uploads\/2015\/06\/stampin-up-punchboard-umschlag-falzbrett-133774O4-100x100.jpg 100w, https:\/\/www.stempeltier.de\/blog\/wp-content\/uploads\/2015\/06\/stampin-up-punchboard-umschlag-falzbrett-133774O4-150x150.jpg 150w, https:\/\/www.stempeltier.de\/blog\/wp-content\/uploads\/2015\/06\/stampin-up-punchboard-umschlag-falzbrett-133774O4-230x230.jpg 230w\" sizes=\"(max-width: 400px) 100vw, 400px\" \/><\/p>\n<p style=\"text-align: center;\">In folgendem Video kannst du dir das Envelope Punchboard mal genauer ansehen:<\/p>\n<p><iframe loading=\"lazy\" title=\"Easy Envelope Making with Paper | Envelope Punch Board | Stampin&#039; Up!\" width=\"700\" height=\"394\" src=\"https:\/\/www.youtube.com\/embed\/JzokPixtpko?feature=oembed\" frameborder=\"0\" allow=\"accelerometer; autoplay; clipboard-write; encrypted-media; gyroscope; picture-in-picture\" allowfullscreen><\/iframe><\/p>\n<p>Wenn du noch Fragen hast, oder eine Beratung w\u00fcnscht, dann melde dich einfach bei mir. Ich bin gerne f\u00fcr dich da.<\/p>\n<p>Dein Stempeltier Danny<\/p>\n<p><img loading=\"lazy\" decoding=\"async\" class=\"alignnone size-full wp-image-5274\" src=\"https:\/\/www.stempeltier.de\/blog\/wp-content\/uploads\/2015\/06\/133774O3.jpg\" alt=\"envelope punch board umschlagfalzbrett stampin up\" width=\"400\" height=\"400\" srcset=\"https:\/\/www.stempeltier.de\/blog\/wp-content\/uploads\/2015\/06\/133774O3.jpg 400w, https:\/\/www.stempeltier.de\/blog\/wp-content\/uploads\/2015\/06\/133774O3-300x300.jpg 300w, https:\/\/www.stempeltier.de\/blog\/wp-content\/uploads\/2015\/06\/133774O3-100x100.jpg 100w, https:\/\/www.stempeltier.de\/blog\/wp-content\/uploads\/2015\/06\/133774O3-150x150.jpg 150w, https:\/\/www.stempeltier.de\/blog\/wp-content\/uploads\/2015\/06\/133774O3-230x230.jpg 230w\" sizes=\"(max-width: 400px) 100vw, 400px\" \/><\/p>\n<p>Die Ma\u00dfe des Umschlag Falzbrettes von Stampin&#8216; Up! sind in <strong>cm und inch<\/strong> angegeben, so dass du alle Anleitungen die du im Internet findest problemlos und leicht nacharbeiten kannst.<\/p>\n<div class=\"stampused stampused-wrap\">\n  <div class=\"stampused-item stampused-item-small\">\n    <a href=\"https:\/\/www.stampinup.de\/products\/152392?demoid=5017664\" \n                alt=\"Stampin Up Product 152392\" title=\"Stampin Up Online Shop Product 152392\" target=\"_blank\">\n                <img decoding=\"async\" src=\"\/\/www2.stampinup.com\/images\/EC\/152392s.jpg\" alt=\"Stampin Up Product 152392\"><\/a>  <\/div>\n<\/div>\n\n<p>&nbsp;<\/p>\n<p><span style=\"border-radius: 2px; text-indent: 20px; width: auto; padding: 0px 4px 0px 0px; text-align: center; font: bold 11px\/20px 'Helvetica Neue',Helvetica,sans-serif; color: #ffffff; background: #bd081c no-repeat scroll 3px 50% \/ 14px 14px; position: absolute; opacity: 1; z-index: 8675309; display: none; cursor: pointer; top: 457px; left: 112px;\">Merken<\/span><\/p>\n<p><span style=\"border-radius: 2px; text-indent: 20px; width: auto; padding: 0px 4px 0px 0px; text-align: center; font: bold 11px\/20px 'Helvetica Neue',Helvetica,sans-serif; color: #ffffff; background: #bd081c no-repeat scroll 3px 50% \/ 14px 14px; position: absolute; opacity: 1; z-index: 8675309; display: none; cursor: pointer; top: 11px; left: 162px;\">Merken<\/span><\/p>\n<p><span style=\"border-radius: 2px; text-indent: 20px; width: auto; padding: 0px 4px 0px 0px; text-align: center; font: bold 11px\/20px 'Helvetica Neue',Helvetica,sans-serif; color: #ffffff; background: #bd081c no-repeat scroll 3px 50% \/ 14px 14px; position: absolute; opacity: 1; z-index: 8675309; display: none; cursor: pointer; top: 630px; left: 112px;\">Merken<\/span><\/p>\n<p><span style=\"border-radius: 2px; text-indent: 20px; width: auto; padding: 0px 4px 0px 0px; text-align: center; font: bold 11px\/20px 'Helvetica Neue',Helvetica,sans-serif; color: #ffffff; background: #bd081c no-repeat scroll 3px 50% \/ 14px 14px; position: absolute; opacity: 1; z-index: 8675309; display: none; cursor: pointer; top: 945px; left: 112px;\">Merken<\/span><\/p>\n<p><span style=\"border-radius: 2px; text-indent: 20px; width: auto; padding: 0px 4px 0px 0px; text-align: center; font: bold 11px\/20px 'Helvetica Neue',Helvetica,sans-serif; color: #ffffff; background: #bd081c no-repeat scroll 3px 50% \/ 14px 14px; position: absolute; opacity: 1; z-index: 8675309; display: none; cursor: pointer; top: 611px; left: 212px;\">Merken<\/span><\/p>\n<p><span style=\"border-radius: 2px; text-indent: 20px; width: auto; padding: 0px 4px 0px 0px; text-align: center; font: bold 11px\/20px 'Helvetica Neue',Helvetica,sans-serif; color: #ffffff; background: #bd081c no-repeat scroll 3px 50% \/ 14px 14px; position: absolute; opacity: 1; z-index: 8675309; display: none; cursor: pointer;\">Merken<\/span><\/p>\n<div class=\"shariff shariff-align-center shariff-widget-align-flex-start\" data-services=\"facebook%7Cpinterest\" data-url=\"https%3A%2F%2Fwww.stempeltier.de%2Fblog%2Fstampinup_produkte%2Fstampin_stanz-und-falzbrett_umschlag%2F\" data-timestamp=\"1619737558\" data-backendurl=\"https:\/\/www.stempeltier.de\/blog\/wp-json\/shariff\/v1\/share_counts?\"><div class=\"ShariffHeadline\">Sharing is caring - Teilen erlaubt<\/div><ul class=\"shariff-buttons theme-round orientation-horizontal buttonsize-medium\"><li class=\"shariff-button facebook shariff-nocustomcolor\" style=\"background-color:#4273c8\"><a href=\"https:\/\/www.facebook.com\/sharer\/sharer.php?u=https%3A%2F%2Fwww.stempeltier.de%2Fblog%2Fstampinup_produkte%2Fstampin_stanz-und-falzbrett_umschlag%2F\" title=\"Bei Facebook teilen\" aria-label=\"Bei Facebook teilen\" role=\"button\" rel=\"nofollow\" class=\"shariff-link\" style=\"; background-color:#3b5998; color:#fff\" target=\"_blank\"><span class=\"shariff-icon\" style=\"\"><svg width=\"32px\" height=\"20px\" xmlns=\"http:\/\/www.w3.org\/2000\/svg\" viewBox=\"0 0 18 32\"><path fill=\"#3b5998\" d=\"M17.1 0.2v4.7h-2.8q-1.5 0-2.1 0.6t-0.5 1.9v3.4h5.2l-0.7 5.3h-4.5v13.6h-5.5v-13.6h-4.5v-5.3h4.5v-3.9q0-3.3 1.9-5.2t5-1.8q2.6 0 4.1 0.2z\"\/><\/svg><\/span><span data-service=\"facebook\" style=\"color:#3b5998\" class=\"shariff-count shariff-hidezero\"><\/span>&nbsp;<\/a><\/li><li class=\"shariff-button twitter shariff-nocustomcolor\" style=\"background-color:#595959\"><a href=\"https:\/\/twitter.com\/share?url=https%3A%2F%2Fwww.stempeltier.de%2Fblog%2Fstampinup_produkte%2Fstampin_stanz-und-falzbrett_umschlag%2F&text=Stanz-%20und%20Falzbrett%20f%C3%BCr%20Umschl%C3%A4ge%20%28EPB%29\" title=\"Bei X teilen\" aria-label=\"Bei X teilen\" role=\"button\" rel=\"noopener nofollow\" class=\"shariff-link\" style=\"; background-color:#000; color:#fff\" target=\"_blank\"><span class=\"shariff-icon\" style=\"\"><svg width=\"32px\" height=\"20px\" xmlns=\"http:\/\/www.w3.org\/2000\/svg\" viewBox=\"0 0 24 24\"><path fill=\"#000\" d=\"M14.258 10.152L23.176 0h-2.113l-7.747 8.813L7.133 0H0l9.352 13.328L0 23.973h2.113l8.176-9.309 6.531 9.309h7.133zm-2.895 3.293l-.949-1.328L2.875 1.56h3.246l6.086 8.523.945 1.328 7.91 11.078h-3.246zm0 0\"\/><\/svg><\/span><\/a><\/li><li class=\"shariff-button pinterest shariff-nocustomcolor\" style=\"background-color:#e70f18\"><a href=\"https:\/\/www.pinterest.com\/pin\/create\/link\/?url=https%3A%2F%2Fwww.stempeltier.de%2Fblog%2Fstampinup_produkte%2Fstampin_stanz-und-falzbrett_umschlag%2F&media=https%3A%2F%2Fwww.stempeltier.de%2Fblog%2Fwp-content%2Fuploads%2F2015%2F09%2Fstampin-up-toffifee-verpackung-fuchs-fox-herbst-fall-stempeltier-02-300x200.jpg&description=Stanz-%20und%20Falzbrett%20f%C3%BCr%20Umschl%C3%A4ge%20%28EPB%29\" title=\"Bei Pinterest pinnen\" aria-label=\"Bei Pinterest pinnen\" role=\"button\" rel=\"noopener nofollow\" class=\"shariff-link\" style=\"; background-color:#cb2027; color:#fff\" target=\"_blank\"><span class=\"shariff-icon\" style=\"\"><svg width=\"32px\" height=\"20px\" xmlns=\"http:\/\/www.w3.org\/2000\/svg\" viewBox=\"0 0 27 32\"><path fill=\"#cb2027\" d=\"M27.4 16q0 3.7-1.8 6.9t-5 5-6.9 1.9q-2 0-3.9-0.6 1.1-1.7 1.4-2.9 0.2-0.6 1-3.8 0.4 0.7 1.3 1.2t2 0.5q2.1 0 3.8-1.2t2.7-3.4 0.9-4.8q0-2-1.1-3.8t-3.1-2.9-4.5-1.2q-1.9 0-3.5 0.5t-2.8 1.4-2 2-1.2 2.3-0.4 2.4q0 1.9 0.7 3.3t2.1 2q0.5 0.2 0.7-0.4 0-0.1 0.1-0.5t0.2-0.5q0.1-0.4-0.2-0.8-0.9-1.1-0.9-2.7 0-2.7 1.9-4.6t4.9-2q2.7 0 4.2 1.5t1.5 3.8q0 3-1.2 5.2t-3.1 2.1q-1.1 0-1.7-0.8t-0.4-1.9q0.1-0.6 0.5-1.7t0.5-1.8 0.2-1.4q0-0.9-0.5-1.5t-1.4-0.6q-1.1 0-1.9 1t-0.8 2.6q0 1.3 0.4 2.2l-1.8 7.5q-0.3 1.2-0.2 3.2-3.7-1.6-6-5t-2.3-7.6q0-3.7 1.9-6.9t5-5 6.9-1.9 6.9 1.9 5 5 1.8 6.9z\"\/><\/svg><\/span><span data-service=\"pinterest\" style=\"color:#cb2027\" class=\"shariff-count\"> 1<\/span>&nbsp;<\/a><\/li><li class=\"shariff-button whatsapp shariff-nocustomcolor\" style=\"background-color:#5cbe4a\"><a href=\"https:\/\/api.whatsapp.com\/send?text=https%3A%2F%2Fwww.stempeltier.de%2Fblog%2Fstampinup_produkte%2Fstampin_stanz-und-falzbrett_umschlag%2F%20Stanz-%20und%20Falzbrett%20f%C3%BCr%20Umschl%C3%A4ge%20%28EPB%29\" title=\"Bei Whatsapp teilen\" aria-label=\"Bei Whatsapp teilen\" role=\"button\" rel=\"noopener nofollow\" class=\"shariff-link\" style=\"; background-color:#34af23; color:#fff\" target=\"_blank\"><span class=\"shariff-icon\" style=\"\"><svg width=\"32px\" height=\"20px\" xmlns=\"http:\/\/www.w3.org\/2000\/svg\" viewBox=\"0 0 32 32\"><path fill=\"#34af23\" d=\"M17.6 17.4q0.2 0 1.7 0.8t1.6 0.9q0 0.1 0 0.3 0 0.6-0.3 1.4-0.3 0.7-1.3 1.2t-1.8 0.5q-1 0-3.4-1.1-1.7-0.8-3-2.1t-2.6-3.3q-1.3-1.9-1.3-3.5v-0.1q0.1-1.6 1.3-2.8 0.4-0.4 0.9-0.4 0.1 0 0.3 0t0.3 0q0.3 0 0.5 0.1t0.3 0.5q0.1 0.4 0.6 1.6t0.4 1.3q0 0.4-0.6 1t-0.6 0.8q0 0.1 0.1 0.3 0.6 1.3 1.8 2.4 1 0.9 2.7 1.8 0.2 0.1 0.4 0.1 0.3 0 1-0.9t0.9-0.9zM14 26.9q2.3 0 4.3-0.9t3.6-2.4 2.4-3.6 0.9-4.3-0.9-4.3-2.4-3.6-3.6-2.4-4.3-0.9-4.3 0.9-3.6 2.4-2.4 3.6-0.9 4.3q0 3.6 2.1 6.6l-1.4 4.2 4.3-1.4q2.8 1.9 6.2 1.9zM14 2.2q2.7 0 5.2 1.1t4.3 2.9 2.9 4.3 1.1 5.2-1.1 5.2-2.9 4.3-4.3 2.9-5.2 1.1q-3.5 0-6.5-1.7l-7.4 2.4 2.4-7.2q-1.9-3.2-1.9-6.9 0-2.7 1.1-5.2t2.9-4.3 4.3-2.9 5.2-1.1z\"\/><\/svg><\/span><\/a><\/li><li class=\"shariff-button mailto shariff-nocustomcolor\" style=\"background-color:#a8a8a8\"><a href=\"mailto:?body=https%3A%2F%2Fwww.stempeltier.de%2Fblog%2Fstampinup_produkte%2Fstampin_stanz-und-falzbrett_umschlag%2F&subject=Stanz-%20und%20Falzbrett%20f%C3%BCr%20Umschl%C3%A4ge%20%28EPB%29\" title=\"Per E-Mail versenden\" aria-label=\"Per E-Mail versenden\" role=\"button\" rel=\"noopener nofollow\" class=\"shariff-link\" style=\"; background-color:#999; color:#fff\"><span class=\"shariff-icon\" style=\"\"><svg width=\"32px\" height=\"20px\" xmlns=\"http:\/\/www.w3.org\/2000\/svg\" viewBox=\"0 0 32 32\"><path fill=\"#999\" d=\"M32 12.7v14.2q0 1.2-0.8 2t-2 0.9h-26.3q-1.2 0-2-0.9t-0.8-2v-14.2q0.8 0.9 1.8 1.6 6.5 4.4 8.9 6.1 1 0.8 1.6 1.2t1.7 0.9 2 0.4h0.1q0.9 0 2-0.4t1.7-0.9 1.6-1.2q3-2.2 8.9-6.1 1-0.7 1.8-1.6zM32 7.4q0 1.4-0.9 2.7t-2.2 2.2q-6.7 4.7-8.4 5.8-0.2 0.1-0.7 0.5t-1 0.7-0.9 0.6-1.1 0.5-0.9 0.2h-0.1q-0.4 0-0.9-0.2t-1.1-0.5-0.9-0.6-1-0.7-0.7-0.5q-1.6-1.1-4.7-3.2t-3.6-2.6q-1.1-0.7-2.1-2t-1-2.5q0-1.4 0.7-2.3t2.1-0.9h26.3q1.2 0 2 0.8t0.9 2z\"\/><\/svg><\/span><\/a><\/li><\/ul><\/div>","protected":false},"excerpt":{"rendered":"<p>Das Stanz- und Falzbrett f\u00fcr Umschl\u00e4ge oder auch EPB genannt ist wohl das Vielseitigste unter den bislang (Produkt verl\u00e4sst 2019 das Sortiment) erh\u00e4ltlichen Punchboards von Stampin&#8216; Up! Der Name ist leicht irref\u00fchrend, denn es kann definitiv so viel mehr als&hellip; <\/p>\n","protected":false},"author":1,"featured_media":0,"parent":95,"menu_order":0,"comment_status":"open","ping_status":"open","template":"","meta":{"jetpack_post_was_ever_published":false,"footnotes":""},"class_list":["post-192","page","type-page","status-publish","hentry"],"yoast_head":"<!-- This site is optimized with the Yoast SEO plugin v25.6 - https:\/\/yoast.com\/wordpress\/plugins\/seo\/ -->\n<title>Stanz- und Falzbrett f\u00fcr Umschl\u00e4ge (EPB) - Stempeltier<\/title>\n<meta name=\"description\" content=\"Das Envelope Punchboard (EPB) oder Umschlagfalzbrett von Stampin&#039; Up! zum Verpacken und vielen mehr. Hier findest du es erkl\u00e4rt.\" \/>\n<meta name=\"robots\" content=\"index, follow, max-snippet:-1, max-image-preview:large, max-video-preview:-1\" \/>\n<link rel=\"canonical\" href=\"https:\/\/www.stempeltier.de\/blog\/stampinup_produkte\/stampin_stanz-und-falzbrett_umschlag\/\" \/>\n<meta property=\"og:locale\" content=\"de_DE\" \/>\n<meta property=\"og:type\" content=\"article\" \/>\n<meta property=\"og:title\" content=\"Stanz- und Falzbrett f\u00fcr Umschl\u00e4ge (EPB) - Stempeltier\" \/>\n<meta property=\"og:description\" content=\"Das Envelope Punchboard (EPB) oder Umschlagfalzbrett von Stampin&#039; Up! zum Verpacken und vielen mehr. Hier findest du es erkl\u00e4rt.\" \/>\n<meta property=\"og:url\" content=\"https:\/\/www.stempeltier.de\/blog\/stampinup_produkte\/stampin_stanz-und-falzbrett_umschlag\/\" \/>\n<meta property=\"og:site_name\" content=\"Stempeltier\" \/>\n<meta property=\"article:publisher\" content=\"http:\/\/www.facebook.com\/DasStempeltier\" \/>\n<meta property=\"article:modified_time\" content=\"2021-04-29T21:05:58+00:00\" \/>\n<meta property=\"og:image\" content=\"https:\/\/www.stempeltier.de\/blog\/wp-content\/uploads\/2015\/09\/stampin-up-toffifee-verpackung-fuchs-fox-herbst-fall-stempeltier-02-300x200.jpg\" \/>\n<meta name=\"twitter:card\" content=\"summary_large_image\" \/>\n<meta name=\"twitter:label1\" content=\"Gesch\u00e4tzte Lesezeit\" \/>\n\t<meta name=\"twitter:data1\" content=\"2\u00a0Minuten\" \/>\n<script type=\"application\/ld+json\" class=\"yoast-schema-graph\">{\"@context\":\"https:\/\/schema.org\",\"@graph\":[{\"@type\":\"WebPage\",\"@id\":\"https:\/\/www.stempeltier.de\/blog\/stampinup_produkte\/stampin_stanz-und-falzbrett_umschlag\/\",\"url\":\"https:\/\/www.stempeltier.de\/blog\/stampinup_produkte\/stampin_stanz-und-falzbrett_umschlag\/\",\"name\":\"Stanz- und Falzbrett f\u00fcr Umschl\u00e4ge (EPB) - Stempeltier\",\"isPartOf\":{\"@id\":\"https:\/\/www.stempeltier.de\/blog\/#website\"},\"primaryImageOfPage\":{\"@id\":\"https:\/\/www.stempeltier.de\/blog\/stampinup_produkte\/stampin_stanz-und-falzbrett_umschlag\/#primaryimage\"},\"image\":{\"@id\":\"https:\/\/www.stempeltier.de\/blog\/stampinup_produkte\/stampin_stanz-und-falzbrett_umschlag\/#primaryimage\"},\"thumbnailUrl\":\"https:\/\/www.stempeltier.de\/blog\/wp-content\/uploads\/2015\/09\/stampin-up-toffifee-verpackung-fuchs-fox-herbst-fall-stempeltier-02-300x200.jpg\",\"datePublished\":\"2015-06-29T19:26:27+00:00\",\"dateModified\":\"2021-04-29T21:05:58+00:00\",\"description\":\"Das Envelope Punchboard (EPB) oder Umschlagfalzbrett von Stampin' Up! zum Verpacken und vielen mehr. Hier findest du es erkl\u00e4rt.\",\"breadcrumb\":{\"@id\":\"https:\/\/www.stempeltier.de\/blog\/stampinup_produkte\/stampin_stanz-und-falzbrett_umschlag\/#breadcrumb\"},\"inLanguage\":\"de\",\"potentialAction\":[{\"@type\":\"ReadAction\",\"target\":[\"https:\/\/www.stempeltier.de\/blog\/stampinup_produkte\/stampin_stanz-und-falzbrett_umschlag\/\"]}]},{\"@type\":\"ImageObject\",\"inLanguage\":\"de\",\"@id\":\"https:\/\/www.stempeltier.de\/blog\/stampinup_produkte\/stampin_stanz-und-falzbrett_umschlag\/#primaryimage\",\"url\":\"https:\/\/www.stempeltier.de\/blog\/wp-content\/uploads\/2015\/09\/stampin-up-toffifee-verpackung-fuchs-fox-herbst-fall-stempeltier-02.jpg\",\"contentUrl\":\"https:\/\/www.stempeltier.de\/blog\/wp-content\/uploads\/2015\/09\/stampin-up-toffifee-verpackung-fuchs-fox-herbst-fall-stempeltier-02.jpg\",\"width\":1000,\"height\":667},{\"@type\":\"BreadcrumbList\",\"@id\":\"https:\/\/www.stempeltier.de\/blog\/stampinup_produkte\/stampin_stanz-und-falzbrett_umschlag\/#breadcrumb\",\"itemListElement\":[{\"@type\":\"ListItem\",\"position\":1,\"name\":\"Startseite\",\"item\":\"https:\/\/www.stempeltier.de\/blog\/\"},{\"@type\":\"ListItem\",\"position\":2,\"name\":\"Produkte\",\"item\":\"https:\/\/www.stempeltier.de\/blog\/stampinup_produkte\/\"},{\"@type\":\"ListItem\",\"position\":3,\"name\":\"Stanz- und Falzbrett f\u00fcr Umschl\u00e4ge (EPB)\"}]},{\"@type\":\"WebSite\",\"@id\":\"https:\/\/www.stempeltier.de\/blog\/#website\",\"url\":\"https:\/\/www.stempeltier.de\/blog\/\",\"name\":\"Stempeltier\",\"description\":\"Kreative Gl\u00fccksmomente aus Papier\",\"potentialAction\":[{\"@type\":\"SearchAction\",\"target\":{\"@type\":\"EntryPoint\",\"urlTemplate\":\"https:\/\/www.stempeltier.de\/blog\/?s={search_term_string}\"},\"query-input\":{\"@type\":\"PropertyValueSpecification\",\"valueRequired\":true,\"valueName\":\"search_term_string\"}}],\"inLanguage\":\"de\"}]}<\/script>\n<!-- \/ Yoast SEO plugin. -->","yoast_head_json":{"title":"Stanz- und Falzbrett f\u00fcr Umschl\u00e4ge (EPB) - Stempeltier","description":"Das Envelope Punchboard (EPB) oder Umschlagfalzbrett von Stampin' Up! zum Verpacken und vielen mehr. Hier findest du es erkl\u00e4rt.","robots":{"index":"index","follow":"follow","max-snippet":"max-snippet:-1","max-image-preview":"max-image-preview:large","max-video-preview":"max-video-preview:-1"},"canonical":"https:\/\/www.stempeltier.de\/blog\/stampinup_produkte\/stampin_stanz-und-falzbrett_umschlag\/","og_locale":"de_DE","og_type":"article","og_title":"Stanz- und Falzbrett f\u00fcr Umschl\u00e4ge (EPB) - Stempeltier","og_description":"Das Envelope Punchboard (EPB) oder Umschlagfalzbrett von Stampin' Up! zum Verpacken und vielen mehr. Hier findest du es erkl\u00e4rt.","og_url":"https:\/\/www.stempeltier.de\/blog\/stampinup_produkte\/stampin_stanz-und-falzbrett_umschlag\/","og_site_name":"Stempeltier","article_publisher":"http:\/\/www.facebook.com\/DasStempeltier","article_modified_time":"2021-04-29T21:05:58+00:00","og_image":[{"url":"https:\/\/www.stempeltier.de\/blog\/wp-content\/uploads\/2015\/09\/stampin-up-toffifee-verpackung-fuchs-fox-herbst-fall-stempeltier-02-300x200.jpg","type":"","width":"","height":""}],"twitter_card":"summary_large_image","twitter_misc":{"Gesch\u00e4tzte Lesezeit":"2\u00a0Minuten"},"schema":{"@context":"https:\/\/schema.org","@graph":[{"@type":"WebPage","@id":"https:\/\/www.stempeltier.de\/blog\/stampinup_produkte\/stampin_stanz-und-falzbrett_umschlag\/","url":"https:\/\/www.stempeltier.de\/blog\/stampinup_produkte\/stampin_stanz-und-falzbrett_umschlag\/","name":"Stanz- und Falzbrett f\u00fcr Umschl\u00e4ge (EPB) - Stempeltier","isPartOf":{"@id":"https:\/\/www.stempeltier.de\/blog\/#website"},"primaryImageOfPage":{"@id":"https:\/\/www.stempeltier.de\/blog\/stampinup_produkte\/stampin_stanz-und-falzbrett_umschlag\/#primaryimage"},"image":{"@id":"https:\/\/www.stempeltier.de\/blog\/stampinup_produkte\/stampin_stanz-und-falzbrett_umschlag\/#primaryimage"},"thumbnailUrl":"https:\/\/www.stempeltier.de\/blog\/wp-content\/uploads\/2015\/09\/stampin-up-toffifee-verpackung-fuchs-fox-herbst-fall-stempeltier-02-300x200.jpg","datePublished":"2015-06-29T19:26:27+00:00","dateModified":"2021-04-29T21:05:58+00:00","description":"Das Envelope Punchboard (EPB) oder Umschlagfalzbrett von Stampin' Up! zum Verpacken und vielen mehr. Hier findest du es erkl\u00e4rt.","breadcrumb":{"@id":"https:\/\/www.stempeltier.de\/blog\/stampinup_produkte\/stampin_stanz-und-falzbrett_umschlag\/#breadcrumb"},"inLanguage":"de","potentialAction":[{"@type":"ReadAction","target":["https:\/\/www.stempeltier.de\/blog\/stampinup_produkte\/stampin_stanz-und-falzbrett_umschlag\/"]}]},{"@type":"ImageObject","inLanguage":"de","@id":"https:\/\/www.stempeltier.de\/blog\/stampinup_produkte\/stampin_stanz-und-falzbrett_umschlag\/#primaryimage","url":"https:\/\/www.stempeltier.de\/blog\/wp-content\/uploads\/2015\/09\/stampin-up-toffifee-verpackung-fuchs-fox-herbst-fall-stempeltier-02.jpg","contentUrl":"https:\/\/www.stempeltier.de\/blog\/wp-content\/uploads\/2015\/09\/stampin-up-toffifee-verpackung-fuchs-fox-herbst-fall-stempeltier-02.jpg","width":1000,"height":667},{"@type":"BreadcrumbList","@id":"https:\/\/www.stempeltier.de\/blog\/stampinup_produkte\/stampin_stanz-und-falzbrett_umschlag\/#breadcrumb","itemListElement":[{"@type":"ListItem","position":1,"name":"Startseite","item":"https:\/\/www.stempeltier.de\/blog\/"},{"@type":"ListItem","position":2,"name":"Produkte","item":"https:\/\/www.stempeltier.de\/blog\/stampinup_produkte\/"},{"@type":"ListItem","position":3,"name":"Stanz- und Falzbrett f\u00fcr Umschl\u00e4ge (EPB)"}]},{"@type":"WebSite","@id":"https:\/\/www.stempeltier.de\/blog\/#website","url":"https:\/\/www.stempeltier.de\/blog\/","name":"Stempeltier","description":"Kreative Gl\u00fccksmomente aus Papier","potentialAction":[{"@type":"SearchAction","target":{"@type":"EntryPoint","urlTemplate":"https:\/\/www.stempeltier.de\/blog\/?s={search_term_string}"},"query-input":{"@type":"PropertyValueSpecification","valueRequired":true,"valueName":"search_term_string"}}],"inLanguage":"de"}]}},"jetpack-related-posts":[],"jetpack_sharing_enabled":true,"_links":{"self":[{"href":"https:\/\/www.stempeltier.de\/blog\/wp-json\/wp\/v2\/pages\/192"}],"collection":[{"href":"https:\/\/www.stempeltier.de\/blog\/wp-json\/wp\/v2\/pages"}],"about":[{"href":"https:\/\/www.stempeltier.de\/blog\/wp-json\/wp\/v2\/types\/page"}],"author":[{"embeddable":true,"href":"https:\/\/www.stempeltier.de\/blog\/wp-json\/wp\/v2\/users\/1"}],"replies":[{"embeddable":true,"href":"https:\/\/www.stempeltier.de\/blog\/wp-json\/wp\/v2\/comments?post=192"}],"version-history":[{"count":13,"href":"https:\/\/www.stempeltier.de\/blog\/wp-json\/wp\/v2\/pages\/192\/revisions"}],"predecessor-version":[{"id":12804,"href":"https:\/\/www.stempeltier.de\/blog\/wp-json\/wp\/v2\/pages\/192\/revisions\/12804"}],"up":[{"embeddable":true,"href":"https:\/\/www.stempeltier.de\/blog\/wp-json\/wp\/v2\/pages\/95"}],"wp:attachment":[{"href":"https:\/\/www.stempeltier.de\/blog\/wp-json\/wp\/v2\/media?parent=192"}],"curies":[{"name":"wp","href":"https:\/\/api.w.org\/{rel}","templated":true}]}}