{"id":11032,"date":"2020-06-03T10:55:49","date_gmt":"2020-06-03T08:55:49","guid":{"rendered":"https:\/\/www.stempeltier.de\/blog\/?page_id=11032"},"modified":"2020-06-03T10:55:49","modified_gmt":"2020-06-03T08:55:49","slug":"stampin-up-anfaengerbroschuere-2020-2021","status":"publish","type":"page","link":"https:\/\/www.stempeltier.de\/blog\/stampin-up-anfaengerbroschuere-2020-2021\/","title":{"rendered":"Stampin Up Anf\u00e4ngerbrosch\u00fcre 2020-2021"},"content":{"rendered":"<p style=\"text-align: center;\"><a href=\"https:\/\/www.stempeltier.de\/blog\/wp-content\/uploads\/2020\/06\/20200603_BB_de_DE.pdf\" target=\"_blank\" rel=\"noreferrer noopener\" aria-label=\"HIER (\u00f6ffnet in neuem Tab)\">HIER <\/a>gibts das PDF der Brosch\u00fcre.<\/p><div class=\"wp-block-image\">\r\n<figure class=\"aligncenter\"><a href=\"https:\/\/www.stempeltier.de\/blog\/wp-content\/uploads\/2020\/06\/20200603_BB_de_DE.pdf\"><img loading=\"lazy\" decoding=\"async\" class=\"alignnone wp-image-11020 size-medium\" src=\"https:\/\/www.stempeltier.de\/blog\/wp-content\/uploads\/2020\/06\/stampin-up-anf\u00e4ngerbrosch\u00fcre-neuling-kartenbasteln-stempeltier-2020-2021-195x300.jpg\" alt=\"stampin up anf\u00e4ngerbrosch\u00fcre neuling kartenbasteln stempeltier 2020 2021\" width=\"195\" height=\"300\" srcset=\"https:\/\/www.stempeltier.de\/blog\/wp-content\/uploads\/2020\/06\/stampin-up-anf\u00e4ngerbrosch\u00fcre-neuling-kartenbasteln-stempeltier-2020-2021-195x300.jpg 195w, https:\/\/www.stempeltier.de\/blog\/wp-content\/uploads\/2020\/06\/stampin-up-anf\u00e4ngerbrosch\u00fcre-neuling-kartenbasteln-stempeltier-2020-2021.jpg 545w\" sizes=\"(max-width: 195px) 100vw, 195px\" \/><\/a><\/figure>\r\n<\/div><p style=\"text-align: center;\">Hallo und herzlich willkommen. Bei Stampin&#8216; Up! ist bekannt, dass es im Leben viel zu feiern gibt. Gru\u00dfkarten und Geschenke f\u00fcr all diese gro\u00dfen und kleinen Momente von Hand zu gestalten, sorgt f\u00fcr Erfolgserlebnisse. Und obendrauf macht es jede Menge Spa\u00df! Stempeln ist unglaublich facettenreich und steckt voller M\u00f6glichkeiten. In dieser kleinen Brosch\u00fcre bekommst du eine kleine Starthilfe bei den Bastelbasics &#8211; mit Sets, Stempeln, Tinte, Papier und etwas weiterem Zubeh\u00f6r gelingen dir die ersten Schritte.<\/p>\r\n<p style=\"text-align: center;\"><\/p>\r\n<p style=\"text-align: center;\"><\/p>\r\n<p style=\"text-align: center;\">Die in dieser Brosch\u00fcre vorgestellten Produkte kannst du auch einfach und unkompliziert im Paket bestellen. Wenn du bereits einige Dinge bei dir hast, dann kannst du alternativ zum kompletten Produktpaket auch die einzelnen Dinge wie Stempelsets, Stempelkissen, Gru\u00dfk\u00e4rtchen etc. a la carte einzeln bestellen.<\/p>\r\n<p style=\"text-align: center;\"><\/p>\r\n<p style=\"text-align: center;\"><\/p>\r\n<p style=\"text-align: center;\">Die Produktsets sind folgende:<\/p>\r\n<p style=\"text-align: center;\"><\/p>\r\n<p style=\"text-align: center;\"><\/p>\r\n<p style=\"text-align: center;\"><div class=\"stampused stampused-wrap\">\n  <div class=\"stampused-item stampused-item-small\">\n    <a href=\"https:\/\/www.stampinup.de\/products\/155424?demoid=5017664\" \n                alt=\"Stampin Up Product 155424\" title=\"Stampin Up Online Shop Product 155424\" target=\"_blank\">\n                <img decoding=\"async\" src=\"\/\/www2.stampinup.com\/images\/EC\/155424s.jpg\" alt=\"Stampin Up Product 155424\"><\/a>  <\/div>\n  <div class=\"stampused-item stampused-item-small\">\n    <a href=\"https:\/\/www.stampinup.de\/products\/156093?demoid=5017664\" \n                alt=\"Stampin Up Product 156093\" title=\"Stampin Up Online Shop Product 156093\" target=\"_blank\">\n                <img decoding=\"async\" src=\"\/\/www2.stampinup.com\/images\/EC\/156093s.jpg\" alt=\"Stampin Up Product 156093\"><\/a>  <\/div>\n  <div class=\"stampused-item stampused-item-small\">\n    <a href=\"https:\/\/www.stampinup.de\/products\/156092?demoid=5017664\" \n                alt=\"Stampin Up Product 156092\" title=\"Stampin Up Online Shop Product 156092\" target=\"_blank\">\n                <img decoding=\"async\" src=\"\/\/www2.stampinup.com\/images\/EC\/156092s.jpg\" alt=\"Stampin Up Product 156092\"><\/a>  <\/div>\n  <div class=\"stampused-item stampused-item-small\">\n    <a href=\"https:\/\/www.stampinup.de\/products\/155421?demoid=5017664\" \n                alt=\"Stampin Up Product 155421\" title=\"Stampin Up Online Shop Product 155421\" target=\"_blank\">\n                <img decoding=\"async\" src=\"\/\/www2.stampinup.com\/images\/EC\/155421s.jpg\" alt=\"Stampin Up Product 155421\"><\/a>  <\/div>\n  <div class=\"stampused-item stampused-item-small\">\n    <a href=\"https:\/\/www.stampinup.de\/products\/153130?demoid=5017664\" \n                alt=\"Stampin Up Product 153130\" title=\"Stampin Up Online Shop Product 153130\" target=\"_blank\">\n                <img decoding=\"async\" src=\"\/\/www2.stampinup.com\/images\/EC\/153130s.jpg\" alt=\"Stampin Up Product 153130\"><\/a>  <\/div>\n<\/div>\n<\/p>\r\n<p style=\"text-align: center;\"><\/p>\r\n<p style=\"text-align: center;\"><\/p>\r\n<p style=\"text-align: center;\">Als Erg\u00e4nzung,empfehle ich dir folgende Basics: PApierschneider, Schere, Kleber<\/p>\r\n<p style=\"text-align: center;\"><\/p>\r\n<p style=\"text-align: center;\"><\/p>\r\n<p style=\"text-align: center;\"><div class=\"stampused stampused-wrap\">\n  <div class=\"stampused-item stampused-item-small\">\n    <a href=\"https:\/\/www.stampinup.de\/products\/152392?demoid=5017664\" \n                alt=\"Stampin Up Product 152392\" title=\"Stampin Up Online Shop Product 152392\" target=\"_blank\">\n                <img decoding=\"async\" src=\"\/\/www2.stampinup.com\/images\/EC\/152392s.jpg\" alt=\"Stampin Up Product 152392\"><\/a>  <\/div>\n  <div class=\"stampused-item stampused-item-small\">\n    <a href=\"https:\/\/www.stampinup.de\/products\/103579?demoid=5017664\" \n                alt=\"Stampin Up Product 103579\" title=\"Stampin Up Online Shop Product 103579\" target=\"_blank\">\n                <img decoding=\"async\" src=\"\/\/www2.stampinup.com\/images\/EC\/103579s.jpg\" alt=\"Stampin Up Product 103579\"><\/a>  <\/div>\n  <div class=\"stampused-item stampused-item-small\">\n    <a href=\"https:\/\/www.stampinup.de\/products\/152813?demoid=5017664\" \n                alt=\"Stampin Up Product 152813\" title=\"Stampin Up Online Shop Product 152813\" target=\"_blank\">\n                <img decoding=\"async\" src=\"\/\/www2.stampinup.com\/images\/EC\/152813s.jpg\" alt=\"Stampin Up Product 152813\"><\/a>  <\/div>\n  <div class=\"stampused-item stampused-item-small\">\n    <a href=\"https:\/\/www.stampinup.de\/products\/103683?demoid=5017664\" \n                alt=\"Stampin Up Product 103683\" title=\"Stampin Up Online Shop Product 103683\" target=\"_blank\">\n                <img decoding=\"async\" src=\"\/\/www2.stampinup.com\/images\/EC\/103683s.jpg\" alt=\"Stampin Up Product 103683\"><\/a>  <\/div>\n  <div class=\"stampused-item stampused-item-small\">\n    <a href=\"https:\/\/www.stampinup.de\/products\/147042?demoid=5017664\" \n                alt=\"Stampin Up Product 147042\" title=\"Stampin Up Online Shop Product 147042\" target=\"_blank\">\n                <img decoding=\"async\" src=\"\/\/www2.stampinup.com\/images\/EC\/147042s.jpg\" alt=\"Stampin Up Product 147042\"><\/a>  <\/div>\n<\/div>\n<\/p>\r\n<p style=\"text-align: center;\"><\/p>\r\n<p style=\"text-align: center;\"><\/p>\r\n<p style=\"text-align: center;\">Melde dich gerne mit deinen Fragen bei mir.<\/p>\r\n<p style=\"text-align: center;\"><\/p>\r\n<p style=\"text-align: center;\"><\/p>\r\n\r\n<figure><\/figure>\r\n<p style=\"text-align: center;\"><\/p>\r\n<p style=\"text-align: center;\"><\/p>\r\n<p style=\"text-align: center;\">Liebe Gr\u00fc\u00dfe,<\/p>\r\n<p style=\"text-align: center;\"><\/p>\r\n<p style=\"text-align: center;\"><\/p>\r\n<p style=\"text-align: center;\">Eure Danny<\/p>\r\n<a href=\"https:\/\/www.stempeltier.de\/blog\/wp-content\/uploads\/2016\/05\/liebe-gr\u00fc\u00dfe-stempeltier-stampin-up-bestellen.jpg\"><img loading=\"lazy\" decoding=\"async\" class=\"size-medium wp-image-2899 aligncenter\" src=\"https:\/\/www.stempeltier.de\/blog\/wp-content\/uploads\/2016\/05\/liebe-gr\u00fc\u00dfe-stempeltier-stampin-up-bestellen-300x95.jpg\" alt=\"\" width=\"300\" height=\"95\" srcset=\"https:\/\/www.stempeltier.de\/blog\/wp-content\/uploads\/2016\/05\/liebe-gr\u00fc\u00dfe-stempeltier-stampin-up-bestellen-300x95.jpg 300w, https:\/\/www.stempeltier.de\/blog\/wp-content\/uploads\/2016\/05\/liebe-gr\u00fc\u00dfe-stempeltier-stampin-up-bestellen.jpg 452w\" sizes=\"(max-width: 300px) 100vw, 300px\" \/><\/a><div class=\"shariff shariff-align-center shariff-widget-align-flex-start\" data-services=\"facebook%7Cpinterest\" data-url=\"https%3A%2F%2Fwww.stempeltier.de%2Fblog%2Fstampin-up-anfaengerbroschuere-2020-2021%2F\" data-timestamp=\"1591181749\" data-backendurl=\"https:\/\/www.stempeltier.de\/blog\/wp-json\/shariff\/v1\/share_counts?\"><div class=\"ShariffHeadline\">Sharing is caring - Teilen erlaubt<\/div><ul class=\"shariff-buttons theme-round orientation-horizontal buttonsize-medium\"><li class=\"shariff-button facebook shariff-nocustomcolor\" style=\"background-color:#4273c8\"><a href=\"https:\/\/www.facebook.com\/sharer\/sharer.php?u=https%3A%2F%2Fwww.stempeltier.de%2Fblog%2Fstampin-up-anfaengerbroschuere-2020-2021%2F\" title=\"Bei Facebook teilen\" aria-label=\"Bei Facebook teilen\" role=\"button\" rel=\"nofollow\" class=\"shariff-link\" style=\"; background-color:#3b5998; color:#fff\" target=\"_blank\"><span class=\"shariff-icon\" style=\"\"><svg width=\"32px\" height=\"20px\" xmlns=\"http:\/\/www.w3.org\/2000\/svg\" viewBox=\"0 0 18 32\"><path fill=\"#3b5998\" d=\"M17.1 0.2v4.7h-2.8q-1.5 0-2.1 0.6t-0.5 1.9v3.4h5.2l-0.7 5.3h-4.5v13.6h-5.5v-13.6h-4.5v-5.3h4.5v-3.9q0-3.3 1.9-5.2t5-1.8q2.6 0 4.1 0.2z\"\/><\/svg><\/span><span data-service=\"facebook\" style=\"color:#3b5998\" class=\"shariff-count shariff-hidezero\"><\/span>&nbsp;<\/a><\/li><li class=\"shariff-button twitter shariff-nocustomcolor\" style=\"background-color:#595959\"><a href=\"https:\/\/twitter.com\/share?url=https%3A%2F%2Fwww.stempeltier.de%2Fblog%2Fstampin-up-anfaengerbroschuere-2020-2021%2F&text=Stampin%20Up%20Anf%C3%A4ngerbrosch%C3%BCre%202020-2021\" title=\"Bei X teilen\" aria-label=\"Bei X teilen\" role=\"button\" rel=\"noopener nofollow\" class=\"shariff-link\" style=\"; background-color:#000; color:#fff\" target=\"_blank\"><span class=\"shariff-icon\" style=\"\"><svg width=\"32px\" height=\"20px\" xmlns=\"http:\/\/www.w3.org\/2000\/svg\" viewBox=\"0 0 24 24\"><path fill=\"#000\" d=\"M14.258 10.152L23.176 0h-2.113l-7.747 8.813L7.133 0H0l9.352 13.328L0 23.973h2.113l8.176-9.309 6.531 9.309h7.133zm-2.895 3.293l-.949-1.328L2.875 1.56h3.246l6.086 8.523.945 1.328 7.91 11.078h-3.246zm0 0\"\/><\/svg><\/span><\/a><\/li><li class=\"shariff-button pinterest shariff-nocustomcolor\" style=\"background-color:#e70f18\"><a href=\"https:\/\/www.pinterest.com\/pin\/create\/link\/?url=https%3A%2F%2Fwww.stempeltier.de%2Fblog%2Fstampin-up-anfaengerbroschuere-2020-2021%2F&media=https%3A%2F%2Fwww.stempeltier.de%2Fblog%2Fwp-content%2Fuploads%2F2020%2F06%2Fstampin-up-anf%C3%A4ngerbrosch%C3%BCre-neuling-kartenbasteln-stempeltier-2020-2021-195x300.jpg&description=Stampin%20Up%20Anf%C3%A4ngerbrosch%C3%BCre%202020-2021\" title=\"Bei Pinterest pinnen\" aria-label=\"Bei Pinterest pinnen\" role=\"button\" rel=\"noopener nofollow\" class=\"shariff-link\" style=\"; background-color:#cb2027; color:#fff\" target=\"_blank\"><span class=\"shariff-icon\" style=\"\"><svg width=\"32px\" height=\"20px\" xmlns=\"http:\/\/www.w3.org\/2000\/svg\" viewBox=\"0 0 27 32\"><path fill=\"#cb2027\" d=\"M27.4 16q0 3.7-1.8 6.9t-5 5-6.9 1.9q-2 0-3.9-0.6 1.1-1.7 1.4-2.9 0.2-0.6 1-3.8 0.4 0.7 1.3 1.2t2 0.5q2.1 0 3.8-1.2t2.7-3.4 0.9-4.8q0-2-1.1-3.8t-3.1-2.9-4.5-1.2q-1.9 0-3.5 0.5t-2.8 1.4-2 2-1.2 2.3-0.4 2.4q0 1.9 0.7 3.3t2.1 2q0.5 0.2 0.7-0.4 0-0.1 0.1-0.5t0.2-0.5q0.1-0.4-0.2-0.8-0.9-1.1-0.9-2.7 0-2.7 1.9-4.6t4.9-2q2.7 0 4.2 1.5t1.5 3.8q0 3-1.2 5.2t-3.1 2.1q-1.1 0-1.7-0.8t-0.4-1.9q0.1-0.6 0.5-1.7t0.5-1.8 0.2-1.4q0-0.9-0.5-1.5t-1.4-0.6q-1.1 0-1.9 1t-0.8 2.6q0 1.3 0.4 2.2l-1.8 7.5q-0.3 1.2-0.2 3.2-3.7-1.6-6-5t-2.3-7.6q0-3.7 1.9-6.9t5-5 6.9-1.9 6.9 1.9 5 5 1.8 6.9z\"\/><\/svg><\/span><span data-service=\"pinterest\" style=\"color:#cb2027\" class=\"shariff-count\"> 0<\/span>&nbsp;<\/a><\/li><li class=\"shariff-button whatsapp shariff-nocustomcolor\" style=\"background-color:#5cbe4a\"><a href=\"https:\/\/api.whatsapp.com\/send?text=https%3A%2F%2Fwww.stempeltier.de%2Fblog%2Fstampin-up-anfaengerbroschuere-2020-2021%2F%20Stampin%20Up%20Anf%C3%A4ngerbrosch%C3%BCre%202020-2021\" title=\"Bei Whatsapp teilen\" aria-label=\"Bei Whatsapp teilen\" role=\"button\" rel=\"noopener nofollow\" class=\"shariff-link\" style=\"; background-color:#34af23; color:#fff\" target=\"_blank\"><span class=\"shariff-icon\" style=\"\"><svg width=\"32px\" height=\"20px\" xmlns=\"http:\/\/www.w3.org\/2000\/svg\" viewBox=\"0 0 32 32\"><path fill=\"#34af23\" d=\"M17.6 17.4q0.2 0 1.7 0.8t1.6 0.9q0 0.1 0 0.3 0 0.6-0.3 1.4-0.3 0.7-1.3 1.2t-1.8 0.5q-1 0-3.4-1.1-1.7-0.8-3-2.1t-2.6-3.3q-1.3-1.9-1.3-3.5v-0.1q0.1-1.6 1.3-2.8 0.4-0.4 0.9-0.4 0.1 0 0.3 0t0.3 0q0.3 0 0.5 0.1t0.3 0.5q0.1 0.4 0.6 1.6t0.4 1.3q0 0.4-0.6 1t-0.6 0.8q0 0.1 0.1 0.3 0.6 1.3 1.8 2.4 1 0.9 2.7 1.8 0.2 0.1 0.4 0.1 0.3 0 1-0.9t0.9-0.9zM14 26.9q2.3 0 4.3-0.9t3.6-2.4 2.4-3.6 0.9-4.3-0.9-4.3-2.4-3.6-3.6-2.4-4.3-0.9-4.3 0.9-3.6 2.4-2.4 3.6-0.9 4.3q0 3.6 2.1 6.6l-1.4 4.2 4.3-1.4q2.8 1.9 6.2 1.9zM14 2.2q2.7 0 5.2 1.1t4.3 2.9 2.9 4.3 1.1 5.2-1.1 5.2-2.9 4.3-4.3 2.9-5.2 1.1q-3.5 0-6.5-1.7l-7.4 2.4 2.4-7.2q-1.9-3.2-1.9-6.9 0-2.7 1.1-5.2t2.9-4.3 4.3-2.9 5.2-1.1z\"\/><\/svg><\/span><\/a><\/li><li class=\"shariff-button mailto shariff-nocustomcolor\" style=\"background-color:#a8a8a8\"><a href=\"mailto:?body=https%3A%2F%2Fwww.stempeltier.de%2Fblog%2Fstampin-up-anfaengerbroschuere-2020-2021%2F&subject=Stampin%20Up%20Anf%C3%A4ngerbrosch%C3%BCre%202020-2021\" title=\"Per E-Mail versenden\" aria-label=\"Per E-Mail versenden\" role=\"button\" rel=\"noopener nofollow\" class=\"shariff-link\" style=\"; background-color:#999; color:#fff\"><span class=\"shariff-icon\" style=\"\"><svg width=\"32px\" height=\"20px\" xmlns=\"http:\/\/www.w3.org\/2000\/svg\" viewBox=\"0 0 32 32\"><path fill=\"#999\" d=\"M32 12.7v14.2q0 1.2-0.8 2t-2 0.9h-26.3q-1.2 0-2-0.9t-0.8-2v-14.2q0.8 0.9 1.8 1.6 6.5 4.4 8.9 6.1 1 0.8 1.6 1.2t1.7 0.9 2 0.4h0.1q0.9 0 2-0.4t1.7-0.9 1.6-1.2q3-2.2 8.9-6.1 1-0.7 1.8-1.6zM32 7.4q0 1.4-0.9 2.7t-2.2 2.2q-6.7 4.7-8.4 5.8-0.2 0.1-0.7 0.5t-1 0.7-0.9 0.6-1.1 0.5-0.9 0.2h-0.1q-0.4 0-0.9-0.2t-1.1-0.5-0.9-0.6-1-0.7-0.7-0.5q-1.6-1.1-4.7-3.2t-3.6-2.6q-1.1-0.7-2.1-2t-1-2.5q0-1.4 0.7-2.3t2.1-0.9h26.3q1.2 0 2 0.8t0.9 2z\"\/><\/svg><\/span><\/a><\/li><\/ul><\/div>","protected":false},"excerpt":{"rendered":"<p>HIER gibts das PDF der Brosch\u00fcre. Hallo und herzlich willkommen. Bei Stampin&#8216; Up! ist bekannt, dass es im Leben viel zu feiern gibt. Gru\u00dfkarten und Geschenke f\u00fcr all diese gro\u00dfen und kleinen Momente von Hand zu gestalten, sorgt f\u00fcr Erfolgserlebnisse.&hellip; <\/p>\n","protected":false},"author":1,"featured_media":0,"parent":0,"menu_order":0,"comment_status":"closed","ping_status":"closed","template":"","meta":{"jetpack_post_was_ever_published":false,"footnotes":""},"class_list":["post-11032","page","type-page","status-publish","hentry"],"yoast_head":"<!-- This site is optimized with the Yoast SEO plugin v25.6 - https:\/\/yoast.com\/wordpress\/plugins\/seo\/ -->\n<title>Stampin Up Anf\u00e4ngerbrosch\u00fcre 2020-2021 - Stempeltier<\/title>\n<meta name=\"description\" content=\"Kreativ mit Danny dem Stempeltier und Stampin&#039; Up! \u00ae in Kaufbeuren und Umgebung\" \/>\n<meta name=\"robots\" content=\"index, follow, max-snippet:-1, max-image-preview:large, max-video-preview:-1\" \/>\n<link rel=\"canonical\" href=\"https:\/\/www.stempeltier.de\/blog\/stampin-up-anfaengerbroschuere-2020-2021\/\" \/>\n<meta property=\"og:locale\" content=\"de_DE\" \/>\n<meta property=\"og:type\" content=\"article\" \/>\n<meta property=\"og:title\" content=\"Stampin Up Anf\u00e4ngerbrosch\u00fcre 2020-2021 - Stempeltier\" \/>\n<meta property=\"og:description\" content=\"Kreativ mit Danny dem Stempeltier und Stampin&#039; Up! \u00ae in Kaufbeuren und Umgebung\" \/>\n<meta property=\"og:url\" content=\"https:\/\/www.stempeltier.de\/blog\/stampin-up-anfaengerbroschuere-2020-2021\/\" \/>\n<meta property=\"og:site_name\" content=\"Stempeltier\" \/>\n<meta property=\"article:publisher\" content=\"http:\/\/www.facebook.com\/DasStempeltier\" \/>\n<meta property=\"og:image\" content=\"https:\/\/www.stempeltier.de\/blog\/wp-content\/uploads\/2020\/06\/stampin-up-anf\u00e4ngerbrosch\u00fcre-neuling-kartenbasteln-stempeltier-2020-2021-195x300.jpg\" \/>\n<meta name=\"twitter:card\" content=\"summary_large_image\" \/>\n<meta name=\"twitter:label1\" content=\"Gesch\u00e4tzte Lesezeit\" \/>\n\t<meta name=\"twitter:data1\" content=\"1\u00a0Minute\" \/>\n<script type=\"application\/ld+json\" class=\"yoast-schema-graph\">{\"@context\":\"https:\/\/schema.org\",\"@graph\":[{\"@type\":\"WebPage\",\"@id\":\"https:\/\/www.stempeltier.de\/blog\/stampin-up-anfaengerbroschuere-2020-2021\/\",\"url\":\"https:\/\/www.stempeltier.de\/blog\/stampin-up-anfaengerbroschuere-2020-2021\/\",\"name\":\"Stampin Up Anf\u00e4ngerbrosch\u00fcre 2020-2021 - Stempeltier\",\"isPartOf\":{\"@id\":\"https:\/\/www.stempeltier.de\/blog\/#website\"},\"datePublished\":\"2020-06-03T08:55:49+00:00\",\"description\":\"Kreativ mit Danny dem Stempeltier und Stampin' Up! \u00ae in Kaufbeuren und Umgebung\",\"breadcrumb\":{\"@id\":\"https:\/\/www.stempeltier.de\/blog\/stampin-up-anfaengerbroschuere-2020-2021\/#breadcrumb\"},\"inLanguage\":\"de\",\"potentialAction\":[{\"@type\":\"ReadAction\",\"target\":[\"https:\/\/www.stempeltier.de\/blog\/stampin-up-anfaengerbroschuere-2020-2021\/\"]}]},{\"@type\":\"BreadcrumbList\",\"@id\":\"https:\/\/www.stempeltier.de\/blog\/stampin-up-anfaengerbroschuere-2020-2021\/#breadcrumb\",\"itemListElement\":[{\"@type\":\"ListItem\",\"position\":1,\"name\":\"Startseite\",\"item\":\"https:\/\/www.stempeltier.de\/blog\/\"},{\"@type\":\"ListItem\",\"position\":2,\"name\":\"Stampin Up Anf\u00e4ngerbrosch\u00fcre 2020-2021\"}]},{\"@type\":\"WebSite\",\"@id\":\"https:\/\/www.stempeltier.de\/blog\/#website\",\"url\":\"https:\/\/www.stempeltier.de\/blog\/\",\"name\":\"Stempeltier\",\"description\":\"Kreative Gl\u00fccksmomente aus Papier\",\"potentialAction\":[{\"@type\":\"SearchAction\",\"target\":{\"@type\":\"EntryPoint\",\"urlTemplate\":\"https:\/\/www.stempeltier.de\/blog\/?s={search_term_string}\"},\"query-input\":{\"@type\":\"PropertyValueSpecification\",\"valueRequired\":true,\"valueName\":\"search_term_string\"}}],\"inLanguage\":\"de\"}]}<\/script>\n<!-- \/ Yoast SEO plugin. -->","yoast_head_json":{"title":"Stampin Up Anf\u00e4ngerbrosch\u00fcre 2020-2021 - Stempeltier","description":"Kreativ mit Danny dem Stempeltier und Stampin' Up! \u00ae in Kaufbeuren und Umgebung","robots":{"index":"index","follow":"follow","max-snippet":"max-snippet:-1","max-image-preview":"max-image-preview:large","max-video-preview":"max-video-preview:-1"},"canonical":"https:\/\/www.stempeltier.de\/blog\/stampin-up-anfaengerbroschuere-2020-2021\/","og_locale":"de_DE","og_type":"article","og_title":"Stampin Up Anf\u00e4ngerbrosch\u00fcre 2020-2021 - Stempeltier","og_description":"Kreativ mit Danny dem Stempeltier und Stampin' Up! \u00ae in Kaufbeuren und Umgebung","og_url":"https:\/\/www.stempeltier.de\/blog\/stampin-up-anfaengerbroschuere-2020-2021\/","og_site_name":"Stempeltier","article_publisher":"http:\/\/www.facebook.com\/DasStempeltier","og_image":[{"url":"https:\/\/www.stempeltier.de\/blog\/wp-content\/uploads\/2020\/06\/stampin-up-anf\u00e4ngerbrosch\u00fcre-neuling-kartenbasteln-stempeltier-2020-2021-195x300.jpg","type":"","width":"","height":""}],"twitter_card":"summary_large_image","twitter_misc":{"Gesch\u00e4tzte Lesezeit":"1\u00a0Minute"},"schema":{"@context":"https:\/\/schema.org","@graph":[{"@type":"WebPage","@id":"https:\/\/www.stempeltier.de\/blog\/stampin-up-anfaengerbroschuere-2020-2021\/","url":"https:\/\/www.stempeltier.de\/blog\/stampin-up-anfaengerbroschuere-2020-2021\/","name":"Stampin Up Anf\u00e4ngerbrosch\u00fcre 2020-2021 - Stempeltier","isPartOf":{"@id":"https:\/\/www.stempeltier.de\/blog\/#website"},"datePublished":"2020-06-03T08:55:49+00:00","description":"Kreativ mit Danny dem Stempeltier und Stampin' Up! \u00ae in Kaufbeuren und Umgebung","breadcrumb":{"@id":"https:\/\/www.stempeltier.de\/blog\/stampin-up-anfaengerbroschuere-2020-2021\/#breadcrumb"},"inLanguage":"de","potentialAction":[{"@type":"ReadAction","target":["https:\/\/www.stempeltier.de\/blog\/stampin-up-anfaengerbroschuere-2020-2021\/"]}]},{"@type":"BreadcrumbList","@id":"https:\/\/www.stempeltier.de\/blog\/stampin-up-anfaengerbroschuere-2020-2021\/#breadcrumb","itemListElement":[{"@type":"ListItem","position":1,"name":"Startseite","item":"https:\/\/www.stempeltier.de\/blog\/"},{"@type":"ListItem","position":2,"name":"Stampin Up Anf\u00e4ngerbrosch\u00fcre 2020-2021"}]},{"@type":"WebSite","@id":"https:\/\/www.stempeltier.de\/blog\/#website","url":"https:\/\/www.stempeltier.de\/blog\/","name":"Stempeltier","description":"Kreative Gl\u00fccksmomente aus Papier","potentialAction":[{"@type":"SearchAction","target":{"@type":"EntryPoint","urlTemplate":"https:\/\/www.stempeltier.de\/blog\/?s={search_term_string}"},"query-input":{"@type":"PropertyValueSpecification","valueRequired":true,"valueName":"search_term_string"}}],"inLanguage":"de"}]}},"jetpack-related-posts":[],"jetpack_sharing_enabled":true,"_links":{"self":[{"href":"https:\/\/www.stempeltier.de\/blog\/wp-json\/wp\/v2\/pages\/11032"}],"collection":[{"href":"https:\/\/www.stempeltier.de\/blog\/wp-json\/wp\/v2\/pages"}],"about":[{"href":"https:\/\/www.stempeltier.de\/blog\/wp-json\/wp\/v2\/types\/page"}],"author":[{"embeddable":true,"href":"https:\/\/www.stempeltier.de\/blog\/wp-json\/wp\/v2\/users\/1"}],"replies":[{"embeddable":true,"href":"https:\/\/www.stempeltier.de\/blog\/wp-json\/wp\/v2\/comments?post=11032"}],"version-history":[{"count":1,"href":"https:\/\/www.stempeltier.de\/blog\/wp-json\/wp\/v2\/pages\/11032\/revisions"}],"predecessor-version":[{"id":11033,"href":"https:\/\/www.stempeltier.de\/blog\/wp-json\/wp\/v2\/pages\/11032\/revisions\/11033"}],"wp:attachment":[{"href":"https:\/\/www.stempeltier.de\/blog\/wp-json\/wp\/v2\/media?parent=11032"}],"curies":[{"name":"wp","href":"https:\/\/api.w.org\/{rel}","templated":true}]}}